{"id":6392284,"date":"2026-01-21T12:07:24","date_gmt":"2026-01-21T10:07:24","guid":{"rendered":"https:\/\/anabucevic.com\/?page_id=6392284"},"modified":"2026-02-02T16:05:39","modified_gmt":"2026-02-02T14:05:39","slug":"uvjeti-koristenja","status":"publish","type":"page","link":"http:\/\/anabucevic.com\/en\/uvjeti-koristenja\/","title":{"rendered":"Terms of use"},"content":{"rendered":"\t\t<div data-elementor-type=\"wp-page\" data-elementor-id=\"6392284\" class=\"elementor elementor-6392284\" data-elementor-post-type=\"page\">\n\t\t\t\t<div class=\"elementor-element elementor-element-3e28b8eb e-flex e-con-boxed e-con e-parent\" data-id=\"3e28b8eb\" data-element_type=\"container\" data-settings=\"{&quot;background_background&quot;:&quot;classic&quot;}\">\n\t\t\t\t\t<div class=\"e-con-inner\">\n\t\t\t\t<div class=\"elementor-element elementor-element-387240a7 elementor-widget elementor-widget-text-editor\" data-id=\"387240a7\" data-element_type=\"widget\" data-widget_type=\"text-editor.default\">\n\t\t\t\t\t\t\t\t\t<p>A\u017eurirano &#8211; SIJE\u010cANJ 2026.<\/p>\t\t\t\t\t\t\t\t<\/div>\n\t\t\t\t<div class=\"elementor-element elementor-element-53f82a70 elementor-widget elementor-widget-heading\" data-id=\"53f82a70\" data-element_type=\"widget\" data-widget_type=\"heading.default\">\n\t\t\t\t\t<h2 class=\"elementor-heading-title elementor-size-default\">Uvjeti kori\u0161tenja<\/h2>\t\t\t\t<\/div>\n\t\t\t\t\t<\/div>\n\t\t\t\t<\/div>\n\t\t<div class=\"elementor-element elementor-element-5d87b9ff e-flex e-con-boxed e-con e-parent\" data-id=\"5d87b9ff\" data-element_type=\"container\" data-settings=\"{&quot;background_background&quot;:&quot;classic&quot;}\">\n\t\t\t\t\t<div class=\"e-con-inner\">\n\t\t\t\t<div class=\"elementor-element elementor-element-12869010 elementor-widget elementor-widget-text-editor\" data-id=\"12869010\" data-element_type=\"widget\" data-widget_type=\"text-editor.default\">\n\t\t\t\t\t\t\t\t\t<h4 class=\"text-token-text-primary w-full focus:outline-none [--shadow-height:45px] has-data-writing-block:pointer-events-none has-data-writing-block:-mt-(--shadow-height) has-data-writing-block:pt-(--shadow-height) [&amp;:has([data-writing-block])&gt;*]:pointer-events-auto [content-visibility:auto] supports-[content-visibility:auto]:[contain-intrinsic-size:auto_100lvh] scroll-mt-[calc(var(--header-height)+min(200px,max(70px,20svh)))]\" dir=\"auto\" tabindex=\"-1\" data-turn-id=\"request-WEB:4e892c5b-6f74-4ebe-9d60-34a4d0153cef-4\" data-testid=\"conversation-turn-10\" data-scroll-anchor=\"true\" data-turn=\"assistant\"><strong>Podaci o tvrtci<\/strong><\/h4><div class=\"text-base my-auto mx-auto pb-10 [--thread-content-margin:--spacing(4)] thread-sm:[--thread-content-margin:--spacing(6)] thread-lg:[--thread-content-margin:--spacing(16)] px-(--thread-content-margin)\"><div class=\"[--thread-content-max-width:40rem] thread-lg:[--thread-content-max-width:48rem] mx-auto max-w-(--thread-content-max-width) flex-1 group\/turn-messages focus-visible:outline-hidden relative flex w-full min-w-0 flex-col agent-turn\" tabindex=\"-1\"><div class=\"flex max-w-full flex-col grow\"><div class=\"min-h-8 text-message relative flex w-full flex-col items-end gap-2 text-start break-words whitespace-normal [.text-message+&amp;]:mt-1\" dir=\"auto\" data-message-author-role=\"assistant\" data-message-id=\"211f4dd1-8395-4212-b55b-cc5ddc23e839\" data-message-model-slug=\"gpt-5\"><div class=\"flex w-full flex-col gap-1 empty:hidden first:pt-[1px]\"><div class=\"markdown prose dark:prose-invert w-full break-words light markdown-new-styling\"><p data-start=\"285\" data-end=\"451\">Safari duha d.o.o.<br data-start=\"303\" data-end=\"306\" \/>Frana Supila 26, 21000 Split<br data-start=\"334\" data-end=\"337\" \/>OIB: 98594223241<br data-start=\"353\" data-end=\"356\" \/>MBS: 060401372<br data-start=\"370\" data-end=\"373\" \/>Direktorica: Ana Bu\u010devi\u0107 Nikoli\u0107<br data-start=\"397\" data-end=\"400\" \/>IBAN: HR0924020061100917759<br data-start=\"427\" data-end=\"430\" \/>SWIFT\/BIC: ESBCHR22<\/p><p data-start=\"453\" data-end=\"544\">Otvoren kod Erste &amp; Steiermarkische bank d.d.,<br data-start=\"499\" data-end=\"502\" \/>Jadranski trg 3A, 51000 Rijeka, Hrvatska<\/p><p data-start=\"546\" data-end=\"594\">Temeljni kapital: 2.654 EUR, upla\u0107en u cijelosti<\/p><p><strong>Uvjeti kori\u0161tenja web domene www.anabucevic.com i njenih podstranica:<\/strong><\/p><\/div><\/div><\/div><\/div><\/div><\/div>\t\t\t\t\t\t\t\t<\/div>\n\t\t<div class=\"elementor-element elementor-element-5a1fab2f e-con-full e-flex e-con e-child\" data-id=\"5a1fab2f\" data-element_type=\"container\" data-settings=\"{&quot;background_background&quot;:&quot;classic&quot;}\">\n\t\t\t\t<div class=\"elementor-element elementor-element-2b845235 elementor-widget elementor-widget-heading\" data-id=\"2b845235\" data-element_type=\"widget\" data-widget_type=\"heading.default\">\n\t\t\t\t\t<h3 class=\"elementor-heading-title elementor-size-default\">1.Uvjeti kori\u0161tenja<\/h3>\t\t\t\t<\/div>\n\t\t\t\t<div class=\"elementor-element elementor-element-31eede52 elementor-widget elementor-widget-text-editor\" data-id=\"31eede52\" data-element_type=\"widget\" data-widget_type=\"text-editor.default\">\n\t\t\t\t\t\t\t\t\t<p data-start=\"706\" data-end=\"939\">Internetska stranica <a class=\"decorated-link\" href=\"http:\/\/www.anabucevic.com\" target=\"_new\" rel=\"noopener\" data-start=\"727\" data-end=\"745\">www.anabucevic.com<\/a> u vlasni\u0161tvu je Safari duha d.o.o. Split te omogu\u0107uje kori\u0161tenje usluga i sadr\u017eaja internetske stranice <a class=\"decorated-link\" href=\"http:\/\/www.anabucevic.com\" target=\"_new\" rel=\"noopener\" data-start=\"850\" data-end=\"868\">www.anabucevic.com<\/a>, koje je regulirano ovim Uvjetima kori\u0161tenja (dalje u tekstu: Uvjeti).<\/p><p data-start=\"941\" data-end=\"1206\">Kori\u0161tenjem Web Shopa Safari duha d.o.o. Split i svih pridru\u017eenih stranica i servisa koji pripadaju domeni <a class=\"decorated-link\" href=\"http:\/\/www.anabucevic.com\" target=\"_new\" rel=\"noopener\" data-start=\"1048\" data-end=\"1066\">www.anabucevic.com<\/a> (dalje u tekstu: Web Shop) smatra se da su korisnici u svakom trenutku upoznati s ovim Uvjetima te da ih u cijelosti razumiju i prihva\u0107aju.<\/p><p data-start=\"1208\" data-end=\"1608\">U slu\u010daju pristupa i\/ili kori\u0161tenja domene <a class=\"decorated-link\" href=\"http:\/\/www.anabucevic.com\" target=\"_new\" rel=\"noopener\" data-start=\"1251\" data-end=\"1269\">www.anabucevic.com<\/a> i svih povezanih poddomena te pripadaju\u0107eg sadr\u017eaja (primjerice: fotografije, tekst, grafike, ilustracije i podaci), aplikacija, softvera i usluga koje se omogu\u0107avaju putem Web Shopa, bez obzira na na\u010din kori\u0161tenja, korisnik izri\u010dito pristaje bez ikakvih ograni\u010denja ili rezervi na kori\u0161tenje i uporabu Web Shopa u skladu s ovim Uvjetima.<\/p><p data-start=\"1610\" data-end=\"1920\">Korisnici su du\u017eni redovito provjeravati Uvjete te se smatra da su kori\u0161tenjem Web Shopa ili bilo kojeg njegovog dijela u svakom trenutku upoznati s aktualnim Uvjetima kori\u0161tenja, da su ih razumjeli i prihvatili u cijelosti. Korisnici sami snose odgovornost za posljedice nepostupanja u skladu s ovom odredbom.<\/p><p data-start=\"1922\" data-end=\"2180\">Safari duha d.o.o. Split pridr\u017eava pravo izmjene ovih Uvjeta u svako doba bez obveze prethodne najave te ne\u0107e biti odgovoran za mogu\u0107e posljedice proiza\u0161le iz takvih promjena. Navedene promjene stupaju na snagu objavljivanjem na ovim internetskim stranicama.<\/p><p data-start=\"2182\" data-end=\"2523\">Safari duha d.o.o. Split pridr\u017eava pravo ukidanja ili promjene ponude sadr\u017eaja, servisa i podstranica koje su sastavni dio Web Shopa, bez prethodne najave. Tako\u0111er zadr\u017eava pravo promjene, ograni\u010denja ili prestanka pru\u017eanja usluga Web Shopa u svako doba, uklju\u010duju\u0107i djelomi\u010dno ili potpuno ograni\u010denje pristupa u slu\u010daju kr\u0161enja ovih Uvjeta.<\/p><p data-start=\"2525\" data-end=\"2876\">Safari duha d.o.o. Split ne odgovara za bilo koji oblik \u0161tete koja mo\u017ee nastati izravno ili neizravno iz kori\u0161tenja Web Shopa, niti za \u0161tetu koja mo\u017ee nastati korisniku, posjetitelju ili tre\u0107oj strani u vezi s uporabom ili zlouporabom sadr\u017eaja Web Shopa. Kori\u0161tenjem sadr\u017eaja Web Shopa korisnik prihva\u0107a sve rizike koji iz takvog kori\u0161tenja proizlaze.<\/p>\t\t\t\t\t\t\t\t<\/div>\n\t\t\t\t<\/div>\n\t\t<div class=\"elementor-element elementor-element-3884f4bf e-con-full e-flex e-con e-child\" data-id=\"3884f4bf\" data-element_type=\"container\" data-settings=\"{&quot;background_background&quot;:&quot;classic&quot;}\">\n\t\t\t\t<div class=\"elementor-element elementor-element-5fb8242e elementor-widget elementor-widget-heading\" data-id=\"5fb8242e\" data-element_type=\"widget\" data-widget_type=\"heading.default\">\n\t\t\t\t\t<h3 class=\"elementor-heading-title elementor-size-default\">2.Sadr\u017eaj, usluge i aplikacije<\/h3>\t\t\t\t<\/div>\n\t\t\t\t<div class=\"elementor-element elementor-element-4051e5d0 elementor-widget elementor-widget-text-editor\" data-id=\"4051e5d0\" data-element_type=\"widget\" data-widget_type=\"text-editor.default\">\n\t\t\t\t\t\t\t\t\t<p data-start=\"2920\" data-end=\"3173\">Sav sadr\u017eaj koji se prikazuje ili nalazi na stranicama <a class=\"decorated-link\" href=\"http:\/\/www.anabucevic.com\" target=\"_new\" rel=\"noopener\" data-start=\"2975\" data-end=\"2993\">www.anabucevic.com<\/a>, uklju\u010duju\u0107i tekstove, grafike, ilustracije, fotografije, dokumente, podatke i informacije, ne smije se reproducirati, distribuirati ili koristiti na na\u010din protivan ovim Uvjetima.<\/p><p data-start=\"3175\" data-end=\"3491\">Zabranjeno je kopirati, mijenjati, objavljivati, prenositi, prodavati, prikazivati ili na bilo koji drugi na\u010din iskori\u0161tavati sadr\u017eaj i vizualni identitet stranice <a class=\"decorated-link\" href=\"http:\/\/www.anabucevic.com\" target=\"_new\" rel=\"noopener\" data-start=\"3339\" data-end=\"3357\">www.anabucevic.com<\/a> i Web Shopa, osim ako je takva mogu\u0107nost izri\u010dito dopu\u0161tena ovim Uvjetima ili uz prethodno pisano odobrenje Safari duha d.o.o. Split.<\/p><p data-start=\"3493\" data-end=\"3697\">Usluge Web Shopa zabranjeno je koristiti u komercijalne svrhe na bilo koji na\u010din koji nije u skladu s ovim Uvjetima. Pohrana ili kopiranje sadr\u017eaja za bilo koju svrhu i u bilo kojem obliku nije dopu\u0161teno.<\/p><p data-start=\"3699\" data-end=\"3969\">U slu\u010daju neovla\u0161tenog, nedopu\u0161tenog ili protuzakonitog kori\u0161tenja sadr\u017eaja stranice <a class=\"decorated-link\" href=\"http:\/\/www.anabucevic.com\" target=\"_new\" rel=\"noopener\" data-start=\"3784\" data-end=\"3802\">www.anabucevic.com<\/a> i Web Shopa, Safari duha d.o.o. Split zadr\u017eava pravo potra\u017eivati naknadu \u0161tete te pokrenuti odgovaraju\u0107e gra\u0111anske i kaznene postupke protiv pravne ili fizi\u010dke osobe.<\/p><p data-start=\"3971\" data-end=\"4178\">Kori\u0161tenje usluga Web Shopa dopu\u0161teno je isklju\u010divo punoljetnim osobama. Uporaba Web Shopa od strane djece dopu\u0161tena je samo uz nadzor roditelja i\/ili skrbnika, koji u tom slu\u010daju preuzimaju svu odgovornost.<\/p>\t\t\t\t\t\t\t\t<\/div>\n\t\t\t\t<\/div>\n\t\t<div class=\"elementor-element elementor-element-7018a9de e-con-full e-flex e-con e-child\" data-id=\"7018a9de\" data-element_type=\"container\" data-settings=\"{&quot;background_background&quot;:&quot;classic&quot;}\">\n\t\t\t\t<div class=\"elementor-element elementor-element-77a36b7b elementor-widget elementor-widget-heading\" data-id=\"77a36b7b\" data-element_type=\"widget\" data-widget_type=\"heading.default\">\n\t\t\t\t\t<h3 class=\"elementor-heading-title elementor-size-default\">3. Kori\u0161tenje stranice www.anabucevic.com i njoj pridru\u017eenih stranica<\/h3>\t\t\t\t<\/div>\n\t\t\t\t<div class=\"elementor-element elementor-element-677d704c elementor-widget elementor-widget-text-editor\" data-id=\"677d704c\" data-element_type=\"widget\" data-widget_type=\"text-editor.default\">\n\t\t\t\t\t\t\t\t\t<p data-start=\"4260\" data-end=\"4395\">Zabranjeno je kori\u0161tenje stranice i sadr\u017eaja u svrhe koje nisu povezane s poslovanjem Web Shopa ili koje nisu u skladu s ovim Uvjetima.<\/p><p data-start=\"4397\" data-end=\"4609\">Korisnik potvr\u0111uje i jam\u010di da \u0107e stranice koristiti u skladu s ovim Uvjetima i svim va\u017ee\u0107im zakonima i propisima, uklju\u010duju\u0107i propise koji se odnose na internet, elektroni\u010dku po\u0161tu, za\u0161titu podataka i privatnost.<\/p><p data-start=\"4611\" data-end=\"4801\">U slu\u010daju kr\u0161enja ovih Uvjeta, Safari duha d.o.o. Split ima pravo potra\u017eivati naknadu \u0161tete te u cijelosti ili djelomi\u010dno ograni\u010diti ili onemogu\u0107iti korisniku pristup i kori\u0161tenje Web Shopa.<\/p><p data-start=\"4803\" data-end=\"4826\">Izri\u010dito je zabranjeno:<\/p><ul data-start=\"4827\" data-end=\"5106\"><li data-start=\"4827\" data-end=\"4876\"><p data-start=\"4829\" data-end=\"4876\">kori\u0161tenje ili uporaba tu\u0111ih osobnih podataka<\/p><\/li><li data-start=\"4877\" data-end=\"4938\"><p data-start=\"4879\" data-end=\"4938\">la\u017eno predstavljanje u ime druge pravne ili fizi\u010dke osobe<\/p><\/li><li data-start=\"4939\" data-end=\"5012\"><p data-start=\"4941\" data-end=\"5012\">davanje podataka o registraciji ili korisni\u010dkom ra\u010dunu tre\u0107im osobama<\/p><\/li><li data-start=\"5013\" data-end=\"5106\"><p data-start=\"5015\" data-end=\"5106\">kori\u0161tenje Web Shopa za slanje ili poticanje \u0161irenja ne\u017eeljenih elektroni\u010dkih poruka (spam)<\/p><\/li><\/ul><p data-start=\"5113\" data-end=\"5194\"><br \/>Ovi Uvjeti objavljeni su u sije\u010dnju \/ januaru 2026. godine na <a class=\"decorated-link\" href=\"http:\/\/www.anabucevic.com\" target=\"_new\" rel=\"noopener\" data-start=\"5175\" data-end=\"5193\">www.anabucevic.com<\/a>.<\/p>\t\t\t\t\t\t\t\t<\/div>\n\t\t\t\t<\/div>\n\t\t\t\t\t<\/div>\n\t\t\t\t<\/div>\n\t\t\t\t<\/div>\n\t\t","protected":false},"excerpt":{"rendered":"<p>A\u017eurirano &#8211; SIJE\u010cANJ 2026. Uvjeti kori\u0161tenja Podaci o tvrtci Safari duha d.o.o.Frana Supila 26, 21000 SplitOIB: 98594223241MBS: 060401372Direktorica: Ana Bu\u010devi\u0107 Nikoli\u0107IBAN: HR0924020061100917759SWIFT\/BIC: ESBCHR22 Otvoren kod Erste &amp; Steiermarkische bank d.d.,Jadranski [&hellip;]<\/p>\n","protected":false},"author":10,"featured_media":0,"parent":0,"menu_order":0,"comment_status":"closed","ping_status":"closed","template":"elementor_header_footer","meta":{"footnotes":""},"class_list":["post-6392284","page","type-page","status-publish","hentry"],"yoast_head":"<!-- This site is optimized with the Yoast SEO plugin v27.2 - https:\/\/yoast.com\/product\/yoast-seo-wordpress\/ -->\n<title>Uvjeti kori\u0161tenja - Ana Bu\u010devi\u0107<\/title>\n<meta name=\"robots\" content=\"index, follow, max-snippet:-1, max-image-preview:large, max-video-preview:-1\" \/>\n<link rel=\"canonical\" href=\"https:\/\/anabucevic.com\/en\/uvjeti-koristenja\/\" \/>\n<meta property=\"og:locale\" content=\"en_GB\" \/>\n<meta property=\"og:type\" content=\"article\" \/>\n<meta property=\"og:title\" content=\"Uvjeti kori\u0161tenja - Ana Bu\u010devi\u0107\" \/>\n<meta property=\"og:description\" content=\"A\u017eurirano &#8211; SIJE\u010cANJ 2026. Uvjeti kori\u0161tenja Podaci o tvrtci Safari duha d.o.o.Frana Supila 26, 21000 SplitOIB: 98594223241MBS: 060401372Direktorica: Ana Bu\u010devi\u0107 Nikoli\u0107IBAN: HR0924020061100917759SWIFT\/BIC: ESBCHR22 Otvoren kod Erste &amp; Steiermarkische bank d.d.,Jadranski [&hellip;]\" \/>\n<meta property=\"og:url\" content=\"https:\/\/anabucevic.com\/en\/uvjeti-koristenja\/\" \/>\n<meta property=\"og:site_name\" content=\"Ana Bu\u010devi\u0107\" \/>\n<meta property=\"article:publisher\" content=\"https:\/\/www.facebook.com\/safariduha\/\" \/>\n<meta property=\"article:modified_time\" content=\"2026-02-02T14:05:39+00:00\" \/>\n<meta property=\"og:image\" content=\"https:\/\/anabucevic.com\/wp-content\/uploads\/2026\/01\/Ana-Bucevic-web-stranica.jpg\" \/>\n\t<meta property=\"og:image:width\" content=\"1200\" \/>\n\t<meta property=\"og:image:height\" content=\"675\" \/>\n\t<meta property=\"og:image:type\" content=\"image\/jpeg\" \/>\n<meta name=\"twitter:card\" content=\"summary_large_image\" \/>\n<meta name=\"twitter:label1\" content=\"Estimated reading time\" \/>\n\t<meta name=\"twitter:data1\" content=\"4 minutes\" \/>\n<script type=\"application\/ld+json\" class=\"yoast-schema-graph\">{\"@context\":\"https:\/\/schema.org\",\"@graph\":[{\"@type\":\"WebPage\",\"@id\":\"https:\/\/anabucevic.com\/uvjeti-koristenja\/\",\"url\":\"https:\/\/anabucevic.com\/uvjeti-koristenja\/\",\"name\":\"Uvjeti kori\u0161tenja - Ana Bu\u010devi\u0107\",\"isPartOf\":{\"@id\":\"https:\/\/anabucevic.com\/#website\"},\"datePublished\":\"2026-01-21T10:07:24+00:00\",\"dateModified\":\"2026-02-02T14:05:39+00:00\",\"breadcrumb\":{\"@id\":\"https:\/\/anabucevic.com\/uvjeti-koristenja\/#breadcrumb\"},\"inLanguage\":\"en-GB\",\"potentialAction\":[{\"@type\":\"ReadAction\",\"target\":[\"https:\/\/anabucevic.com\/uvjeti-koristenja\/\"]}]},{\"@type\":\"BreadcrumbList\",\"@id\":\"https:\/\/anabucevic.com\/uvjeti-koristenja\/#breadcrumb\",\"itemListElement\":[{\"@type\":\"ListItem\",\"position\":1,\"name\":\"Home\",\"item\":\"https:\/\/anabucevic.com\/\"},{\"@type\":\"ListItem\",\"position\":2,\"name\":\"Uvjeti kori\u0161tenja\"}]},{\"@type\":\"WebSite\",\"@id\":\"https:\/\/anabucevic.com\/#website\",\"url\":\"https:\/\/anabucevic.com\/\",\"name\":\"Ana Bu\u010devi\u0107\",\"description\":\"Budite ono \u0161to \u017eelite postati...\",\"publisher\":{\"@id\":\"https:\/\/anabucevic.com\/#organization\"},\"alternateName\":\"Ana Bu\u010devi\u0107 - Budite ono \u0161to \u017eelite postati\",\"potentialAction\":[{\"@type\":\"SearchAction\",\"target\":{\"@type\":\"EntryPoint\",\"urlTemplate\":\"https:\/\/anabucevic.com\/?s={search_term_string}\"},\"query-input\":{\"@type\":\"PropertyValueSpecification\",\"valueRequired\":true,\"valueName\":\"search_term_string\"}}],\"inLanguage\":\"en-GB\"},{\"@type\":\"Organization\",\"@id\":\"https:\/\/anabucevic.com\/#organization\",\"name\":\"Ana Bu\u010devi\u0107\",\"alternateName\":\"Safari Duha\",\"url\":\"https:\/\/anabucevic.com\/\",\"logo\":{\"@type\":\"ImageObject\",\"inLanguage\":\"en-GB\",\"@id\":\"https:\/\/anabucevic.com\/#\/schema\/logo\/image\/\",\"url\":\"https:\/\/anabucevic.com\/wp-content\/uploads\/2026\/01\/Logo-stranice-1.png\",\"contentUrl\":\"https:\/\/anabucevic.com\/wp-content\/uploads\/2026\/01\/Logo-stranice-1.png\",\"width\":701,\"height\":200,\"caption\":\"Ana Bu\u010devi\u0107\"},\"image\":{\"@id\":\"https:\/\/anabucevic.com\/#\/schema\/logo\/image\/\"},\"sameAs\":[\"https:\/\/www.facebook.com\/safariduha\/\",\"https:\/\/www.youtube.com\/user\/safariduha1\",\"https:\/\/www.instagram.com\/safariduha\/?hl=hr\"]}]}<\/script>\n<!-- \/ Yoast SEO plugin. -->","yoast_head_json":{"title":"Uvjeti kori\u0161tenja - Ana Bu\u010devi\u0107","robots":{"index":"index","follow":"follow","max-snippet":"max-snippet:-1","max-image-preview":"max-image-preview:large","max-video-preview":"max-video-preview:-1"},"canonical":"https:\/\/anabucevic.com\/en\/uvjeti-koristenja\/","og_locale":"en_GB","og_type":"article","og_title":"Uvjeti kori\u0161tenja - Ana Bu\u010devi\u0107","og_description":"A\u017eurirano &#8211; SIJE\u010cANJ 2026. Uvjeti kori\u0161tenja Podaci o tvrtci Safari duha d.o.o.Frana Supila 26, 21000 SplitOIB: 98594223241MBS: 060401372Direktorica: Ana Bu\u010devi\u0107 Nikoli\u0107IBAN: HR0924020061100917759SWIFT\/BIC: ESBCHR22 Otvoren kod Erste &amp; Steiermarkische bank d.d.,Jadranski [&hellip;]","og_url":"https:\/\/anabucevic.com\/en\/uvjeti-koristenja\/","og_site_name":"Ana Bu\u010devi\u0107","article_publisher":"https:\/\/www.facebook.com\/safariduha\/","article_modified_time":"2026-02-02T14:05:39+00:00","og_image":[{"width":1200,"height":675,"url":"https:\/\/anabucevic.com\/wp-content\/uploads\/2026\/01\/Ana-Bucevic-web-stranica.jpg","type":"image\/jpeg"}],"twitter_card":"summary_large_image","twitter_misc":{"Estimated reading time":"4 minutes"},"schema":{"@context":"https:\/\/schema.org","@graph":[{"@type":"WebPage","@id":"https:\/\/anabucevic.com\/uvjeti-koristenja\/","url":"https:\/\/anabucevic.com\/uvjeti-koristenja\/","name":"Uvjeti kori\u0161tenja - Ana Bu\u010devi\u0107","isPartOf":{"@id":"https:\/\/anabucevic.com\/#website"},"datePublished":"2026-01-21T10:07:24+00:00","dateModified":"2026-02-02T14:05:39+00:00","breadcrumb":{"@id":"https:\/\/anabucevic.com\/uvjeti-koristenja\/#breadcrumb"},"inLanguage":"en-GB","potentialAction":[{"@type":"ReadAction","target":["https:\/\/anabucevic.com\/uvjeti-koristenja\/"]}]},{"@type":"BreadcrumbList","@id":"https:\/\/anabucevic.com\/uvjeti-koristenja\/#breadcrumb","itemListElement":[{"@type":"ListItem","position":1,"name":"Home","item":"https:\/\/anabucevic.com\/"},{"@type":"ListItem","position":2,"name":"Uvjeti kori\u0161tenja"}]},{"@type":"WebSite","@id":"https:\/\/anabucevic.com\/#website","url":"https:\/\/anabucevic.com\/","name":"Ana Bu\u010devi\u0107","description":"Budite ono \u0161to \u017eelite postati...","publisher":{"@id":"https:\/\/anabucevic.com\/#organization"},"alternateName":"Ana Bu\u010devi\u0107 - Budite ono \u0161to \u017eelite postati","potentialAction":[{"@type":"SearchAction","target":{"@type":"EntryPoint","urlTemplate":"https:\/\/anabucevic.com\/?s={search_term_string}"},"query-input":{"@type":"PropertyValueSpecification","valueRequired":true,"valueName":"search_term_string"}}],"inLanguage":"en-GB"},{"@type":"Organization","@id":"https:\/\/anabucevic.com\/#organization","name":"Ana Bu\u010devi\u0107","alternateName":"Safari Duha","url":"https:\/\/anabucevic.com\/","logo":{"@type":"ImageObject","inLanguage":"en-GB","@id":"https:\/\/anabucevic.com\/#\/schema\/logo\/image\/","url":"https:\/\/anabucevic.com\/wp-content\/uploads\/2026\/01\/Logo-stranice-1.png","contentUrl":"https:\/\/anabucevic.com\/wp-content\/uploads\/2026\/01\/Logo-stranice-1.png","width":701,"height":200,"caption":"Ana Bu\u010devi\u0107"},"image":{"@id":"https:\/\/anabucevic.com\/#\/schema\/logo\/image\/"},"sameAs":["https:\/\/www.facebook.com\/safariduha\/","https:\/\/www.youtube.com\/user\/safariduha1","https:\/\/www.instagram.com\/safariduha\/?hl=hr"]}]}},"_links":{"self":[{"href":"http:\/\/anabucevic.com\/en\/wp-json\/wp\/v2\/pages\/6392284","targetHints":{"allow":["GET"]}}],"collection":[{"href":"http:\/\/anabucevic.com\/en\/wp-json\/wp\/v2\/pages"}],"about":[{"href":"http:\/\/anabucevic.com\/en\/wp-json\/wp\/v2\/types\/page"}],"author":[{"embeddable":true,"href":"http:\/\/anabucevic.com\/en\/wp-json\/wp\/v2\/users\/10"}],"replies":[{"embeddable":true,"href":"http:\/\/anabucevic.com\/en\/wp-json\/wp\/v2\/comments?post=6392284"}],"version-history":[{"count":0,"href":"http:\/\/anabucevic.com\/en\/wp-json\/wp\/v2\/pages\/6392284\/revisions"}],"wp:attachment":[{"href":"http:\/\/anabucevic.com\/en\/wp-json\/wp\/v2\/media?parent=6392284"}],"curies":[{"name":"wp","href":"https:\/\/api.w.org\/{rel}","templated":true}]}}