{"id":6324701,"date":"2019-01-14T21:18:08","date_gmt":"2019-01-14T21:18:08","guid":{"rendered":"https:\/\/anabucevic.com\/index.php\/product\/import-placeholder-for-5021\/"},"modified":"2023-03-07T21:24:30","modified_gmt":"2023-03-07T19:24:30","slug":"motivacijski-mp3-cd-budite-najbolja-verzija-sebe","status":"publish","type":"product","link":"http:\/\/anabucevic.com\/en\/product\/motivacijski-mp3-cd-budite-najbolja-verzija-sebe\/","title":{"rendered":"Motivational mp3 CD \u2013 Be the best version of yourself"},"content":{"rendered":"","protected":false},"excerpt":{"rendered":"<p><strong>1.200,00 RSD<\/strong><\/p>\n<p>MP3 AUDIO CD<\/p>\n<p>The purpose of this CD is to inspire and motivate you every day. To remind you of what you already know but may have forgotten. To remind you who you really are, how life is meant to be and how to create your own reality. By listening to this CD every day you will maintain your focus on the universal truths with which you create your reality. I wish from the bottom of my heart that you see yourself as I see you.<\/p>","protected":false},"featured_media":6338919,"template":"","meta":[],"product_brand":[],"product_cat":[18],"product_tag":[],"class_list":{"0":"post-6324701","1":"product","2":"type-product","3":"status-publish","4":"has-post-thumbnail","6":"product_cat-knjige-i-ostalo","8":"first","9":"instock","10":"taxable","11":"shipping-taxable","12":"purchasable","13":"product-type-simple"},"yoast_head":"<!-- This site is optimized with the Yoast SEO plugin v27.2 - https:\/\/yoast.com\/product\/yoast-seo-wordpress\/ -->\n<title>Motivacijski Mp3 CD - Budite najbolja verzija sebe - Ana Bu\u010devi\u0107<\/title>\n<meta name=\"robots\" content=\"index, follow, max-snippet:-1, max-image-preview:large, max-video-preview:-1\" \/>\n<link rel=\"canonical\" href=\"https:\/\/anabucevic.com\/en\/product\/motivacijski-mp3-cd-budite-najbolja-verzija-sebe\/\" \/>\n<meta property=\"og:locale\" content=\"en_GB\" \/>\n<meta property=\"og:type\" content=\"article\" \/>\n<meta property=\"og:title\" content=\"Motivacijski Mp3 CD - Budite najbolja verzija sebe - Ana Bu\u010devi\u0107\" \/>\n<meta property=\"og:description\" content=\"1.200,00 RSD  MP3 AUDIO CD  Svrha ovog CD-a jest da Vas svakodnevno inspirira i motivira. Da Vas podsjeti na ono \u0161to Vi ve\u0107 znate, ali ste mo\u017eda zaboravili. Da Vas podsjeti tko zaista jeste, kako je \u017eivot zami\u0161ljen te kako kreirati vlastitu realnost. Svakodnevnim slu\u0161anjem ovog CD-a odr\u017eat \u0107ete fokus na univerzalnim istinama kojima kreirate svoju realnost. Od srca Vam \u017eelim da sebe vidite onakvima kakvima Vas ja vidim\" \/>\n<meta property=\"og:url\" content=\"https:\/\/anabucevic.com\/en\/product\/motivacijski-mp3-cd-budite-najbolja-verzija-sebe\/\" \/>\n<meta property=\"og:site_name\" content=\"Ana Bu\u010devi\u0107\" \/>\n<meta property=\"article:publisher\" content=\"https:\/\/www.facebook.com\/safariduha\/\" \/>\n<meta property=\"article:modified_time\" content=\"2023-03-07T19:24:30+00:00\" \/>\n<meta property=\"og:image\" content=\"https:\/\/anabucevic.com\/wp-content\/uploads\/2019\/01\/cd1.jpg\" \/>\n\t<meta property=\"og:image:width\" content=\"1600\" \/>\n\t<meta property=\"og:image:height\" content=\"1600\" \/>\n\t<meta property=\"og:image:type\" content=\"image\/jpeg\" \/>\n<meta name=\"twitter:card\" content=\"summary_large_image\" \/>\n<script type=\"application\/ld+json\" class=\"yoast-schema-graph\">{\"@context\":\"https:\/\/schema.org\",\"@graph\":[{\"@type\":\"WebPage\",\"@id\":\"https:\/\/anabucevic.com\/product\/motivacijski-mp3-cd-budite-najbolja-verzija-sebe\/\",\"url\":\"https:\/\/anabucevic.com\/product\/motivacijski-mp3-cd-budite-najbolja-verzija-sebe\/\",\"name\":\"Motivacijski Mp3 CD - Budite najbolja verzija sebe - Ana Bu\u010devi\u0107\",\"isPartOf\":{\"@id\":\"https:\/\/anabucevic.com\/#website\"},\"primaryImageOfPage\":{\"@id\":\"https:\/\/anabucevic.com\/product\/motivacijski-mp3-cd-budite-najbolja-verzija-sebe\/#primaryimage\"},\"image\":{\"@id\":\"https:\/\/anabucevic.com\/product\/motivacijski-mp3-cd-budite-najbolja-verzija-sebe\/#primaryimage\"},\"thumbnailUrl\":\"https:\/\/anabucevic.com\/wp-content\/uploads\/2019\/01\/cd1.jpg\",\"datePublished\":\"2019-01-14T21:18:08+00:00\",\"dateModified\":\"2023-03-07T19:24:30+00:00\",\"breadcrumb\":{\"@id\":\"https:\/\/anabucevic.com\/product\/motivacijski-mp3-cd-budite-najbolja-verzija-sebe\/#breadcrumb\"},\"inLanguage\":\"en-GB\",\"potentialAction\":[{\"@type\":\"ReadAction\",\"target\":[\"https:\/\/anabucevic.com\/product\/motivacijski-mp3-cd-budite-najbolja-verzija-sebe\/\"]}]},{\"@type\":\"ImageObject\",\"inLanguage\":\"en-GB\",\"@id\":\"https:\/\/anabucevic.com\/product\/motivacijski-mp3-cd-budite-najbolja-verzija-sebe\/#primaryimage\",\"url\":\"https:\/\/anabucevic.com\/wp-content\/uploads\/2019\/01\/cd1.jpg\",\"contentUrl\":\"https:\/\/anabucevic.com\/wp-content\/uploads\/2019\/01\/cd1.jpg\",\"width\":1600,\"height\":1600},{\"@type\":\"BreadcrumbList\",\"@id\":\"https:\/\/anabucevic.com\/product\/motivacijski-mp3-cd-budite-najbolja-verzija-sebe\/#breadcrumb\",\"itemListElement\":[{\"@type\":\"ListItem\",\"position\":1,\"name\":\"Home\",\"item\":\"https:\/\/anabucevic.com\/\"},{\"@type\":\"ListItem\",\"position\":2,\"name\":\"Motivacijski Mp3 CD &#8211; Budite najbolja verzija sebe\"}]},{\"@type\":\"WebSite\",\"@id\":\"https:\/\/anabucevic.com\/#website\",\"url\":\"https:\/\/anabucevic.com\/\",\"name\":\"Ana Bu\u010devi\u0107\",\"description\":\"Budite ono \u0161to \u017eelite postati...\",\"publisher\":{\"@id\":\"https:\/\/anabucevic.com\/#organization\"},\"alternateName\":\"Ana Bu\u010devi\u0107 - Budite ono \u0161to \u017eelite postati\",\"potentialAction\":[{\"@type\":\"SearchAction\",\"target\":{\"@type\":\"EntryPoint\",\"urlTemplate\":\"https:\/\/anabucevic.com\/?s={search_term_string}\"},\"query-input\":{\"@type\":\"PropertyValueSpecification\",\"valueRequired\":true,\"valueName\":\"search_term_string\"}}],\"inLanguage\":\"en-GB\"},{\"@type\":\"Organization\",\"@id\":\"https:\/\/anabucevic.com\/#organization\",\"name\":\"Ana Bu\u010devi\u0107\",\"alternateName\":\"Safari Duha\",\"url\":\"https:\/\/anabucevic.com\/\",\"logo\":{\"@type\":\"ImageObject\",\"inLanguage\":\"en-GB\",\"@id\":\"https:\/\/anabucevic.com\/#\/schema\/logo\/image\/\",\"url\":\"https:\/\/anabucevic.com\/wp-content\/uploads\/2026\/01\/Logo-stranice-1.png\",\"contentUrl\":\"https:\/\/anabucevic.com\/wp-content\/uploads\/2026\/01\/Logo-stranice-1.png\",\"width\":701,\"height\":200,\"caption\":\"Ana Bu\u010devi\u0107\"},\"image\":{\"@id\":\"https:\/\/anabucevic.com\/#\/schema\/logo\/image\/\"},\"sameAs\":[\"https:\/\/www.facebook.com\/safariduha\/\",\"https:\/\/www.youtube.com\/user\/safariduha1\",\"https:\/\/www.instagram.com\/safariduha\/?hl=hr\"]}]}<\/script>\n<!-- \/ Yoast SEO plugin. -->","yoast_head_json":{"title":"Motivacijski Mp3 CD - Budite najbolja verzija sebe - Ana Bu\u010devi\u0107","robots":{"index":"index","follow":"follow","max-snippet":"max-snippet:-1","max-image-preview":"max-image-preview:large","max-video-preview":"max-video-preview:-1"},"canonical":"https:\/\/anabucevic.com\/en\/product\/motivacijski-mp3-cd-budite-najbolja-verzija-sebe\/","og_locale":"en_GB","og_type":"article","og_title":"Motivacijski Mp3 CD - Budite najbolja verzija sebe - Ana Bu\u010devi\u0107","og_description":"1.200,00 RSD  MP3 AUDIO CD  Svrha ovog CD-a jest da Vas svakodnevno inspirira i motivira. Da Vas podsjeti na ono \u0161to Vi ve\u0107 znate, ali ste mo\u017eda zaboravili. Da Vas podsjeti tko zaista jeste, kako je \u017eivot zami\u0161ljen te kako kreirati vlastitu realnost. Svakodnevnim slu\u0161anjem ovog CD-a odr\u017eat \u0107ete fokus na univerzalnim istinama kojima kreirate svoju realnost. Od srca Vam \u017eelim da sebe vidite onakvima kakvima Vas ja vidim","og_url":"https:\/\/anabucevic.com\/en\/product\/motivacijski-mp3-cd-budite-najbolja-verzija-sebe\/","og_site_name":"Ana Bu\u010devi\u0107","article_publisher":"https:\/\/www.facebook.com\/safariduha\/","article_modified_time":"2023-03-07T19:24:30+00:00","og_image":[{"width":1600,"height":1600,"url":"https:\/\/anabucevic.com\/wp-content\/uploads\/2019\/01\/cd1.jpg","type":"image\/jpeg"}],"twitter_card":"summary_large_image","schema":{"@context":"https:\/\/schema.org","@graph":[{"@type":"WebPage","@id":"https:\/\/anabucevic.com\/product\/motivacijski-mp3-cd-budite-najbolja-verzija-sebe\/","url":"https:\/\/anabucevic.com\/product\/motivacijski-mp3-cd-budite-najbolja-verzija-sebe\/","name":"Motivacijski Mp3 CD - Budite najbolja verzija sebe - Ana Bu\u010devi\u0107","isPartOf":{"@id":"https:\/\/anabucevic.com\/#website"},"primaryImageOfPage":{"@id":"https:\/\/anabucevic.com\/product\/motivacijski-mp3-cd-budite-najbolja-verzija-sebe\/#primaryimage"},"image":{"@id":"https:\/\/anabucevic.com\/product\/motivacijski-mp3-cd-budite-najbolja-verzija-sebe\/#primaryimage"},"thumbnailUrl":"https:\/\/anabucevic.com\/wp-content\/uploads\/2019\/01\/cd1.jpg","datePublished":"2019-01-14T21:18:08+00:00","dateModified":"2023-03-07T19:24:30+00:00","breadcrumb":{"@id":"https:\/\/anabucevic.com\/product\/motivacijski-mp3-cd-budite-najbolja-verzija-sebe\/#breadcrumb"},"inLanguage":"en-GB","potentialAction":[{"@type":"ReadAction","target":["https:\/\/anabucevic.com\/product\/motivacijski-mp3-cd-budite-najbolja-verzija-sebe\/"]}]},{"@type":"ImageObject","inLanguage":"en-GB","@id":"https:\/\/anabucevic.com\/product\/motivacijski-mp3-cd-budite-najbolja-verzija-sebe\/#primaryimage","url":"https:\/\/anabucevic.com\/wp-content\/uploads\/2019\/01\/cd1.jpg","contentUrl":"https:\/\/anabucevic.com\/wp-content\/uploads\/2019\/01\/cd1.jpg","width":1600,"height":1600},{"@type":"BreadcrumbList","@id":"https:\/\/anabucevic.com\/product\/motivacijski-mp3-cd-budite-najbolja-verzija-sebe\/#breadcrumb","itemListElement":[{"@type":"ListItem","position":1,"name":"Home","item":"https:\/\/anabucevic.com\/"},{"@type":"ListItem","position":2,"name":"Motivacijski Mp3 CD &#8211; Budite najbolja verzija sebe"}]},{"@type":"WebSite","@id":"https:\/\/anabucevic.com\/#website","url":"https:\/\/anabucevic.com\/","name":"Ana Bu\u010devi\u0107","description":"Budite ono \u0161to \u017eelite postati...","publisher":{"@id":"https:\/\/anabucevic.com\/#organization"},"alternateName":"Ana Bu\u010devi\u0107 - Budite ono \u0161to \u017eelite postati","potentialAction":[{"@type":"SearchAction","target":{"@type":"EntryPoint","urlTemplate":"https:\/\/anabucevic.com\/?s={search_term_string}"},"query-input":{"@type":"PropertyValueSpecification","valueRequired":true,"valueName":"search_term_string"}}],"inLanguage":"en-GB"},{"@type":"Organization","@id":"https:\/\/anabucevic.com\/#organization","name":"Ana Bu\u010devi\u0107","alternateName":"Safari Duha","url":"https:\/\/anabucevic.com\/","logo":{"@type":"ImageObject","inLanguage":"en-GB","@id":"https:\/\/anabucevic.com\/#\/schema\/logo\/image\/","url":"https:\/\/anabucevic.com\/wp-content\/uploads\/2026\/01\/Logo-stranice-1.png","contentUrl":"https:\/\/anabucevic.com\/wp-content\/uploads\/2026\/01\/Logo-stranice-1.png","width":701,"height":200,"caption":"Ana Bu\u010devi\u0107"},"image":{"@id":"https:\/\/anabucevic.com\/#\/schema\/logo\/image\/"},"sameAs":["https:\/\/www.facebook.com\/safariduha\/","https:\/\/www.youtube.com\/user\/safariduha1","https:\/\/www.instagram.com\/safariduha\/?hl=hr"]}]}},"_links":{"self":[{"href":"http:\/\/anabucevic.com\/en\/wp-json\/wp\/v2\/product\/6324701","targetHints":{"allow":["GET"]}}],"collection":[{"href":"http:\/\/anabucevic.com\/en\/wp-json\/wp\/v2\/product"}],"about":[{"href":"http:\/\/anabucevic.com\/en\/wp-json\/wp\/v2\/types\/product"}],"wp:featuredmedia":[{"embeddable":true,"href":"http:\/\/anabucevic.com\/en\/wp-json\/wp\/v2\/media\/6338919"}],"wp:attachment":[{"href":"http:\/\/anabucevic.com\/en\/wp-json\/wp\/v2\/media?parent=6324701"}],"wp:term":[{"taxonomy":"product_brand","embeddable":true,"href":"http:\/\/anabucevic.com\/en\/wp-json\/wp\/v2\/product_brand?post=6324701"},{"taxonomy":"product_cat","embeddable":true,"href":"http:\/\/anabucevic.com\/en\/wp-json\/wp\/v2\/product_cat?post=6324701"},{"taxonomy":"product_tag","embeddable":true,"href":"http:\/\/anabucevic.com\/en\/wp-json\/wp\/v2\/product_tag?post=6324701"}],"curies":[{"name":"wp","href":"https:\/\/api.w.org\/{rel}","templated":true}]}}