{"id":6386664,"date":"2025-10-23T12:30:55","date_gmt":"2025-10-23T10:30:55","guid":{"rendered":"https:\/\/anabucevic.com\/?post_type=product&#038;p=6386664"},"modified":"2025-10-23T13:07:35","modified_gmt":"2025-10-23T11:07:35","slug":"maska-za-meditaciju","status":"publish","type":"product","link":"http:\/\/anabucevic.com\/en\/product\/maska-za-meditaciju\/","title":{"rendered":"Meditation mask"},"content":{"rendered":"","protected":false},"excerpt":{"rendered":"<h5>1.400 RSD<\/h5>\n<p style=\"font-weight: 400;\" class=\"translation-block\">A comfortable meditation mask that helps you disconnect from the outside world and sink into complete calm.<br>\nBlocks out light, soothes the mind, and creates the perfect atmosphere for moments of silence and presence.<\/p>","protected":false},"featured_media":6386665,"template":"","meta":[],"product_brand":[],"product_cat":[18],"product_tag":[],"class_list":{"0":"post-6386664","1":"product","2":"type-product","3":"status-publish","4":"has-post-thumbnail","6":"product_cat-knjige-i-ostalo","8":"first","9":"instock","10":"taxable","11":"shipping-taxable","12":"purchasable","13":"product-type-simple"},"yoast_head":"<!-- This site is optimized with the Yoast SEO plugin v27.5 - https:\/\/yoast.com\/product\/yoast-seo-wordpress\/ -->\n<title>MASKA ZA MEDITACIJU - Ana Bu\u010devi\u0107<\/title>\n<meta name=\"robots\" content=\"index, follow, max-snippet:-1, max-image-preview:large, max-video-preview:-1\" \/>\n<link rel=\"canonical\" href=\"https:\/\/anabucevic.com\/en\/product\/maska-za-meditaciju\/\" \/>\n<meta property=\"og:locale\" content=\"en_GB\" \/>\n<meta property=\"og:type\" content=\"article\" \/>\n<meta property=\"og:title\" content=\"MASKA ZA MEDITACIJU - Ana Bu\u010devi\u0107\" \/>\n<meta property=\"og:description\" content=\"1.400 RSD Udobna maska za meditaciju koja poma\u017ee da se isklju\u010dite od vanjskog svijeta i uronite u potpuni mir. Blokira svjetlost, umiruje um i stvara idealnu atmosferu za trenutke \u00a0ti\u0161ine i prisutnosti.\" \/>\n<meta property=\"og:url\" content=\"https:\/\/anabucevic.com\/en\/product\/maska-za-meditaciju\/\" \/>\n<meta property=\"og:site_name\" content=\"Ana Bu\u010devi\u0107\" \/>\n<meta property=\"article:publisher\" content=\"https:\/\/www.facebook.com\/safariduha\/\" \/>\n<meta property=\"article:modified_time\" content=\"2025-10-23T11:07:35+00:00\" \/>\n<meta property=\"og:image\" content=\"https:\/\/anabucevic.com\/wp-content\/uploads\/2025\/10\/masla-za-meditaciju-scaled.jpg\" \/>\n\t<meta property=\"og:image:width\" content=\"2560\" \/>\n\t<meta property=\"og:image:height\" content=\"2560\" \/>\n\t<meta property=\"og:image:type\" content=\"image\/jpeg\" \/>\n<meta name=\"twitter:card\" content=\"summary_large_image\" \/>\n<script type=\"application\/ld+json\" class=\"yoast-schema-graph\">{\"@context\":\"https:\\\/\\\/schema.org\",\"@graph\":[{\"@type\":\"WebPage\",\"@id\":\"https:\\\/\\\/anabucevic.com\\\/product\\\/maska-za-meditaciju\\\/\",\"url\":\"https:\\\/\\\/anabucevic.com\\\/product\\\/maska-za-meditaciju\\\/\",\"name\":\"MASKA ZA MEDITACIJU - Ana Bu\u010devi\u0107\",\"isPartOf\":{\"@id\":\"https:\\\/\\\/anabucevic.com\\\/#website\"},\"primaryImageOfPage\":{\"@id\":\"https:\\\/\\\/anabucevic.com\\\/product\\\/maska-za-meditaciju\\\/#primaryimage\"},\"image\":{\"@id\":\"https:\\\/\\\/anabucevic.com\\\/product\\\/maska-za-meditaciju\\\/#primaryimage\"},\"thumbnailUrl\":\"https:\\\/\\\/anabucevic.com\\\/wp-content\\\/uploads\\\/2025\\\/10\\\/masla-za-meditaciju-scaled.jpg\",\"datePublished\":\"2025-10-23T10:30:55+00:00\",\"dateModified\":\"2025-10-23T11:07:35+00:00\",\"breadcrumb\":{\"@id\":\"https:\\\/\\\/anabucevic.com\\\/product\\\/maska-za-meditaciju\\\/#breadcrumb\"},\"inLanguage\":\"en-GB\",\"potentialAction\":[{\"@type\":\"ReadAction\",\"target\":[\"https:\\\/\\\/anabucevic.com\\\/product\\\/maska-za-meditaciju\\\/\"]}]},{\"@type\":\"ImageObject\",\"inLanguage\":\"en-GB\",\"@id\":\"https:\\\/\\\/anabucevic.com\\\/product\\\/maska-za-meditaciju\\\/#primaryimage\",\"url\":\"https:\\\/\\\/anabucevic.com\\\/wp-content\\\/uploads\\\/2025\\\/10\\\/masla-za-meditaciju-scaled.jpg\",\"contentUrl\":\"https:\\\/\\\/anabucevic.com\\\/wp-content\\\/uploads\\\/2025\\\/10\\\/masla-za-meditaciju-scaled.jpg\",\"width\":2560,\"height\":2560},{\"@type\":\"BreadcrumbList\",\"@id\":\"https:\\\/\\\/anabucevic.com\\\/product\\\/maska-za-meditaciju\\\/#breadcrumb\",\"itemListElement\":[{\"@type\":\"ListItem\",\"position\":1,\"name\":\"Home\",\"item\":\"https:\\\/\\\/anabucevic.com\\\/\"},{\"@type\":\"ListItem\",\"position\":2,\"name\":\"MASKA ZA MEDITACIJU\"}]},{\"@type\":\"WebSite\",\"@id\":\"https:\\\/\\\/anabucevic.com\\\/#website\",\"url\":\"https:\\\/\\\/anabucevic.com\\\/\",\"name\":\"Ana Bu\u010devi\u0107\",\"description\":\"Budite ono \u0161to \u017eelite postati...\",\"publisher\":{\"@id\":\"https:\\\/\\\/anabucevic.com\\\/#organization\"},\"alternateName\":\"Ana Bu\u010devi\u0107 - Budite ono \u0161to \u017eelite postati\",\"potentialAction\":[{\"@type\":\"SearchAction\",\"target\":{\"@type\":\"EntryPoint\",\"urlTemplate\":\"https:\\\/\\\/anabucevic.com\\\/?s={search_term_string}\"},\"query-input\":{\"@type\":\"PropertyValueSpecification\",\"valueRequired\":true,\"valueName\":\"search_term_string\"}}],\"inLanguage\":\"en-GB\"},{\"@type\":\"Organization\",\"@id\":\"https:\\\/\\\/anabucevic.com\\\/#organization\",\"name\":\"Ana Bu\u010devi\u0107\",\"alternateName\":\"Safari Duha\",\"url\":\"https:\\\/\\\/anabucevic.com\\\/\",\"logo\":{\"@type\":\"ImageObject\",\"inLanguage\":\"en-GB\",\"@id\":\"https:\\\/\\\/anabucevic.com\\\/#\\\/schema\\\/logo\\\/image\\\/\",\"url\":\"https:\\\/\\\/anabucevic.com\\\/wp-content\\\/uploads\\\/2026\\\/01\\\/Logo-stranice-1.png\",\"contentUrl\":\"https:\\\/\\\/anabucevic.com\\\/wp-content\\\/uploads\\\/2026\\\/01\\\/Logo-stranice-1.png\",\"width\":701,\"height\":200,\"caption\":\"Ana Bu\u010devi\u0107\"},\"image\":{\"@id\":\"https:\\\/\\\/anabucevic.com\\\/#\\\/schema\\\/logo\\\/image\\\/\"},\"sameAs\":[\"https:\\\/\\\/www.facebook.com\\\/safariduha\\\/\",\"https:\\\/\\\/www.youtube.com\\\/user\\\/safariduha1\",\"https:\\\/\\\/www.instagram.com\\\/safariduha\\\/?hl=hr\"]}]}<\/script>\n<!-- \/ Yoast SEO plugin. -->","yoast_head_json":{"title":"MASKA ZA MEDITACIJU - Ana Bu\u010devi\u0107","robots":{"index":"index","follow":"follow","max-snippet":"max-snippet:-1","max-image-preview":"max-image-preview:large","max-video-preview":"max-video-preview:-1"},"canonical":"https:\/\/anabucevic.com\/en\/product\/maska-za-meditaciju\/","og_locale":"en_GB","og_type":"article","og_title":"MASKA ZA MEDITACIJU - Ana Bu\u010devi\u0107","og_description":"1.400 RSD Udobna maska za meditaciju koja poma\u017ee da se isklju\u010dite od vanjskog svijeta i uronite u potpuni mir. Blokira svjetlost, umiruje um i stvara idealnu atmosferu za trenutke \u00a0ti\u0161ine i prisutnosti.","og_url":"https:\/\/anabucevic.com\/en\/product\/maska-za-meditaciju\/","og_site_name":"Ana Bu\u010devi\u0107","article_publisher":"https:\/\/www.facebook.com\/safariduha\/","article_modified_time":"2025-10-23T11:07:35+00:00","og_image":[{"width":2560,"height":2560,"url":"https:\/\/anabucevic.com\/wp-content\/uploads\/2025\/10\/masla-za-meditaciju-scaled.jpg","type":"image\/jpeg"}],"twitter_card":"summary_large_image","schema":{"@context":"https:\/\/schema.org","@graph":[{"@type":"WebPage","@id":"https:\/\/anabucevic.com\/product\/maska-za-meditaciju\/","url":"https:\/\/anabucevic.com\/product\/maska-za-meditaciju\/","name":"MASKA ZA MEDITACIJU - Ana Bu\u010devi\u0107","isPartOf":{"@id":"https:\/\/anabucevic.com\/#website"},"primaryImageOfPage":{"@id":"https:\/\/anabucevic.com\/product\/maska-za-meditaciju\/#primaryimage"},"image":{"@id":"https:\/\/anabucevic.com\/product\/maska-za-meditaciju\/#primaryimage"},"thumbnailUrl":"https:\/\/anabucevic.com\/wp-content\/uploads\/2025\/10\/masla-za-meditaciju-scaled.jpg","datePublished":"2025-10-23T10:30:55+00:00","dateModified":"2025-10-23T11:07:35+00:00","breadcrumb":{"@id":"https:\/\/anabucevic.com\/product\/maska-za-meditaciju\/#breadcrumb"},"inLanguage":"en-GB","potentialAction":[{"@type":"ReadAction","target":["https:\/\/anabucevic.com\/product\/maska-za-meditaciju\/"]}]},{"@type":"ImageObject","inLanguage":"en-GB","@id":"https:\/\/anabucevic.com\/product\/maska-za-meditaciju\/#primaryimage","url":"https:\/\/anabucevic.com\/wp-content\/uploads\/2025\/10\/masla-za-meditaciju-scaled.jpg","contentUrl":"https:\/\/anabucevic.com\/wp-content\/uploads\/2025\/10\/masla-za-meditaciju-scaled.jpg","width":2560,"height":2560},{"@type":"BreadcrumbList","@id":"https:\/\/anabucevic.com\/product\/maska-za-meditaciju\/#breadcrumb","itemListElement":[{"@type":"ListItem","position":1,"name":"Home","item":"https:\/\/anabucevic.com\/"},{"@type":"ListItem","position":2,"name":"MASKA ZA MEDITACIJU"}]},{"@type":"WebSite","@id":"https:\/\/anabucevic.com\/#website","url":"https:\/\/anabucevic.com\/","name":"Ana Bu\u010devi\u0107","description":"Budite ono \u0161to \u017eelite postati...","publisher":{"@id":"https:\/\/anabucevic.com\/#organization"},"alternateName":"Ana Bu\u010devi\u0107 - Budite ono \u0161to \u017eelite postati","potentialAction":[{"@type":"SearchAction","target":{"@type":"EntryPoint","urlTemplate":"https:\/\/anabucevic.com\/?s={search_term_string}"},"query-input":{"@type":"PropertyValueSpecification","valueRequired":true,"valueName":"search_term_string"}}],"inLanguage":"en-GB"},{"@type":"Organization","@id":"https:\/\/anabucevic.com\/#organization","name":"Ana Bu\u010devi\u0107","alternateName":"Safari Duha","url":"https:\/\/anabucevic.com\/","logo":{"@type":"ImageObject","inLanguage":"en-GB","@id":"https:\/\/anabucevic.com\/#\/schema\/logo\/image\/","url":"https:\/\/anabucevic.com\/wp-content\/uploads\/2026\/01\/Logo-stranice-1.png","contentUrl":"https:\/\/anabucevic.com\/wp-content\/uploads\/2026\/01\/Logo-stranice-1.png","width":701,"height":200,"caption":"Ana Bu\u010devi\u0107"},"image":{"@id":"https:\/\/anabucevic.com\/#\/schema\/logo\/image\/"},"sameAs":["https:\/\/www.facebook.com\/safariduha\/","https:\/\/www.youtube.com\/user\/safariduha1","https:\/\/www.instagram.com\/safariduha\/?hl=hr"]}]}},"_links":{"self":[{"href":"http:\/\/anabucevic.com\/en\/wp-json\/wp\/v2\/product\/6386664","targetHints":{"allow":["GET"]}}],"collection":[{"href":"http:\/\/anabucevic.com\/en\/wp-json\/wp\/v2\/product"}],"about":[{"href":"http:\/\/anabucevic.com\/en\/wp-json\/wp\/v2\/types\/product"}],"wp:featuredmedia":[{"embeddable":true,"href":"http:\/\/anabucevic.com\/en\/wp-json\/wp\/v2\/media\/6386665"}],"wp:attachment":[{"href":"http:\/\/anabucevic.com\/en\/wp-json\/wp\/v2\/media?parent=6386664"}],"wp:term":[{"taxonomy":"product_brand","embeddable":true,"href":"http:\/\/anabucevic.com\/en\/wp-json\/wp\/v2\/product_brand?post=6386664"},{"taxonomy":"product_cat","embeddable":true,"href":"http:\/\/anabucevic.com\/en\/wp-json\/wp\/v2\/product_cat?post=6386664"},{"taxonomy":"product_tag","embeddable":true,"href":"http:\/\/anabucevic.com\/en\/wp-json\/wp\/v2\/product_tag?post=6386664"}],"curies":[{"name":"wp","href":"https:\/\/api.w.org\/{rel}","templated":true}]}}