{"id":6392266,"date":"2026-01-21T11:59:15","date_gmt":"2026-01-21T09:59:15","guid":{"rendered":"https:\/\/anabucevic.com\/?page_id=6392266"},"modified":"2026-01-24T08:42:54","modified_gmt":"2026-01-24T06:42:54","slug":"raspored-dogadanja","status":"publish","type":"page","link":"https:\/\/anabucevic.com\/en\/raspored-dogadanja\/","title":{"rendered":"Schedule of events"},"content":{"rendered":"<div data-elementor-type=\"wp-page\" data-elementor-id=\"6392266\" class=\"elementor elementor-6392266\" data-elementor-post-type=\"page\">\n\t\t\t\t<div class=\"elementor-element elementor-element-b1ced0a e-flex e-con-boxed e-con e-parent\" data-id=\"b1ced0a\" data-element_type=\"container\" data-settings=\"{&quot;background_background&quot;:&quot;classic&quot;}\">\n\t\t\t\t\t<div class=\"e-con-inner\">\n\t\t<div class=\"elementor-element elementor-element-724204e6 e-con-full e-flex elementor-invisible e-con e-child\" data-id=\"724204e6\" data-element_type=\"container\" data-settings=\"{&quot;animation&quot;:&quot;fadeIn&quot;}\">\n\t\t\t\t<div class=\"elementor-element elementor-element-53bb2bdd elementor-widget elementor-widget-image\" data-id=\"53bb2bdd\" data-element_type=\"widget\" data-widget_type=\"image.default\">\n\t\t\t\t\t\t\t\t\t\t\t\t\t\t\t<img fetchpriority=\"high\" decoding=\"async\" width=\"757\" height=\"843\" src=\"https:\/\/anabucevic.com\/wp-content\/uploads\/2026\/01\/Ana-dogadanja-1.png\" class=\"attachment-full size-full wp-image-6392268\" alt=\"\" srcset=\"https:\/\/anabucevic.com\/wp-content\/uploads\/2026\/01\/Ana-dogadanja-1.png 757w, https:\/\/anabucevic.com\/wp-content\/uploads\/2026\/01\/Ana-dogadanja-1-269x300.png 269w, https:\/\/anabucevic.com\/wp-content\/uploads\/2026\/01\/Ana-dogadanja-1-300x334.png 300w, https:\/\/anabucevic.com\/wp-content\/uploads\/2026\/01\/Ana-dogadanja-1-600x668.png 600w\" sizes=\"(max-width: 757px) 100vw, 757px\" \/>\t\t\t\t\t\t\t\t\t\t\t\t\t\t\t<\/div>\n\t\t\t\t<\/div>\n\t\t<div class=\"elementor-element elementor-element-4d05f0db e-con-full e-flex elementor-invisible e-con e-child\" data-id=\"4d05f0db\" data-element_type=\"container\" data-settings=\"{&quot;animation&quot;:&quot;fadeInRight&quot;,&quot;animation_delay&quot;:400}\">\n\t\t\t\t<div class=\"elementor-element elementor-element-4353eb31 elementor-widget elementor-widget-heading\" data-id=\"4353eb31\" data-element_type=\"widget\" data-widget_type=\"heading.default\">\n\t\t\t\t\t<h1 class=\"elementor-heading-title elementor-size-default\">Schedule of events<\/h1>\t\t\t\t<\/div>\n\t\t\t\t<div class=\"elementor-element elementor-element-1e5ca8a3 elementor-widget-widescreen__width-initial elementor-widget elementor-widget-text-editor\" data-id=\"1e5ca8a3\" data-element_type=\"widget\" data-widget_type=\"text-editor.default\">\n\t\t\t\t\t\t\t\t\t<p>Here you can find all information about upcoming events \u2013 webinars, workshops, and lectures \u2013 and purchase tickets for them through the webshop.<\/p>\t\t\t\t\t\t\t\t<\/div>\n\t\t\t\t<\/div>\n\t\t\t\t\t<\/div>\n\t\t\t\t<\/div>\n\t\t<div class=\"elementor-element elementor-element-316433de e-flex e-con-boxed e-con e-parent\" data-id=\"316433de\" data-element_type=\"container\">\n\t\t\t\t\t<div class=\"e-con-inner\">\n\t\t\t\t<div class=\"elementor-element elementor-element-45625b6e elementor-widget elementor-widget-spacer\" data-id=\"45625b6e\" data-element_type=\"widget\" data-widget_type=\"spacer.default\">\n\t\t\t\t\t\t\t<div class=\"elementor-spacer\">\n\t\t\t<div class=\"elementor-spacer-inner\"><\/div>\n\t\t<\/div>\n\t\t\t\t\t\t<\/div>\n\t\t\t\t<div class=\"elementor-element elementor-element-2fb8a3f5 elementor-invisible elementor-widget elementor-widget-heading\" data-id=\"2fb8a3f5\" data-element_type=\"widget\" data-settings=\"{&quot;_animation&quot;:&quot;fadeIn&quot;}\" data-widget_type=\"heading.default\">\n\t\t\t\t\t<h2 class=\"elementor-heading-title elementor-size-default\">Lectures and workshops<\/h2>\t\t\t\t<\/div>\n\t\t\t\t<div class=\"elementor-element elementor-element-414fda49 elementor-grid-3 elementor-grid-mobile-1 elementor-product-loop-item--align-center elementor-grid-tablet-2 elementor-product-loop-item--align-left elementor-products-grid elementor-wc-products elementor-widget elementor-widget-woocommerce-products\" data-id=\"414fda49\" data-element_type=\"widget\" data-settings=\"{&quot;_animation_widescreen&quot;:&quot;fadeInUp&quot;}\" data-widget_type=\"woocommerce-products.default\">\n\t\t\t\t<div class=\"elementor-widget-container\">\n\t\t\t\t\t<div class=\"woocommerce columns-3\"><div class=\"woocommerce-notices-wrapper\"><\/div><ul class=\"products elementor-grid columns-3\">\n<li class=\"product type-product post-6395502 status-publish first instock product_cat-ulaznice has-post-thumbnail virtual taxable purchasable product-type-ticket-event\">\n\t<a href=\"https:\/\/anabucevic.com\/en\/product\/o-mudrosti-odgoja-beograd\/\" class=\"woocommerce-LoopProduct-link woocommerce-loop-product__link\"><img decoding=\"async\" width=\"300\" height=\"300\" src=\"https:\/\/anabucevic.com\/wp-content\/uploads\/2026\/05\/Predavanje_O-MUDROSTI-ODGOJA-Beograd_cover-300x300.jpg\" class=\"attachment-woocommerce_thumbnail size-woocommerce_thumbnail\" alt=\"Predavanje - O mudrosti odgoja - Beograd\" srcset=\"https:\/\/anabucevic.com\/wp-content\/uploads\/2026\/05\/Predavanje_O-MUDROSTI-ODGOJA-Beograd_cover-300x300.jpg 300w, https:\/\/anabucevic.com\/wp-content\/uploads\/2026\/05\/Predavanje_O-MUDROSTI-ODGOJA-Beograd_cover-1024x1024.jpg 1024w, https:\/\/anabucevic.com\/wp-content\/uploads\/2026\/05\/Predavanje_O-MUDROSTI-ODGOJA-Beograd_cover-150x150.jpg 150w, https:\/\/anabucevic.com\/wp-content\/uploads\/2026\/05\/Predavanje_O-MUDROSTI-ODGOJA-Beograd_cover-768x768.jpg 768w, https:\/\/anabucevic.com\/wp-content\/uploads\/2026\/05\/Predavanje_O-MUDROSTI-ODGOJA-Beograd_cover-1536x1536.jpg 1536w, https:\/\/anabucevic.com\/wp-content\/uploads\/2026\/05\/Predavanje_O-MUDROSTI-ODGOJA-Beograd_cover-12x12.jpg 12w, https:\/\/anabucevic.com\/wp-content\/uploads\/2026\/05\/Predavanje_O-MUDROSTI-ODGOJA-Beograd_cover-600x600.jpg 600w, https:\/\/anabucevic.com\/wp-content\/uploads\/2026\/05\/Predavanje_O-MUDROSTI-ODGOJA-Beograd_cover-100x100.jpg 100w, https:\/\/anabucevic.com\/wp-content\/uploads\/2026\/05\/Predavanje_O-MUDROSTI-ODGOJA-Beograd_cover.jpg 1600w\" sizes=\"(max-width: 300px) 100vw, 300px\" \/><h2 class=\"woocommerce-loop-product__title\">O MUDROSTI ODGOJA: Djeca ne trebaju savr\u0161ene roditelje, nego svjesne &#8211; 18.10.26. BEOGRAD<\/h2>\n\t<span class=\"price\"><span class=\"woocommerce-Price-amount amount\"><bdi>120,00&nbsp;<span class=\"woocommerce-Price-currencySymbol\">&euro;<\/span><\/bdi><\/span><\/span>\n<\/a><a data-quantity=\"1\" href=\"https:\/\/anabucevic.com\/en\/product\/o-mudrosti-odgoja-beograd\/\" aria-describedby=\"woocommerce_loop_add_to_cart_link_describedby_6395502\"  class=\"button product_type_ticket-event add_to_cart_button\" data-product_id=\"6395502\" data-product_sku=\"\" aria-label=\"Add to basket: \u201cO MUDROSTI ODGOJA: Djeca ne trebaju savr\u0161ene roditelje, nego svjesne - 18.10.26. BEOGRAD\u201d\" rel=\"nofollow\" data-success_message=\"\u201cO MUDROSTI ODGOJA: Djeca ne trebaju savr\u0161ene roditelje, nego svjesne - 18.10.26. BEOGRAD\u201d has been added to your cart\" data-no-translation=\"\" data-trp-gettext=\"\" data-no-translation-aria-label=\"\" data-no-translation-data-success_message=\"\">Add to basket<\/a>\t<span id=\"woocommerce_loop_add_to_cart_link_describedby_6395502\" class=\"screen-reader-text\">\n\t\t\t<\/span>\n<\/li>\n<li class=\"product type-product post-6395501 status-publish instock product_cat-ulaznice has-post-thumbnail virtual taxable purchasable product-type-ticket-event\">\n\t<a href=\"https:\/\/anabucevic.com\/en\/product\/o-mudrosti-odgoja-ljubljana\/\" class=\"woocommerce-LoopProduct-link woocommerce-loop-product__link\"><img decoding=\"async\" width=\"300\" height=\"300\" src=\"https:\/\/anabucevic.com\/wp-content\/uploads\/2026\/05\/Predavanje_O-MUDROSTI-ODGOJA-Ljubljana_cover-300x300.jpg\" class=\"attachment-woocommerce_thumbnail size-woocommerce_thumbnail\" alt=\"Predavanje - O mudrosti odgoja - Ljubljana\" srcset=\"https:\/\/anabucevic.com\/wp-content\/uploads\/2026\/05\/Predavanje_O-MUDROSTI-ODGOJA-Ljubljana_cover-300x300.jpg 300w, https:\/\/anabucevic.com\/wp-content\/uploads\/2026\/05\/Predavanje_O-MUDROSTI-ODGOJA-Ljubljana_cover-1024x1024.jpg 1024w, https:\/\/anabucevic.com\/wp-content\/uploads\/2026\/05\/Predavanje_O-MUDROSTI-ODGOJA-Ljubljana_cover-150x150.jpg 150w, https:\/\/anabucevic.com\/wp-content\/uploads\/2026\/05\/Predavanje_O-MUDROSTI-ODGOJA-Ljubljana_cover-768x768.jpg 768w, https:\/\/anabucevic.com\/wp-content\/uploads\/2026\/05\/Predavanje_O-MUDROSTI-ODGOJA-Ljubljana_cover-1536x1536.jpg 1536w, https:\/\/anabucevic.com\/wp-content\/uploads\/2026\/05\/Predavanje_O-MUDROSTI-ODGOJA-Ljubljana_cover-12x12.jpg 12w, https:\/\/anabucevic.com\/wp-content\/uploads\/2026\/05\/Predavanje_O-MUDROSTI-ODGOJA-Ljubljana_cover-600x600.jpg 600w, https:\/\/anabucevic.com\/wp-content\/uploads\/2026\/05\/Predavanje_O-MUDROSTI-ODGOJA-Ljubljana_cover-100x100.jpg 100w, https:\/\/anabucevic.com\/wp-content\/uploads\/2026\/05\/Predavanje_O-MUDROSTI-ODGOJA-Ljubljana_cover.jpg 1600w\" sizes=\"(max-width: 300px) 100vw, 300px\" \/><h2 class=\"woocommerce-loop-product__title\">O MUDROSTI ODGOJA: Djeca ne trebaju savr\u0161ene roditelje, nego svjesne &#8211; 25.10.26. LJUBLJANA<\/h2>\n\t<span class=\"price\"><span class=\"woocommerce-Price-amount amount\"><bdi>120,00&nbsp;<span class=\"woocommerce-Price-currencySymbol\">&euro;<\/span><\/bdi><\/span><\/span>\n<\/a><a data-quantity=\"1\" href=\"https:\/\/anabucevic.com\/en\/product\/o-mudrosti-odgoja-ljubljana\/\" aria-describedby=\"woocommerce_loop_add_to_cart_link_describedby_6395501\"  class=\"button product_type_ticket-event add_to_cart_button\" data-product_id=\"6395501\" data-product_sku=\"\" aria-label=\"Add to basket: \u201cO MUDROSTI ODGOJA: Djeca ne trebaju savr\u0161ene roditelje, nego svjesne - 25.10.26. LJUBLJANA\u201d\" rel=\"nofollow\" data-success_message=\"\u201cO MUDROSTI ODGOJA: Djeca ne trebaju savr\u0161ene roditelje, nego svjesne - 25.10.26. LJUBLJANA\u201d has been added to your cart\" data-no-translation=\"\" data-trp-gettext=\"\" data-no-translation-aria-label=\"\" data-no-translation-data-success_message=\"\">Add to basket<\/a>\t<span id=\"woocommerce_loop_add_to_cart_link_describedby_6395501\" class=\"screen-reader-text\">\n\t\t\t<\/span>\n<\/li>\n<li class=\"product type-product post-6395425 status-publish last instock product_cat-ulaznice has-post-thumbnail virtual taxable purchasable product-type-ticket-event\">\n\t<a href=\"https:\/\/anabucevic.com\/en\/product\/o-mudrosti-odgoja-split\/\" class=\"woocommerce-LoopProduct-link woocommerce-loop-product__link\"><img loading=\"lazy\" decoding=\"async\" width=\"300\" height=\"300\" src=\"https:\/\/anabucevic.com\/wp-content\/uploads\/2026\/05\/Predavanje_O-MUDROSTI-ODGOJA-Split_cover-300x300.jpg\" class=\"attachment-woocommerce_thumbnail size-woocommerce_thumbnail\" alt=\"Predavanje - O mudrosti odgoja - Split\" srcset=\"https:\/\/anabucevic.com\/wp-content\/uploads\/2026\/05\/Predavanje_O-MUDROSTI-ODGOJA-Split_cover-300x300.jpg 300w, https:\/\/anabucevic.com\/wp-content\/uploads\/2026\/05\/Predavanje_O-MUDROSTI-ODGOJA-Split_cover-1024x1024.jpg 1024w, https:\/\/anabucevic.com\/wp-content\/uploads\/2026\/05\/Predavanje_O-MUDROSTI-ODGOJA-Split_cover-150x150.jpg 150w, https:\/\/anabucevic.com\/wp-content\/uploads\/2026\/05\/Predavanje_O-MUDROSTI-ODGOJA-Split_cover-768x768.jpg 768w, https:\/\/anabucevic.com\/wp-content\/uploads\/2026\/05\/Predavanje_O-MUDROSTI-ODGOJA-Split_cover-1536x1536.jpg 1536w, https:\/\/anabucevic.com\/wp-content\/uploads\/2026\/05\/Predavanje_O-MUDROSTI-ODGOJA-Split_cover-12x12.jpg 12w, https:\/\/anabucevic.com\/wp-content\/uploads\/2026\/05\/Predavanje_O-MUDROSTI-ODGOJA-Split_cover-600x600.jpg 600w, https:\/\/anabucevic.com\/wp-content\/uploads\/2026\/05\/Predavanje_O-MUDROSTI-ODGOJA-Split_cover-100x100.jpg 100w, https:\/\/anabucevic.com\/wp-content\/uploads\/2026\/05\/Predavanje_O-MUDROSTI-ODGOJA-Split_cover.jpg 1600w\" sizes=\"(max-width: 300px) 100vw, 300px\" \/><h2 class=\"woocommerce-loop-product__title\">O MUDROSTI ODGOJA: Djeca ne trebaju savr\u0161ene roditelje, nego svjesne &#8211; 28.11.26. SPLIT<\/h2>\n\t<span class=\"price\"><span class=\"woocommerce-Price-amount amount\"><bdi>120,00&nbsp;<span class=\"woocommerce-Price-currencySymbol\">&euro;<\/span><\/bdi><\/span><\/span>\n<\/a><a data-quantity=\"1\" href=\"https:\/\/anabucevic.com\/en\/product\/o-mudrosti-odgoja-split\/\" aria-describedby=\"woocommerce_loop_add_to_cart_link_describedby_6395425\"  class=\"button product_type_ticket-event add_to_cart_button\" data-product_id=\"6395425\" data-product_sku=\"\" aria-label=\"Add to basket: \u201cO MUDROSTI ODGOJA: Djeca ne trebaju savr\u0161ene roditelje, nego svjesne - 28.11.26. SPLIT\u201d\" rel=\"nofollow\" data-success_message=\"\u201cO MUDROSTI ODGOJA: Djeca ne trebaju savr\u0161ene roditelje, nego svjesne - 28.11.26. SPLIT\u201d has been added to your cart\" data-no-translation=\"\" data-trp-gettext=\"\" data-no-translation-aria-label=\"\" data-no-translation-data-success_message=\"\">Add to basket<\/a>\t<span id=\"woocommerce_loop_add_to_cart_link_describedby_6395425\" class=\"screen-reader-text\">\n\t\t\t<\/span>\n<\/li>\n<li class=\"product type-product post-6395420 status-publish first instock product_cat-ulaznice has-post-thumbnail virtual taxable purchasable product-type-ticket-event\">\n\t<a href=\"https:\/\/anabucevic.com\/en\/product\/o-mudrosti-odgoja-zagreb\/\" class=\"woocommerce-LoopProduct-link woocommerce-loop-product__link\"><img loading=\"lazy\" decoding=\"async\" width=\"300\" height=\"300\" src=\"https:\/\/anabucevic.com\/wp-content\/uploads\/2026\/05\/Predavanje_O-MUDROSTI-ODGOJA-Zagreb_cover-300x300.jpg\" class=\"attachment-woocommerce_thumbnail size-woocommerce_thumbnail\" alt=\"Predavanje - O mudrosti odgoja - Zagreb\" srcset=\"https:\/\/anabucevic.com\/wp-content\/uploads\/2026\/05\/Predavanje_O-MUDROSTI-ODGOJA-Zagreb_cover-300x300.jpg 300w, https:\/\/anabucevic.com\/wp-content\/uploads\/2026\/05\/Predavanje_O-MUDROSTI-ODGOJA-Zagreb_cover-1024x1024.jpg 1024w, https:\/\/anabucevic.com\/wp-content\/uploads\/2026\/05\/Predavanje_O-MUDROSTI-ODGOJA-Zagreb_cover-150x150.jpg 150w, https:\/\/anabucevic.com\/wp-content\/uploads\/2026\/05\/Predavanje_O-MUDROSTI-ODGOJA-Zagreb_cover-768x768.jpg 768w, https:\/\/anabucevic.com\/wp-content\/uploads\/2026\/05\/Predavanje_O-MUDROSTI-ODGOJA-Zagreb_cover-1536x1536.jpg 1536w, https:\/\/anabucevic.com\/wp-content\/uploads\/2026\/05\/Predavanje_O-MUDROSTI-ODGOJA-Zagreb_cover-12x12.jpg 12w, https:\/\/anabucevic.com\/wp-content\/uploads\/2026\/05\/Predavanje_O-MUDROSTI-ODGOJA-Zagreb_cover-600x600.jpg 600w, https:\/\/anabucevic.com\/wp-content\/uploads\/2026\/05\/Predavanje_O-MUDROSTI-ODGOJA-Zagreb_cover-100x100.jpg 100w, https:\/\/anabucevic.com\/wp-content\/uploads\/2026\/05\/Predavanje_O-MUDROSTI-ODGOJA-Zagreb_cover.jpg 1600w\" sizes=\"(max-width: 300px) 100vw, 300px\" \/><h2 class=\"woocommerce-loop-product__title\">O MUDROSTI ODGOJA: Djeca ne trebaju savr\u0161ene roditelje, nego svjesne &#8211; 06.12.26. ZAGREB<\/h2>\n\t<span class=\"price\"><span class=\"woocommerce-Price-amount amount\"><bdi>120,00&nbsp;<span class=\"woocommerce-Price-currencySymbol\">&euro;<\/span><\/bdi><\/span><\/span>\n<\/a><a data-quantity=\"1\" href=\"https:\/\/anabucevic.com\/en\/product\/o-mudrosti-odgoja-zagreb\/\" aria-describedby=\"woocommerce_loop_add_to_cart_link_describedby_6395420\"  class=\"button product_type_ticket-event add_to_cart_button\" data-product_id=\"6395420\" data-product_sku=\"\" aria-label=\"Add to basket: \u201cO MUDROSTI ODGOJA: Djeca ne trebaju savr\u0161ene roditelje, nego svjesne - 06.12.26. ZAGREB\u201d\" rel=\"nofollow\" data-success_message=\"\u201cO MUDROSTI ODGOJA: Djeca ne trebaju savr\u0161ene roditelje, nego svjesne - 06.12.26. ZAGREB\u201d has been added to your cart\" data-no-translation=\"\" data-trp-gettext=\"\" data-no-translation-aria-label=\"\" data-no-translation-data-success_message=\"\">Add to basket<\/a>\t<span id=\"woocommerce_loop_add_to_cart_link_describedby_6395420\" class=\"screen-reader-text\">\n\t\t\t<\/span>\n<\/li>\n<\/ul>\n<\/div>\t\t\t\t<\/div>\n\t\t\t\t<\/div>\n\t\t\t\t\t<\/div>\n\t\t\t\t<\/div>\n\t\t\t\t<\/div>","protected":false},"excerpt":{"rendered":"<p>Raspored doga\u0111anja Ovdje mo\u017eete prona\u0107i sve informacije o nadolaze\u0107im doga\u0111ajima &#8211; webinarima, radionicama i predavanjima te kupiti ulaznice za njih preko webshopa. Predavanja i radionice<\/p>","protected":false},"author":10,"featured_media":0,"parent":0,"menu_order":0,"comment_status":"closed","ping_status":"closed","template":"","meta":{"footnotes":""},"class_list":["post-6392266","page","type-page","status-publish","hentry"],"yoast_head":"<!-- This site is optimized with the Yoast SEO plugin v27.5 - https:\/\/yoast.com\/product\/yoast-seo-wordpress\/ -->\n<title>Raspored doga\u0111anja - Ana Bu\u010devi\u0107<\/title>\n<meta name=\"description\" content=\"Istra\u017eite radionice, predavanja i webinare Ane Bu\u010devi\u0107 i prona\u0111ite doga\u0111anja koja poti\u010du osobni rast, prisutnost i unutarnju promjenu.\" \/>\n<meta name=\"robots\" content=\"index, follow, max-snippet:-1, max-image-preview:large, max-video-preview:-1\" \/>\n<link rel=\"canonical\" href=\"https:\/\/anabucevic.com\/en\/raspored-dogadanja\/\" \/>\n<meta property=\"og:locale\" content=\"en_GB\" \/>\n<meta property=\"og:type\" content=\"article\" \/>\n<meta property=\"og:title\" content=\"Raspored doga\u0111anja - Ana Bu\u010devi\u0107\" \/>\n<meta property=\"og:description\" content=\"Istra\u017eite radionice, predavanja i webinare Ane Bu\u010devi\u0107 i prona\u0111ite doga\u0111anja koja poti\u010du osobni rast, prisutnost i unutarnju promjenu.\" \/>\n<meta property=\"og:url\" content=\"https:\/\/anabucevic.com\/en\/raspored-dogadanja\/\" \/>\n<meta property=\"og:site_name\" content=\"Ana Bu\u010devi\u0107\" \/>\n<meta property=\"article:publisher\" content=\"https:\/\/www.facebook.com\/safariduha\/\" \/>\n<meta property=\"article:modified_time\" content=\"2026-01-24T06:42:54+00:00\" \/>\n<meta property=\"og:image\" content=\"https:\/\/anabucevic.com\/wp-content\/uploads\/2026\/01\/Ana-dogadanja-1.png\" \/>\n<meta name=\"twitter:card\" content=\"summary_large_image\" \/>\n<meta name=\"twitter:label1\" content=\"Estimated reading time\" \/>\n\t<meta name=\"twitter:data1\" content=\"1 minute\" \/>\n<script type=\"application\/ld+json\" class=\"yoast-schema-graph\">{\"@context\":\"https:\\\/\\\/schema.org\",\"@graph\":[{\"@type\":\"WebPage\",\"@id\":\"https:\\\/\\\/anabucevic.com\\\/raspored-dogadanja\\\/\",\"url\":\"https:\\\/\\\/anabucevic.com\\\/raspored-dogadanja\\\/\",\"name\":\"Raspored doga\u0111anja - Ana Bu\u010devi\u0107\",\"isPartOf\":{\"@id\":\"https:\\\/\\\/anabucevic.com\\\/#website\"},\"primaryImageOfPage\":{\"@id\":\"https:\\\/\\\/anabucevic.com\\\/raspored-dogadanja\\\/#primaryimage\"},\"image\":{\"@id\":\"https:\\\/\\\/anabucevic.com\\\/raspored-dogadanja\\\/#primaryimage\"},\"thumbnailUrl\":\"https:\\\/\\\/anabucevic.com\\\/wp-content\\\/uploads\\\/2026\\\/01\\\/Ana-dogadanja-1.png\",\"datePublished\":\"2026-01-21T09:59:15+00:00\",\"dateModified\":\"2026-01-24T06:42:54+00:00\",\"description\":\"Istra\u017eite radionice, predavanja i webinare Ane Bu\u010devi\u0107 i prona\u0111ite doga\u0111anja koja poti\u010du osobni rast, prisutnost i unutarnju promjenu.\",\"breadcrumb\":{\"@id\":\"https:\\\/\\\/anabucevic.com\\\/raspored-dogadanja\\\/#breadcrumb\"},\"inLanguage\":\"en-GB\",\"potentialAction\":[{\"@type\":\"ReadAction\",\"target\":[\"https:\\\/\\\/anabucevic.com\\\/raspored-dogadanja\\\/\"]}]},{\"@type\":\"ImageObject\",\"inLanguage\":\"en-GB\",\"@id\":\"https:\\\/\\\/anabucevic.com\\\/raspored-dogadanja\\\/#primaryimage\",\"url\":\"https:\\\/\\\/anabucevic.com\\\/wp-content\\\/uploads\\\/2026\\\/01\\\/Ana-dogadanja-1.png\",\"contentUrl\":\"https:\\\/\\\/anabucevic.com\\\/wp-content\\\/uploads\\\/2026\\\/01\\\/Ana-dogadanja-1.png\"},{\"@type\":\"BreadcrumbList\",\"@id\":\"https:\\\/\\\/anabucevic.com\\\/raspored-dogadanja\\\/#breadcrumb\",\"itemListElement\":[{\"@type\":\"ListItem\",\"position\":1,\"name\":\"Home\",\"item\":\"https:\\\/\\\/anabucevic.com\\\/\"},{\"@type\":\"ListItem\",\"position\":2,\"name\":\"Raspored doga\u0111anja\"}]},{\"@type\":\"WebSite\",\"@id\":\"https:\\\/\\\/anabucevic.com\\\/#website\",\"url\":\"https:\\\/\\\/anabucevic.com\\\/\",\"name\":\"Ana Bu\u010devi\u0107\",\"description\":\"Budite ono \u0161to \u017eelite postati...\",\"publisher\":{\"@id\":\"https:\\\/\\\/anabucevic.com\\\/#organization\"},\"alternateName\":\"Ana Bu\u010devi\u0107 - Budite ono \u0161to \u017eelite postati\",\"potentialAction\":[{\"@type\":\"SearchAction\",\"target\":{\"@type\":\"EntryPoint\",\"urlTemplate\":\"https:\\\/\\\/anabucevic.com\\\/?s={search_term_string}\"},\"query-input\":{\"@type\":\"PropertyValueSpecification\",\"valueRequired\":true,\"valueName\":\"search_term_string\"}}],\"inLanguage\":\"en-GB\"},{\"@type\":\"Organization\",\"@id\":\"https:\\\/\\\/anabucevic.com\\\/#organization\",\"name\":\"Ana Bu\u010devi\u0107\",\"alternateName\":\"Safari Duha\",\"url\":\"https:\\\/\\\/anabucevic.com\\\/\",\"logo\":{\"@type\":\"ImageObject\",\"inLanguage\":\"en-GB\",\"@id\":\"https:\\\/\\\/anabucevic.com\\\/#\\\/schema\\\/logo\\\/image\\\/\",\"url\":\"https:\\\/\\\/anabucevic.com\\\/wp-content\\\/uploads\\\/2026\\\/01\\\/Logo-stranice-1.png\",\"contentUrl\":\"https:\\\/\\\/anabucevic.com\\\/wp-content\\\/uploads\\\/2026\\\/01\\\/Logo-stranice-1.png\",\"width\":701,\"height\":200,\"caption\":\"Ana Bu\u010devi\u0107\"},\"image\":{\"@id\":\"https:\\\/\\\/anabucevic.com\\\/#\\\/schema\\\/logo\\\/image\\\/\"},\"sameAs\":[\"https:\\\/\\\/www.facebook.com\\\/safariduha\\\/\",\"https:\\\/\\\/www.youtube.com\\\/user\\\/safariduha1\",\"https:\\\/\\\/www.instagram.com\\\/safariduha\\\/?hl=hr\"]}]}<\/script>\n<!-- \/ Yoast SEO plugin. -->","yoast_head_json":{"title":"Raspored doga\u0111anja - Ana Bu\u010devi\u0107","description":"Istra\u017eite radionice, predavanja i webinare Ane Bu\u010devi\u0107 i prona\u0111ite doga\u0111anja koja poti\u010du osobni rast, prisutnost i unutarnju promjenu.","robots":{"index":"index","follow":"follow","max-snippet":"max-snippet:-1","max-image-preview":"max-image-preview:large","max-video-preview":"max-video-preview:-1"},"canonical":"https:\/\/anabucevic.com\/en\/raspored-dogadanja\/","og_locale":"en_GB","og_type":"article","og_title":"Raspored doga\u0111anja - Ana Bu\u010devi\u0107","og_description":"Istra\u017eite radionice, predavanja i webinare Ane Bu\u010devi\u0107 i prona\u0111ite doga\u0111anja koja poti\u010du osobni rast, prisutnost i unutarnju promjenu.","og_url":"https:\/\/anabucevic.com\/en\/raspored-dogadanja\/","og_site_name":"Ana Bu\u010devi\u0107","article_publisher":"https:\/\/www.facebook.com\/safariduha\/","article_modified_time":"2026-01-24T06:42:54+00:00","og_image":[{"url":"https:\/\/anabucevic.com\/wp-content\/uploads\/2026\/01\/Ana-dogadanja-1.png","type":"","width":"","height":""}],"twitter_card":"summary_large_image","twitter_misc":{"Estimated reading time":"1 minute"},"schema":{"@context":"https:\/\/schema.org","@graph":[{"@type":"WebPage","@id":"https:\/\/anabucevic.com\/raspored-dogadanja\/","url":"https:\/\/anabucevic.com\/raspored-dogadanja\/","name":"Raspored doga\u0111anja - Ana Bu\u010devi\u0107","isPartOf":{"@id":"https:\/\/anabucevic.com\/#website"},"primaryImageOfPage":{"@id":"https:\/\/anabucevic.com\/raspored-dogadanja\/#primaryimage"},"image":{"@id":"https:\/\/anabucevic.com\/raspored-dogadanja\/#primaryimage"},"thumbnailUrl":"https:\/\/anabucevic.com\/wp-content\/uploads\/2026\/01\/Ana-dogadanja-1.png","datePublished":"2026-01-21T09:59:15+00:00","dateModified":"2026-01-24T06:42:54+00:00","description":"Istra\u017eite radionice, predavanja i webinare Ane Bu\u010devi\u0107 i prona\u0111ite doga\u0111anja koja poti\u010du osobni rast, prisutnost i unutarnju promjenu.","breadcrumb":{"@id":"https:\/\/anabucevic.com\/raspored-dogadanja\/#breadcrumb"},"inLanguage":"en-GB","potentialAction":[{"@type":"ReadAction","target":["https:\/\/anabucevic.com\/raspored-dogadanja\/"]}]},{"@type":"ImageObject","inLanguage":"en-GB","@id":"https:\/\/anabucevic.com\/raspored-dogadanja\/#primaryimage","url":"https:\/\/anabucevic.com\/wp-content\/uploads\/2026\/01\/Ana-dogadanja-1.png","contentUrl":"https:\/\/anabucevic.com\/wp-content\/uploads\/2026\/01\/Ana-dogadanja-1.png"},{"@type":"BreadcrumbList","@id":"https:\/\/anabucevic.com\/raspored-dogadanja\/#breadcrumb","itemListElement":[{"@type":"ListItem","position":1,"name":"Home","item":"https:\/\/anabucevic.com\/"},{"@type":"ListItem","position":2,"name":"Raspored doga\u0111anja"}]},{"@type":"WebSite","@id":"https:\/\/anabucevic.com\/#website","url":"https:\/\/anabucevic.com\/","name":"Ana Bu\u010devi\u0107","description":"Budite ono \u0161to \u017eelite postati...","publisher":{"@id":"https:\/\/anabucevic.com\/#organization"},"alternateName":"Ana Bu\u010devi\u0107 - Budite ono \u0161to \u017eelite postati","potentialAction":[{"@type":"SearchAction","target":{"@type":"EntryPoint","urlTemplate":"https:\/\/anabucevic.com\/?s={search_term_string}"},"query-input":{"@type":"PropertyValueSpecification","valueRequired":true,"valueName":"search_term_string"}}],"inLanguage":"en-GB"},{"@type":"Organization","@id":"https:\/\/anabucevic.com\/#organization","name":"Ana Bu\u010devi\u0107","alternateName":"Safari Duha","url":"https:\/\/anabucevic.com\/","logo":{"@type":"ImageObject","inLanguage":"en-GB","@id":"https:\/\/anabucevic.com\/#\/schema\/logo\/image\/","url":"https:\/\/anabucevic.com\/wp-content\/uploads\/2026\/01\/Logo-stranice-1.png","contentUrl":"https:\/\/anabucevic.com\/wp-content\/uploads\/2026\/01\/Logo-stranice-1.png","width":701,"height":200,"caption":"Ana Bu\u010devi\u0107"},"image":{"@id":"https:\/\/anabucevic.com\/#\/schema\/logo\/image\/"},"sameAs":["https:\/\/www.facebook.com\/safariduha\/","https:\/\/www.youtube.com\/user\/safariduha1","https:\/\/www.instagram.com\/safariduha\/?hl=hr"]}]}},"_links":{"self":[{"href":"https:\/\/anabucevic.com\/en\/wp-json\/wp\/v2\/pages\/6392266","targetHints":{"allow":["GET"]}}],"collection":[{"href":"https:\/\/anabucevic.com\/en\/wp-json\/wp\/v2\/pages"}],"about":[{"href":"https:\/\/anabucevic.com\/en\/wp-json\/wp\/v2\/types\/page"}],"author":[{"embeddable":true,"href":"https:\/\/anabucevic.com\/en\/wp-json\/wp\/v2\/users\/10"}],"replies":[{"embeddable":true,"href":"https:\/\/anabucevic.com\/en\/wp-json\/wp\/v2\/comments?post=6392266"}],"version-history":[{"count":0,"href":"https:\/\/anabucevic.com\/en\/wp-json\/wp\/v2\/pages\/6392266\/revisions"}],"wp:attachment":[{"href":"https:\/\/anabucevic.com\/en\/wp-json\/wp\/v2\/media?parent=6392266"}],"curies":[{"name":"wp","href":"https:\/\/api.w.org\/{rel}","templated":true}]}}