{"id":6392276,"date":"2026-01-21T12:00:23","date_gmt":"2026-01-21T10:00:23","guid":{"rendered":"https:\/\/anabucevic.com\/?page_id=6392276"},"modified":"2026-01-22T21:24:07","modified_gmt":"2026-01-22T19:24:07","slug":"kontakt","status":"publish","type":"page","link":"https:\/\/anabucevic.com\/en\/kontakt\/","title":{"rendered":"Contact"},"content":{"rendered":"\t\t<div data-elementor-type=\"wp-page\" data-elementor-id=\"6392276\" class=\"elementor elementor-6392276\" data-elementor-post-type=\"page\">\n\t\t\t\t<div class=\"elementor-element elementor-element-6f3ffbd8 e-flex e-con-boxed e-con e-parent\" data-id=\"6f3ffbd8\" data-element_type=\"container\" data-settings=\"{&quot;background_background&quot;:&quot;classic&quot;}\">\n\t\t\t\t\t<div class=\"e-con-inner\">\n\t\t<div class=\"elementor-element elementor-element-2caf0e65 e-con-full e-flex elementor-invisible e-con e-child\" data-id=\"2caf0e65\" data-element_type=\"container\" data-settings=\"{&quot;animation&quot;:&quot;fadeIn&quot;}\">\n\t\t\t\t<div class=\"elementor-element elementor-element-1a5bb05f elementor-widget elementor-widget-image\" data-id=\"1a5bb05f\" data-element_type=\"widget\" data-widget_type=\"image.default\">\n\t\t\t\t\t\t\t\t\t\t\t\t\t\t\t<img fetchpriority=\"high\" decoding=\"async\" width=\"724\" height=\"616\" src=\"https:\/\/anabucevic.com\/wp-content\/uploads\/2026\/01\/Ana-Kontakt.png\" class=\"attachment-full size-full wp-image-6391903\" alt=\"\" srcset=\"https:\/\/anabucevic.com\/wp-content\/uploads\/2026\/01\/Ana-Kontakt.png 724w, https:\/\/anabucevic.com\/wp-content\/uploads\/2026\/01\/Ana-Kontakt-300x255.png 300w, https:\/\/anabucevic.com\/wp-content\/uploads\/2026\/01\/Ana-Kontakt-600x510.png 600w\" sizes=\"(max-width: 724px) 100vw, 724px\" \/>\t\t\t\t\t\t\t\t\t\t\t\t\t\t\t<\/div>\n\t\t\t\t<\/div>\n\t\t<div class=\"elementor-element elementor-element-6d516297 e-con-full e-flex elementor-invisible e-con e-child\" data-id=\"6d516297\" data-element_type=\"container\" data-settings=\"{&quot;animation&quot;:&quot;fadeInRight&quot;,&quot;animation_delay&quot;:400}\">\n\t\t\t\t<div class=\"elementor-element elementor-element-5c15e5e7 elementor-widget elementor-widget-heading\" data-id=\"5c15e5e7\" data-element_type=\"widget\" data-widget_type=\"heading.default\">\n\t\t\t\t\t<h1 class=\"elementor-heading-title elementor-size-default\">Kontakt<\/h1>\t\t\t\t<\/div>\n\t\t\t\t<div class=\"elementor-element elementor-element-495e1c27 elementor-widget__width-initial elementor-widget elementor-widget-text-editor\" data-id=\"495e1c27\" data-element_type=\"widget\" data-widget_type=\"text-editor.default\">\n\t\t\t\t\t\t\t\t\t<p>Za sve informacije i upite, mo\u017eete mi se obratiti putem obrasca. Nastojat \u0107emo odgovoriti u kratkom roku.<\/p>\t\t\t\t\t\t\t\t<\/div>\n\t\t\t\t<\/div>\n\t\t\t\t\t<\/div>\n\t\t\t\t<\/div>\n\t\t<div class=\"elementor-element elementor-element-6b9a01a5 e-flex e-con-boxed elementor-invisible e-con e-parent\" data-id=\"6b9a01a5\" data-element_type=\"container\" data-settings=\"{&quot;animation&quot;:&quot;fadeInUp&quot;}\">\n\t\t\t\t\t<div class=\"e-con-inner\">\n\t\t<div class=\"elementor-element elementor-element-5f11399d e-con-full e-flex e-con e-child\" data-id=\"5f11399d\" data-element_type=\"container\">\n\t\t<div class=\"elementor-element elementor-element-2f18dec0 e-con-full e-flex e-con e-child\" data-id=\"2f18dec0\" data-element_type=\"container\">\n\t\t\t\t<div class=\"elementor-element elementor-element-163831d6 elementor-widget elementor-widget-heading\" data-id=\"163831d6\" data-element_type=\"widget\" data-widget_type=\"heading.default\">\n\t\t\t\t\t<h3 class=\"elementor-heading-title elementor-size-default\">Medijski upiti<\/h3>\t\t\t\t<\/div>\n\t\t\t\t<div class=\"elementor-element elementor-element-1f7db3ba elementor-widget elementor-widget-text-editor\" data-id=\"1f7db3ba\" data-element_type=\"widget\" data-widget_type=\"text-editor.default\">\n\t\t\t\t\t\t\t\t\t<p>Kontakt za upite medija<br \/><a href=\"mailto:press@anabucevic.com\"><span style=\"text-decoration: underline;\">press@anabucevic.com<\/span><\/a><\/p>\t\t\t\t\t\t\t\t<\/div>\n\t\t\t\t<div class=\"elementor-element elementor-element-662076f2 elementor-widget-divider--view-line elementor-widget elementor-widget-divider\" data-id=\"662076f2\" data-element_type=\"widget\" data-widget_type=\"divider.default\">\n\t\t\t\t\t\t\t<div class=\"elementor-divider\">\n\t\t\t<span class=\"elementor-divider-separator\">\n\t\t\t\t\t\t<\/span>\n\t\t<\/div>\n\t\t\t\t\t\t<\/div>\n\t\t<div class=\"elementor-element elementor-element-6e6da6f6 e-con-full e-flex e-con e-child\" data-id=\"6e6da6f6\" data-element_type=\"container\">\n\t\t\t\t<div class=\"elementor-element elementor-element-684dc19e elementor-widget elementor-widget-heading\" data-id=\"684dc19e\" data-element_type=\"widget\" data-widget_type=\"heading.default\">\n\t\t\t\t\t<h3 class=\"elementor-heading-title elementor-size-default\">Webshop upiti<\/h3>\t\t\t\t<\/div>\n\t\t\t\t<div class=\"elementor-element elementor-element-557cfbcf elementor-widget elementor-widget-text-editor\" data-id=\"557cfbcf\" data-element_type=\"widget\" data-widget_type=\"text-editor.default\">\n\t\t\t\t\t\t\t\t\t<p>Kontakt za upite o kupnji<br \/><a href=\"mailto:webshop@anabucevic.com\"><span style=\"text-decoration: underline;\">webshop@anabucevic.com<\/span><\/a><\/p>\t\t\t\t\t\t\t\t<\/div>\n\t\t\t\t<div class=\"elementor-element elementor-element-7b225754 elementor-widget-divider--view-line elementor-widget elementor-widget-divider\" data-id=\"7b225754\" data-element_type=\"widget\" data-widget_type=\"divider.default\">\n\t\t\t\t\t\t\t<div class=\"elementor-divider\">\n\t\t\t<span class=\"elementor-divider-separator\">\n\t\t\t\t\t\t<\/span>\n\t\t<\/div>\n\t\t\t\t\t\t<\/div>\n\t\t<div class=\"elementor-element elementor-element-57c3796b e-con-full e-flex e-con e-child\" data-id=\"57c3796b\" data-element_type=\"container\">\n\t\t\t\t<div class=\"elementor-element elementor-element-4ac9df55 elementor-widget elementor-widget-heading\" data-id=\"4ac9df55\" data-element_type=\"widget\" data-widget_type=\"heading.default\">\n\t\t\t\t\t<h3 class=\"elementor-heading-title elementor-size-default\">Ostali upiti<\/h3>\t\t\t\t<\/div>\n\t\t\t\t<div class=\"elementor-element elementor-element-100ca6e6 elementor-widget elementor-widget-text-editor\" data-id=\"100ca6e6\" data-element_type=\"widget\" data-widget_type=\"text-editor.default\">\n\t\t\t\t\t\t\t\t\t<p>Vezano uz sve ostale upite<br \/><a href=\"mailto:info@anabucevic.com\"><span style=\"text-decoration: underline;\">info@anabucevic.com<\/span><\/a><\/p>\t\t\t\t\t\t\t\t<\/div>\n\t\t\t\t<div class=\"elementor-element elementor-element-2b9b6c44 elementor-hidden-mobile elementor-widget-divider--view-line elementor-widget elementor-widget-divider\" data-id=\"2b9b6c44\" data-element_type=\"widget\" data-widget_type=\"divider.default\">\n\t\t\t\t\t\t\t<div class=\"elementor-divider\">\n\t\t\t<span class=\"elementor-divider-separator\">\n\t\t\t\t\t\t<\/span>\n\t\t<\/div>\n\t\t\t\t\t\t<\/div>\n\t\t\t\t<\/div>\n\t\t\t\t<\/div>\n\t\t\t\t<\/div>\n\t\t\t\t<\/div>\n\t\t<div class=\"elementor-element elementor-element-a293021 e-con-full e-flex e-con e-child\" data-id=\"a293021\" data-element_type=\"container\" data-settings=\"{&quot;background_background&quot;:&quot;classic&quot;}\">\n\t\t\t\t<div class=\"elementor-element elementor-element-5e239939 elementor-button-align-stretch elementor-widget elementor-widget-form\" data-id=\"5e239939\" data-element_type=\"widget\" data-settings=\"{&quot;step_next_label&quot;:&quot;Next&quot;,&quot;step_previous_label&quot;:&quot;Previous&quot;,&quot;button_width&quot;:&quot;100&quot;,&quot;step_type&quot;:&quot;number_text&quot;,&quot;step_icon_shape&quot;:&quot;circle&quot;}\" data-widget_type=\"form.default\">\n\t\t\t\t\t\t\t<form class=\"elementor-form\" method=\"post\" name=\"New Form\" aria-label=\"New Form\" novalidate=\"\">\n\t\t\t<input type=\"hidden\" name=\"post_id\" value=\"6392276\"\/>\n\t\t\t<input type=\"hidden\" name=\"form_id\" value=\"5e239939\"\/>\n\t\t\t<input type=\"hidden\" name=\"referer_title\" value=\"Kontakt - Ana Bu\u010devi\u0107\" \/>\n\n\t\t\t\t\t\t\t<input type=\"hidden\" name=\"queried_id\" value=\"6392276\"\/>\n\t\t\t\n\t\t\t<div class=\"elementor-form-fields-wrapper elementor-labels-above\">\n\t\t\t\t\t\t\t\t<div class=\"elementor-field-type-text elementor-field-group elementor-column elementor-field-group-name elementor-col-50 elementor-field-required elementor-mark-required\">\n\t\t\t\t\t\t\t\t\t\t\t\t<label for=\"form-field-name\" class=\"elementor-field-label\">\n\t\t\t\t\t\t\t\tIme\t\t\t\t\t\t\t<\/label>\n\t\t\t\t\t\t\t\t\t\t\t\t\t\t<input size=\"1\" type=\"text\" name=\"form_fields[name]\" id=\"form-field-name\" class=\"elementor-field elementor-size-sm  elementor-field-textual\" placeholder=\"Va\u0161e ime\" required=\"required\">\n\t\t\t\t\t\t\t\t\t\t\t<\/div>\n\t\t\t\t\t\t\t\t<div class=\"elementor-field-type-text elementor-field-group elementor-column elementor-field-group-field_adb813d elementor-col-50 elementor-field-required elementor-mark-required\">\n\t\t\t\t\t\t\t\t\t\t\t\t<label for=\"form-field-field_adb813d\" class=\"elementor-field-label\">\n\t\t\t\t\t\t\t\tPrezime\t\t\t\t\t\t\t<\/label>\n\t\t\t\t\t\t\t\t\t\t\t\t\t\t<input size=\"1\" type=\"text\" name=\"form_fields[field_adb813d]\" id=\"form-field-field_adb813d\" class=\"elementor-field elementor-size-sm  elementor-field-textual\" placeholder=\"Va\u0161e prezime\" required=\"required\">\n\t\t\t\t\t\t\t\t\t\t\t<\/div>\n\t\t\t\t\t\t\t\t<div class=\"elementor-field-type-email elementor-field-group elementor-column elementor-field-group-email elementor-col-50 elementor-field-required elementor-mark-required\">\n\t\t\t\t\t\t\t\t\t\t\t\t<label for=\"form-field-email\" class=\"elementor-field-label\">\n\t\t\t\t\t\t\t\tEmail\t\t\t\t\t\t\t<\/label>\n\t\t\t\t\t\t\t\t\t\t\t\t\t\t<input size=\"1\" type=\"email\" name=\"form_fields[email]\" id=\"form-field-email\" class=\"elementor-field elementor-size-sm  elementor-field-textual\" placeholder=\"Va\u0161a email adresa\" required=\"required\">\n\t\t\t\t\t\t\t\t\t\t\t<\/div>\n\t\t\t\t\t\t\t\t<div class=\"elementor-field-type-tel elementor-field-group elementor-column elementor-field-group-field_817ae1d elementor-col-50\">\n\t\t\t\t\t\t\t\t\t\t\t\t<label for=\"form-field-field_817ae1d\" class=\"elementor-field-label\">\n\t\t\t\t\t\t\t\tBroj telefona\t\t\t\t\t\t\t<\/label>\n\t\t\t\t\t\t\t\t<input size=\"1\" type=\"tel\" name=\"form_fields[field_817ae1d]\" id=\"form-field-field_817ae1d\" class=\"elementor-field elementor-size-sm  elementor-field-textual\" placeholder=\"Va\u0161 broj telefona\" pattern=\"[0-9()#&amp;+*-=.]+\" title=\"Only numbers and phone characters (#, -, *, etc) are accepted.\">\n\n\t\t\t\t\t\t<\/div>\n\t\t\t\t\t\t\t\t<div class=\"elementor-field-type-textarea elementor-field-group elementor-column elementor-field-group-message elementor-col-100 elementor-field-required elementor-mark-required\">\n\t\t\t\t\t\t\t\t\t\t\t\t<label for=\"form-field-message\" class=\"elementor-field-label\">\n\t\t\t\t\t\t\t\tPoruka\t\t\t\t\t\t\t<\/label>\n\t\t\t\t\t\t<textarea class=\"elementor-field-textual elementor-field  elementor-size-sm\" name=\"form_fields[message]\" id=\"form-field-message\" rows=\"3\" placeholder=\"Mjesto za va\u0161 upit\" required=\"required\"><\/textarea>\t\t\t\t<\/div>\n\t\t\t\t\t\t\t\t<div class=\"elementor-field-type-acceptance elementor-field-group elementor-column elementor-field-group-field_cf41be3 elementor-col-100 elementor-field-required elementor-mark-required\">\n\t\t\t\t\t\t\t<div class=\"elementor-field-subgroup\">\n\t\t\t<span class=\"elementor-field-option\">\n\t\t\t\t<input type=\"checkbox\" name=\"form_fields[field_cf41be3]\" id=\"form-field-field_cf41be3\" class=\"elementor-field elementor-size-sm  elementor-acceptance-field\" required=\"required\">\n\t\t\t\t<label for=\"form-field-field_cf41be3\">Pristajem da Safari duha d.o.o. prikuplja, pohranjuje, koristi i obra\u0111uje moje osobne podatke koji su ovdje u\u010dinjeni dostupnim, isklju\u010divo u svrhu pru\u017eanja adekvatnog odgovora te izjavljujem da sam upoznat\/a sa svim pravima koja proizlaze iz za\u0161tite osobnih podataka, a osobito s pravom na povla\u010denje pristanaka u svako doba. Stavljam na znanje da se u ostvarenju svojih prava imam pravo obratiti Safari duha d.o.o., kao i Agenciji za za\u0161titu osobnih podataka, da Safari duha d.o.o. trajno bri\u0161e zaprimljene osobne podatke odmah po prestanku svrhe daljnje komunikacije, te da sam upoznat s Politikom za\u0161tite osobnih podataka Safari duha d.o.o..<\/label>\t\t\t<\/span>\n\t\t<\/div>\n\t\t\t\t\t\t<\/div>\n\t\t\t\t\t\t\t\t<div class=\"elementor-field-group elementor-column elementor-field-type-submit elementor-col-100 e-form__buttons\">\n\t\t\t\t\t<button class=\"elementor-button elementor-size-sm\" type=\"submit\">\n\t\t\t\t\t\t<span class=\"elementor-button-content-wrapper\">\n\t\t\t\t\t\t\t\t\t\t\t\t\t\t\t\t\t\t\t\t\t\t<span class=\"elementor-button-text\">Po\u0161aljite upit<\/span>\n\t\t\t\t\t\t\t\t\t\t\t\t\t<\/span>\n\t\t\t\t\t<\/button>\n\t\t\t\t<\/div>\n\t\t\t<\/div>\n\t\t<\/form>\n\t\t\t\t\t\t<\/div>\n\t\t\t\t<\/div>\n\t\t\t\t\t<\/div>\n\t\t\t\t<\/div>\n\t\t\t\t<\/div>\n\t\t","protected":false},"excerpt":{"rendered":"<p>Kontakt Za sve informacije i upite, mo\u017eete mi se obratiti putem obrasca. Nastojat \u0107emo odgovoriti u kratkom roku. Medijski upiti Kontakt za upite medijapress@anabucevic.com Webshop upiti Kontakt za upite o [&hellip;]<\/p>\n","protected":false},"author":10,"featured_media":0,"parent":0,"menu_order":0,"comment_status":"closed","ping_status":"closed","template":"","meta":{"footnotes":""},"class_list":["post-6392276","page","type-page","status-publish","hentry"],"yoast_head":"<!-- This site is optimized with the Yoast SEO plugin v27.2 - https:\/\/yoast.com\/product\/yoast-seo-wordpress\/ -->\n<title>Kontakt - Ana Bu\u010devi\u0107<\/title>\n<meta name=\"description\" content=\"Za sve informacije i upite mo\u017eete se obratiti putem kontakt obrasca ili putem email-a. Nastojimo odgovoriti u kratkom roku.\" \/>\n<meta name=\"robots\" content=\"index, follow, max-snippet:-1, max-image-preview:large, max-video-preview:-1\" \/>\n<link rel=\"canonical\" href=\"https:\/\/anabucevic.com\/en\/kontakt\/\" \/>\n<meta property=\"og:locale\" content=\"en_GB\" \/>\n<meta property=\"og:type\" content=\"article\" \/>\n<meta property=\"og:title\" content=\"Kontakt - Ana Bu\u010devi\u0107\" \/>\n<meta property=\"og:description\" content=\"Za sve informacije i upite mo\u017eete se obratiti putem kontakt obrasca ili putem email-a. Nastojimo odgovoriti u kratkom roku.\" \/>\n<meta property=\"og:url\" content=\"https:\/\/anabucevic.com\/en\/kontakt\/\" \/>\n<meta property=\"og:site_name\" content=\"Ana Bu\u010devi\u0107\" \/>\n<meta property=\"article:publisher\" content=\"https:\/\/www.facebook.com\/safariduha\/\" \/>\n<meta property=\"article:modified_time\" content=\"2026-01-22T19:24:07+00:00\" \/>\n<meta property=\"og:image\" content=\"https:\/\/anabucevic.com\/wp-content\/uploads\/2026\/01\/Ana-Kontakt.png\" \/>\n\t<meta property=\"og:image:width\" content=\"724\" \/>\n\t<meta property=\"og:image:height\" content=\"616\" \/>\n\t<meta property=\"og:image:type\" content=\"image\/png\" \/>\n<meta name=\"twitter:card\" content=\"summary_large_image\" \/>\n<meta name=\"twitter:label1\" content=\"Estimated reading time\" \/>\n\t<meta name=\"twitter:data1\" content=\"1 minute\" \/>\n<script type=\"application\/ld+json\" class=\"yoast-schema-graph\">{\"@context\":\"https:\/\/schema.org\",\"@graph\":[{\"@type\":\"WebPage\",\"@id\":\"https:\/\/anabucevic.com\/kontakt\/\",\"url\":\"https:\/\/anabucevic.com\/kontakt\/\",\"name\":\"Kontakt - Ana Bu\u010devi\u0107\",\"isPartOf\":{\"@id\":\"https:\/\/anabucevic.com\/#website\"},\"primaryImageOfPage\":{\"@id\":\"https:\/\/anabucevic.com\/kontakt\/#primaryimage\"},\"image\":{\"@id\":\"https:\/\/anabucevic.com\/kontakt\/#primaryimage\"},\"thumbnailUrl\":\"https:\/\/anabucevic.com\/wp-content\/uploads\/2026\/01\/Ana-Kontakt.png\",\"datePublished\":\"2026-01-21T10:00:23+00:00\",\"dateModified\":\"2026-01-22T19:24:07+00:00\",\"description\":\"Za sve informacije i upite mo\u017eete se obratiti putem kontakt obrasca ili putem email-a. Nastojimo odgovoriti u kratkom roku.\",\"breadcrumb\":{\"@id\":\"https:\/\/anabucevic.com\/kontakt\/#breadcrumb\"},\"inLanguage\":\"en-GB\",\"potentialAction\":[{\"@type\":\"ReadAction\",\"target\":[\"https:\/\/anabucevic.com\/kontakt\/\"]}]},{\"@type\":\"ImageObject\",\"inLanguage\":\"en-GB\",\"@id\":\"https:\/\/anabucevic.com\/kontakt\/#primaryimage\",\"url\":\"https:\/\/anabucevic.com\/wp-content\/uploads\/2026\/01\/Ana-Kontakt.png\",\"contentUrl\":\"https:\/\/anabucevic.com\/wp-content\/uploads\/2026\/01\/Ana-Kontakt.png\"},{\"@type\":\"BreadcrumbList\",\"@id\":\"https:\/\/anabucevic.com\/kontakt\/#breadcrumb\",\"itemListElement\":[{\"@type\":\"ListItem\",\"position\":1,\"name\":\"Home\",\"item\":\"https:\/\/anabucevic.com\/\"},{\"@type\":\"ListItem\",\"position\":2,\"name\":\"Kontakt\"}]},{\"@type\":\"WebSite\",\"@id\":\"https:\/\/anabucevic.com\/#website\",\"url\":\"https:\/\/anabucevic.com\/\",\"name\":\"Ana Bu\u010devi\u0107\",\"description\":\"Budite ono \u0161to \u017eelite postati...\",\"publisher\":{\"@id\":\"https:\/\/anabucevic.com\/#organization\"},\"alternateName\":\"Ana Bu\u010devi\u0107 - Budite ono \u0161to \u017eelite postati\",\"potentialAction\":[{\"@type\":\"SearchAction\",\"target\":{\"@type\":\"EntryPoint\",\"urlTemplate\":\"https:\/\/anabucevic.com\/?s={search_term_string}\"},\"query-input\":{\"@type\":\"PropertyValueSpecification\",\"valueRequired\":true,\"valueName\":\"search_term_string\"}}],\"inLanguage\":\"en-GB\"},{\"@type\":\"Organization\",\"@id\":\"https:\/\/anabucevic.com\/#organization\",\"name\":\"Ana Bu\u010devi\u0107\",\"alternateName\":\"Safari Duha\",\"url\":\"https:\/\/anabucevic.com\/\",\"logo\":{\"@type\":\"ImageObject\",\"inLanguage\":\"en-GB\",\"@id\":\"https:\/\/anabucevic.com\/#\/schema\/logo\/image\/\",\"url\":\"https:\/\/anabucevic.com\/wp-content\/uploads\/2026\/01\/Logo-stranice-1.png\",\"contentUrl\":\"https:\/\/anabucevic.com\/wp-content\/uploads\/2026\/01\/Logo-stranice-1.png\",\"width\":701,\"height\":200,\"caption\":\"Ana Bu\u010devi\u0107\"},\"image\":{\"@id\":\"https:\/\/anabucevic.com\/#\/schema\/logo\/image\/\"},\"sameAs\":[\"https:\/\/www.facebook.com\/safariduha\/\",\"https:\/\/www.youtube.com\/user\/safariduha1\",\"https:\/\/www.instagram.com\/safariduha\/?hl=hr\"]}]}<\/script>\n<!-- \/ Yoast SEO plugin. -->","yoast_head_json":{"title":"Kontakt - Ana Bu\u010devi\u0107","description":"Za sve informacije i upite mo\u017eete se obratiti putem kontakt obrasca ili putem email-a. Nastojimo odgovoriti u kratkom roku.","robots":{"index":"index","follow":"follow","max-snippet":"max-snippet:-1","max-image-preview":"max-image-preview:large","max-video-preview":"max-video-preview:-1"},"canonical":"https:\/\/anabucevic.com\/en\/kontakt\/","og_locale":"en_GB","og_type":"article","og_title":"Kontakt - Ana Bu\u010devi\u0107","og_description":"Za sve informacije i upite mo\u017eete se obratiti putem kontakt obrasca ili putem email-a. Nastojimo odgovoriti u kratkom roku.","og_url":"https:\/\/anabucevic.com\/en\/kontakt\/","og_site_name":"Ana Bu\u010devi\u0107","article_publisher":"https:\/\/www.facebook.com\/safariduha\/","article_modified_time":"2026-01-22T19:24:07+00:00","og_image":[{"width":724,"height":616,"url":"https:\/\/anabucevic.com\/wp-content\/uploads\/2026\/01\/Ana-Kontakt.png","type":"image\/png"}],"twitter_card":"summary_large_image","twitter_misc":{"Estimated reading time":"1 minute"},"schema":{"@context":"https:\/\/schema.org","@graph":[{"@type":"WebPage","@id":"https:\/\/anabucevic.com\/kontakt\/","url":"https:\/\/anabucevic.com\/kontakt\/","name":"Kontakt - Ana Bu\u010devi\u0107","isPartOf":{"@id":"https:\/\/anabucevic.com\/#website"},"primaryImageOfPage":{"@id":"https:\/\/anabucevic.com\/kontakt\/#primaryimage"},"image":{"@id":"https:\/\/anabucevic.com\/kontakt\/#primaryimage"},"thumbnailUrl":"https:\/\/anabucevic.com\/wp-content\/uploads\/2026\/01\/Ana-Kontakt.png","datePublished":"2026-01-21T10:00:23+00:00","dateModified":"2026-01-22T19:24:07+00:00","description":"Za sve informacije i upite mo\u017eete se obratiti putem kontakt obrasca ili putem email-a. Nastojimo odgovoriti u kratkom roku.","breadcrumb":{"@id":"https:\/\/anabucevic.com\/kontakt\/#breadcrumb"},"inLanguage":"en-GB","potentialAction":[{"@type":"ReadAction","target":["https:\/\/anabucevic.com\/kontakt\/"]}]},{"@type":"ImageObject","inLanguage":"en-GB","@id":"https:\/\/anabucevic.com\/kontakt\/#primaryimage","url":"https:\/\/anabucevic.com\/wp-content\/uploads\/2026\/01\/Ana-Kontakt.png","contentUrl":"https:\/\/anabucevic.com\/wp-content\/uploads\/2026\/01\/Ana-Kontakt.png"},{"@type":"BreadcrumbList","@id":"https:\/\/anabucevic.com\/kontakt\/#breadcrumb","itemListElement":[{"@type":"ListItem","position":1,"name":"Home","item":"https:\/\/anabucevic.com\/"},{"@type":"ListItem","position":2,"name":"Kontakt"}]},{"@type":"WebSite","@id":"https:\/\/anabucevic.com\/#website","url":"https:\/\/anabucevic.com\/","name":"Ana Bu\u010devi\u0107","description":"Budite ono \u0161to \u017eelite postati...","publisher":{"@id":"https:\/\/anabucevic.com\/#organization"},"alternateName":"Ana Bu\u010devi\u0107 - Budite ono \u0161to \u017eelite postati","potentialAction":[{"@type":"SearchAction","target":{"@type":"EntryPoint","urlTemplate":"https:\/\/anabucevic.com\/?s={search_term_string}"},"query-input":{"@type":"PropertyValueSpecification","valueRequired":true,"valueName":"search_term_string"}}],"inLanguage":"en-GB"},{"@type":"Organization","@id":"https:\/\/anabucevic.com\/#organization","name":"Ana Bu\u010devi\u0107","alternateName":"Safari Duha","url":"https:\/\/anabucevic.com\/","logo":{"@type":"ImageObject","inLanguage":"en-GB","@id":"https:\/\/anabucevic.com\/#\/schema\/logo\/image\/","url":"https:\/\/anabucevic.com\/wp-content\/uploads\/2026\/01\/Logo-stranice-1.png","contentUrl":"https:\/\/anabucevic.com\/wp-content\/uploads\/2026\/01\/Logo-stranice-1.png","width":701,"height":200,"caption":"Ana Bu\u010devi\u0107"},"image":{"@id":"https:\/\/anabucevic.com\/#\/schema\/logo\/image\/"},"sameAs":["https:\/\/www.facebook.com\/safariduha\/","https:\/\/www.youtube.com\/user\/safariduha1","https:\/\/www.instagram.com\/safariduha\/?hl=hr"]}]}},"_links":{"self":[{"href":"https:\/\/anabucevic.com\/en\/wp-json\/wp\/v2\/pages\/6392276","targetHints":{"allow":["GET"]}}],"collection":[{"href":"https:\/\/anabucevic.com\/en\/wp-json\/wp\/v2\/pages"}],"about":[{"href":"https:\/\/anabucevic.com\/en\/wp-json\/wp\/v2\/types\/page"}],"author":[{"embeddable":true,"href":"https:\/\/anabucevic.com\/en\/wp-json\/wp\/v2\/users\/10"}],"replies":[{"embeddable":true,"href":"https:\/\/anabucevic.com\/en\/wp-json\/wp\/v2\/comments?post=6392276"}],"version-history":[{"count":0,"href":"https:\/\/anabucevic.com\/en\/wp-json\/wp\/v2\/pages\/6392276\/revisions"}],"wp:attachment":[{"href":"https:\/\/anabucevic.com\/en\/wp-json\/wp\/v2\/media?parent=6392276"}],"curies":[{"name":"wp","href":"https:\/\/api.w.org\/{rel}","templated":true}]}}