{"id":6392301,"date":"2026-01-21T12:13:09","date_gmt":"2026-01-21T10:13:09","guid":{"rendered":"https:\/\/anabucevic.com\/?page_id=6392301"},"modified":"2026-01-21T12:13:13","modified_gmt":"2026-01-21T10:13:13","slug":"nacini-placanja","status":"publish","type":"page","link":"https:\/\/anabucevic.com\/en\/nacini-placanja\/","title":{"rendered":"Payment methods"},"content":{"rendered":"\t\t<div data-elementor-type=\"wp-page\" data-elementor-id=\"6392301\" class=\"elementor elementor-6392301\" data-elementor-post-type=\"page\">\n\t\t\t\t<div class=\"elementor-element elementor-element-5ece3809 e-flex e-con-boxed e-con e-parent\" data-id=\"5ece3809\" data-element_type=\"container\" data-settings=\"{&quot;background_background&quot;:&quot;classic&quot;}\">\n\t\t\t\t\t<div class=\"e-con-inner\">\n\t\t\t\t<div class=\"elementor-element elementor-element-1e7a730f elementor-widget elementor-widget-text-editor\" data-id=\"1e7a730f\" data-element_type=\"widget\" data-widget_type=\"text-editor.default\">\n\t\t\t\t\t\t\t\t\t<p>A\u017eurirano &#8211; SIJE\u010cANJ 2026<\/p>\t\t\t\t\t\t\t\t<\/div>\n\t\t\t\t<div class=\"elementor-element elementor-element-29ae312b elementor-widget elementor-widget-heading\" data-id=\"29ae312b\" data-element_type=\"widget\" data-widget_type=\"heading.default\">\n\t\t\t\t\t<h2 class=\"elementor-heading-title elementor-size-default\">Na\u010dini pla\u0107anja<\/h2>\t\t\t\t<\/div>\n\t\t\t\t\t<\/div>\n\t\t\t\t<\/div>\n\t\t<div class=\"elementor-element elementor-element-475d7c25 e-flex e-con-boxed e-con e-parent\" data-id=\"475d7c25\" data-element_type=\"container\" data-settings=\"{&quot;background_background&quot;:&quot;classic&quot;}\">\n\t\t\t\t\t<div class=\"e-con-inner\">\n\t\t\t\t<div class=\"elementor-element elementor-element-16895e01 elementor-widget elementor-widget-text-editor\" data-id=\"16895e01\" data-element_type=\"widget\" data-widget_type=\"text-editor.default\">\n\t\t\t\t\t\t\t\t\t<article class=\"text-token-text-primary w-full focus:outline-none [--shadow-height:45px] has-data-writing-block:pointer-events-none has-data-writing-block:-mt-(--shadow-height) has-data-writing-block:pt-(--shadow-height) [&amp;:has([data-writing-block])&gt;*]:pointer-events-auto [content-visibility:auto] supports-[content-visibility:auto]:[contain-intrinsic-size:auto_100lvh] scroll-mt-[calc(var(--header-height)+min(200px,max(70px,20svh)))]\" dir=\"auto\" tabindex=\"-1\" data-turn-id=\"request-WEB:4e892c5b-6f74-4ebe-9d60-34a4d0153cef-4\" data-testid=\"conversation-turn-10\" data-scroll-anchor=\"true\" data-turn=\"assistant\"><div class=\"text-base my-auto mx-auto pb-10 [--thread-content-margin:--spacing(4)] thread-sm:[--thread-content-margin:--spacing(6)] thread-lg:[--thread-content-margin:--spacing(16)] px-(--thread-content-margin)\"><div class=\"[--thread-content-max-width:40rem] thread-lg:[--thread-content-max-width:48rem] mx-auto max-w-(--thread-content-max-width) flex-1 group\/turn-messages focus-visible:outline-hidden relative flex w-full min-w-0 flex-col agent-turn\" tabindex=\"-1\"><div class=\"flex max-w-full flex-col grow\"><div class=\"min-h-8 text-message relative flex w-full flex-col items-end gap-2 text-start break-words whitespace-normal [.text-message+&amp;]:mt-1\" dir=\"auto\" data-message-author-role=\"assistant\" data-message-id=\"211f4dd1-8395-4212-b55b-cc5ddc23e839\" data-message-model-slug=\"gpt-5\"><div class=\"flex w-full flex-col gap-1 empty:hidden first:pt-[1px]\"><div class=\"markdown prose dark:prose-invert w-full break-words light markdown-new-styling\"><p data-start=\"223\" data-end=\"314\">Pla\u0107anje cijene proizvoda i tro\u0161kova dostave mo\u017ee se izvr\u0161iti na jedan od sljede\u0107ih na\u010dina:<\/p><p data-start=\"316\" data-end=\"348\">a) Pla\u0107anje kreditnim karticama.<\/p><p data-start=\"350\" data-end=\"721\">b) Pla\u0107anje op\u0107om uplatnicom \u2013 proizvodi za koje je zaklju\u010dena narud\u017eba mogu se pla\u0107ati uplatom putem op\u0107e uplatnice u svim poslovnicama banaka, FINA-e ili uredima Hrvatske po\u0161te. Nakon potvrde narud\u017ebe, Web Shop proslje\u0111uje e-mailom podatke potrebne za pla\u0107anje op\u0107om uplatnicom. Sve podatke je potrebno to\u010dno upisati u op\u0107u uplatnicu i izvr\u0161iti uplatu u roku od 5 dana.<\/p><p data-start=\"723\" data-end=\"1007\">c) Pla\u0107anje internet bankarstvom \u2013 proizvodi za koje je zaklju\u010dena narud\u017eba mogu se pla\u0107ati putem internet bankarstva bilo koje banke u kojoj je otvorena mogu\u0107nost takvog na\u010dina pla\u0107anja. Nakon potvrde narud\u017ebe, Web Shop proslje\u0111uje emailom sve potrebne podatke za izvr\u0161enje pla\u0107anja.<\/p><p data-start=\"1009\" data-end=\"1037\">d) Pla\u0107anje putem Pay Pal-a.<\/p><p data-start=\"1039\" data-end=\"1187\">Prilikom odabira pla\u0107anja op\u0107om uplatnicom Kupac dobiva na email adresu (navedenu u narud\u017ebi) sve podatke koji su potrebni kako bi izvr\u0161io pla\u0107anje.<\/p><p data-start=\"1189\" data-end=\"1326\">Kupac koji pla\u0107a kreditnom karticom automatski se vodi na sigurne i za\u0161ti\u0107ene SSL stranice na kojima upisuje potrebne podatke sa kartice.<\/p><p data-start=\"1328\" data-end=\"1739\">Nov\u010dani primitak Kupca podrazumijeva zaprimljenu uplatu na \u017eiro ra\u010dun Safari duha d.o.o. Split ili odobrenje autorizacije kreditne kartice Kupca. Nov\u010dani primitak na ra\u010dunu tvrtke Safari duha d.o.o. Split vidljiv je najranije sljede\u0107i radni dan, odnosno u roku 24-48 sati od trenutka pla\u0107anja (ne ra\u010dunaju\u0107i vikende, blagdane i praznike). Uplate koje je Kupac izvr\u0161io u petak naj\u010de\u0161\u0107e su vidljive u ponedjeljak.<\/p><h5 data-start=\"1741\" data-end=\"1772\"><strong data-start=\"1741\" data-end=\"1772\">Izjava o kori\u0161tenju WSPay-a<\/strong><\/h5><p data-start=\"1774\" data-end=\"1832\">Safari duha d.o.o. Split koristi WSPay za online pla\u0107anja.<\/p><p data-start=\"1834\" data-end=\"2255\">WSPay je siguran sustav za online pla\u0107anje, pla\u0107anje u realnom vremenu, kreditnim i debitnim karticama te drugim na\u010dinima pla\u0107anja. WSPay kupcu i trgovcu osigurava siguran upis i prijenos upisanih podataka o karticama, \u0161to potvr\u0111uje i PCI DSS certifikat koji WSPay posjeduje. WSPay koristi SSL certifikat 256-bitne enkripcije te TLS 1.2 kriptografski protokol kao najvi\u0161e stupnjeve za\u0161tite kod upisa i prijenosa podataka.<\/p><h5 data-start=\"2257\" data-end=\"2280\"><strong data-start=\"2257\" data-end=\"2280\">Izjava o konverziji<\/strong><\/h5><p data-start=\"2282\" data-end=\"2631\">All payments will be effected in Croatian currency (eur). When charging your credit card, the same amount of Croatian currency is converted into your local currency according to the exchange rate of credit card associations. As a result of this conversion there is a possibility of a slight difference from the original price stated in our web site.<\/p><p data-start=\"2633\" data-end=\"2963\">Sva pla\u0107anja \u0107e se vr\u0161iti u hrvatskoj valuti (EUR). Prilikom tere\u0107enja va\u0161e kreditne kartice, iznos hrvatske valute (eur) se pretvara u va\u0161u lokalnu valutu prema te\u010daju udru\u017eenja kreditnih kartica. Kao rezultat ove konverzije postoji mogu\u0107nost neznatne razlike u odnosu na originalnu cijenu koja je navedena na na\u0161oj web stranici.<\/p><p data-start=\"2970\" data-end=\"2980\">\u00a0<\/p><\/div><\/div><\/div><\/div><\/div><\/div><\/article>\t\t\t\t\t\t\t\t<\/div>\n\t\t\t\t\t<\/div>\n\t\t\t\t<\/div>\n\t\t\t\t<\/div>\n\t\t","protected":false},"excerpt":{"rendered":"<p>A\u017eurirano &#8211; SIJE\u010cANJ 2026 Na\u010dini pla\u0107anja Pla\u0107anje cijene proizvoda i tro\u0161kova dostave mo\u017ee se izvr\u0161iti na jedan od sljede\u0107ih na\u010dina: a) Pla\u0107anje kreditnim karticama. b) Pla\u0107anje op\u0107om uplatnicom \u2013 proizvodi [&hellip;]<\/p>\n","protected":false},"author":10,"featured_media":0,"parent":0,"menu_order":0,"comment_status":"closed","ping_status":"closed","template":"elementor_header_footer","meta":{"footnotes":""},"class_list":["post-6392301","page","type-page","status-publish","hentry"],"yoast_head":"<!-- This site is optimized with the Yoast SEO plugin v27.2 - https:\/\/yoast.com\/product\/yoast-seo-wordpress\/ -->\n<title>Na\u010dini pla\u0107anja - Ana Bu\u010devi\u0107<\/title>\n<meta name=\"robots\" content=\"index, follow, max-snippet:-1, max-image-preview:large, max-video-preview:-1\" \/>\n<link rel=\"canonical\" href=\"https:\/\/anabucevic.com\/en\/nacini-placanja\/\" \/>\n<meta property=\"og:locale\" content=\"en_GB\" \/>\n<meta property=\"og:type\" content=\"article\" \/>\n<meta property=\"og:title\" content=\"Na\u010dini pla\u0107anja - Ana Bu\u010devi\u0107\" \/>\n<meta property=\"og:description\" content=\"A\u017eurirano &#8211; SIJE\u010cANJ 2026 Na\u010dini pla\u0107anja Pla\u0107anje cijene proizvoda i tro\u0161kova dostave mo\u017ee se izvr\u0161iti na jedan od sljede\u0107ih na\u010dina: a) Pla\u0107anje kreditnim karticama. b) Pla\u0107anje op\u0107om uplatnicom \u2013 proizvodi [&hellip;]\" \/>\n<meta property=\"og:url\" content=\"https:\/\/anabucevic.com\/en\/nacini-placanja\/\" \/>\n<meta property=\"og:site_name\" content=\"Ana Bu\u010devi\u0107\" \/>\n<meta property=\"article:publisher\" content=\"https:\/\/www.facebook.com\/safariduha\/\" \/>\n<meta property=\"article:modified_time\" content=\"2026-01-21T10:13:13+00:00\" \/>\n<meta property=\"og:image\" content=\"https:\/\/anabucevic.com\/wp-content\/uploads\/2026\/01\/Ana-Bucevic-web-stranica.jpg\" \/>\n\t<meta property=\"og:image:width\" content=\"1200\" \/>\n\t<meta property=\"og:image:height\" content=\"675\" \/>\n\t<meta property=\"og:image:type\" content=\"image\/jpeg\" \/>\n<meta name=\"twitter:card\" content=\"summary_large_image\" \/>\n<meta name=\"twitter:label1\" content=\"Estimated reading time\" \/>\n\t<meta name=\"twitter:data1\" content=\"3 minutes\" \/>\n<script type=\"application\/ld+json\" class=\"yoast-schema-graph\">{\"@context\":\"https:\/\/schema.org\",\"@graph\":[{\"@type\":\"WebPage\",\"@id\":\"https:\/\/anabucevic.com\/nacini-placanja\/\",\"url\":\"https:\/\/anabucevic.com\/nacini-placanja\/\",\"name\":\"Na\u010dini pla\u0107anja - Ana Bu\u010devi\u0107\",\"isPartOf\":{\"@id\":\"https:\/\/anabucevic.com\/#website\"},\"datePublished\":\"2026-01-21T10:13:09+00:00\",\"dateModified\":\"2026-01-21T10:13:13+00:00\",\"breadcrumb\":{\"@id\":\"https:\/\/anabucevic.com\/nacini-placanja\/#breadcrumb\"},\"inLanguage\":\"en-GB\",\"potentialAction\":[{\"@type\":\"ReadAction\",\"target\":[\"https:\/\/anabucevic.com\/nacini-placanja\/\"]}]},{\"@type\":\"BreadcrumbList\",\"@id\":\"https:\/\/anabucevic.com\/nacini-placanja\/#breadcrumb\",\"itemListElement\":[{\"@type\":\"ListItem\",\"position\":1,\"name\":\"Home\",\"item\":\"https:\/\/anabucevic.com\/\"},{\"@type\":\"ListItem\",\"position\":2,\"name\":\"Na\u010dini pla\u0107anja\"}]},{\"@type\":\"WebSite\",\"@id\":\"https:\/\/anabucevic.com\/#website\",\"url\":\"https:\/\/anabucevic.com\/\",\"name\":\"Ana Bu\u010devi\u0107\",\"description\":\"Budite ono \u0161to \u017eelite postati...\",\"publisher\":{\"@id\":\"https:\/\/anabucevic.com\/#organization\"},\"alternateName\":\"Ana Bu\u010devi\u0107 - Budite ono \u0161to \u017eelite postati\",\"potentialAction\":[{\"@type\":\"SearchAction\",\"target\":{\"@type\":\"EntryPoint\",\"urlTemplate\":\"https:\/\/anabucevic.com\/?s={search_term_string}\"},\"query-input\":{\"@type\":\"PropertyValueSpecification\",\"valueRequired\":true,\"valueName\":\"search_term_string\"}}],\"inLanguage\":\"en-GB\"},{\"@type\":\"Organization\",\"@id\":\"https:\/\/anabucevic.com\/#organization\",\"name\":\"Ana Bu\u010devi\u0107\",\"alternateName\":\"Safari Duha\",\"url\":\"https:\/\/anabucevic.com\/\",\"logo\":{\"@type\":\"ImageObject\",\"inLanguage\":\"en-GB\",\"@id\":\"https:\/\/anabucevic.com\/#\/schema\/logo\/image\/\",\"url\":\"https:\/\/anabucevic.com\/wp-content\/uploads\/2026\/01\/Logo-stranice-1.png\",\"contentUrl\":\"https:\/\/anabucevic.com\/wp-content\/uploads\/2026\/01\/Logo-stranice-1.png\",\"width\":701,\"height\":200,\"caption\":\"Ana Bu\u010devi\u0107\"},\"image\":{\"@id\":\"https:\/\/anabucevic.com\/#\/schema\/logo\/image\/\"},\"sameAs\":[\"https:\/\/www.facebook.com\/safariduha\/\",\"https:\/\/www.youtube.com\/user\/safariduha1\",\"https:\/\/www.instagram.com\/safariduha\/?hl=hr\"]}]}<\/script>\n<!-- \/ Yoast SEO plugin. -->","yoast_head_json":{"title":"Na\u010dini pla\u0107anja - Ana Bu\u010devi\u0107","robots":{"index":"index","follow":"follow","max-snippet":"max-snippet:-1","max-image-preview":"max-image-preview:large","max-video-preview":"max-video-preview:-1"},"canonical":"https:\/\/anabucevic.com\/en\/nacini-placanja\/","og_locale":"en_GB","og_type":"article","og_title":"Na\u010dini pla\u0107anja - Ana Bu\u010devi\u0107","og_description":"A\u017eurirano &#8211; SIJE\u010cANJ 2026 Na\u010dini pla\u0107anja Pla\u0107anje cijene proizvoda i tro\u0161kova dostave mo\u017ee se izvr\u0161iti na jedan od sljede\u0107ih na\u010dina: a) Pla\u0107anje kreditnim karticama. b) Pla\u0107anje op\u0107om uplatnicom \u2013 proizvodi [&hellip;]","og_url":"https:\/\/anabucevic.com\/en\/nacini-placanja\/","og_site_name":"Ana Bu\u010devi\u0107","article_publisher":"https:\/\/www.facebook.com\/safariduha\/","article_modified_time":"2026-01-21T10:13:13+00:00","og_image":[{"width":1200,"height":675,"url":"https:\/\/anabucevic.com\/wp-content\/uploads\/2026\/01\/Ana-Bucevic-web-stranica.jpg","type":"image\/jpeg"}],"twitter_card":"summary_large_image","twitter_misc":{"Estimated reading time":"3 minutes"},"schema":{"@context":"https:\/\/schema.org","@graph":[{"@type":"WebPage","@id":"https:\/\/anabucevic.com\/nacini-placanja\/","url":"https:\/\/anabucevic.com\/nacini-placanja\/","name":"Na\u010dini pla\u0107anja - Ana Bu\u010devi\u0107","isPartOf":{"@id":"https:\/\/anabucevic.com\/#website"},"datePublished":"2026-01-21T10:13:09+00:00","dateModified":"2026-01-21T10:13:13+00:00","breadcrumb":{"@id":"https:\/\/anabucevic.com\/nacini-placanja\/#breadcrumb"},"inLanguage":"en-GB","potentialAction":[{"@type":"ReadAction","target":["https:\/\/anabucevic.com\/nacini-placanja\/"]}]},{"@type":"BreadcrumbList","@id":"https:\/\/anabucevic.com\/nacini-placanja\/#breadcrumb","itemListElement":[{"@type":"ListItem","position":1,"name":"Home","item":"https:\/\/anabucevic.com\/"},{"@type":"ListItem","position":2,"name":"Na\u010dini pla\u0107anja"}]},{"@type":"WebSite","@id":"https:\/\/anabucevic.com\/#website","url":"https:\/\/anabucevic.com\/","name":"Ana Bu\u010devi\u0107","description":"Budite ono \u0161to \u017eelite postati...","publisher":{"@id":"https:\/\/anabucevic.com\/#organization"},"alternateName":"Ana Bu\u010devi\u0107 - Budite ono \u0161to \u017eelite postati","potentialAction":[{"@type":"SearchAction","target":{"@type":"EntryPoint","urlTemplate":"https:\/\/anabucevic.com\/?s={search_term_string}"},"query-input":{"@type":"PropertyValueSpecification","valueRequired":true,"valueName":"search_term_string"}}],"inLanguage":"en-GB"},{"@type":"Organization","@id":"https:\/\/anabucevic.com\/#organization","name":"Ana Bu\u010devi\u0107","alternateName":"Safari Duha","url":"https:\/\/anabucevic.com\/","logo":{"@type":"ImageObject","inLanguage":"en-GB","@id":"https:\/\/anabucevic.com\/#\/schema\/logo\/image\/","url":"https:\/\/anabucevic.com\/wp-content\/uploads\/2026\/01\/Logo-stranice-1.png","contentUrl":"https:\/\/anabucevic.com\/wp-content\/uploads\/2026\/01\/Logo-stranice-1.png","width":701,"height":200,"caption":"Ana Bu\u010devi\u0107"},"image":{"@id":"https:\/\/anabucevic.com\/#\/schema\/logo\/image\/"},"sameAs":["https:\/\/www.facebook.com\/safariduha\/","https:\/\/www.youtube.com\/user\/safariduha1","https:\/\/www.instagram.com\/safariduha\/?hl=hr"]}]}},"_links":{"self":[{"href":"https:\/\/anabucevic.com\/en\/wp-json\/wp\/v2\/pages\/6392301","targetHints":{"allow":["GET"]}}],"collection":[{"href":"https:\/\/anabucevic.com\/en\/wp-json\/wp\/v2\/pages"}],"about":[{"href":"https:\/\/anabucevic.com\/en\/wp-json\/wp\/v2\/types\/page"}],"author":[{"embeddable":true,"href":"https:\/\/anabucevic.com\/en\/wp-json\/wp\/v2\/users\/10"}],"replies":[{"embeddable":true,"href":"https:\/\/anabucevic.com\/en\/wp-json\/wp\/v2\/comments?post=6392301"}],"version-history":[{"count":0,"href":"https:\/\/anabucevic.com\/en\/wp-json\/wp\/v2\/pages\/6392301\/revisions"}],"wp:attachment":[{"href":"https:\/\/anabucevic.com\/en\/wp-json\/wp\/v2\/media?parent=6392301"}],"curies":[{"name":"wp","href":"https:\/\/api.w.org\/{rel}","templated":true}]}}