{"id":6392306,"date":"2026-01-21T12:16:11","date_gmt":"2026-01-21T10:16:11","guid":{"rendered":"https:\/\/anabucevic.com\/?page_id=6392306"},"modified":"2026-01-21T12:16:13","modified_gmt":"2026-01-21T10:16:13","slug":"dostava","status":"publish","type":"page","link":"https:\/\/anabucevic.com\/en\/dostava\/","title":{"rendered":"Delivery"},"content":{"rendered":"<div data-elementor-type=\"wp-page\" data-elementor-id=\"6392306\" class=\"elementor elementor-6392306\" data-elementor-post-type=\"page\">\n\t\t\t\t<div class=\"elementor-element elementor-element-61fa01b7 e-flex e-con-boxed e-con e-parent\" data-id=\"61fa01b7\" data-element_type=\"container\" data-settings=\"{&quot;background_background&quot;:&quot;classic&quot;}\">\n\t\t\t\t\t<div class=\"e-con-inner\">\n\t\t\t\t<div class=\"elementor-element elementor-element-61c4ac5b elementor-widget elementor-widget-text-editor\" data-id=\"61c4ac5b\" data-element_type=\"widget\" data-widget_type=\"text-editor.default\">\n\t\t\t\t\t\t\t\t\t<p>UPDATED \u2013 JANUARY 2026<\/p>\t\t\t\t\t\t\t\t<\/div>\n\t\t\t\t<div class=\"elementor-element elementor-element-f91d470 elementor-widget elementor-widget-heading\" data-id=\"f91d470\" data-element_type=\"widget\" data-widget_type=\"heading.default\">\n\t\t\t\t\t<h2 class=\"elementor-heading-title elementor-size-default\">Delivery<\/h2>\t\t\t\t<\/div>\n\t\t\t\t\t<\/div>\n\t\t\t\t<\/div>\n\t\t<div class=\"elementor-element elementor-element-2d5d0e3a e-flex e-con-boxed e-con e-parent\" data-id=\"2d5d0e3a\" data-element_type=\"container\" data-settings=\"{&quot;background_background&quot;:&quot;classic&quot;}\">\n\t\t\t\t\t<div class=\"e-con-inner\">\n\t\t<div class=\"elementor-element elementor-element-35e7ac2e e-con-full e-flex e-con e-child\" data-id=\"35e7ac2e\" data-element_type=\"container\" data-settings=\"{&quot;background_background&quot;:&quot;classic&quot;}\">\n\t\t\t\t<div class=\"elementor-element elementor-element-3937ac13 elementor-widget elementor-widget-text-editor\" data-id=\"3937ac13\" data-element_type=\"widget\" data-widget_type=\"text-editor.default\">\n\t\t\t\t\t\t\t\t\t<p>The cost of delivery is calculated automatically when purchasing a product and the electronic system of the Web Shop then issues a purchase order containing the price of the purchased products and the cost of delivery. The delivery cost is the amount shown separately in the shopping cart below the price of one or more ordered products and represents a fixed amount of 3.5 EUR (including VAT). The delivery price is the same for the entire package in the Republic of Croatia, regardless of the weight, volume or customer\u2019s address.<\/p><p>The cost of delivery abroad is 15.26 EUR (including VAT) and this is a fixed amount for delivery abroad.<\/p><p>The usual delivery time for shipments is from 7 to 10 working days (for shipments in the Republic of Croatia). We strive to deliver all orders as soon as possible.<\/p><p>If we are talking about foreign deliveries, the delivery terms are longer and depend on the country of delivery \u2013 on average up to 10 working days for closer countries and 10\u201320 days for more distant countries.<\/p><p>The delivery time for islands and smaller places depends on the special schedule of the delivery service.<\/p><p>For a possible delay due to an incorrect or incomplete address of the recipient or due to traffic jams Safari duha d.o.o. Split cannot be held responsible.<\/p><p>The delivery time includes the day of processing the order, the time required to complete and pack the order and the delivery of the package by Croatian Post (abroad, islands and smaller towns have a special timetable).<\/p><p>If the company Safari duha d.o.o. Split is not able to deliver any of the ordered products, the sales staff will contact the customer by phone or email to agree on product replacement or cancellation of the ordered product. All other ordered products will be delivered.<\/p><p>Your order will be delivered exclusively by Croatian Post via registered mail.<\/p>\t\t\t\t\t\t\t\t<\/div>\n\t\t\t\t<\/div>\n\t\t\t\t\t<\/div>\n\t\t\t\t<\/div>\n\t\t\t\t<\/div>","protected":false},"excerpt":{"rendered":"<p>A\u017eurirano &#8211; SIJE\u010cANJ 2026 Dostava Tro\u0161ak dostave obra\u010dunava se automatski prilikom kupnje proizvoda, te elektroni\u010dki sustav Web Shopa potom izdaje narud\u017ebenicu na kojoj se nalazi cijena kupljenih proizvoda i cijena [&hellip;]<\/p>\n","protected":false},"author":10,"featured_media":0,"parent":0,"menu_order":0,"comment_status":"closed","ping_status":"closed","template":"","meta":{"footnotes":""},"class_list":["post-6392306","page","type-page","status-publish","hentry"],"yoast_head":"<!-- This site is optimized with the Yoast SEO plugin v27.2 - https:\/\/yoast.com\/product\/yoast-seo-wordpress\/ -->\n<title>Dostava - Ana Bu\u010devi\u0107<\/title>\n<meta name=\"robots\" content=\"index, follow, max-snippet:-1, max-image-preview:large, max-video-preview:-1\" \/>\n<link rel=\"canonical\" href=\"https:\/\/anabucevic.com\/en\/dostava\/\" \/>\n<meta property=\"og:locale\" content=\"en_GB\" \/>\n<meta property=\"og:type\" content=\"article\" \/>\n<meta property=\"og:title\" content=\"Dostava - Ana Bu\u010devi\u0107\" \/>\n<meta property=\"og:description\" content=\"A\u017eurirano &#8211; SIJE\u010cANJ 2026 Dostava Tro\u0161ak dostave obra\u010dunava se automatski prilikom kupnje proizvoda, te elektroni\u010dki sustav Web Shopa potom izdaje narud\u017ebenicu na kojoj se nalazi cijena kupljenih proizvoda i cijena [&hellip;]\" \/>\n<meta property=\"og:url\" content=\"https:\/\/anabucevic.com\/en\/dostava\/\" \/>\n<meta property=\"og:site_name\" content=\"Ana Bu\u010devi\u0107\" \/>\n<meta property=\"article:publisher\" content=\"https:\/\/www.facebook.com\/safariduha\/\" \/>\n<meta property=\"article:modified_time\" content=\"2026-01-21T10:16:13+00:00\" \/>\n<meta property=\"og:image\" content=\"https:\/\/anabucevic.com\/wp-content\/uploads\/2026\/01\/Ana-Bucevic-web-stranica.jpg\" \/>\n\t<meta property=\"og:image:width\" content=\"1200\" \/>\n\t<meta property=\"og:image:height\" content=\"675\" \/>\n\t<meta property=\"og:image:type\" content=\"image\/jpeg\" \/>\n<meta name=\"twitter:card\" content=\"summary_large_image\" \/>\n<script type=\"application\/ld+json\" class=\"yoast-schema-graph\">{\"@context\":\"https:\/\/schema.org\",\"@graph\":[{\"@type\":\"WebPage\",\"@id\":\"https:\/\/anabucevic.com\/dostava\/\",\"url\":\"https:\/\/anabucevic.com\/dostava\/\",\"name\":\"Dostava - Ana Bu\u010devi\u0107\",\"isPartOf\":{\"@id\":\"https:\/\/anabucevic.com\/#website\"},\"datePublished\":\"2026-01-21T10:16:11+00:00\",\"dateModified\":\"2026-01-21T10:16:13+00:00\",\"breadcrumb\":{\"@id\":\"https:\/\/anabucevic.com\/dostava\/#breadcrumb\"},\"inLanguage\":\"en-GB\",\"potentialAction\":[{\"@type\":\"ReadAction\",\"target\":[\"https:\/\/anabucevic.com\/dostava\/\"]}]},{\"@type\":\"BreadcrumbList\",\"@id\":\"https:\/\/anabucevic.com\/dostava\/#breadcrumb\",\"itemListElement\":[{\"@type\":\"ListItem\",\"position\":1,\"name\":\"Home\",\"item\":\"https:\/\/anabucevic.com\/\"},{\"@type\":\"ListItem\",\"position\":2,\"name\":\"Dostava\"}]},{\"@type\":\"WebSite\",\"@id\":\"https:\/\/anabucevic.com\/#website\",\"url\":\"https:\/\/anabucevic.com\/\",\"name\":\"Ana Bu\u010devi\u0107\",\"description\":\"Budite ono \u0161to \u017eelite postati...\",\"publisher\":{\"@id\":\"https:\/\/anabucevic.com\/#organization\"},\"alternateName\":\"Ana Bu\u010devi\u0107 - Budite ono \u0161to \u017eelite postati\",\"potentialAction\":[{\"@type\":\"SearchAction\",\"target\":{\"@type\":\"EntryPoint\",\"urlTemplate\":\"https:\/\/anabucevic.com\/?s={search_term_string}\"},\"query-input\":{\"@type\":\"PropertyValueSpecification\",\"valueRequired\":true,\"valueName\":\"search_term_string\"}}],\"inLanguage\":\"en-GB\"},{\"@type\":\"Organization\",\"@id\":\"https:\/\/anabucevic.com\/#organization\",\"name\":\"Ana Bu\u010devi\u0107\",\"alternateName\":\"Safari Duha\",\"url\":\"https:\/\/anabucevic.com\/\",\"logo\":{\"@type\":\"ImageObject\",\"inLanguage\":\"en-GB\",\"@id\":\"https:\/\/anabucevic.com\/#\/schema\/logo\/image\/\",\"url\":\"https:\/\/anabucevic.com\/wp-content\/uploads\/2026\/01\/Logo-stranice-1.png\",\"contentUrl\":\"https:\/\/anabucevic.com\/wp-content\/uploads\/2026\/01\/Logo-stranice-1.png\",\"width\":701,\"height\":200,\"caption\":\"Ana Bu\u010devi\u0107\"},\"image\":{\"@id\":\"https:\/\/anabucevic.com\/#\/schema\/logo\/image\/\"},\"sameAs\":[\"https:\/\/www.facebook.com\/safariduha\/\",\"https:\/\/www.youtube.com\/user\/safariduha1\",\"https:\/\/www.instagram.com\/safariduha\/?hl=hr\"]}]}<\/script>\n<!-- \/ Yoast SEO plugin. -->","yoast_head_json":{"title":"Dostava - Ana Bu\u010devi\u0107","robots":{"index":"index","follow":"follow","max-snippet":"max-snippet:-1","max-image-preview":"max-image-preview:large","max-video-preview":"max-video-preview:-1"},"canonical":"https:\/\/anabucevic.com\/en\/dostava\/","og_locale":"en_GB","og_type":"article","og_title":"Dostava - Ana Bu\u010devi\u0107","og_description":"A\u017eurirano &#8211; SIJE\u010cANJ 2026 Dostava Tro\u0161ak dostave obra\u010dunava se automatski prilikom kupnje proizvoda, te elektroni\u010dki sustav Web Shopa potom izdaje narud\u017ebenicu na kojoj se nalazi cijena kupljenih proizvoda i cijena [&hellip;]","og_url":"https:\/\/anabucevic.com\/en\/dostava\/","og_site_name":"Ana Bu\u010devi\u0107","article_publisher":"https:\/\/www.facebook.com\/safariduha\/","article_modified_time":"2026-01-21T10:16:13+00:00","og_image":[{"width":1200,"height":675,"url":"https:\/\/anabucevic.com\/wp-content\/uploads\/2026\/01\/Ana-Bucevic-web-stranica.jpg","type":"image\/jpeg"}],"twitter_card":"summary_large_image","schema":{"@context":"https:\/\/schema.org","@graph":[{"@type":"WebPage","@id":"https:\/\/anabucevic.com\/dostava\/","url":"https:\/\/anabucevic.com\/dostava\/","name":"Dostava - Ana Bu\u010devi\u0107","isPartOf":{"@id":"https:\/\/anabucevic.com\/#website"},"datePublished":"2026-01-21T10:16:11+00:00","dateModified":"2026-01-21T10:16:13+00:00","breadcrumb":{"@id":"https:\/\/anabucevic.com\/dostava\/#breadcrumb"},"inLanguage":"en-GB","potentialAction":[{"@type":"ReadAction","target":["https:\/\/anabucevic.com\/dostava\/"]}]},{"@type":"BreadcrumbList","@id":"https:\/\/anabucevic.com\/dostava\/#breadcrumb","itemListElement":[{"@type":"ListItem","position":1,"name":"Home","item":"https:\/\/anabucevic.com\/"},{"@type":"ListItem","position":2,"name":"Dostava"}]},{"@type":"WebSite","@id":"https:\/\/anabucevic.com\/#website","url":"https:\/\/anabucevic.com\/","name":"Ana Bu\u010devi\u0107","description":"Budite ono \u0161to \u017eelite postati...","publisher":{"@id":"https:\/\/anabucevic.com\/#organization"},"alternateName":"Ana Bu\u010devi\u0107 - Budite ono \u0161to \u017eelite postati","potentialAction":[{"@type":"SearchAction","target":{"@type":"EntryPoint","urlTemplate":"https:\/\/anabucevic.com\/?s={search_term_string}"},"query-input":{"@type":"PropertyValueSpecification","valueRequired":true,"valueName":"search_term_string"}}],"inLanguage":"en-GB"},{"@type":"Organization","@id":"https:\/\/anabucevic.com\/#organization","name":"Ana Bu\u010devi\u0107","alternateName":"Safari Duha","url":"https:\/\/anabucevic.com\/","logo":{"@type":"ImageObject","inLanguage":"en-GB","@id":"https:\/\/anabucevic.com\/#\/schema\/logo\/image\/","url":"https:\/\/anabucevic.com\/wp-content\/uploads\/2026\/01\/Logo-stranice-1.png","contentUrl":"https:\/\/anabucevic.com\/wp-content\/uploads\/2026\/01\/Logo-stranice-1.png","width":701,"height":200,"caption":"Ana Bu\u010devi\u0107"},"image":{"@id":"https:\/\/anabucevic.com\/#\/schema\/logo\/image\/"},"sameAs":["https:\/\/www.facebook.com\/safariduha\/","https:\/\/www.youtube.com\/user\/safariduha1","https:\/\/www.instagram.com\/safariduha\/?hl=hr"]}]}},"_links":{"self":[{"href":"https:\/\/anabucevic.com\/en\/wp-json\/wp\/v2\/pages\/6392306","targetHints":{"allow":["GET"]}}],"collection":[{"href":"https:\/\/anabucevic.com\/en\/wp-json\/wp\/v2\/pages"}],"about":[{"href":"https:\/\/anabucevic.com\/en\/wp-json\/wp\/v2\/types\/page"}],"author":[{"embeddable":true,"href":"https:\/\/anabucevic.com\/en\/wp-json\/wp\/v2\/users\/10"}],"replies":[{"embeddable":true,"href":"https:\/\/anabucevic.com\/en\/wp-json\/wp\/v2\/comments?post=6392306"}],"version-history":[{"count":0,"href":"https:\/\/anabucevic.com\/en\/wp-json\/wp\/v2\/pages\/6392306\/revisions"}],"wp:attachment":[{"href":"https:\/\/anabucevic.com\/en\/wp-json\/wp\/v2\/media?parent=6392306"}],"curies":[{"name":"wp","href":"https:\/\/api.w.org\/{rel}","templated":true}]}}