{"id":6392319,"date":"2026-01-21T12:19:01","date_gmt":"2026-01-21T10:19:01","guid":{"rendered":"https:\/\/anabucevic.com\/?page_id=6392319"},"modified":"2026-01-21T12:19:05","modified_gmt":"2026-01-21T10:19:05","slug":"izjava-o-privatnosti","status":"publish","type":"page","link":"https:\/\/anabucevic.com\/en\/izjava-o-privatnosti\/","title":{"rendered":"Privacy statement"},"content":{"rendered":"<div data-elementor-type=\"wp-page\" data-elementor-id=\"6392319\" class=\"elementor elementor-6392319\" data-elementor-post-type=\"page\">\n\t\t\t\t<div class=\"elementor-element elementor-element-44fca504 e-flex e-con-boxed e-con e-parent\" data-id=\"44fca504\" data-element_type=\"container\" data-settings=\"{&quot;background_background&quot;:&quot;classic&quot;}\">\n\t\t\t\t\t<div class=\"e-con-inner\">\n\t\t\t\t<div class=\"elementor-element elementor-element-625ff7a3 elementor-widget elementor-widget-text-editor\" data-id=\"625ff7a3\" data-element_type=\"widget\" data-widget_type=\"text-editor.default\">\n\t\t\t\t\t\t\t\t\t<p>UPDATED \u2013 JANUARY 2026<\/p>\t\t\t\t\t\t\t\t<\/div>\n\t\t\t\t<div class=\"elementor-element elementor-element-30448422 elementor-widget elementor-widget-heading\" data-id=\"30448422\" data-element_type=\"widget\" data-widget_type=\"heading.default\">\n\t\t\t\t\t<h2 class=\"elementor-heading-title elementor-size-default\">Privacy statement<\/h2>\t\t\t\t<\/div>\n\t\t\t\t<div class=\"elementor-element elementor-element-47d9177b elementor-widget elementor-widget-text-editor\" data-id=\"47d9177b\" data-element_type=\"widget\" data-widget_type=\"text-editor.default\">\n\t\t\t\t\t\t\t\t\t<p data-start=\"272\" data-end=\"461\">Web Shop Safari duha d.o.o. Split undertakes to respect the anonymity and privacy of Web Shop users and will use and process data solely for the purposes and in the manner defined by these Terms.<\/p><p data-start=\"463\" data-end=\"638\">The Web Shop may collect users\u2019 personal data, such as name, address, OIB, phone number, or email address, only if the user voluntarily provides such information to the Web Shop.<\/p><p data-start=\"640\" data-end=\"880\">Web Shop Safari duha d.o.o. Split shall not be liable, on any grounds, for any damage that may arise as a result of improper or unauthorized handling of user data, provided that such data is not within the domain of Web Shop Safari duha d.o.o. Split.<\/p><p data-start=\"882\" data-end=\"1099\">The Web Shop will use the collected data exclusively for the purpose of fulfilling contractual obligations, gaining a better understanding of individual user needs and requirements, and providing higher-quality Web Shop services.<\/p><p data-start=\"1101\" data-end=\"1302\">The Web Shop collects and processes data about users related to the manner of Web Shop usage, without revealing the identity of the user and\/or personal data that could enable identification of the user.<\/p><p data-start=\"1304\" data-end=\"1579\">Web Shop Safari duha d.o.o. Split does not record customers\u2019\/buyers\u2019 credit card numbers nor store transaction data. For credit card payments, Web Shop Safari duha d.o.o. Split uses third-party services and authorized banks that protect confidential data through encryption.<\/p>\t\t\t\t\t\t\t\t<\/div>\n\t\t\t\t\t<\/div>\n\t\t\t\t<\/div>\n\t\t<div class=\"elementor-element elementor-element-2e614271 e-flex e-con-boxed e-con e-parent\" data-id=\"2e614271\" data-element_type=\"container\" data-settings=\"{&quot;background_background&quot;:&quot;classic&quot;}\">\n\t\t\t\t\t<div class=\"e-con-inner\">\n\t\t\t\t<div class=\"elementor-element elementor-element-41ce28d3 elementor-widget elementor-widget-heading\" data-id=\"41ce28d3\" data-element_type=\"widget\" data-widget_type=\"heading.default\">\n\t\t\t\t\t<h3 class=\"elementor-heading-title elementor-size-default\">Statement on the protection and collection of personal data and their use:<\/h3>\t\t\t\t<\/div>\n\t\t\t\t<div class=\"elementor-element elementor-element-79e8f2b4 elementor-widget elementor-widget-text-editor\" data-id=\"79e8f2b4\" data-element_type=\"widget\" data-widget_type=\"text-editor.default\">\n\t\t\t\t\t\t\t\t\t<p data-start=\"1662\" data-end=\"1859\">Safari duha d.o.o. Split is committed to protecting customers\u2019 personal data by collecting only the necessary basic information about customers\/users required to fulfill contractual obligations.<\/p><p data-start=\"1861\" data-end=\"2113\">Customers are informed about how their collected data is used and are regularly given the option to choose whether they wish to allow or decline the use of their personal data, including the option to decide whether their name should be removed from lists used for marketing campaigns.<\/p><p data-start=\"2115\" data-end=\"2352\">All user data is strictly safeguarded and accessible exclusively to employees who require such data to perform their duties. All employees of Safari duha d.o.o. Split, as well as its business partners, are responsible for adhering to the principles of privacy protection.<\/p>\t\t\t\t\t\t\t\t<\/div>\n\t\t\t\t\t<\/div>\n\t\t\t\t<\/div>\n\t\t\t\t<\/div>","protected":false},"excerpt":{"rendered":"<p>A\u017eurirano &#8211; SIJE\u010cANJ 2026 Izjava o privatnosti Web Shop Safari duha d.o.o. Split obvezuje se po\u0161tivati anonimnost i privatnost korisnika Web Shopa te \u0107e podatke koristiti i obra\u0111ivati isklju\u010divo u [&hellip;]<\/p>\n","protected":false},"author":10,"featured_media":0,"parent":0,"menu_order":0,"comment_status":"closed","ping_status":"closed","template":"","meta":{"footnotes":""},"class_list":["post-6392319","page","type-page","status-publish","hentry"],"yoast_head":"<!-- This site is optimized with the Yoast SEO plugin v27.2 - https:\/\/yoast.com\/product\/yoast-seo-wordpress\/ -->\n<title>Izjava o privatnosti - Ana Bu\u010devi\u0107<\/title>\n<meta name=\"robots\" content=\"index, follow, max-snippet:-1, max-image-preview:large, max-video-preview:-1\" \/>\n<link rel=\"canonical\" href=\"https:\/\/anabucevic.com\/en\/izjava-o-privatnosti\/\" \/>\n<meta property=\"og:locale\" content=\"en_GB\" \/>\n<meta property=\"og:type\" content=\"article\" \/>\n<meta property=\"og:title\" content=\"Izjava o privatnosti - Ana Bu\u010devi\u0107\" \/>\n<meta property=\"og:description\" content=\"A\u017eurirano &#8211; SIJE\u010cANJ 2026 Izjava o privatnosti Web Shop Safari duha d.o.o. Split obvezuje se po\u0161tivati anonimnost i privatnost korisnika Web Shopa te \u0107e podatke koristiti i obra\u0111ivati isklju\u010divo u [&hellip;]\" \/>\n<meta property=\"og:url\" content=\"https:\/\/anabucevic.com\/en\/izjava-o-privatnosti\/\" \/>\n<meta property=\"og:site_name\" content=\"Ana Bu\u010devi\u0107\" \/>\n<meta property=\"article:publisher\" content=\"https:\/\/www.facebook.com\/safariduha\/\" \/>\n<meta property=\"article:modified_time\" content=\"2026-01-21T10:19:05+00:00\" \/>\n<meta property=\"og:image\" content=\"https:\/\/anabucevic.com\/wp-content\/uploads\/2026\/01\/Ana-Bucevic-web-stranica.jpg\" \/>\n\t<meta property=\"og:image:width\" content=\"1200\" \/>\n\t<meta property=\"og:image:height\" content=\"675\" \/>\n\t<meta property=\"og:image:type\" content=\"image\/jpeg\" \/>\n<meta name=\"twitter:card\" content=\"summary_large_image\" \/>\n<meta name=\"twitter:label1\" content=\"Estimated reading time\" \/>\n\t<meta name=\"twitter:data1\" content=\"2 minutes\" \/>\n<script type=\"application\/ld+json\" class=\"yoast-schema-graph\">{\"@context\":\"https:\/\/schema.org\",\"@graph\":[{\"@type\":\"WebPage\",\"@id\":\"https:\/\/anabucevic.com\/izjava-o-privatnosti\/\",\"url\":\"https:\/\/anabucevic.com\/izjava-o-privatnosti\/\",\"name\":\"Izjava o privatnosti - Ana Bu\u010devi\u0107\",\"isPartOf\":{\"@id\":\"https:\/\/anabucevic.com\/#website\"},\"datePublished\":\"2026-01-21T10:19:01+00:00\",\"dateModified\":\"2026-01-21T10:19:05+00:00\",\"breadcrumb\":{\"@id\":\"https:\/\/anabucevic.com\/izjava-o-privatnosti\/#breadcrumb\"},\"inLanguage\":\"en-GB\",\"potentialAction\":[{\"@type\":\"ReadAction\",\"target\":[\"https:\/\/anabucevic.com\/izjava-o-privatnosti\/\"]}]},{\"@type\":\"BreadcrumbList\",\"@id\":\"https:\/\/anabucevic.com\/izjava-o-privatnosti\/#breadcrumb\",\"itemListElement\":[{\"@type\":\"ListItem\",\"position\":1,\"name\":\"Home\",\"item\":\"https:\/\/anabucevic.com\/\"},{\"@type\":\"ListItem\",\"position\":2,\"name\":\"Izjava o privatnosti\"}]},{\"@type\":\"WebSite\",\"@id\":\"https:\/\/anabucevic.com\/#website\",\"url\":\"https:\/\/anabucevic.com\/\",\"name\":\"Ana Bu\u010devi\u0107\",\"description\":\"Budite ono \u0161to \u017eelite postati...\",\"publisher\":{\"@id\":\"https:\/\/anabucevic.com\/#organization\"},\"alternateName\":\"Ana Bu\u010devi\u0107 - Budite ono \u0161to \u017eelite postati\",\"potentialAction\":[{\"@type\":\"SearchAction\",\"target\":{\"@type\":\"EntryPoint\",\"urlTemplate\":\"https:\/\/anabucevic.com\/?s={search_term_string}\"},\"query-input\":{\"@type\":\"PropertyValueSpecification\",\"valueRequired\":true,\"valueName\":\"search_term_string\"}}],\"inLanguage\":\"en-GB\"},{\"@type\":\"Organization\",\"@id\":\"https:\/\/anabucevic.com\/#organization\",\"name\":\"Ana Bu\u010devi\u0107\",\"alternateName\":\"Safari Duha\",\"url\":\"https:\/\/anabucevic.com\/\",\"logo\":{\"@type\":\"ImageObject\",\"inLanguage\":\"en-GB\",\"@id\":\"https:\/\/anabucevic.com\/#\/schema\/logo\/image\/\",\"url\":\"https:\/\/anabucevic.com\/wp-content\/uploads\/2026\/01\/Logo-stranice-1.png\",\"contentUrl\":\"https:\/\/anabucevic.com\/wp-content\/uploads\/2026\/01\/Logo-stranice-1.png\",\"width\":701,\"height\":200,\"caption\":\"Ana Bu\u010devi\u0107\"},\"image\":{\"@id\":\"https:\/\/anabucevic.com\/#\/schema\/logo\/image\/\"},\"sameAs\":[\"https:\/\/www.facebook.com\/safariduha\/\",\"https:\/\/www.youtube.com\/user\/safariduha1\",\"https:\/\/www.instagram.com\/safariduha\/?hl=hr\"]}]}<\/script>\n<!-- \/ Yoast SEO plugin. -->","yoast_head_json":{"title":"Izjava o privatnosti - Ana Bu\u010devi\u0107","robots":{"index":"index","follow":"follow","max-snippet":"max-snippet:-1","max-image-preview":"max-image-preview:large","max-video-preview":"max-video-preview:-1"},"canonical":"https:\/\/anabucevic.com\/en\/izjava-o-privatnosti\/","og_locale":"en_GB","og_type":"article","og_title":"Izjava o privatnosti - Ana Bu\u010devi\u0107","og_description":"A\u017eurirano &#8211; SIJE\u010cANJ 2026 Izjava o privatnosti Web Shop Safari duha d.o.o. Split obvezuje se po\u0161tivati anonimnost i privatnost korisnika Web Shopa te \u0107e podatke koristiti i obra\u0111ivati isklju\u010divo u [&hellip;]","og_url":"https:\/\/anabucevic.com\/en\/izjava-o-privatnosti\/","og_site_name":"Ana Bu\u010devi\u0107","article_publisher":"https:\/\/www.facebook.com\/safariduha\/","article_modified_time":"2026-01-21T10:19:05+00:00","og_image":[{"width":1200,"height":675,"url":"https:\/\/anabucevic.com\/wp-content\/uploads\/2026\/01\/Ana-Bucevic-web-stranica.jpg","type":"image\/jpeg"}],"twitter_card":"summary_large_image","twitter_misc":{"Estimated reading time":"2 minutes"},"schema":{"@context":"https:\/\/schema.org","@graph":[{"@type":"WebPage","@id":"https:\/\/anabucevic.com\/izjava-o-privatnosti\/","url":"https:\/\/anabucevic.com\/izjava-o-privatnosti\/","name":"Izjava o privatnosti - Ana Bu\u010devi\u0107","isPartOf":{"@id":"https:\/\/anabucevic.com\/#website"},"datePublished":"2026-01-21T10:19:01+00:00","dateModified":"2026-01-21T10:19:05+00:00","breadcrumb":{"@id":"https:\/\/anabucevic.com\/izjava-o-privatnosti\/#breadcrumb"},"inLanguage":"en-GB","potentialAction":[{"@type":"ReadAction","target":["https:\/\/anabucevic.com\/izjava-o-privatnosti\/"]}]},{"@type":"BreadcrumbList","@id":"https:\/\/anabucevic.com\/izjava-o-privatnosti\/#breadcrumb","itemListElement":[{"@type":"ListItem","position":1,"name":"Home","item":"https:\/\/anabucevic.com\/"},{"@type":"ListItem","position":2,"name":"Izjava o privatnosti"}]},{"@type":"WebSite","@id":"https:\/\/anabucevic.com\/#website","url":"https:\/\/anabucevic.com\/","name":"Ana Bu\u010devi\u0107","description":"Budite ono \u0161to \u017eelite postati...","publisher":{"@id":"https:\/\/anabucevic.com\/#organization"},"alternateName":"Ana Bu\u010devi\u0107 - Budite ono \u0161to \u017eelite postati","potentialAction":[{"@type":"SearchAction","target":{"@type":"EntryPoint","urlTemplate":"https:\/\/anabucevic.com\/?s={search_term_string}"},"query-input":{"@type":"PropertyValueSpecification","valueRequired":true,"valueName":"search_term_string"}}],"inLanguage":"en-GB"},{"@type":"Organization","@id":"https:\/\/anabucevic.com\/#organization","name":"Ana Bu\u010devi\u0107","alternateName":"Safari Duha","url":"https:\/\/anabucevic.com\/","logo":{"@type":"ImageObject","inLanguage":"en-GB","@id":"https:\/\/anabucevic.com\/#\/schema\/logo\/image\/","url":"https:\/\/anabucevic.com\/wp-content\/uploads\/2026\/01\/Logo-stranice-1.png","contentUrl":"https:\/\/anabucevic.com\/wp-content\/uploads\/2026\/01\/Logo-stranice-1.png","width":701,"height":200,"caption":"Ana Bu\u010devi\u0107"},"image":{"@id":"https:\/\/anabucevic.com\/#\/schema\/logo\/image\/"},"sameAs":["https:\/\/www.facebook.com\/safariduha\/","https:\/\/www.youtube.com\/user\/safariduha1","https:\/\/www.instagram.com\/safariduha\/?hl=hr"]}]}},"_links":{"self":[{"href":"https:\/\/anabucevic.com\/en\/wp-json\/wp\/v2\/pages\/6392319","targetHints":{"allow":["GET"]}}],"collection":[{"href":"https:\/\/anabucevic.com\/en\/wp-json\/wp\/v2\/pages"}],"about":[{"href":"https:\/\/anabucevic.com\/en\/wp-json\/wp\/v2\/types\/page"}],"author":[{"embeddable":true,"href":"https:\/\/anabucevic.com\/en\/wp-json\/wp\/v2\/users\/10"}],"replies":[{"embeddable":true,"href":"https:\/\/anabucevic.com\/en\/wp-json\/wp\/v2\/comments?post=6392319"}],"version-history":[{"count":0,"href":"https:\/\/anabucevic.com\/en\/wp-json\/wp\/v2\/pages\/6392319\/revisions"}],"wp:attachment":[{"href":"https:\/\/anabucevic.com\/en\/wp-json\/wp\/v2\/media?parent=6392319"}],"curies":[{"name":"wp","href":"https:\/\/api.w.org\/{rel}","templated":true}]}}