{"id":6324704,"date":"2019-01-14T21:18:09","date_gmt":"2019-01-14T21:18:09","guid":{"rendered":"https:\/\/anabucevic.com\/index.php\/product\/import-placeholder-for-5028\/"},"modified":"2023-03-07T21:14:39","modified_gmt":"2023-03-07T19:14:39","slug":"safari-duha-knjiga-o-mudrosti-odgoja","status":"publish","type":"product","link":"https:\/\/anabucevic.com\/en\/product\/safari-duha-knjiga-o-mudrosti-odgoja\/","title":{"rendered":"SAFARI SPIRIT \u2013 A book about the wisdom of education"},"content":{"rendered":"","protected":false},"excerpt":{"rendered":"<p><strong>2.100,00 RSD<\/strong><\/p>\n<p>There are books that can change our lives for the better. Books from which we draw wise insights that change us forever and raise our consciousness to a level from which there is no return to ignorance. And the awakening of consciousness is the best initiator of change. Safari Spirit is just such a book \u2013 designed so that, after you read it, nothing will be the same again. It talks about the wisdom of upbringing in a very different way. Mistakes in raising a child caused by ignorance will become a thing of the past. The relationship between you and your child will truly blossom. Maybe for the first time you will see your child in the way it really is.<\/p>","protected":false},"featured_media":6338918,"template":"","meta":[],"product_brand":[],"product_cat":[18],"product_tag":[],"class_list":{"0":"post-6324704","1":"product","2":"type-product","3":"status-publish","4":"has-post-thumbnail","6":"product_cat-knjige-i-ostalo","8":"first","9":"instock","10":"taxable","11":"shipping-taxable","12":"purchasable","13":"product-type-simple"},"yoast_head":"<!-- This site is optimized with the Yoast SEO plugin v27.2 - https:\/\/yoast.com\/product\/yoast-seo-wordpress\/ -->\n<title>SAFARI DUHA- KNJIGA O MUDROSTI ODGOJA - Ana Bu\u010devi\u0107<\/title>\n<meta name=\"robots\" content=\"index, follow, max-snippet:-1, max-image-preview:large, max-video-preview:-1\" \/>\n<link rel=\"canonical\" href=\"https:\/\/anabucevic.com\/en\/product\/safari-duha-knjiga-o-mudrosti-odgoja\/\" \/>\n<meta property=\"og:locale\" content=\"en_GB\" \/>\n<meta property=\"og:type\" content=\"article\" \/>\n<meta property=\"og:title\" content=\"SAFARI DUHA- KNJIGA O MUDROSTI ODGOJA - Ana Bu\u010devi\u0107\" \/>\n<meta property=\"og:description\" content=\"2.100,00 RSD  Postoje knjige koje nam mogu promijeniti \u017eivot nabolje. Knjige iz kojih crpimo mudre spoznaje koje nas zauvijek mijenjaju i podi\u017eu na\u0161u svijest na razinu s koje nema povratka u neznanje. A bu\u0111enje svijesti je najbolji pokreta\u010d promjena. Safari duha upravo je takva knjiga \u2013 zami\u0161ljena da, nakon \u0161to je pro\u010ditate, vi\u0161e ni\u0161ta ne bude isto.Ova knjiga govori o mudrosti odgoja na sasvim druga\u010diji na\u010din. Pogre\u0161ke u odgoju djeteta uzrokovane neznanjem postat \u0107e pro\u0161lost. Odnos vas i va\u0161eg djeteta doista \u0107e procvjetati. Mo\u017eda \u0107ete svoje dijete po prvi put vidjeti onakvo kakvo ono uistinu jest.\" \/>\n<meta property=\"og:url\" content=\"https:\/\/anabucevic.com\/en\/product\/safari-duha-knjiga-o-mudrosti-odgoja\/\" \/>\n<meta property=\"og:site_name\" content=\"Ana Bu\u010devi\u0107\" \/>\n<meta property=\"article:publisher\" content=\"https:\/\/www.facebook.com\/safariduha\/\" \/>\n<meta property=\"article:modified_time\" content=\"2023-03-07T19:14:39+00:00\" \/>\n<meta property=\"og:image\" content=\"https:\/\/anabucevic.com\/wp-content\/uploads\/2019\/01\/safariob.jpg\" \/>\n\t<meta property=\"og:image:width\" content=\"1600\" \/>\n\t<meta property=\"og:image:height\" content=\"1600\" \/>\n\t<meta property=\"og:image:type\" content=\"image\/jpeg\" \/>\n<meta name=\"twitter:card\" content=\"summary_large_image\" \/>\n<script type=\"application\/ld+json\" class=\"yoast-schema-graph\">{\"@context\":\"https:\/\/schema.org\",\"@graph\":[{\"@type\":\"WebPage\",\"@id\":\"https:\/\/anabucevic.com\/product\/safari-duha-knjiga-o-mudrosti-odgoja\/\",\"url\":\"https:\/\/anabucevic.com\/product\/safari-duha-knjiga-o-mudrosti-odgoja\/\",\"name\":\"SAFARI DUHA- KNJIGA O MUDROSTI ODGOJA - Ana Bu\u010devi\u0107\",\"isPartOf\":{\"@id\":\"https:\/\/anabucevic.com\/#website\"},\"primaryImageOfPage\":{\"@id\":\"https:\/\/anabucevic.com\/product\/safari-duha-knjiga-o-mudrosti-odgoja\/#primaryimage\"},\"image\":{\"@id\":\"https:\/\/anabucevic.com\/product\/safari-duha-knjiga-o-mudrosti-odgoja\/#primaryimage\"},\"thumbnailUrl\":\"https:\/\/anabucevic.com\/wp-content\/uploads\/2019\/01\/safariob.jpg\",\"datePublished\":\"2019-01-14T21:18:09+00:00\",\"dateModified\":\"2023-03-07T19:14:39+00:00\",\"breadcrumb\":{\"@id\":\"https:\/\/anabucevic.com\/product\/safari-duha-knjiga-o-mudrosti-odgoja\/#breadcrumb\"},\"inLanguage\":\"en-GB\",\"potentialAction\":[{\"@type\":\"ReadAction\",\"target\":[\"https:\/\/anabucevic.com\/product\/safari-duha-knjiga-o-mudrosti-odgoja\/\"]}]},{\"@type\":\"ImageObject\",\"inLanguage\":\"en-GB\",\"@id\":\"https:\/\/anabucevic.com\/product\/safari-duha-knjiga-o-mudrosti-odgoja\/#primaryimage\",\"url\":\"https:\/\/anabucevic.com\/wp-content\/uploads\/2019\/01\/safariob.jpg\",\"contentUrl\":\"https:\/\/anabucevic.com\/wp-content\/uploads\/2019\/01\/safariob.jpg\",\"width\":1600,\"height\":1600},{\"@type\":\"BreadcrumbList\",\"@id\":\"https:\/\/anabucevic.com\/product\/safari-duha-knjiga-o-mudrosti-odgoja\/#breadcrumb\",\"itemListElement\":[{\"@type\":\"ListItem\",\"position\":1,\"name\":\"Home\",\"item\":\"https:\/\/anabucevic.com\/\"},{\"@type\":\"ListItem\",\"position\":2,\"name\":\"SAFARI DUHA- KNJIGA O MUDROSTI ODGOJA\"}]},{\"@type\":\"WebSite\",\"@id\":\"https:\/\/anabucevic.com\/#website\",\"url\":\"https:\/\/anabucevic.com\/\",\"name\":\"Ana Bu\u010devi\u0107\",\"description\":\"Budite ono \u0161to \u017eelite postati...\",\"publisher\":{\"@id\":\"https:\/\/anabucevic.com\/#organization\"},\"alternateName\":\"Ana Bu\u010devi\u0107 - Budite ono \u0161to \u017eelite postati\",\"potentialAction\":[{\"@type\":\"SearchAction\",\"target\":{\"@type\":\"EntryPoint\",\"urlTemplate\":\"https:\/\/anabucevic.com\/?s={search_term_string}\"},\"query-input\":{\"@type\":\"PropertyValueSpecification\",\"valueRequired\":true,\"valueName\":\"search_term_string\"}}],\"inLanguage\":\"en-GB\"},{\"@type\":\"Organization\",\"@id\":\"https:\/\/anabucevic.com\/#organization\",\"name\":\"Ana Bu\u010devi\u0107\",\"alternateName\":\"Safari Duha\",\"url\":\"https:\/\/anabucevic.com\/\",\"logo\":{\"@type\":\"ImageObject\",\"inLanguage\":\"en-GB\",\"@id\":\"https:\/\/anabucevic.com\/#\/schema\/logo\/image\/\",\"url\":\"https:\/\/anabucevic.com\/wp-content\/uploads\/2026\/01\/Logo-stranice-1.png\",\"contentUrl\":\"https:\/\/anabucevic.com\/wp-content\/uploads\/2026\/01\/Logo-stranice-1.png\",\"width\":701,\"height\":200,\"caption\":\"Ana Bu\u010devi\u0107\"},\"image\":{\"@id\":\"https:\/\/anabucevic.com\/#\/schema\/logo\/image\/\"},\"sameAs\":[\"https:\/\/www.facebook.com\/safariduha\/\",\"https:\/\/www.youtube.com\/user\/safariduha1\",\"https:\/\/www.instagram.com\/safariduha\/?hl=hr\"]}]}<\/script>\n<!-- \/ Yoast SEO plugin. -->","yoast_head_json":{"title":"SAFARI DUHA- KNJIGA O MUDROSTI ODGOJA - Ana Bu\u010devi\u0107","robots":{"index":"index","follow":"follow","max-snippet":"max-snippet:-1","max-image-preview":"max-image-preview:large","max-video-preview":"max-video-preview:-1"},"canonical":"https:\/\/anabucevic.com\/en\/product\/safari-duha-knjiga-o-mudrosti-odgoja\/","og_locale":"en_GB","og_type":"article","og_title":"SAFARI DUHA- KNJIGA O MUDROSTI ODGOJA - Ana Bu\u010devi\u0107","og_description":"2.100,00 RSD  Postoje knjige koje nam mogu promijeniti \u017eivot nabolje. Knjige iz kojih crpimo mudre spoznaje koje nas zauvijek mijenjaju i podi\u017eu na\u0161u svijest na razinu s koje nema povratka u neznanje. A bu\u0111enje svijesti je najbolji pokreta\u010d promjena. Safari duha upravo je takva knjiga \u2013 zami\u0161ljena da, nakon \u0161to je pro\u010ditate, vi\u0161e ni\u0161ta ne bude isto.Ova knjiga govori o mudrosti odgoja na sasvim druga\u010diji na\u010din. Pogre\u0161ke u odgoju djeteta uzrokovane neznanjem postat \u0107e pro\u0161lost. Odnos vas i va\u0161eg djeteta doista \u0107e procvjetati. Mo\u017eda \u0107ete svoje dijete po prvi put vidjeti onakvo kakvo ono uistinu jest.","og_url":"https:\/\/anabucevic.com\/en\/product\/safari-duha-knjiga-o-mudrosti-odgoja\/","og_site_name":"Ana Bu\u010devi\u0107","article_publisher":"https:\/\/www.facebook.com\/safariduha\/","article_modified_time":"2023-03-07T19:14:39+00:00","og_image":[{"width":1600,"height":1600,"url":"https:\/\/anabucevic.com\/wp-content\/uploads\/2019\/01\/safariob.jpg","type":"image\/jpeg"}],"twitter_card":"summary_large_image","schema":{"@context":"https:\/\/schema.org","@graph":[{"@type":"WebPage","@id":"https:\/\/anabucevic.com\/product\/safari-duha-knjiga-o-mudrosti-odgoja\/","url":"https:\/\/anabucevic.com\/product\/safari-duha-knjiga-o-mudrosti-odgoja\/","name":"SAFARI DUHA- KNJIGA O MUDROSTI ODGOJA - Ana Bu\u010devi\u0107","isPartOf":{"@id":"https:\/\/anabucevic.com\/#website"},"primaryImageOfPage":{"@id":"https:\/\/anabucevic.com\/product\/safari-duha-knjiga-o-mudrosti-odgoja\/#primaryimage"},"image":{"@id":"https:\/\/anabucevic.com\/product\/safari-duha-knjiga-o-mudrosti-odgoja\/#primaryimage"},"thumbnailUrl":"https:\/\/anabucevic.com\/wp-content\/uploads\/2019\/01\/safariob.jpg","datePublished":"2019-01-14T21:18:09+00:00","dateModified":"2023-03-07T19:14:39+00:00","breadcrumb":{"@id":"https:\/\/anabucevic.com\/product\/safari-duha-knjiga-o-mudrosti-odgoja\/#breadcrumb"},"inLanguage":"en-GB","potentialAction":[{"@type":"ReadAction","target":["https:\/\/anabucevic.com\/product\/safari-duha-knjiga-o-mudrosti-odgoja\/"]}]},{"@type":"ImageObject","inLanguage":"en-GB","@id":"https:\/\/anabucevic.com\/product\/safari-duha-knjiga-o-mudrosti-odgoja\/#primaryimage","url":"https:\/\/anabucevic.com\/wp-content\/uploads\/2019\/01\/safariob.jpg","contentUrl":"https:\/\/anabucevic.com\/wp-content\/uploads\/2019\/01\/safariob.jpg","width":1600,"height":1600},{"@type":"BreadcrumbList","@id":"https:\/\/anabucevic.com\/product\/safari-duha-knjiga-o-mudrosti-odgoja\/#breadcrumb","itemListElement":[{"@type":"ListItem","position":1,"name":"Home","item":"https:\/\/anabucevic.com\/"},{"@type":"ListItem","position":2,"name":"SAFARI DUHA- KNJIGA O MUDROSTI ODGOJA"}]},{"@type":"WebSite","@id":"https:\/\/anabucevic.com\/#website","url":"https:\/\/anabucevic.com\/","name":"Ana Bu\u010devi\u0107","description":"Budite ono \u0161to \u017eelite postati...","publisher":{"@id":"https:\/\/anabucevic.com\/#organization"},"alternateName":"Ana Bu\u010devi\u0107 - Budite ono \u0161to \u017eelite postati","potentialAction":[{"@type":"SearchAction","target":{"@type":"EntryPoint","urlTemplate":"https:\/\/anabucevic.com\/?s={search_term_string}"},"query-input":{"@type":"PropertyValueSpecification","valueRequired":true,"valueName":"search_term_string"}}],"inLanguage":"en-GB"},{"@type":"Organization","@id":"https:\/\/anabucevic.com\/#organization","name":"Ana Bu\u010devi\u0107","alternateName":"Safari Duha","url":"https:\/\/anabucevic.com\/","logo":{"@type":"ImageObject","inLanguage":"en-GB","@id":"https:\/\/anabucevic.com\/#\/schema\/logo\/image\/","url":"https:\/\/anabucevic.com\/wp-content\/uploads\/2026\/01\/Logo-stranice-1.png","contentUrl":"https:\/\/anabucevic.com\/wp-content\/uploads\/2026\/01\/Logo-stranice-1.png","width":701,"height":200,"caption":"Ana Bu\u010devi\u0107"},"image":{"@id":"https:\/\/anabucevic.com\/#\/schema\/logo\/image\/"},"sameAs":["https:\/\/www.facebook.com\/safariduha\/","https:\/\/www.youtube.com\/user\/safariduha1","https:\/\/www.instagram.com\/safariduha\/?hl=hr"]}]}},"_links":{"self":[{"href":"https:\/\/anabucevic.com\/en\/wp-json\/wp\/v2\/product\/6324704","targetHints":{"allow":["GET"]}}],"collection":[{"href":"https:\/\/anabucevic.com\/en\/wp-json\/wp\/v2\/product"}],"about":[{"href":"https:\/\/anabucevic.com\/en\/wp-json\/wp\/v2\/types\/product"}],"wp:featuredmedia":[{"embeddable":true,"href":"https:\/\/anabucevic.com\/en\/wp-json\/wp\/v2\/media\/6338918"}],"wp:attachment":[{"href":"https:\/\/anabucevic.com\/en\/wp-json\/wp\/v2\/media?parent=6324704"}],"wp:term":[{"taxonomy":"product_brand","embeddable":true,"href":"https:\/\/anabucevic.com\/en\/wp-json\/wp\/v2\/product_brand?post=6324704"},{"taxonomy":"product_cat","embeddable":true,"href":"https:\/\/anabucevic.com\/en\/wp-json\/wp\/v2\/product_cat?post=6324704"},{"taxonomy":"product_tag","embeddable":true,"href":"https:\/\/anabucevic.com\/en\/wp-json\/wp\/v2\/product_tag?post=6324704"}],"curies":[{"name":"wp","href":"https:\/\/api.w.org\/{rel}","templated":true}]}}