{"id":6324705,"date":"2019-01-14T21:18:09","date_gmt":"2019-01-14T21:18:09","guid":{"rendered":"https:\/\/anabucevic.com\/index.php\/product\/import-placeholder-for-5030\/"},"modified":"2023-03-07T21:14:05","modified_gmt":"2023-03-07T19:14:05","slug":"u-vortexu-ostvarenih-zelja-knjiga","status":"publish","type":"product","link":"https:\/\/anabucevic.com\/en\/product\/u-vortexu-ostvarenih-zelja-knjiga\/","title":{"rendered":"IN THE VORTEX OF FULFILLED WISHES"},"content":{"rendered":"","protected":false},"excerpt":{"rendered":"<p><strong>2.100,00 RSD<\/strong><\/p>\n<p>Do we know who we really are? And what is life? When we remember a law that they forgot to teach us about in school, everything takes on a completely different meaning. It is the law of attraction, which works everywhere and everytime. ALWAYS. The only question is whether we are aware of it or not. We are all creators of our own lives, only someone creates consciously and someone unconsciously. We have all been given a gift, by which we will know if we are on the right path or if we have deviated a little from it. The received gift is our emotions. They are our guide and indicator of our thoughts, which are creative. Emotions tell us what our thoughts are and what we will attract into our lives. There are tools and methods, which we use, and then life takes on a completely different meaning, because MIRACLES begin to happen. Miracles are the basis of life! If they do not happen in your life, you are making a mistake somewhere... You can attract money, health, love, abundance and happiness... You can be and have everything you want, because you came to this world to experience who you really are. CREATORS OF YOUR OWN REALITIES!<\/p>","protected":false},"featured_media":6338917,"template":"","meta":[],"product_brand":[],"product_cat":[18],"product_tag":[],"class_list":{"0":"post-6324705","1":"product","2":"type-product","3":"status-publish","4":"has-post-thumbnail","6":"product_cat-knjige-i-ostalo","8":"first","9":"instock","10":"featured","11":"taxable","12":"shipping-taxable","13":"purchasable","14":"product-type-simple"},"yoast_head":"<!-- This site is optimized with the Yoast SEO plugin v27.2 - https:\/\/yoast.com\/product\/yoast-seo-wordpress\/ -->\n<title>U VORTEXU OSTVARENIH \u017dELJA \u2013 Knjiga - Ana Bu\u010devi\u0107<\/title>\n<meta name=\"robots\" content=\"index, follow, max-snippet:-1, max-image-preview:large, max-video-preview:-1\" \/>\n<link rel=\"canonical\" href=\"https:\/\/anabucevic.com\/en\/product\/u-vortexu-ostvarenih-zelja-knjiga\/\" \/>\n<meta property=\"og:locale\" content=\"en_GB\" \/>\n<meta property=\"og:type\" content=\"article\" \/>\n<meta property=\"og:title\" content=\"U VORTEXU OSTVARENIH \u017dELJA \u2013 Knjiga - Ana Bu\u010devi\u0107\" \/>\n<meta property=\"og:description\" content=\"2.100,00 RSD  Znamo li tko smo zapravo mi? I \u0161to je \u017eivot? Kada se podsjetimo jednog zakona o kojem su nas zaboravili u\u010diti u \u0161koli, sve poprima posve drugi smisao. To je Zakon privla\u010denja, koji je tu i djeluje. UVIJEK. Samo je pitanje jesmo li toga svjesni ili ne. Svi smo mi kreatori vlastitih \u017eivota, samo netko kreira svjesno, a netko nesvjesno. Svi smo dobili dar, po kojem \u0107emo znati da li smo na dobrom putu ili smo malo skrenuli s njega. Dobiveni dar su na\u0161e emocije. One su na\u0161 vodi\u010d i pokazatelj na\u0161ih misli, koje su kreativne. Emocije nam govore kakve su nam misli i \u0161to \u0107emo privu\u0107i u svoj \u017eivot. Postoje alati i metode, koje koristimo i tada \u017eivot poprima posve drugi smisao, jer se po\u010dinju doga\u0111ati \u010cUDA! \u010cuda su osnova \u017eivota! I ako se u va\u0161em \u017eivotu ne doga\u0111aju \u010duda, negdje grije\u0161ite\u2026Mo\u017eete privu\u0107i novce, zdravlje, ljubav, obilje i sre\u0107u\u2026Mo\u017eete biti i imati sve \u0161to po\u017eelite, jer ste i do\u0161li na ovaj svijet iskusiti tko ste zaista! KREATORI VLASTITIH STVARNOSTI!\" \/>\n<meta property=\"og:url\" content=\"https:\/\/anabucevic.com\/en\/product\/u-vortexu-ostvarenih-zelja-knjiga\/\" \/>\n<meta property=\"og:site_name\" content=\"Ana Bu\u010devi\u0107\" \/>\n<meta property=\"article:publisher\" content=\"https:\/\/www.facebook.com\/safariduha\/\" \/>\n<meta property=\"article:modified_time\" content=\"2023-03-07T19:14:05+00:00\" \/>\n<meta property=\"og:image\" content=\"https:\/\/anabucevic.com\/wp-content\/uploads\/2019\/01\/vorteksoszob.jpg\" \/>\n\t<meta property=\"og:image:width\" content=\"1600\" \/>\n\t<meta property=\"og:image:height\" content=\"1600\" \/>\n\t<meta property=\"og:image:type\" content=\"image\/jpeg\" \/>\n<meta name=\"twitter:card\" content=\"summary_large_image\" \/>\n<script type=\"application\/ld+json\" class=\"yoast-schema-graph\">{\"@context\":\"https:\/\/schema.org\",\"@graph\":[{\"@type\":\"WebPage\",\"@id\":\"https:\/\/anabucevic.com\/product\/u-vortexu-ostvarenih-zelja-knjiga\/\",\"url\":\"https:\/\/anabucevic.com\/product\/u-vortexu-ostvarenih-zelja-knjiga\/\",\"name\":\"U VORTEXU OSTVARENIH \u017dELJA \u2013 Knjiga - Ana Bu\u010devi\u0107\",\"isPartOf\":{\"@id\":\"https:\/\/anabucevic.com\/#website\"},\"primaryImageOfPage\":{\"@id\":\"https:\/\/anabucevic.com\/product\/u-vortexu-ostvarenih-zelja-knjiga\/#primaryimage\"},\"image\":{\"@id\":\"https:\/\/anabucevic.com\/product\/u-vortexu-ostvarenih-zelja-knjiga\/#primaryimage\"},\"thumbnailUrl\":\"https:\/\/anabucevic.com\/wp-content\/uploads\/2019\/01\/vorteksoszob.jpg\",\"datePublished\":\"2019-01-14T21:18:09+00:00\",\"dateModified\":\"2023-03-07T19:14:05+00:00\",\"breadcrumb\":{\"@id\":\"https:\/\/anabucevic.com\/product\/u-vortexu-ostvarenih-zelja-knjiga\/#breadcrumb\"},\"inLanguage\":\"en-GB\",\"potentialAction\":[{\"@type\":\"ReadAction\",\"target\":[\"https:\/\/anabucevic.com\/product\/u-vortexu-ostvarenih-zelja-knjiga\/\"]}]},{\"@type\":\"ImageObject\",\"inLanguage\":\"en-GB\",\"@id\":\"https:\/\/anabucevic.com\/product\/u-vortexu-ostvarenih-zelja-knjiga\/#primaryimage\",\"url\":\"https:\/\/anabucevic.com\/wp-content\/uploads\/2019\/01\/vorteksoszob.jpg\",\"contentUrl\":\"https:\/\/anabucevic.com\/wp-content\/uploads\/2019\/01\/vorteksoszob.jpg\",\"width\":1600,\"height\":1600},{\"@type\":\"BreadcrumbList\",\"@id\":\"https:\/\/anabucevic.com\/product\/u-vortexu-ostvarenih-zelja-knjiga\/#breadcrumb\",\"itemListElement\":[{\"@type\":\"ListItem\",\"position\":1,\"name\":\"Home\",\"item\":\"https:\/\/anabucevic.com\/\"},{\"@type\":\"ListItem\",\"position\":2,\"name\":\"U VORTEXU OSTVARENIH \u017dELJA \u2013 Knjiga\"}]},{\"@type\":\"WebSite\",\"@id\":\"https:\/\/anabucevic.com\/#website\",\"url\":\"https:\/\/anabucevic.com\/\",\"name\":\"Ana Bu\u010devi\u0107\",\"description\":\"Budite ono \u0161to \u017eelite postati...\",\"publisher\":{\"@id\":\"https:\/\/anabucevic.com\/#organization\"},\"alternateName\":\"Ana Bu\u010devi\u0107 - Budite ono \u0161to \u017eelite postati\",\"potentialAction\":[{\"@type\":\"SearchAction\",\"target\":{\"@type\":\"EntryPoint\",\"urlTemplate\":\"https:\/\/anabucevic.com\/?s={search_term_string}\"},\"query-input\":{\"@type\":\"PropertyValueSpecification\",\"valueRequired\":true,\"valueName\":\"search_term_string\"}}],\"inLanguage\":\"en-GB\"},{\"@type\":\"Organization\",\"@id\":\"https:\/\/anabucevic.com\/#organization\",\"name\":\"Ana Bu\u010devi\u0107\",\"alternateName\":\"Safari Duha\",\"url\":\"https:\/\/anabucevic.com\/\",\"logo\":{\"@type\":\"ImageObject\",\"inLanguage\":\"en-GB\",\"@id\":\"https:\/\/anabucevic.com\/#\/schema\/logo\/image\/\",\"url\":\"https:\/\/anabucevic.com\/wp-content\/uploads\/2026\/01\/Logo-stranice-1.png\",\"contentUrl\":\"https:\/\/anabucevic.com\/wp-content\/uploads\/2026\/01\/Logo-stranice-1.png\",\"width\":701,\"height\":200,\"caption\":\"Ana Bu\u010devi\u0107\"},\"image\":{\"@id\":\"https:\/\/anabucevic.com\/#\/schema\/logo\/image\/\"},\"sameAs\":[\"https:\/\/www.facebook.com\/safariduha\/\",\"https:\/\/www.youtube.com\/user\/safariduha1\",\"https:\/\/www.instagram.com\/safariduha\/?hl=hr\"]}]}<\/script>\n<!-- \/ Yoast SEO plugin. -->","yoast_head_json":{"title":"U VORTEXU OSTVARENIH \u017dELJA \u2013 Knjiga - Ana Bu\u010devi\u0107","robots":{"index":"index","follow":"follow","max-snippet":"max-snippet:-1","max-image-preview":"max-image-preview:large","max-video-preview":"max-video-preview:-1"},"canonical":"https:\/\/anabucevic.com\/en\/product\/u-vortexu-ostvarenih-zelja-knjiga\/","og_locale":"en_GB","og_type":"article","og_title":"U VORTEXU OSTVARENIH \u017dELJA \u2013 Knjiga - Ana Bu\u010devi\u0107","og_description":"2.100,00 RSD  Znamo li tko smo zapravo mi? I \u0161to je \u017eivot? Kada se podsjetimo jednog zakona o kojem su nas zaboravili u\u010diti u \u0161koli, sve poprima posve drugi smisao. To je Zakon privla\u010denja, koji je tu i djeluje. UVIJEK. Samo je pitanje jesmo li toga svjesni ili ne. Svi smo mi kreatori vlastitih \u017eivota, samo netko kreira svjesno, a netko nesvjesno. Svi smo dobili dar, po kojem \u0107emo znati da li smo na dobrom putu ili smo malo skrenuli s njega. Dobiveni dar su na\u0161e emocije. One su na\u0161 vodi\u010d i pokazatelj na\u0161ih misli, koje su kreativne. Emocije nam govore kakve su nam misli i \u0161to \u0107emo privu\u0107i u svoj \u017eivot. Postoje alati i metode, koje koristimo i tada \u017eivot poprima posve drugi smisao, jer se po\u010dinju doga\u0111ati \u010cUDA! \u010cuda su osnova \u017eivota! I ako se u va\u0161em \u017eivotu ne doga\u0111aju \u010duda, negdje grije\u0161ite\u2026Mo\u017eete privu\u0107i novce, zdravlje, ljubav, obilje i sre\u0107u\u2026Mo\u017eete biti i imati sve \u0161to po\u017eelite, jer ste i do\u0161li na ovaj svijet iskusiti tko ste zaista! KREATORI VLASTITIH STVARNOSTI!","og_url":"https:\/\/anabucevic.com\/en\/product\/u-vortexu-ostvarenih-zelja-knjiga\/","og_site_name":"Ana Bu\u010devi\u0107","article_publisher":"https:\/\/www.facebook.com\/safariduha\/","article_modified_time":"2023-03-07T19:14:05+00:00","og_image":[{"width":1600,"height":1600,"url":"https:\/\/anabucevic.com\/wp-content\/uploads\/2019\/01\/vorteksoszob.jpg","type":"image\/jpeg"}],"twitter_card":"summary_large_image","schema":{"@context":"https:\/\/schema.org","@graph":[{"@type":"WebPage","@id":"https:\/\/anabucevic.com\/product\/u-vortexu-ostvarenih-zelja-knjiga\/","url":"https:\/\/anabucevic.com\/product\/u-vortexu-ostvarenih-zelja-knjiga\/","name":"U VORTEXU OSTVARENIH \u017dELJA \u2013 Knjiga - Ana Bu\u010devi\u0107","isPartOf":{"@id":"https:\/\/anabucevic.com\/#website"},"primaryImageOfPage":{"@id":"https:\/\/anabucevic.com\/product\/u-vortexu-ostvarenih-zelja-knjiga\/#primaryimage"},"image":{"@id":"https:\/\/anabucevic.com\/product\/u-vortexu-ostvarenih-zelja-knjiga\/#primaryimage"},"thumbnailUrl":"https:\/\/anabucevic.com\/wp-content\/uploads\/2019\/01\/vorteksoszob.jpg","datePublished":"2019-01-14T21:18:09+00:00","dateModified":"2023-03-07T19:14:05+00:00","breadcrumb":{"@id":"https:\/\/anabucevic.com\/product\/u-vortexu-ostvarenih-zelja-knjiga\/#breadcrumb"},"inLanguage":"en-GB","potentialAction":[{"@type":"ReadAction","target":["https:\/\/anabucevic.com\/product\/u-vortexu-ostvarenih-zelja-knjiga\/"]}]},{"@type":"ImageObject","inLanguage":"en-GB","@id":"https:\/\/anabucevic.com\/product\/u-vortexu-ostvarenih-zelja-knjiga\/#primaryimage","url":"https:\/\/anabucevic.com\/wp-content\/uploads\/2019\/01\/vorteksoszob.jpg","contentUrl":"https:\/\/anabucevic.com\/wp-content\/uploads\/2019\/01\/vorteksoszob.jpg","width":1600,"height":1600},{"@type":"BreadcrumbList","@id":"https:\/\/anabucevic.com\/product\/u-vortexu-ostvarenih-zelja-knjiga\/#breadcrumb","itemListElement":[{"@type":"ListItem","position":1,"name":"Home","item":"https:\/\/anabucevic.com\/"},{"@type":"ListItem","position":2,"name":"U VORTEXU OSTVARENIH \u017dELJA \u2013 Knjiga"}]},{"@type":"WebSite","@id":"https:\/\/anabucevic.com\/#website","url":"https:\/\/anabucevic.com\/","name":"Ana Bu\u010devi\u0107","description":"Budite ono \u0161to \u017eelite postati...","publisher":{"@id":"https:\/\/anabucevic.com\/#organization"},"alternateName":"Ana Bu\u010devi\u0107 - Budite ono \u0161to \u017eelite postati","potentialAction":[{"@type":"SearchAction","target":{"@type":"EntryPoint","urlTemplate":"https:\/\/anabucevic.com\/?s={search_term_string}"},"query-input":{"@type":"PropertyValueSpecification","valueRequired":true,"valueName":"search_term_string"}}],"inLanguage":"en-GB"},{"@type":"Organization","@id":"https:\/\/anabucevic.com\/#organization","name":"Ana Bu\u010devi\u0107","alternateName":"Safari Duha","url":"https:\/\/anabucevic.com\/","logo":{"@type":"ImageObject","inLanguage":"en-GB","@id":"https:\/\/anabucevic.com\/#\/schema\/logo\/image\/","url":"https:\/\/anabucevic.com\/wp-content\/uploads\/2026\/01\/Logo-stranice-1.png","contentUrl":"https:\/\/anabucevic.com\/wp-content\/uploads\/2026\/01\/Logo-stranice-1.png","width":701,"height":200,"caption":"Ana Bu\u010devi\u0107"},"image":{"@id":"https:\/\/anabucevic.com\/#\/schema\/logo\/image\/"},"sameAs":["https:\/\/www.facebook.com\/safariduha\/","https:\/\/www.youtube.com\/user\/safariduha1","https:\/\/www.instagram.com\/safariduha\/?hl=hr"]}]}},"_links":{"self":[{"href":"https:\/\/anabucevic.com\/en\/wp-json\/wp\/v2\/product\/6324705","targetHints":{"allow":["GET"]}}],"collection":[{"href":"https:\/\/anabucevic.com\/en\/wp-json\/wp\/v2\/product"}],"about":[{"href":"https:\/\/anabucevic.com\/en\/wp-json\/wp\/v2\/types\/product"}],"wp:featuredmedia":[{"embeddable":true,"href":"https:\/\/anabucevic.com\/en\/wp-json\/wp\/v2\/media\/6338917"}],"wp:attachment":[{"href":"https:\/\/anabucevic.com\/en\/wp-json\/wp\/v2\/media?parent=6324705"}],"wp:term":[{"taxonomy":"product_brand","embeddable":true,"href":"https:\/\/anabucevic.com\/en\/wp-json\/wp\/v2\/product_brand?post=6324705"},{"taxonomy":"product_cat","embeddable":true,"href":"https:\/\/anabucevic.com\/en\/wp-json\/wp\/v2\/product_cat?post=6324705"},{"taxonomy":"product_tag","embeddable":true,"href":"https:\/\/anabucevic.com\/en\/wp-json\/wp\/v2\/product_tag?post=6324705"}],"curies":[{"name":"wp","href":"https:\/\/api.w.org\/{rel}","templated":true}]}}