{"id":6324713,"date":"2019-01-14T21:18:09","date_gmt":"2019-01-14T21:18:09","guid":{"rendered":"https:\/\/anabucevic.com\/index.php\/product\/import-placeholder-for-8129\/"},"modified":"2023-03-16T22:29:38","modified_gmt":"2023-03-16T20:29:38","slug":"knjiga-sto-nije-ljubav","status":"publish","type":"product","link":"https:\/\/anabucevic.com\/en\/product\/knjiga-sto-nije-ljubav\/","title":{"rendered":"WHAT IS (NOT) LOVE"},"content":{"rendered":"","protected":false},"excerpt":{"rendered":"<p><strong>2.100,00 RSD<\/strong><\/p>\n<p>When we try to define love, we move away from it by definition. Love cannot be described, that is something we feel and live.<br \/>\nIf we still want to define it, let that definition be described by an emotion \u2013 love is the feeling that you have arrived home...<br \/>\nLove doesn\u2019t need a definition but everything around it does. Due to not defining the segments of life in which love is expressed, it happens that people confuse different things with love. With this book I want to help you come up with your own definitions of love. Living life means being what we really are. Love...<\/p>","protected":false},"featured_media":6338910,"template":"","meta":[],"product_brand":[],"product_cat":[18],"product_tag":[],"class_list":{"0":"post-6324713","1":"product","2":"type-product","3":"status-publish","4":"has-post-thumbnail","6":"product_cat-knjige-i-ostalo","8":"first","9":"instock","10":"featured","11":"taxable","12":"shipping-taxable","13":"purchasable","14":"product-type-simple"},"yoast_head":"<!-- This site is optimized with the Yoast SEO plugin v27.2 - https:\/\/yoast.com\/product\/yoast-seo-wordpress\/ -->\n<title>KNJIGA - \u0160to (ni)je ljubav - Ana Bu\u010devi\u0107<\/title>\n<meta name=\"robots\" content=\"index, follow, max-snippet:-1, max-image-preview:large, max-video-preview:-1\" \/>\n<link rel=\"canonical\" href=\"https:\/\/anabucevic.com\/en\/product\/knjiga-sto-nije-ljubav\/\" \/>\n<meta property=\"og:locale\" content=\"en_GB\" \/>\n<meta property=\"og:type\" content=\"article\" \/>\n<meta property=\"og:title\" content=\"KNJIGA - \u0160to (ni)je ljubav - Ana Bu\u010devi\u0107\" \/>\n<meta property=\"og:description\" content=\"2.100,00 RSD  Kada poku\u0161amo definirati ljubav, vibracijski se udaljavamo od ljubavi. Ljubav se ne opisuje, ljubav se osje\u0107a. I ljubav se \u017eivi.  Ako je ve\u0107 \u017eelimo definirati, neka ta definicija bude opisana emocijom \u2013 ljubav je osje\u0107aj kao da si stigao ku\u0107i\u2026  Ljubav ne treba definiciju, ali sve ono oko nje i \u0161to se nje ti\u010de itekako je treba. Upravo zbog nedefiniranja \u017eivotnih segmenata u kojima se izra\u017eava ljubav dolazi do toga da ljudi sva\u0161ta zovu ljubavlju. Ovom knjigom \u017eelim vam pomo\u0107i da do\u0111ete do vlastitih definicija vezanih uz ljubav. \u017divjeti \u017eivot zna\u010di \u017eivjeti ono \u0161to zaista jesmo. Ljubav\u2026\" \/>\n<meta property=\"og:url\" content=\"https:\/\/anabucevic.com\/en\/product\/knjiga-sto-nije-ljubav\/\" \/>\n<meta property=\"og:site_name\" content=\"Ana Bu\u010devi\u0107\" \/>\n<meta property=\"article:publisher\" content=\"https:\/\/www.facebook.com\/safariduha\/\" \/>\n<meta property=\"article:modified_time\" content=\"2023-03-16T20:29:38+00:00\" \/>\n<meta property=\"og:image\" content=\"https:\/\/anabucevic.com\/wp-content\/uploads\/2019\/01\/ljubavob.jpg\" \/>\n\t<meta property=\"og:image:width\" content=\"1600\" \/>\n\t<meta property=\"og:image:height\" content=\"1600\" \/>\n\t<meta property=\"og:image:type\" content=\"image\/jpeg\" \/>\n<meta name=\"twitter:card\" content=\"summary_large_image\" \/>\n<script type=\"application\/ld+json\" class=\"yoast-schema-graph\">{\"@context\":\"https:\/\/schema.org\",\"@graph\":[{\"@type\":\"WebPage\",\"@id\":\"https:\/\/anabucevic.com\/product\/knjiga-sto-nije-ljubav\/\",\"url\":\"https:\/\/anabucevic.com\/product\/knjiga-sto-nije-ljubav\/\",\"name\":\"KNJIGA - \u0160to (ni)je ljubav - Ana Bu\u010devi\u0107\",\"isPartOf\":{\"@id\":\"https:\/\/anabucevic.com\/#website\"},\"primaryImageOfPage\":{\"@id\":\"https:\/\/anabucevic.com\/product\/knjiga-sto-nije-ljubav\/#primaryimage\"},\"image\":{\"@id\":\"https:\/\/anabucevic.com\/product\/knjiga-sto-nije-ljubav\/#primaryimage\"},\"thumbnailUrl\":\"https:\/\/anabucevic.com\/wp-content\/uploads\/2019\/01\/ljubavob.jpg\",\"datePublished\":\"2019-01-14T21:18:09+00:00\",\"dateModified\":\"2023-03-16T20:29:38+00:00\",\"breadcrumb\":{\"@id\":\"https:\/\/anabucevic.com\/product\/knjiga-sto-nije-ljubav\/#breadcrumb\"},\"inLanguage\":\"en-GB\",\"potentialAction\":[{\"@type\":\"ReadAction\",\"target\":[\"https:\/\/anabucevic.com\/product\/knjiga-sto-nije-ljubav\/\"]}]},{\"@type\":\"ImageObject\",\"inLanguage\":\"en-GB\",\"@id\":\"https:\/\/anabucevic.com\/product\/knjiga-sto-nije-ljubav\/#primaryimage\",\"url\":\"https:\/\/anabucevic.com\/wp-content\/uploads\/2019\/01\/ljubavob.jpg\",\"contentUrl\":\"https:\/\/anabucevic.com\/wp-content\/uploads\/2019\/01\/ljubavob.jpg\",\"width\":1600,\"height\":1600},{\"@type\":\"BreadcrumbList\",\"@id\":\"https:\/\/anabucevic.com\/product\/knjiga-sto-nije-ljubav\/#breadcrumb\",\"itemListElement\":[{\"@type\":\"ListItem\",\"position\":1,\"name\":\"Home\",\"item\":\"https:\/\/anabucevic.com\/\"},{\"@type\":\"ListItem\",\"position\":2,\"name\":\"KNJIGA &#8211; \u0160to (ni)je ljubav\"}]},{\"@type\":\"WebSite\",\"@id\":\"https:\/\/anabucevic.com\/#website\",\"url\":\"https:\/\/anabucevic.com\/\",\"name\":\"Ana Bu\u010devi\u0107\",\"description\":\"Budite ono \u0161to \u017eelite postati...\",\"publisher\":{\"@id\":\"https:\/\/anabucevic.com\/#organization\"},\"alternateName\":\"Ana Bu\u010devi\u0107 - Budite ono \u0161to \u017eelite postati\",\"potentialAction\":[{\"@type\":\"SearchAction\",\"target\":{\"@type\":\"EntryPoint\",\"urlTemplate\":\"https:\/\/anabucevic.com\/?s={search_term_string}\"},\"query-input\":{\"@type\":\"PropertyValueSpecification\",\"valueRequired\":true,\"valueName\":\"search_term_string\"}}],\"inLanguage\":\"en-GB\"},{\"@type\":\"Organization\",\"@id\":\"https:\/\/anabucevic.com\/#organization\",\"name\":\"Ana Bu\u010devi\u0107\",\"alternateName\":\"Safari Duha\",\"url\":\"https:\/\/anabucevic.com\/\",\"logo\":{\"@type\":\"ImageObject\",\"inLanguage\":\"en-GB\",\"@id\":\"https:\/\/anabucevic.com\/#\/schema\/logo\/image\/\",\"url\":\"https:\/\/anabucevic.com\/wp-content\/uploads\/2026\/01\/Logo-stranice-1.png\",\"contentUrl\":\"https:\/\/anabucevic.com\/wp-content\/uploads\/2026\/01\/Logo-stranice-1.png\",\"width\":701,\"height\":200,\"caption\":\"Ana Bu\u010devi\u0107\"},\"image\":{\"@id\":\"https:\/\/anabucevic.com\/#\/schema\/logo\/image\/\"},\"sameAs\":[\"https:\/\/www.facebook.com\/safariduha\/\",\"https:\/\/www.youtube.com\/user\/safariduha1\",\"https:\/\/www.instagram.com\/safariduha\/?hl=hr\"]}]}<\/script>\n<!-- \/ Yoast SEO plugin. -->","yoast_head_json":{"title":"KNJIGA - \u0160to (ni)je ljubav - Ana Bu\u010devi\u0107","robots":{"index":"index","follow":"follow","max-snippet":"max-snippet:-1","max-image-preview":"max-image-preview:large","max-video-preview":"max-video-preview:-1"},"canonical":"https:\/\/anabucevic.com\/en\/product\/knjiga-sto-nije-ljubav\/","og_locale":"en_GB","og_type":"article","og_title":"KNJIGA - \u0160to (ni)je ljubav - Ana Bu\u010devi\u0107","og_description":"2.100,00 RSD  Kada poku\u0161amo definirati ljubav, vibracijski se udaljavamo od ljubavi. Ljubav se ne opisuje, ljubav se osje\u0107a. I ljubav se \u017eivi.  Ako je ve\u0107 \u017eelimo definirati, neka ta definicija bude opisana emocijom \u2013 ljubav je osje\u0107aj kao da si stigao ku\u0107i\u2026  Ljubav ne treba definiciju, ali sve ono oko nje i \u0161to se nje ti\u010de itekako je treba. Upravo zbog nedefiniranja \u017eivotnih segmenata u kojima se izra\u017eava ljubav dolazi do toga da ljudi sva\u0161ta zovu ljubavlju. Ovom knjigom \u017eelim vam pomo\u0107i da do\u0111ete do vlastitih definicija vezanih uz ljubav. \u017divjeti \u017eivot zna\u010di \u017eivjeti ono \u0161to zaista jesmo. Ljubav\u2026","og_url":"https:\/\/anabucevic.com\/en\/product\/knjiga-sto-nije-ljubav\/","og_site_name":"Ana Bu\u010devi\u0107","article_publisher":"https:\/\/www.facebook.com\/safariduha\/","article_modified_time":"2023-03-16T20:29:38+00:00","og_image":[{"width":1600,"height":1600,"url":"https:\/\/anabucevic.com\/wp-content\/uploads\/2019\/01\/ljubavob.jpg","type":"image\/jpeg"}],"twitter_card":"summary_large_image","schema":{"@context":"https:\/\/schema.org","@graph":[{"@type":"WebPage","@id":"https:\/\/anabucevic.com\/product\/knjiga-sto-nije-ljubav\/","url":"https:\/\/anabucevic.com\/product\/knjiga-sto-nije-ljubav\/","name":"KNJIGA - \u0160to (ni)je ljubav - Ana Bu\u010devi\u0107","isPartOf":{"@id":"https:\/\/anabucevic.com\/#website"},"primaryImageOfPage":{"@id":"https:\/\/anabucevic.com\/product\/knjiga-sto-nije-ljubav\/#primaryimage"},"image":{"@id":"https:\/\/anabucevic.com\/product\/knjiga-sto-nije-ljubav\/#primaryimage"},"thumbnailUrl":"https:\/\/anabucevic.com\/wp-content\/uploads\/2019\/01\/ljubavob.jpg","datePublished":"2019-01-14T21:18:09+00:00","dateModified":"2023-03-16T20:29:38+00:00","breadcrumb":{"@id":"https:\/\/anabucevic.com\/product\/knjiga-sto-nije-ljubav\/#breadcrumb"},"inLanguage":"en-GB","potentialAction":[{"@type":"ReadAction","target":["https:\/\/anabucevic.com\/product\/knjiga-sto-nije-ljubav\/"]}]},{"@type":"ImageObject","inLanguage":"en-GB","@id":"https:\/\/anabucevic.com\/product\/knjiga-sto-nije-ljubav\/#primaryimage","url":"https:\/\/anabucevic.com\/wp-content\/uploads\/2019\/01\/ljubavob.jpg","contentUrl":"https:\/\/anabucevic.com\/wp-content\/uploads\/2019\/01\/ljubavob.jpg","width":1600,"height":1600},{"@type":"BreadcrumbList","@id":"https:\/\/anabucevic.com\/product\/knjiga-sto-nije-ljubav\/#breadcrumb","itemListElement":[{"@type":"ListItem","position":1,"name":"Home","item":"https:\/\/anabucevic.com\/"},{"@type":"ListItem","position":2,"name":"KNJIGA &#8211; \u0160to (ni)je ljubav"}]},{"@type":"WebSite","@id":"https:\/\/anabucevic.com\/#website","url":"https:\/\/anabucevic.com\/","name":"Ana Bu\u010devi\u0107","description":"Budite ono \u0161to \u017eelite postati...","publisher":{"@id":"https:\/\/anabucevic.com\/#organization"},"alternateName":"Ana Bu\u010devi\u0107 - Budite ono \u0161to \u017eelite postati","potentialAction":[{"@type":"SearchAction","target":{"@type":"EntryPoint","urlTemplate":"https:\/\/anabucevic.com\/?s={search_term_string}"},"query-input":{"@type":"PropertyValueSpecification","valueRequired":true,"valueName":"search_term_string"}}],"inLanguage":"en-GB"},{"@type":"Organization","@id":"https:\/\/anabucevic.com\/#organization","name":"Ana Bu\u010devi\u0107","alternateName":"Safari Duha","url":"https:\/\/anabucevic.com\/","logo":{"@type":"ImageObject","inLanguage":"en-GB","@id":"https:\/\/anabucevic.com\/#\/schema\/logo\/image\/","url":"https:\/\/anabucevic.com\/wp-content\/uploads\/2026\/01\/Logo-stranice-1.png","contentUrl":"https:\/\/anabucevic.com\/wp-content\/uploads\/2026\/01\/Logo-stranice-1.png","width":701,"height":200,"caption":"Ana Bu\u010devi\u0107"},"image":{"@id":"https:\/\/anabucevic.com\/#\/schema\/logo\/image\/"},"sameAs":["https:\/\/www.facebook.com\/safariduha\/","https:\/\/www.youtube.com\/user\/safariduha1","https:\/\/www.instagram.com\/safariduha\/?hl=hr"]}]}},"_links":{"self":[{"href":"https:\/\/anabucevic.com\/en\/wp-json\/wp\/v2\/product\/6324713","targetHints":{"allow":["GET"]}}],"collection":[{"href":"https:\/\/anabucevic.com\/en\/wp-json\/wp\/v2\/product"}],"about":[{"href":"https:\/\/anabucevic.com\/en\/wp-json\/wp\/v2\/types\/product"}],"wp:featuredmedia":[{"embeddable":true,"href":"https:\/\/anabucevic.com\/en\/wp-json\/wp\/v2\/media\/6338910"}],"wp:attachment":[{"href":"https:\/\/anabucevic.com\/en\/wp-json\/wp\/v2\/media?parent=6324713"}],"wp:term":[{"taxonomy":"product_brand","embeddable":true,"href":"https:\/\/anabucevic.com\/en\/wp-json\/wp\/v2\/product_brand?post=6324713"},{"taxonomy":"product_cat","embeddable":true,"href":"https:\/\/anabucevic.com\/en\/wp-json\/wp\/v2\/product_cat?post=6324713"},{"taxonomy":"product_tag","embeddable":true,"href":"https:\/\/anabucevic.com\/en\/wp-json\/wp\/v2\/product_tag?post=6324713"}],"curies":[{"name":"wp","href":"https:\/\/api.w.org\/{rel}","templated":true}]}}