{"id":6324752,"date":"2019-01-14T23:28:51","date_gmt":"2019-01-14T23:28:51","guid":{"rendered":"https:\/\/anabucevic.com\/?post_type=product&#038;p=6324752"},"modified":"2023-03-07T20:55:51","modified_gmt":"2023-03-07T18:55:51","slug":"biti-i-imati-promjenom-vibracije-do-financijske-slobode","status":"publish","type":"product","link":"https:\/\/anabucevic.com\/en\/product\/biti-i-imati-promjenom-vibracije-do-financijske-slobode\/","title":{"rendered":"TO BE AND TO HAVE \u2013Achieve financial freedom by changing your vibration."},"content":{"rendered":"","protected":false},"excerpt":{"rendered":"<p><strong>2.100,00 RSD<\/strong><\/p>\n<p>This is no ordinary book about money \u2013 this is an unusual book about money.<br \/>\nThis is a spiritual book about money because money is part of spirituality. They just assured us that it wasn\u2019t. They convinced us that we shouldn\u2019t want it or have it. This book will help you understand that this is not so. That we came as spiritual beings to the material world in order to live a balance between the spiritual and the material. The point is to BE first, then you can live all the beauty of POSSESSION.<\/p>\n<p>POSSESSION will be your reward for BEING. This is a book that will bring awareness to your negative money programs, help you change beliefs that don\u2019t serve you, guide you in methods to change your vibration towards money and become your practical companion on the path to financial freedom. Be excited, because if you believe what you read here and if you are consistent in the practical application of what you have learned, financial abundance and freedom will become part of your reality.<br \/>\nAnd freedom is the greatest gift you can give yourself.<\/p>","protected":false},"featured_media":6338906,"template":"","meta":[],"product_brand":[],"product_cat":[18],"product_tag":[],"class_list":{"0":"post-6324752","1":"product","2":"type-product","3":"status-publish","4":"has-post-thumbnail","6":"product_cat-knjige-i-ostalo","8":"first","9":"instock","10":"featured","11":"taxable","12":"shipping-taxable","13":"purchasable","14":"product-type-simple"},"yoast_head":"<!-- This site is optimized with the Yoast SEO plugin v27.2 - https:\/\/yoast.com\/product\/yoast-seo-wordpress\/ -->\n<title>BITI I IMATI - Promjenom vibracije do financijske slobode - Ana Bu\u010devi\u0107<\/title>\n<meta name=\"robots\" content=\"index, follow, max-snippet:-1, max-image-preview:large, max-video-preview:-1\" \/>\n<link rel=\"canonical\" href=\"https:\/\/anabucevic.com\/en\/product\/biti-i-imati-promjenom-vibracije-do-financijske-slobode\/\" \/>\n<meta property=\"og:locale\" content=\"en_GB\" \/>\n<meta property=\"og:type\" content=\"article\" \/>\n<meta property=\"og:title\" content=\"BITI I IMATI - Promjenom vibracije do financijske slobode - Ana Bu\u010devi\u0107\" \/>\n<meta property=\"og:description\" content=\"2.100,00 RSD  Ovo nije obi\u010dna knjiga o novcu, ovo je neobi\u010dna knjiga o novcu. Ovo je duhovna knjiga o novcu, jer novac i jest dio duhovnosti. Samo su nas uvjerili da nije. Uvjerili su nas da ga ne smijemo \u017eeljeti ili imati. Ova knjiga pomo\u0107i \u0107e vam da shvatite da to nije tako. Da smo do\u0161li kao duhovna bi\u0107a u materijalni svijet da bismo \u017eivjeli balans duhovnog i materijalnog. Ali da je prvo poanta BITI pa mo\u017ee\u0161 \u017eivjeti svu ljepotu u IMATI.  IMATI \u0107e biti va\u0161a nagrada za BITI. Ovo je knjiga koja \u0107e osvijestiti va\u0161e negativne programe o novcu, koja \u0107e vam pomo\u0107i da promijenite uvjerenja koja vam ne slu\u017ee, koja \u0107e vas uputiti u metode kojima \u0107ete mijenjati svoju vibraciju prema novcu i koja \u0107e postati va\u0161 suputnik u praksi na putu ostvarenja financijske slobode. Budite uzbu\u0111eni, jer povjerujete li onome \u0161to ovdje pro\u010ditate i budete li dosljedni u prakti\u010dnoj primjeni nau\u010denog, financijsko obilje i sloboda postat \u0107e dio va\u0161e realnosti. A sloboda je najve\u0107i dar koji mo\u017eete darovati sebi.\" \/>\n<meta property=\"og:url\" content=\"https:\/\/anabucevic.com\/en\/product\/biti-i-imati-promjenom-vibracije-do-financijske-slobode\/\" \/>\n<meta property=\"og:site_name\" content=\"Ana Bu\u010devi\u0107\" \/>\n<meta property=\"article:publisher\" content=\"https:\/\/www.facebook.com\/safariduha\/\" \/>\n<meta property=\"article:modified_time\" content=\"2023-03-07T18:55:51+00:00\" \/>\n<meta property=\"og:image\" content=\"https:\/\/anabucevic.com\/wp-content\/uploads\/2019\/01\/bitiimatiob.jpg\" \/>\n\t<meta property=\"og:image:width\" content=\"1600\" \/>\n\t<meta property=\"og:image:height\" content=\"1600\" \/>\n\t<meta property=\"og:image:type\" content=\"image\/jpeg\" \/>\n<meta name=\"twitter:card\" content=\"summary_large_image\" \/>\n<script type=\"application\/ld+json\" class=\"yoast-schema-graph\">{\"@context\":\"https:\/\/schema.org\",\"@graph\":[{\"@type\":\"WebPage\",\"@id\":\"https:\/\/anabucevic.com\/product\/biti-i-imati-promjenom-vibracije-do-financijske-slobode\/\",\"url\":\"https:\/\/anabucevic.com\/product\/biti-i-imati-promjenom-vibracije-do-financijske-slobode\/\",\"name\":\"BITI I IMATI - Promjenom vibracije do financijske slobode - Ana Bu\u010devi\u0107\",\"isPartOf\":{\"@id\":\"https:\/\/anabucevic.com\/#website\"},\"primaryImageOfPage\":{\"@id\":\"https:\/\/anabucevic.com\/product\/biti-i-imati-promjenom-vibracije-do-financijske-slobode\/#primaryimage\"},\"image\":{\"@id\":\"https:\/\/anabucevic.com\/product\/biti-i-imati-promjenom-vibracije-do-financijske-slobode\/#primaryimage\"},\"thumbnailUrl\":\"https:\/\/anabucevic.com\/wp-content\/uploads\/2019\/01\/bitiimatiob.jpg\",\"datePublished\":\"2019-01-14T23:28:51+00:00\",\"dateModified\":\"2023-03-07T18:55:51+00:00\",\"breadcrumb\":{\"@id\":\"https:\/\/anabucevic.com\/product\/biti-i-imati-promjenom-vibracije-do-financijske-slobode\/#breadcrumb\"},\"inLanguage\":\"en-GB\",\"potentialAction\":[{\"@type\":\"ReadAction\",\"target\":[\"https:\/\/anabucevic.com\/product\/biti-i-imati-promjenom-vibracije-do-financijske-slobode\/\"]}]},{\"@type\":\"ImageObject\",\"inLanguage\":\"en-GB\",\"@id\":\"https:\/\/anabucevic.com\/product\/biti-i-imati-promjenom-vibracije-do-financijske-slobode\/#primaryimage\",\"url\":\"https:\/\/anabucevic.com\/wp-content\/uploads\/2019\/01\/bitiimatiob.jpg\",\"contentUrl\":\"https:\/\/anabucevic.com\/wp-content\/uploads\/2019\/01\/bitiimatiob.jpg\",\"width\":1600,\"height\":1600},{\"@type\":\"BreadcrumbList\",\"@id\":\"https:\/\/anabucevic.com\/product\/biti-i-imati-promjenom-vibracije-do-financijske-slobode\/#breadcrumb\",\"itemListElement\":[{\"@type\":\"ListItem\",\"position\":1,\"name\":\"Home\",\"item\":\"https:\/\/anabucevic.com\/\"},{\"@type\":\"ListItem\",\"position\":2,\"name\":\"BITI I IMATI &#8211; Promjenom vibracije do financijske slobode\"}]},{\"@type\":\"WebSite\",\"@id\":\"https:\/\/anabucevic.com\/#website\",\"url\":\"https:\/\/anabucevic.com\/\",\"name\":\"Ana Bu\u010devi\u0107\",\"description\":\"Budite ono \u0161to \u017eelite postati...\",\"publisher\":{\"@id\":\"https:\/\/anabucevic.com\/#organization\"},\"alternateName\":\"Ana Bu\u010devi\u0107 - Budite ono \u0161to \u017eelite postati\",\"potentialAction\":[{\"@type\":\"SearchAction\",\"target\":{\"@type\":\"EntryPoint\",\"urlTemplate\":\"https:\/\/anabucevic.com\/?s={search_term_string}\"},\"query-input\":{\"@type\":\"PropertyValueSpecification\",\"valueRequired\":true,\"valueName\":\"search_term_string\"}}],\"inLanguage\":\"en-GB\"},{\"@type\":\"Organization\",\"@id\":\"https:\/\/anabucevic.com\/#organization\",\"name\":\"Ana Bu\u010devi\u0107\",\"alternateName\":\"Safari Duha\",\"url\":\"https:\/\/anabucevic.com\/\",\"logo\":{\"@type\":\"ImageObject\",\"inLanguage\":\"en-GB\",\"@id\":\"https:\/\/anabucevic.com\/#\/schema\/logo\/image\/\",\"url\":\"https:\/\/anabucevic.com\/wp-content\/uploads\/2026\/01\/Logo-stranice-1.png\",\"contentUrl\":\"https:\/\/anabucevic.com\/wp-content\/uploads\/2026\/01\/Logo-stranice-1.png\",\"width\":701,\"height\":200,\"caption\":\"Ana Bu\u010devi\u0107\"},\"image\":{\"@id\":\"https:\/\/anabucevic.com\/#\/schema\/logo\/image\/\"},\"sameAs\":[\"https:\/\/www.facebook.com\/safariduha\/\",\"https:\/\/www.youtube.com\/user\/safariduha1\",\"https:\/\/www.instagram.com\/safariduha\/?hl=hr\"]}]}<\/script>\n<!-- \/ Yoast SEO plugin. -->","yoast_head_json":{"title":"BITI I IMATI - Promjenom vibracije do financijske slobode - Ana Bu\u010devi\u0107","robots":{"index":"index","follow":"follow","max-snippet":"max-snippet:-1","max-image-preview":"max-image-preview:large","max-video-preview":"max-video-preview:-1"},"canonical":"https:\/\/anabucevic.com\/en\/product\/biti-i-imati-promjenom-vibracije-do-financijske-slobode\/","og_locale":"en_GB","og_type":"article","og_title":"BITI I IMATI - Promjenom vibracije do financijske slobode - Ana Bu\u010devi\u0107","og_description":"2.100,00 RSD  Ovo nije obi\u010dna knjiga o novcu, ovo je neobi\u010dna knjiga o novcu. Ovo je duhovna knjiga o novcu, jer novac i jest dio duhovnosti. Samo su nas uvjerili da nije. Uvjerili su nas da ga ne smijemo \u017eeljeti ili imati. Ova knjiga pomo\u0107i \u0107e vam da shvatite da to nije tako. Da smo do\u0161li kao duhovna bi\u0107a u materijalni svijet da bismo \u017eivjeli balans duhovnog i materijalnog. Ali da je prvo poanta BITI pa mo\u017ee\u0161 \u017eivjeti svu ljepotu u IMATI.  IMATI \u0107e biti va\u0161a nagrada za BITI. Ovo je knjiga koja \u0107e osvijestiti va\u0161e negativne programe o novcu, koja \u0107e vam pomo\u0107i da promijenite uvjerenja koja vam ne slu\u017ee, koja \u0107e vas uputiti u metode kojima \u0107ete mijenjati svoju vibraciju prema novcu i koja \u0107e postati va\u0161 suputnik u praksi na putu ostvarenja financijske slobode. Budite uzbu\u0111eni, jer povjerujete li onome \u0161to ovdje pro\u010ditate i budete li dosljedni u prakti\u010dnoj primjeni nau\u010denog, financijsko obilje i sloboda postat \u0107e dio va\u0161e realnosti. A sloboda je najve\u0107i dar koji mo\u017eete darovati sebi.","og_url":"https:\/\/anabucevic.com\/en\/product\/biti-i-imati-promjenom-vibracije-do-financijske-slobode\/","og_site_name":"Ana Bu\u010devi\u0107","article_publisher":"https:\/\/www.facebook.com\/safariduha\/","article_modified_time":"2023-03-07T18:55:51+00:00","og_image":[{"width":1600,"height":1600,"url":"https:\/\/anabucevic.com\/wp-content\/uploads\/2019\/01\/bitiimatiob.jpg","type":"image\/jpeg"}],"twitter_card":"summary_large_image","schema":{"@context":"https:\/\/schema.org","@graph":[{"@type":"WebPage","@id":"https:\/\/anabucevic.com\/product\/biti-i-imati-promjenom-vibracije-do-financijske-slobode\/","url":"https:\/\/anabucevic.com\/product\/biti-i-imati-promjenom-vibracije-do-financijske-slobode\/","name":"BITI I IMATI - Promjenom vibracije do financijske slobode - Ana Bu\u010devi\u0107","isPartOf":{"@id":"https:\/\/anabucevic.com\/#website"},"primaryImageOfPage":{"@id":"https:\/\/anabucevic.com\/product\/biti-i-imati-promjenom-vibracije-do-financijske-slobode\/#primaryimage"},"image":{"@id":"https:\/\/anabucevic.com\/product\/biti-i-imati-promjenom-vibracije-do-financijske-slobode\/#primaryimage"},"thumbnailUrl":"https:\/\/anabucevic.com\/wp-content\/uploads\/2019\/01\/bitiimatiob.jpg","datePublished":"2019-01-14T23:28:51+00:00","dateModified":"2023-03-07T18:55:51+00:00","breadcrumb":{"@id":"https:\/\/anabucevic.com\/product\/biti-i-imati-promjenom-vibracije-do-financijske-slobode\/#breadcrumb"},"inLanguage":"en-GB","potentialAction":[{"@type":"ReadAction","target":["https:\/\/anabucevic.com\/product\/biti-i-imati-promjenom-vibracije-do-financijske-slobode\/"]}]},{"@type":"ImageObject","inLanguage":"en-GB","@id":"https:\/\/anabucevic.com\/product\/biti-i-imati-promjenom-vibracije-do-financijske-slobode\/#primaryimage","url":"https:\/\/anabucevic.com\/wp-content\/uploads\/2019\/01\/bitiimatiob.jpg","contentUrl":"https:\/\/anabucevic.com\/wp-content\/uploads\/2019\/01\/bitiimatiob.jpg","width":1600,"height":1600},{"@type":"BreadcrumbList","@id":"https:\/\/anabucevic.com\/product\/biti-i-imati-promjenom-vibracije-do-financijske-slobode\/#breadcrumb","itemListElement":[{"@type":"ListItem","position":1,"name":"Home","item":"https:\/\/anabucevic.com\/"},{"@type":"ListItem","position":2,"name":"BITI I IMATI &#8211; Promjenom vibracije do financijske slobode"}]},{"@type":"WebSite","@id":"https:\/\/anabucevic.com\/#website","url":"https:\/\/anabucevic.com\/","name":"Ana Bu\u010devi\u0107","description":"Budite ono \u0161to \u017eelite postati...","publisher":{"@id":"https:\/\/anabucevic.com\/#organization"},"alternateName":"Ana Bu\u010devi\u0107 - Budite ono \u0161to \u017eelite postati","potentialAction":[{"@type":"SearchAction","target":{"@type":"EntryPoint","urlTemplate":"https:\/\/anabucevic.com\/?s={search_term_string}"},"query-input":{"@type":"PropertyValueSpecification","valueRequired":true,"valueName":"search_term_string"}}],"inLanguage":"en-GB"},{"@type":"Organization","@id":"https:\/\/anabucevic.com\/#organization","name":"Ana Bu\u010devi\u0107","alternateName":"Safari Duha","url":"https:\/\/anabucevic.com\/","logo":{"@type":"ImageObject","inLanguage":"en-GB","@id":"https:\/\/anabucevic.com\/#\/schema\/logo\/image\/","url":"https:\/\/anabucevic.com\/wp-content\/uploads\/2026\/01\/Logo-stranice-1.png","contentUrl":"https:\/\/anabucevic.com\/wp-content\/uploads\/2026\/01\/Logo-stranice-1.png","width":701,"height":200,"caption":"Ana Bu\u010devi\u0107"},"image":{"@id":"https:\/\/anabucevic.com\/#\/schema\/logo\/image\/"},"sameAs":["https:\/\/www.facebook.com\/safariduha\/","https:\/\/www.youtube.com\/user\/safariduha1","https:\/\/www.instagram.com\/safariduha\/?hl=hr"]}]}},"_links":{"self":[{"href":"https:\/\/anabucevic.com\/en\/wp-json\/wp\/v2\/product\/6324752","targetHints":{"allow":["GET"]}}],"collection":[{"href":"https:\/\/anabucevic.com\/en\/wp-json\/wp\/v2\/product"}],"about":[{"href":"https:\/\/anabucevic.com\/en\/wp-json\/wp\/v2\/types\/product"}],"wp:featuredmedia":[{"embeddable":true,"href":"https:\/\/anabucevic.com\/en\/wp-json\/wp\/v2\/media\/6338906"}],"wp:attachment":[{"href":"https:\/\/anabucevic.com\/en\/wp-json\/wp\/v2\/media?parent=6324752"}],"wp:term":[{"taxonomy":"product_brand","embeddable":true,"href":"https:\/\/anabucevic.com\/en\/wp-json\/wp\/v2\/product_brand?post=6324752"},{"taxonomy":"product_cat","embeddable":true,"href":"https:\/\/anabucevic.com\/en\/wp-json\/wp\/v2\/product_cat?post=6324752"},{"taxonomy":"product_tag","embeddable":true,"href":"https:\/\/anabucevic.com\/en\/wp-json\/wp\/v2\/product_tag?post=6324752"}],"curies":[{"name":"wp","href":"https:\/\/api.w.org\/{rel}","templated":true}]}}