{"id":6334503,"date":"2020-10-27T10:44:02","date_gmt":"2020-10-27T08:44:02","guid":{"rendered":"https:\/\/anabucevic.com\/?post_type=product&#038;p=6334503"},"modified":"2025-12-10T22:07:42","modified_gmt":"2025-12-10T20:07:42","slug":"momentum-kartice-by-ana-bucevic","status":"publish","type":"product","link":"https:\/\/anabucevic.com\/en\/product\/momentum-kartice-by-ana-bucevic\/","title":{"rendered":"MOMENTUM CARDS by Ana Bu\u010devi\u0107"},"content":{"rendered":"","protected":false},"excerpt":{"rendered":"<p><strong>1.880,00 RSD<\/strong><\/p>\n<p>It takes only 17 seconds for your thoughts and focus<br \/>\nhave achieved momentum strong enough for the law of attraction to start working in your favor.<br \/>\nThat is the purpose of these cards.<br \/>\nStart your day by choosing one card to consciously choose your own vibration that day.<br \/>\nYou can read the text on the card several times in a row, as well as several times a day.<\/p>","protected":false},"featured_media":6338905,"template":"","meta":[],"product_brand":[],"product_cat":[18],"product_tag":[],"class_list":{"0":"post-6334503","1":"product","2":"type-product","3":"status-publish","4":"has-post-thumbnail","6":"product_cat-knjige-i-ostalo","8":"first","9":"instock","10":"taxable","11":"shipping-taxable","12":"purchasable","13":"product-type-simple"},"yoast_head":"<!-- This site is optimized with the Yoast SEO plugin v27.2 - https:\/\/yoast.com\/product\/yoast-seo-wordpress\/ -->\n<title>MOMENTUM KARTICE by Ana Bu\u010devi\u0107 - Ana Bu\u010devi\u0107<\/title>\n<meta name=\"robots\" content=\"index, follow, max-snippet:-1, max-image-preview:large, max-video-preview:-1\" \/>\n<link rel=\"canonical\" href=\"https:\/\/anabucevic.com\/en\/product\/momentum-kartice-by-ana-bucevic\/\" \/>\n<meta property=\"og:locale\" content=\"en_GB\" \/>\n<meta property=\"og:type\" content=\"article\" \/>\n<meta property=\"og:title\" content=\"MOMENTUM KARTICE by Ana Bu\u010devi\u0107 - Ana Bu\u010devi\u0107\" \/>\n<meta property=\"og:description\" content=\"1.880,00 RSD  Potrebno je svega 17 sekundi kako biste va\u0161im mislima i fokusom postigli momentum dovoljno jak da zakon privla\u010denja po\u010dne raditi u va\u0161u korist. To i jeste svrha ovih kartica. Zapo\u010dnite dan odabirom jedne kartice kojom \u0107ete tog dana svjesno odabrati vlastitu vibraciju. Tekst na kartici mo\u017eete \u010ditati vi\u0161e puta zaredom, kao i vi\u0161e puta u danu\" \/>\n<meta property=\"og:url\" content=\"https:\/\/anabucevic.com\/en\/product\/momentum-kartice-by-ana-bucevic\/\" \/>\n<meta property=\"og:site_name\" content=\"Ana Bu\u010devi\u0107\" \/>\n<meta property=\"article:publisher\" content=\"https:\/\/www.facebook.com\/safariduha\/\" \/>\n<meta property=\"article:modified_time\" content=\"2025-12-10T20:07:42+00:00\" \/>\n<meta property=\"og:image\" content=\"https:\/\/anabucevic.com\/wp-content\/uploads\/2020\/10\/momentumob.jpg\" \/>\n\t<meta property=\"og:image:width\" content=\"1600\" \/>\n\t<meta property=\"og:image:height\" content=\"1600\" \/>\n\t<meta property=\"og:image:type\" content=\"image\/jpeg\" \/>\n<meta name=\"twitter:card\" content=\"summary_large_image\" \/>\n<script type=\"application\/ld+json\" class=\"yoast-schema-graph\">{\"@context\":\"https:\/\/schema.org\",\"@graph\":[{\"@type\":\"WebPage\",\"@id\":\"https:\/\/anabucevic.com\/product\/momentum-kartice-by-ana-bucevic\/\",\"url\":\"https:\/\/anabucevic.com\/product\/momentum-kartice-by-ana-bucevic\/\",\"name\":\"MOMENTUM KARTICE by Ana Bu\u010devi\u0107 - Ana Bu\u010devi\u0107\",\"isPartOf\":{\"@id\":\"https:\/\/anabucevic.com\/#website\"},\"primaryImageOfPage\":{\"@id\":\"https:\/\/anabucevic.com\/product\/momentum-kartice-by-ana-bucevic\/#primaryimage\"},\"image\":{\"@id\":\"https:\/\/anabucevic.com\/product\/momentum-kartice-by-ana-bucevic\/#primaryimage\"},\"thumbnailUrl\":\"https:\/\/anabucevic.com\/wp-content\/uploads\/2020\/10\/momentumob.jpg\",\"datePublished\":\"2020-10-27T08:44:02+00:00\",\"dateModified\":\"2025-12-10T20:07:42+00:00\",\"breadcrumb\":{\"@id\":\"https:\/\/anabucevic.com\/product\/momentum-kartice-by-ana-bucevic\/#breadcrumb\"},\"inLanguage\":\"en-GB\",\"potentialAction\":[{\"@type\":\"ReadAction\",\"target\":[\"https:\/\/anabucevic.com\/product\/momentum-kartice-by-ana-bucevic\/\"]}]},{\"@type\":\"ImageObject\",\"inLanguage\":\"en-GB\",\"@id\":\"https:\/\/anabucevic.com\/product\/momentum-kartice-by-ana-bucevic\/#primaryimage\",\"url\":\"https:\/\/anabucevic.com\/wp-content\/uploads\/2020\/10\/momentumob.jpg\",\"contentUrl\":\"https:\/\/anabucevic.com\/wp-content\/uploads\/2020\/10\/momentumob.jpg\",\"width\":1600,\"height\":1600},{\"@type\":\"BreadcrumbList\",\"@id\":\"https:\/\/anabucevic.com\/product\/momentum-kartice-by-ana-bucevic\/#breadcrumb\",\"itemListElement\":[{\"@type\":\"ListItem\",\"position\":1,\"name\":\"Home\",\"item\":\"https:\/\/anabucevic.com\/\"},{\"@type\":\"ListItem\",\"position\":2,\"name\":\"MOMENTUM KARTICE by Ana Bu\u010devi\u0107\"}]},{\"@type\":\"WebSite\",\"@id\":\"https:\/\/anabucevic.com\/#website\",\"url\":\"https:\/\/anabucevic.com\/\",\"name\":\"Ana Bu\u010devi\u0107\",\"description\":\"Budite ono \u0161to \u017eelite postati...\",\"publisher\":{\"@id\":\"https:\/\/anabucevic.com\/#organization\"},\"alternateName\":\"Ana Bu\u010devi\u0107 - Budite ono \u0161to \u017eelite postati\",\"potentialAction\":[{\"@type\":\"SearchAction\",\"target\":{\"@type\":\"EntryPoint\",\"urlTemplate\":\"https:\/\/anabucevic.com\/?s={search_term_string}\"},\"query-input\":{\"@type\":\"PropertyValueSpecification\",\"valueRequired\":true,\"valueName\":\"search_term_string\"}}],\"inLanguage\":\"en-GB\"},{\"@type\":\"Organization\",\"@id\":\"https:\/\/anabucevic.com\/#organization\",\"name\":\"Ana Bu\u010devi\u0107\",\"alternateName\":\"Safari Duha\",\"url\":\"https:\/\/anabucevic.com\/\",\"logo\":{\"@type\":\"ImageObject\",\"inLanguage\":\"en-GB\",\"@id\":\"https:\/\/anabucevic.com\/#\/schema\/logo\/image\/\",\"url\":\"https:\/\/anabucevic.com\/wp-content\/uploads\/2026\/01\/Logo-stranice-1.png\",\"contentUrl\":\"https:\/\/anabucevic.com\/wp-content\/uploads\/2026\/01\/Logo-stranice-1.png\",\"width\":701,\"height\":200,\"caption\":\"Ana Bu\u010devi\u0107\"},\"image\":{\"@id\":\"https:\/\/anabucevic.com\/#\/schema\/logo\/image\/\"},\"sameAs\":[\"https:\/\/www.facebook.com\/safariduha\/\",\"https:\/\/www.youtube.com\/user\/safariduha1\",\"https:\/\/www.instagram.com\/safariduha\/?hl=hr\"]}]}<\/script>\n<!-- \/ Yoast SEO plugin. -->","yoast_head_json":{"title":"MOMENTUM KARTICE by Ana Bu\u010devi\u0107 - Ana Bu\u010devi\u0107","robots":{"index":"index","follow":"follow","max-snippet":"max-snippet:-1","max-image-preview":"max-image-preview:large","max-video-preview":"max-video-preview:-1"},"canonical":"https:\/\/anabucevic.com\/en\/product\/momentum-kartice-by-ana-bucevic\/","og_locale":"en_GB","og_type":"article","og_title":"MOMENTUM KARTICE by Ana Bu\u010devi\u0107 - Ana Bu\u010devi\u0107","og_description":"1.880,00 RSD  Potrebno je svega 17 sekundi kako biste va\u0161im mislima i fokusom postigli momentum dovoljno jak da zakon privla\u010denja po\u010dne raditi u va\u0161u korist. To i jeste svrha ovih kartica. Zapo\u010dnite dan odabirom jedne kartice kojom \u0107ete tog dana svjesno odabrati vlastitu vibraciju. Tekst na kartici mo\u017eete \u010ditati vi\u0161e puta zaredom, kao i vi\u0161e puta u danu","og_url":"https:\/\/anabucevic.com\/en\/product\/momentum-kartice-by-ana-bucevic\/","og_site_name":"Ana Bu\u010devi\u0107","article_publisher":"https:\/\/www.facebook.com\/safariduha\/","article_modified_time":"2025-12-10T20:07:42+00:00","og_image":[{"width":1600,"height":1600,"url":"https:\/\/anabucevic.com\/wp-content\/uploads\/2020\/10\/momentumob.jpg","type":"image\/jpeg"}],"twitter_card":"summary_large_image","schema":{"@context":"https:\/\/schema.org","@graph":[{"@type":"WebPage","@id":"https:\/\/anabucevic.com\/product\/momentum-kartice-by-ana-bucevic\/","url":"https:\/\/anabucevic.com\/product\/momentum-kartice-by-ana-bucevic\/","name":"MOMENTUM KARTICE by Ana Bu\u010devi\u0107 - Ana Bu\u010devi\u0107","isPartOf":{"@id":"https:\/\/anabucevic.com\/#website"},"primaryImageOfPage":{"@id":"https:\/\/anabucevic.com\/product\/momentum-kartice-by-ana-bucevic\/#primaryimage"},"image":{"@id":"https:\/\/anabucevic.com\/product\/momentum-kartice-by-ana-bucevic\/#primaryimage"},"thumbnailUrl":"https:\/\/anabucevic.com\/wp-content\/uploads\/2020\/10\/momentumob.jpg","datePublished":"2020-10-27T08:44:02+00:00","dateModified":"2025-12-10T20:07:42+00:00","breadcrumb":{"@id":"https:\/\/anabucevic.com\/product\/momentum-kartice-by-ana-bucevic\/#breadcrumb"},"inLanguage":"en-GB","potentialAction":[{"@type":"ReadAction","target":["https:\/\/anabucevic.com\/product\/momentum-kartice-by-ana-bucevic\/"]}]},{"@type":"ImageObject","inLanguage":"en-GB","@id":"https:\/\/anabucevic.com\/product\/momentum-kartice-by-ana-bucevic\/#primaryimage","url":"https:\/\/anabucevic.com\/wp-content\/uploads\/2020\/10\/momentumob.jpg","contentUrl":"https:\/\/anabucevic.com\/wp-content\/uploads\/2020\/10\/momentumob.jpg","width":1600,"height":1600},{"@type":"BreadcrumbList","@id":"https:\/\/anabucevic.com\/product\/momentum-kartice-by-ana-bucevic\/#breadcrumb","itemListElement":[{"@type":"ListItem","position":1,"name":"Home","item":"https:\/\/anabucevic.com\/"},{"@type":"ListItem","position":2,"name":"MOMENTUM KARTICE by Ana Bu\u010devi\u0107"}]},{"@type":"WebSite","@id":"https:\/\/anabucevic.com\/#website","url":"https:\/\/anabucevic.com\/","name":"Ana Bu\u010devi\u0107","description":"Budite ono \u0161to \u017eelite postati...","publisher":{"@id":"https:\/\/anabucevic.com\/#organization"},"alternateName":"Ana Bu\u010devi\u0107 - Budite ono \u0161to \u017eelite postati","potentialAction":[{"@type":"SearchAction","target":{"@type":"EntryPoint","urlTemplate":"https:\/\/anabucevic.com\/?s={search_term_string}"},"query-input":{"@type":"PropertyValueSpecification","valueRequired":true,"valueName":"search_term_string"}}],"inLanguage":"en-GB"},{"@type":"Organization","@id":"https:\/\/anabucevic.com\/#organization","name":"Ana Bu\u010devi\u0107","alternateName":"Safari Duha","url":"https:\/\/anabucevic.com\/","logo":{"@type":"ImageObject","inLanguage":"en-GB","@id":"https:\/\/anabucevic.com\/#\/schema\/logo\/image\/","url":"https:\/\/anabucevic.com\/wp-content\/uploads\/2026\/01\/Logo-stranice-1.png","contentUrl":"https:\/\/anabucevic.com\/wp-content\/uploads\/2026\/01\/Logo-stranice-1.png","width":701,"height":200,"caption":"Ana Bu\u010devi\u0107"},"image":{"@id":"https:\/\/anabucevic.com\/#\/schema\/logo\/image\/"},"sameAs":["https:\/\/www.facebook.com\/safariduha\/","https:\/\/www.youtube.com\/user\/safariduha1","https:\/\/www.instagram.com\/safariduha\/?hl=hr"]}]}},"_links":{"self":[{"href":"https:\/\/anabucevic.com\/en\/wp-json\/wp\/v2\/product\/6334503","targetHints":{"allow":["GET"]}}],"collection":[{"href":"https:\/\/anabucevic.com\/en\/wp-json\/wp\/v2\/product"}],"about":[{"href":"https:\/\/anabucevic.com\/en\/wp-json\/wp\/v2\/types\/product"}],"wp:featuredmedia":[{"embeddable":true,"href":"https:\/\/anabucevic.com\/en\/wp-json\/wp\/v2\/media\/6338905"}],"wp:attachment":[{"href":"https:\/\/anabucevic.com\/en\/wp-json\/wp\/v2\/media?parent=6334503"}],"wp:term":[{"taxonomy":"product_brand","embeddable":true,"href":"https:\/\/anabucevic.com\/en\/wp-json\/wp\/v2\/product_brand?post=6334503"},{"taxonomy":"product_cat","embeddable":true,"href":"https:\/\/anabucevic.com\/en\/wp-json\/wp\/v2\/product_cat?post=6334503"},{"taxonomy":"product_tag","embeddable":true,"href":"https:\/\/anabucevic.com\/en\/wp-json\/wp\/v2\/product_tag?post=6334503"}],"curies":[{"name":"wp","href":"https:\/\/api.w.org\/{rel}","templated":true}]}}