{"id":6335811,"date":"2021-06-02T21:53:03","date_gmt":"2021-06-02T19:53:03","guid":{"rendered":"https:\/\/anabucevic.com\/?post_type=product&#038;p=6335811"},"modified":"2026-01-26T14:20:56","modified_gmt":"2026-01-26T12:20:56","slug":"pricaj-mi-o-sebi-drustvena-igra","status":"publish","type":"product","link":"https:\/\/anabucevic.com\/en\/product\/pricaj-mi-o-sebi-drustvena-igra\/","title":{"rendered":"TELL ME ABOUT YOURSELF \u2013 board game"},"content":{"rendered":"","protected":false},"excerpt":{"rendered":"<p><strong>3.100,00 RSD<\/strong><\/p>\n<p>TELL ME ABOUT YOURSELF is a social game that you can play with family and friends, and it includes 200 questions, which help you to discover a lot about yourself and about others.<\/p>\n<p>The purpose of the game is to connect with others on a deeper level of our being through honest communication. You can draw cards in order or randomly. Let a new card be drawn each time by the person who answers first and after him all the players answer the same question.<\/p>\n<p>This board game is unique \u2013 there are no losers because everyone wins of connecting and getting to know yourself and others.<\/p>\n<p style=\"color: red;\"><strong>\u00a0<\/strong><\/p>","protected":false},"featured_media":6338908,"template":"","meta":[],"product_brand":[],"product_cat":[18],"product_tag":[],"class_list":{"0":"post-6335811","1":"product","2":"type-product","3":"status-publish","4":"has-post-thumbnail","6":"product_cat-knjige-i-ostalo","8":"first","9":"instock","10":"taxable","11":"shipping-taxable","12":"purchasable","13":"product-type-simple"},"yoast_head":"<!-- This site is optimized with the Yoast SEO plugin v27.2 - https:\/\/yoast.com\/product\/yoast-seo-wordpress\/ -->\n<title>PRI\u010cAJ MI O SEBI - dru\u0161tvena igra - Ana Bu\u010devi\u0107<\/title>\n<meta name=\"robots\" content=\"index, follow, max-snippet:-1, max-image-preview:large, max-video-preview:-1\" \/>\n<link rel=\"canonical\" href=\"https:\/\/anabucevic.com\/en\/product\/pricaj-mi-o-sebi-drustvena-igra\/\" \/>\n<meta property=\"og:locale\" content=\"en_GB\" \/>\n<meta property=\"og:type\" content=\"article\" \/>\n<meta property=\"og:title\" content=\"PRI\u010cAJ MI O SEBI - dru\u0161tvena igra - Ana Bu\u010devi\u0107\" \/>\n<meta property=\"og:description\" content=\"3.100,00 RSD  PRI\u010cAJ MI O SEBI dru\u0161tvena je igra, koju mo\u017eete igrati u krugu obitelji i prijatelja, a uklju\u010duje 200 pitanja, uz pomo\u0107 kojih \u0107ete otkriti mnogo toga, kako o sebi, tako i o drugima.  Svrha je igre iskrenom se komunikacijom povezati me\u0111usobno na dubljoj razini na\u0161eg bi\u0107a. Kartice mo\u017eete izvla\u010diti po redu ili nasumi\u010dno. Neka novu kartu svaki put izvu\u010de druga osoba koja prva odgovara, a nakon nje svi igra\u010di odgovaraju na isto pitanje.  Ova je dru\u0161tvena igra jedinstvena po tome \u0161to nema gubitnika jer svi pobje\u0111uju u ovoj igri me\u0111usobnog povezivanja i upoznavanja sebe i drugih. \u00a0\" \/>\n<meta property=\"og:url\" content=\"https:\/\/anabucevic.com\/en\/product\/pricaj-mi-o-sebi-drustvena-igra\/\" \/>\n<meta property=\"og:site_name\" content=\"Ana Bu\u010devi\u0107\" \/>\n<meta property=\"article:publisher\" content=\"https:\/\/www.facebook.com\/safariduha\/\" \/>\n<meta property=\"article:modified_time\" content=\"2026-01-26T12:20:56+00:00\" \/>\n<meta property=\"og:image\" content=\"https:\/\/anabucevic.com\/wp-content\/uploads\/2021\/06\/kutija-ana-kartice-2021-1-ob.jpg\" \/>\n\t<meta property=\"og:image:width\" content=\"1600\" \/>\n\t<meta property=\"og:image:height\" content=\"1600\" \/>\n\t<meta property=\"og:image:type\" content=\"image\/jpeg\" \/>\n<meta name=\"twitter:card\" content=\"summary_large_image\" \/>\n<script type=\"application\/ld+json\" class=\"yoast-schema-graph\">{\"@context\":\"https:\/\/schema.org\",\"@graph\":[{\"@type\":\"WebPage\",\"@id\":\"https:\/\/anabucevic.com\/product\/pricaj-mi-o-sebi-drustvena-igra\/\",\"url\":\"https:\/\/anabucevic.com\/product\/pricaj-mi-o-sebi-drustvena-igra\/\",\"name\":\"PRI\u010cAJ MI O SEBI - dru\u0161tvena igra - Ana Bu\u010devi\u0107\",\"isPartOf\":{\"@id\":\"https:\/\/anabucevic.com\/#website\"},\"primaryImageOfPage\":{\"@id\":\"https:\/\/anabucevic.com\/product\/pricaj-mi-o-sebi-drustvena-igra\/#primaryimage\"},\"image\":{\"@id\":\"https:\/\/anabucevic.com\/product\/pricaj-mi-o-sebi-drustvena-igra\/#primaryimage\"},\"thumbnailUrl\":\"https:\/\/anabucevic.com\/wp-content\/uploads\/2021\/06\/kutija-ana-kartice-2021-1-ob.jpg\",\"datePublished\":\"2021-06-02T19:53:03+00:00\",\"dateModified\":\"2026-01-26T12:20:56+00:00\",\"breadcrumb\":{\"@id\":\"https:\/\/anabucevic.com\/product\/pricaj-mi-o-sebi-drustvena-igra\/#breadcrumb\"},\"inLanguage\":\"en-GB\",\"potentialAction\":[{\"@type\":\"ReadAction\",\"target\":[\"https:\/\/anabucevic.com\/product\/pricaj-mi-o-sebi-drustvena-igra\/\"]}]},{\"@type\":\"ImageObject\",\"inLanguage\":\"en-GB\",\"@id\":\"https:\/\/anabucevic.com\/product\/pricaj-mi-o-sebi-drustvena-igra\/#primaryimage\",\"url\":\"https:\/\/anabucevic.com\/wp-content\/uploads\/2021\/06\/kutija-ana-kartice-2021-1-ob.jpg\",\"contentUrl\":\"https:\/\/anabucevic.com\/wp-content\/uploads\/2021\/06\/kutija-ana-kartice-2021-1-ob.jpg\",\"width\":1600,\"height\":1600},{\"@type\":\"BreadcrumbList\",\"@id\":\"https:\/\/anabucevic.com\/product\/pricaj-mi-o-sebi-drustvena-igra\/#breadcrumb\",\"itemListElement\":[{\"@type\":\"ListItem\",\"position\":1,\"name\":\"Home\",\"item\":\"https:\/\/anabucevic.com\/\"},{\"@type\":\"ListItem\",\"position\":2,\"name\":\"PRI\u010cAJ MI O SEBI &#8211; dru\u0161tvena igra\"}]},{\"@type\":\"WebSite\",\"@id\":\"https:\/\/anabucevic.com\/#website\",\"url\":\"https:\/\/anabucevic.com\/\",\"name\":\"Ana Bu\u010devi\u0107\",\"description\":\"Budite ono \u0161to \u017eelite postati...\",\"publisher\":{\"@id\":\"https:\/\/anabucevic.com\/#organization\"},\"alternateName\":\"Ana Bu\u010devi\u0107 - Budite ono \u0161to \u017eelite postati\",\"potentialAction\":[{\"@type\":\"SearchAction\",\"target\":{\"@type\":\"EntryPoint\",\"urlTemplate\":\"https:\/\/anabucevic.com\/?s={search_term_string}\"},\"query-input\":{\"@type\":\"PropertyValueSpecification\",\"valueRequired\":true,\"valueName\":\"search_term_string\"}}],\"inLanguage\":\"en-GB\"},{\"@type\":\"Organization\",\"@id\":\"https:\/\/anabucevic.com\/#organization\",\"name\":\"Ana Bu\u010devi\u0107\",\"alternateName\":\"Safari Duha\",\"url\":\"https:\/\/anabucevic.com\/\",\"logo\":{\"@type\":\"ImageObject\",\"inLanguage\":\"en-GB\",\"@id\":\"https:\/\/anabucevic.com\/#\/schema\/logo\/image\/\",\"url\":\"https:\/\/anabucevic.com\/wp-content\/uploads\/2026\/01\/Logo-stranice-1.png\",\"contentUrl\":\"https:\/\/anabucevic.com\/wp-content\/uploads\/2026\/01\/Logo-stranice-1.png\",\"width\":701,\"height\":200,\"caption\":\"Ana Bu\u010devi\u0107\"},\"image\":{\"@id\":\"https:\/\/anabucevic.com\/#\/schema\/logo\/image\/\"},\"sameAs\":[\"https:\/\/www.facebook.com\/safariduha\/\",\"https:\/\/www.youtube.com\/user\/safariduha1\",\"https:\/\/www.instagram.com\/safariduha\/?hl=hr\"]}]}<\/script>\n<!-- \/ Yoast SEO plugin. -->","yoast_head_json":{"title":"PRI\u010cAJ MI O SEBI - dru\u0161tvena igra - Ana Bu\u010devi\u0107","robots":{"index":"index","follow":"follow","max-snippet":"max-snippet:-1","max-image-preview":"max-image-preview:large","max-video-preview":"max-video-preview:-1"},"canonical":"https:\/\/anabucevic.com\/en\/product\/pricaj-mi-o-sebi-drustvena-igra\/","og_locale":"en_GB","og_type":"article","og_title":"PRI\u010cAJ MI O SEBI - dru\u0161tvena igra - Ana Bu\u010devi\u0107","og_description":"3.100,00 RSD  PRI\u010cAJ MI O SEBI dru\u0161tvena je igra, koju mo\u017eete igrati u krugu obitelji i prijatelja, a uklju\u010duje 200 pitanja, uz pomo\u0107 kojih \u0107ete otkriti mnogo toga, kako o sebi, tako i o drugima.  Svrha je igre iskrenom se komunikacijom povezati me\u0111usobno na dubljoj razini na\u0161eg bi\u0107a. Kartice mo\u017eete izvla\u010diti po redu ili nasumi\u010dno. Neka novu kartu svaki put izvu\u010de druga osoba koja prva odgovara, a nakon nje svi igra\u010di odgovaraju na isto pitanje.  Ova je dru\u0161tvena igra jedinstvena po tome \u0161to nema gubitnika jer svi pobje\u0111uju u ovoj igri me\u0111usobnog povezivanja i upoznavanja sebe i drugih. \u00a0","og_url":"https:\/\/anabucevic.com\/en\/product\/pricaj-mi-o-sebi-drustvena-igra\/","og_site_name":"Ana Bu\u010devi\u0107","article_publisher":"https:\/\/www.facebook.com\/safariduha\/","article_modified_time":"2026-01-26T12:20:56+00:00","og_image":[{"width":1600,"height":1600,"url":"https:\/\/anabucevic.com\/wp-content\/uploads\/2021\/06\/kutija-ana-kartice-2021-1-ob.jpg","type":"image\/jpeg"}],"twitter_card":"summary_large_image","schema":{"@context":"https:\/\/schema.org","@graph":[{"@type":"WebPage","@id":"https:\/\/anabucevic.com\/product\/pricaj-mi-o-sebi-drustvena-igra\/","url":"https:\/\/anabucevic.com\/product\/pricaj-mi-o-sebi-drustvena-igra\/","name":"PRI\u010cAJ MI O SEBI - dru\u0161tvena igra - Ana Bu\u010devi\u0107","isPartOf":{"@id":"https:\/\/anabucevic.com\/#website"},"primaryImageOfPage":{"@id":"https:\/\/anabucevic.com\/product\/pricaj-mi-o-sebi-drustvena-igra\/#primaryimage"},"image":{"@id":"https:\/\/anabucevic.com\/product\/pricaj-mi-o-sebi-drustvena-igra\/#primaryimage"},"thumbnailUrl":"https:\/\/anabucevic.com\/wp-content\/uploads\/2021\/06\/kutija-ana-kartice-2021-1-ob.jpg","datePublished":"2021-06-02T19:53:03+00:00","dateModified":"2026-01-26T12:20:56+00:00","breadcrumb":{"@id":"https:\/\/anabucevic.com\/product\/pricaj-mi-o-sebi-drustvena-igra\/#breadcrumb"},"inLanguage":"en-GB","potentialAction":[{"@type":"ReadAction","target":["https:\/\/anabucevic.com\/product\/pricaj-mi-o-sebi-drustvena-igra\/"]}]},{"@type":"ImageObject","inLanguage":"en-GB","@id":"https:\/\/anabucevic.com\/product\/pricaj-mi-o-sebi-drustvena-igra\/#primaryimage","url":"https:\/\/anabucevic.com\/wp-content\/uploads\/2021\/06\/kutija-ana-kartice-2021-1-ob.jpg","contentUrl":"https:\/\/anabucevic.com\/wp-content\/uploads\/2021\/06\/kutija-ana-kartice-2021-1-ob.jpg","width":1600,"height":1600},{"@type":"BreadcrumbList","@id":"https:\/\/anabucevic.com\/product\/pricaj-mi-o-sebi-drustvena-igra\/#breadcrumb","itemListElement":[{"@type":"ListItem","position":1,"name":"Home","item":"https:\/\/anabucevic.com\/"},{"@type":"ListItem","position":2,"name":"PRI\u010cAJ MI O SEBI &#8211; dru\u0161tvena igra"}]},{"@type":"WebSite","@id":"https:\/\/anabucevic.com\/#website","url":"https:\/\/anabucevic.com\/","name":"Ana Bu\u010devi\u0107","description":"Budite ono \u0161to \u017eelite postati...","publisher":{"@id":"https:\/\/anabucevic.com\/#organization"},"alternateName":"Ana Bu\u010devi\u0107 - Budite ono \u0161to \u017eelite postati","potentialAction":[{"@type":"SearchAction","target":{"@type":"EntryPoint","urlTemplate":"https:\/\/anabucevic.com\/?s={search_term_string}"},"query-input":{"@type":"PropertyValueSpecification","valueRequired":true,"valueName":"search_term_string"}}],"inLanguage":"en-GB"},{"@type":"Organization","@id":"https:\/\/anabucevic.com\/#organization","name":"Ana Bu\u010devi\u0107","alternateName":"Safari Duha","url":"https:\/\/anabucevic.com\/","logo":{"@type":"ImageObject","inLanguage":"en-GB","@id":"https:\/\/anabucevic.com\/#\/schema\/logo\/image\/","url":"https:\/\/anabucevic.com\/wp-content\/uploads\/2026\/01\/Logo-stranice-1.png","contentUrl":"https:\/\/anabucevic.com\/wp-content\/uploads\/2026\/01\/Logo-stranice-1.png","width":701,"height":200,"caption":"Ana Bu\u010devi\u0107"},"image":{"@id":"https:\/\/anabucevic.com\/#\/schema\/logo\/image\/"},"sameAs":["https:\/\/www.facebook.com\/safariduha\/","https:\/\/www.youtube.com\/user\/safariduha1","https:\/\/www.instagram.com\/safariduha\/?hl=hr"]}]}},"_links":{"self":[{"href":"https:\/\/anabucevic.com\/en\/wp-json\/wp\/v2\/product\/6335811","targetHints":{"allow":["GET"]}}],"collection":[{"href":"https:\/\/anabucevic.com\/en\/wp-json\/wp\/v2\/product"}],"about":[{"href":"https:\/\/anabucevic.com\/en\/wp-json\/wp\/v2\/types\/product"}],"wp:featuredmedia":[{"embeddable":true,"href":"https:\/\/anabucevic.com\/en\/wp-json\/wp\/v2\/media\/6338908"}],"wp:attachment":[{"href":"https:\/\/anabucevic.com\/en\/wp-json\/wp\/v2\/media?parent=6335811"}],"wp:term":[{"taxonomy":"product_brand","embeddable":true,"href":"https:\/\/anabucevic.com\/en\/wp-json\/wp\/v2\/product_brand?post=6335811"},{"taxonomy":"product_cat","embeddable":true,"href":"https:\/\/anabucevic.com\/en\/wp-json\/wp\/v2\/product_cat?post=6335811"},{"taxonomy":"product_tag","embeddable":true,"href":"https:\/\/anabucevic.com\/en\/wp-json\/wp\/v2\/product_tag?post=6335811"}],"curies":[{"name":"wp","href":"https:\/\/api.w.org\/{rel}","templated":true}]}}