{"id":6348077,"date":"2023-01-15T15:27:12","date_gmt":"2023-01-15T13:27:12","guid":{"rendered":"https:\/\/anabucevic.com\/?post_type=product&#038;p=6348077"},"modified":"2023-03-07T20:44:58","modified_gmt":"2023-03-07T18:44:58","slug":"zivot-je-lijep-kad-se-zivjeti-zna","status":"publish","type":"product","link":"https:\/\/anabucevic.com\/en\/product\/zivot-je-lijep-kad-se-zivjeti-zna\/","title":{"rendered":"Life Is Beautiful When You Know How To Live It"},"content":{"rendered":"","protected":false},"excerpt":{"rendered":"<p><strong>2,700 rsd<\/strong><\/p>\n<p>There are three types of books:<br \/>\nbooks that entertain you,<br \/>\nbooks that teach you something<br \/>\nand books that change you.<br \/>\nBy reading this book, you will find the answer\nto which genre this book belongs.<\/p>\n<p>\u201cLife Is Beautiful When You Know How To Live It\u201d is a\nbook that tells stories about human and life destinies, which,<br \/>\nas you will find out, can really change, when you know how to live\u2026<\/p>\n<p>In each of the five stories, you can find a part of yourself and\nyour soul and feel how its scattered parts merge into a whole again.<\/p>","protected":false},"featured_media":6348088,"template":"","meta":[],"product_brand":[],"product_cat":[18],"product_tag":[],"class_list":{"0":"post-6348077","1":"product","2":"type-product","3":"status-publish","4":"has-post-thumbnail","6":"product_cat-knjige-i-ostalo","8":"first","9":"instock","10":"taxable","11":"shipping-taxable","12":"purchasable","13":"product-type-simple"},"yoast_head":"<!-- This site is optimized with the Yoast SEO plugin v27.5 - https:\/\/yoast.com\/product\/yoast-seo-wordpress\/ -->\n<title>\u017divot je lijep kad se \u017eivjeti zna - Ana Bu\u010devi\u0107<\/title>\n<meta name=\"robots\" content=\"index, follow, max-snippet:-1, max-image-preview:large, max-video-preview:-1\" \/>\n<link rel=\"canonical\" href=\"https:\/\/anabucevic.com\/en\/product\/zivot-je-lijep-kad-se-zivjeti-zna\/\" \/>\n<meta property=\"og:locale\" content=\"en_GB\" \/>\n<meta property=\"og:type\" content=\"article\" \/>\n<meta property=\"og:title\" content=\"\u017divot je lijep kad se \u017eivjeti zna - Ana Bu\u010devi\u0107\" \/>\n<meta property=\"og:description\" content=\"2,700 rsd  Postoje tri vrste knjiga: knjige koje vas zabave, knjige koje vas ne\u010demu nau\u010de i knjige koje vas promijene. \u010citaju\u0107i ovu knjigu, do\u0107i \u0107ete do odgovora kojoj vrsti ova knjiga pripada.  \u201c\u017divot je lijep kad se \u017eivjeti zna\u201d knjiga je koja pri\u010da o ljudskim i \u017eivotnim sudbinama, koje se, kako \u0107ete saznati, itekako mogu mijenjati, kad se \u017eivjeti zna...  U svakoj od pet pri\u010da mo\u017eete prona\u0107i dio sebe i svoje du\u0161e te osjetiti kako se njeni rasuti dijelovi ponovno stapaju u cjelinu.\" \/>\n<meta property=\"og:url\" content=\"https:\/\/anabucevic.com\/en\/product\/zivot-je-lijep-kad-se-zivjeti-zna\/\" \/>\n<meta property=\"og:site_name\" content=\"Ana Bu\u010devi\u0107\" \/>\n<meta property=\"article:publisher\" content=\"https:\/\/www.facebook.com\/safariduha\/\" \/>\n<meta property=\"article:modified_time\" content=\"2023-03-07T18:44:58+00:00\" \/>\n<meta property=\"og:image\" content=\"https:\/\/anabucevic.com\/wp-content\/uploads\/2023\/01\/ana-zivot.2023-1024x1024.jpg\" \/>\n\t<meta property=\"og:image:width\" content=\"1024\" \/>\n\t<meta property=\"og:image:height\" content=\"1024\" \/>\n\t<meta property=\"og:image:type\" content=\"image\/jpeg\" \/>\n<meta name=\"twitter:card\" content=\"summary_large_image\" \/>\n<script type=\"application\/ld+json\" class=\"yoast-schema-graph\">{\"@context\":\"https:\\\/\\\/schema.org\",\"@graph\":[{\"@type\":\"WebPage\",\"@id\":\"https:\\\/\\\/anabucevic.com\\\/product\\\/zivot-je-lijep-kad-se-zivjeti-zna\\\/\",\"url\":\"https:\\\/\\\/anabucevic.com\\\/product\\\/zivot-je-lijep-kad-se-zivjeti-zna\\\/\",\"name\":\"\u017divot je lijep kad se \u017eivjeti zna - Ana Bu\u010devi\u0107\",\"isPartOf\":{\"@id\":\"https:\\\/\\\/anabucevic.com\\\/#website\"},\"primaryImageOfPage\":{\"@id\":\"https:\\\/\\\/anabucevic.com\\\/product\\\/zivot-je-lijep-kad-se-zivjeti-zna\\\/#primaryimage\"},\"image\":{\"@id\":\"https:\\\/\\\/anabucevic.com\\\/product\\\/zivot-je-lijep-kad-se-zivjeti-zna\\\/#primaryimage\"},\"thumbnailUrl\":\"https:\\\/\\\/anabucevic.com\\\/wp-content\\\/uploads\\\/2023\\\/01\\\/ana-zivot.2023.jpg\",\"datePublished\":\"2023-01-15T13:27:12+00:00\",\"dateModified\":\"2023-03-07T18:44:58+00:00\",\"breadcrumb\":{\"@id\":\"https:\\\/\\\/anabucevic.com\\\/product\\\/zivot-je-lijep-kad-se-zivjeti-zna\\\/#breadcrumb\"},\"inLanguage\":\"en-GB\",\"potentialAction\":[{\"@type\":\"ReadAction\",\"target\":[\"https:\\\/\\\/anabucevic.com\\\/product\\\/zivot-je-lijep-kad-se-zivjeti-zna\\\/\"]}]},{\"@type\":\"ImageObject\",\"inLanguage\":\"en-GB\",\"@id\":\"https:\\\/\\\/anabucevic.com\\\/product\\\/zivot-je-lijep-kad-se-zivjeti-zna\\\/#primaryimage\",\"url\":\"https:\\\/\\\/anabucevic.com\\\/wp-content\\\/uploads\\\/2023\\\/01\\\/ana-zivot.2023.jpg\",\"contentUrl\":\"https:\\\/\\\/anabucevic.com\\\/wp-content\\\/uploads\\\/2023\\\/01\\\/ana-zivot.2023.jpg\",\"width\":2232,\"height\":2232},{\"@type\":\"BreadcrumbList\",\"@id\":\"https:\\\/\\\/anabucevic.com\\\/product\\\/zivot-je-lijep-kad-se-zivjeti-zna\\\/#breadcrumb\",\"itemListElement\":[{\"@type\":\"ListItem\",\"position\":1,\"name\":\"Home\",\"item\":\"https:\\\/\\\/anabucevic.com\\\/\"},{\"@type\":\"ListItem\",\"position\":2,\"name\":\"\u017divot je lijep kad se \u017eivjeti zna\"}]},{\"@type\":\"WebSite\",\"@id\":\"https:\\\/\\\/anabucevic.com\\\/#website\",\"url\":\"https:\\\/\\\/anabucevic.com\\\/\",\"name\":\"Ana Bu\u010devi\u0107\",\"description\":\"Budite ono \u0161to \u017eelite postati...\",\"publisher\":{\"@id\":\"https:\\\/\\\/anabucevic.com\\\/#organization\"},\"alternateName\":\"Ana Bu\u010devi\u0107 - Budite ono \u0161to \u017eelite postati\",\"potentialAction\":[{\"@type\":\"SearchAction\",\"target\":{\"@type\":\"EntryPoint\",\"urlTemplate\":\"https:\\\/\\\/anabucevic.com\\\/?s={search_term_string}\"},\"query-input\":{\"@type\":\"PropertyValueSpecification\",\"valueRequired\":true,\"valueName\":\"search_term_string\"}}],\"inLanguage\":\"en-GB\"},{\"@type\":\"Organization\",\"@id\":\"https:\\\/\\\/anabucevic.com\\\/#organization\",\"name\":\"Ana Bu\u010devi\u0107\",\"alternateName\":\"Safari Duha\",\"url\":\"https:\\\/\\\/anabucevic.com\\\/\",\"logo\":{\"@type\":\"ImageObject\",\"inLanguage\":\"en-GB\",\"@id\":\"https:\\\/\\\/anabucevic.com\\\/#\\\/schema\\\/logo\\\/image\\\/\",\"url\":\"https:\\\/\\\/anabucevic.com\\\/wp-content\\\/uploads\\\/2026\\\/01\\\/Logo-stranice-1.png\",\"contentUrl\":\"https:\\\/\\\/anabucevic.com\\\/wp-content\\\/uploads\\\/2026\\\/01\\\/Logo-stranice-1.png\",\"width\":701,\"height\":200,\"caption\":\"Ana Bu\u010devi\u0107\"},\"image\":{\"@id\":\"https:\\\/\\\/anabucevic.com\\\/#\\\/schema\\\/logo\\\/image\\\/\"},\"sameAs\":[\"https:\\\/\\\/www.facebook.com\\\/safariduha\\\/\",\"https:\\\/\\\/www.youtube.com\\\/user\\\/safariduha1\",\"https:\\\/\\\/www.instagram.com\\\/safariduha\\\/?hl=hr\"]}]}<\/script>\n<!-- \/ Yoast SEO plugin. -->","yoast_head_json":{"title":"\u017divot je lijep kad se \u017eivjeti zna - Ana Bu\u010devi\u0107","robots":{"index":"index","follow":"follow","max-snippet":"max-snippet:-1","max-image-preview":"max-image-preview:large","max-video-preview":"max-video-preview:-1"},"canonical":"https:\/\/anabucevic.com\/en\/product\/zivot-je-lijep-kad-se-zivjeti-zna\/","og_locale":"en_GB","og_type":"article","og_title":"\u017divot je lijep kad se \u017eivjeti zna - Ana Bu\u010devi\u0107","og_description":"2,700 rsd  Postoje tri vrste knjiga: knjige koje vas zabave, knjige koje vas ne\u010demu nau\u010de i knjige koje vas promijene. \u010citaju\u0107i ovu knjigu, do\u0107i \u0107ete do odgovora kojoj vrsti ova knjiga pripada.  \u201c\u017divot je lijep kad se \u017eivjeti zna\u201d knjiga je koja pri\u010da o ljudskim i \u017eivotnim sudbinama, koje se, kako \u0107ete saznati, itekako mogu mijenjati, kad se \u017eivjeti zna...  U svakoj od pet pri\u010da mo\u017eete prona\u0107i dio sebe i svoje du\u0161e te osjetiti kako se njeni rasuti dijelovi ponovno stapaju u cjelinu.","og_url":"https:\/\/anabucevic.com\/en\/product\/zivot-je-lijep-kad-se-zivjeti-zna\/","og_site_name":"Ana Bu\u010devi\u0107","article_publisher":"https:\/\/www.facebook.com\/safariduha\/","article_modified_time":"2023-03-07T18:44:58+00:00","og_image":[{"width":1024,"height":1024,"url":"https:\/\/anabucevic.com\/wp-content\/uploads\/2023\/01\/ana-zivot.2023-1024x1024.jpg","type":"image\/jpeg"}],"twitter_card":"summary_large_image","schema":{"@context":"https:\/\/schema.org","@graph":[{"@type":"WebPage","@id":"https:\/\/anabucevic.com\/product\/zivot-je-lijep-kad-se-zivjeti-zna\/","url":"https:\/\/anabucevic.com\/product\/zivot-je-lijep-kad-se-zivjeti-zna\/","name":"\u017divot je lijep kad se \u017eivjeti zna - Ana Bu\u010devi\u0107","isPartOf":{"@id":"https:\/\/anabucevic.com\/#website"},"primaryImageOfPage":{"@id":"https:\/\/anabucevic.com\/product\/zivot-je-lijep-kad-se-zivjeti-zna\/#primaryimage"},"image":{"@id":"https:\/\/anabucevic.com\/product\/zivot-je-lijep-kad-se-zivjeti-zna\/#primaryimage"},"thumbnailUrl":"https:\/\/anabucevic.com\/wp-content\/uploads\/2023\/01\/ana-zivot.2023.jpg","datePublished":"2023-01-15T13:27:12+00:00","dateModified":"2023-03-07T18:44:58+00:00","breadcrumb":{"@id":"https:\/\/anabucevic.com\/product\/zivot-je-lijep-kad-se-zivjeti-zna\/#breadcrumb"},"inLanguage":"en-GB","potentialAction":[{"@type":"ReadAction","target":["https:\/\/anabucevic.com\/product\/zivot-je-lijep-kad-se-zivjeti-zna\/"]}]},{"@type":"ImageObject","inLanguage":"en-GB","@id":"https:\/\/anabucevic.com\/product\/zivot-je-lijep-kad-se-zivjeti-zna\/#primaryimage","url":"https:\/\/anabucevic.com\/wp-content\/uploads\/2023\/01\/ana-zivot.2023.jpg","contentUrl":"https:\/\/anabucevic.com\/wp-content\/uploads\/2023\/01\/ana-zivot.2023.jpg","width":2232,"height":2232},{"@type":"BreadcrumbList","@id":"https:\/\/anabucevic.com\/product\/zivot-je-lijep-kad-se-zivjeti-zna\/#breadcrumb","itemListElement":[{"@type":"ListItem","position":1,"name":"Home","item":"https:\/\/anabucevic.com\/"},{"@type":"ListItem","position":2,"name":"\u017divot je lijep kad se \u017eivjeti zna"}]},{"@type":"WebSite","@id":"https:\/\/anabucevic.com\/#website","url":"https:\/\/anabucevic.com\/","name":"Ana Bu\u010devi\u0107","description":"Budite ono \u0161to \u017eelite postati...","publisher":{"@id":"https:\/\/anabucevic.com\/#organization"},"alternateName":"Ana Bu\u010devi\u0107 - Budite ono \u0161to \u017eelite postati","potentialAction":[{"@type":"SearchAction","target":{"@type":"EntryPoint","urlTemplate":"https:\/\/anabucevic.com\/?s={search_term_string}"},"query-input":{"@type":"PropertyValueSpecification","valueRequired":true,"valueName":"search_term_string"}}],"inLanguage":"en-GB"},{"@type":"Organization","@id":"https:\/\/anabucevic.com\/#organization","name":"Ana Bu\u010devi\u0107","alternateName":"Safari Duha","url":"https:\/\/anabucevic.com\/","logo":{"@type":"ImageObject","inLanguage":"en-GB","@id":"https:\/\/anabucevic.com\/#\/schema\/logo\/image\/","url":"https:\/\/anabucevic.com\/wp-content\/uploads\/2026\/01\/Logo-stranice-1.png","contentUrl":"https:\/\/anabucevic.com\/wp-content\/uploads\/2026\/01\/Logo-stranice-1.png","width":701,"height":200,"caption":"Ana Bu\u010devi\u0107"},"image":{"@id":"https:\/\/anabucevic.com\/#\/schema\/logo\/image\/"},"sameAs":["https:\/\/www.facebook.com\/safariduha\/","https:\/\/www.youtube.com\/user\/safariduha1","https:\/\/www.instagram.com\/safariduha\/?hl=hr"]}]}},"_links":{"self":[{"href":"https:\/\/anabucevic.com\/en\/wp-json\/wp\/v2\/product\/6348077","targetHints":{"allow":["GET"]}}],"collection":[{"href":"https:\/\/anabucevic.com\/en\/wp-json\/wp\/v2\/product"}],"about":[{"href":"https:\/\/anabucevic.com\/en\/wp-json\/wp\/v2\/types\/product"}],"wp:featuredmedia":[{"embeddable":true,"href":"https:\/\/anabucevic.com\/en\/wp-json\/wp\/v2\/media\/6348088"}],"wp:attachment":[{"href":"https:\/\/anabucevic.com\/en\/wp-json\/wp\/v2\/media?parent=6348077"}],"wp:term":[{"taxonomy":"product_brand","embeddable":true,"href":"https:\/\/anabucevic.com\/en\/wp-json\/wp\/v2\/product_brand?post=6348077"},{"taxonomy":"product_cat","embeddable":true,"href":"https:\/\/anabucevic.com\/en\/wp-json\/wp\/v2\/product_cat?post=6348077"},{"taxonomy":"product_tag","embeddable":true,"href":"https:\/\/anabucevic.com\/en\/wp-json\/wp\/v2\/product_tag?post=6348077"}],"curies":[{"name":"wp","href":"https:\/\/api.w.org\/{rel}","templated":true}]}}