{"id":6350103,"date":"2023-02-28T15:53:32","date_gmt":"2023-02-28T13:53:32","guid":{"rendered":"https:\/\/anabucevic.com\/?post_type=product&#038;p=6350103"},"modified":"2023-03-07T20:44:31","modified_gmt":"2023-03-07T18:44:31","slug":"life-is-beautifulwhen-you-know-how-to-live-it","status":"publish","type":"product","link":"https:\/\/anabucevic.com\/en\/product\/life-is-beautifulwhen-you-know-how-to-live-it\/","title":{"rendered":"Life Is Beautiful When You Know How To Live It (English Edition)"},"content":{"rendered":"","protected":false},"excerpt":{"rendered":"<p><strong>2,700 rsd<\/strong><\/p>\n<p style=\"font-weight: 400;\">There are three types of books:<br \/>\nbooks that entertain you,<br \/>\nbooks that teach you something<br \/>\nand books that change you.<\/p>\n<p>By reading this book, you will find the answer<br \/>\nto which genre this book belongs.<\/p>\n<p>&#8220;Life Is Beautiful When You Know How To Live It&#8221; is a<br \/>\nbook that tells stories about human and life destinies, which,<br \/>\nas you will find out, can really change, when you know how to live&#8230;<\/p>\n<p>In each of the five stories, you can find a part of yourself and<br \/>\nyour soul and feel how its scattered parts merge into a whole again.<\/p>","protected":false},"featured_media":6350104,"template":"","meta":[],"product_brand":[],"product_cat":[18],"product_tag":[],"class_list":{"0":"post-6350103","1":"product","2":"type-product","3":"status-publish","4":"has-post-thumbnail","6":"product_cat-knjige-i-ostalo","8":"first","9":"instock","10":"taxable","11":"shipping-taxable","12":"purchasable","13":"product-type-simple"},"yoast_head":"<!-- This site is optimized with the Yoast SEO plugin v27.2 - https:\/\/yoast.com\/product\/yoast-seo-wordpress\/ -->\n<title>Life Is Beautiful When You Know How To Live It (English Edition) - Ana Bu\u010devi\u0107<\/title>\n<meta name=\"robots\" content=\"index, follow, max-snippet:-1, max-image-preview:large, max-video-preview:-1\" \/>\n<link rel=\"canonical\" href=\"https:\/\/anabucevic.com\/en\/product\/life-is-beautifulwhen-you-know-how-to-live-it\/\" \/>\n<meta property=\"og:locale\" content=\"en_GB\" \/>\n<meta property=\"og:type\" content=\"article\" \/>\n<meta property=\"og:title\" content=\"Life Is Beautiful When You Know How To Live It (English Edition) - Ana Bu\u010devi\u0107\" \/>\n<meta property=\"og:description\" content=\"2,700 rsd There are three types of books: books that entertain you, books that teach you something and books that change you. By reading this book, you will find the answer to which genre this book belongs.  &quot;Life Is Beautiful When You Know How To Live It&quot; is a book that tells stories about human and life destinies, which, as you will find out, can really change, when you know how to live...  In each of the five stories, you can find a part of yourself and your soul and feel how its scattered parts merge into a whole again.\" \/>\n<meta property=\"og:url\" content=\"https:\/\/anabucevic.com\/en\/product\/life-is-beautifulwhen-you-know-how-to-live-it\/\" \/>\n<meta property=\"og:site_name\" content=\"Ana Bu\u010devi\u0107\" \/>\n<meta property=\"article:publisher\" content=\"https:\/\/www.facebook.com\/safariduha\/\" \/>\n<meta property=\"article:modified_time\" content=\"2023-03-07T18:44:31+00:00\" \/>\n<meta property=\"og:image\" content=\"https:\/\/anabucevic.com\/wp-content\/uploads\/2023\/02\/Screenshot-2023-02-28-at-14.53.58-1024x1024.png\" \/>\n\t<meta property=\"og:image:width\" content=\"1024\" \/>\n\t<meta property=\"og:image:height\" content=\"1024\" \/>\n\t<meta property=\"og:image:type\" content=\"image\/png\" \/>\n<meta name=\"twitter:card\" content=\"summary_large_image\" \/>\n<script type=\"application\/ld+json\" class=\"yoast-schema-graph\">{\"@context\":\"https:\/\/schema.org\",\"@graph\":[{\"@type\":\"WebPage\",\"@id\":\"https:\/\/anabucevic.com\/product\/life-is-beautifulwhen-you-know-how-to-live-it\/\",\"url\":\"https:\/\/anabucevic.com\/product\/life-is-beautifulwhen-you-know-how-to-live-it\/\",\"name\":\"Life Is Beautiful When You Know How To Live It (English Edition) - Ana Bu\u010devi\u0107\",\"isPartOf\":{\"@id\":\"https:\/\/anabucevic.com\/#website\"},\"primaryImageOfPage\":{\"@id\":\"https:\/\/anabucevic.com\/product\/life-is-beautifulwhen-you-know-how-to-live-it\/#primaryimage\"},\"image\":{\"@id\":\"https:\/\/anabucevic.com\/product\/life-is-beautifulwhen-you-know-how-to-live-it\/#primaryimage\"},\"thumbnailUrl\":\"https:\/\/anabucevic.com\/wp-content\/uploads\/2023\/02\/Screenshot-2023-02-28-at-14.53.58.png\",\"datePublished\":\"2023-02-28T13:53:32+00:00\",\"dateModified\":\"2023-03-07T18:44:31+00:00\",\"breadcrumb\":{\"@id\":\"https:\/\/anabucevic.com\/product\/life-is-beautifulwhen-you-know-how-to-live-it\/#breadcrumb\"},\"inLanguage\":\"en-GB\",\"potentialAction\":[{\"@type\":\"ReadAction\",\"target\":[\"https:\/\/anabucevic.com\/product\/life-is-beautifulwhen-you-know-how-to-live-it\/\"]}]},{\"@type\":\"ImageObject\",\"inLanguage\":\"en-GB\",\"@id\":\"https:\/\/anabucevic.com\/product\/life-is-beautifulwhen-you-know-how-to-live-it\/#primaryimage\",\"url\":\"https:\/\/anabucevic.com\/wp-content\/uploads\/2023\/02\/Screenshot-2023-02-28-at-14.53.58.png\",\"contentUrl\":\"https:\/\/anabucevic.com\/wp-content\/uploads\/2023\/02\/Screenshot-2023-02-28-at-14.53.58.png\",\"width\":1498,\"height\":1500},{\"@type\":\"BreadcrumbList\",\"@id\":\"https:\/\/anabucevic.com\/product\/life-is-beautifulwhen-you-know-how-to-live-it\/#breadcrumb\",\"itemListElement\":[{\"@type\":\"ListItem\",\"position\":1,\"name\":\"Home\",\"item\":\"https:\/\/anabucevic.com\/\"},{\"@type\":\"ListItem\",\"position\":2,\"name\":\"Life Is Beautiful When You Know How To Live It (English Edition)\"}]},{\"@type\":\"WebSite\",\"@id\":\"https:\/\/anabucevic.com\/#website\",\"url\":\"https:\/\/anabucevic.com\/\",\"name\":\"Ana Bu\u010devi\u0107\",\"description\":\"Budite ono \u0161to \u017eelite postati...\",\"publisher\":{\"@id\":\"https:\/\/anabucevic.com\/#organization\"},\"alternateName\":\"Ana Bu\u010devi\u0107 - Budite ono \u0161to \u017eelite postati\",\"potentialAction\":[{\"@type\":\"SearchAction\",\"target\":{\"@type\":\"EntryPoint\",\"urlTemplate\":\"https:\/\/anabucevic.com\/?s={search_term_string}\"},\"query-input\":{\"@type\":\"PropertyValueSpecification\",\"valueRequired\":true,\"valueName\":\"search_term_string\"}}],\"inLanguage\":\"en-GB\"},{\"@type\":\"Organization\",\"@id\":\"https:\/\/anabucevic.com\/#organization\",\"name\":\"Ana Bu\u010devi\u0107\",\"alternateName\":\"Safari Duha\",\"url\":\"https:\/\/anabucevic.com\/\",\"logo\":{\"@type\":\"ImageObject\",\"inLanguage\":\"en-GB\",\"@id\":\"https:\/\/anabucevic.com\/#\/schema\/logo\/image\/\",\"url\":\"https:\/\/anabucevic.com\/wp-content\/uploads\/2026\/01\/Logo-stranice-1.png\",\"contentUrl\":\"https:\/\/anabucevic.com\/wp-content\/uploads\/2026\/01\/Logo-stranice-1.png\",\"width\":701,\"height\":200,\"caption\":\"Ana Bu\u010devi\u0107\"},\"image\":{\"@id\":\"https:\/\/anabucevic.com\/#\/schema\/logo\/image\/\"},\"sameAs\":[\"https:\/\/www.facebook.com\/safariduha\/\",\"https:\/\/www.youtube.com\/user\/safariduha1\",\"https:\/\/www.instagram.com\/safariduha\/?hl=hr\"]}]}<\/script>\n<!-- \/ Yoast SEO plugin. -->","yoast_head_json":{"title":"Life Is Beautiful When You Know How To Live It (English Edition) - Ana Bu\u010devi\u0107","robots":{"index":"index","follow":"follow","max-snippet":"max-snippet:-1","max-image-preview":"max-image-preview:large","max-video-preview":"max-video-preview:-1"},"canonical":"https:\/\/anabucevic.com\/en\/product\/life-is-beautifulwhen-you-know-how-to-live-it\/","og_locale":"en_GB","og_type":"article","og_title":"Life Is Beautiful When You Know How To Live It (English Edition) - Ana Bu\u010devi\u0107","og_description":"2,700 rsd There are three types of books: books that entertain you, books that teach you something and books that change you. By reading this book, you will find the answer to which genre this book belongs.  \"Life Is Beautiful When You Know How To Live It\" is a book that tells stories about human and life destinies, which, as you will find out, can really change, when you know how to live...  In each of the five stories, you can find a part of yourself and your soul and feel how its scattered parts merge into a whole again.","og_url":"https:\/\/anabucevic.com\/en\/product\/life-is-beautifulwhen-you-know-how-to-live-it\/","og_site_name":"Ana Bu\u010devi\u0107","article_publisher":"https:\/\/www.facebook.com\/safariduha\/","article_modified_time":"2023-03-07T18:44:31+00:00","og_image":[{"width":1024,"height":1024,"url":"https:\/\/anabucevic.com\/wp-content\/uploads\/2023\/02\/Screenshot-2023-02-28-at-14.53.58-1024x1024.png","type":"image\/png"}],"twitter_card":"summary_large_image","schema":{"@context":"https:\/\/schema.org","@graph":[{"@type":"WebPage","@id":"https:\/\/anabucevic.com\/product\/life-is-beautifulwhen-you-know-how-to-live-it\/","url":"https:\/\/anabucevic.com\/product\/life-is-beautifulwhen-you-know-how-to-live-it\/","name":"Life Is Beautiful When You Know How To Live It (English Edition) - Ana Bu\u010devi\u0107","isPartOf":{"@id":"https:\/\/anabucevic.com\/#website"},"primaryImageOfPage":{"@id":"https:\/\/anabucevic.com\/product\/life-is-beautifulwhen-you-know-how-to-live-it\/#primaryimage"},"image":{"@id":"https:\/\/anabucevic.com\/product\/life-is-beautifulwhen-you-know-how-to-live-it\/#primaryimage"},"thumbnailUrl":"https:\/\/anabucevic.com\/wp-content\/uploads\/2023\/02\/Screenshot-2023-02-28-at-14.53.58.png","datePublished":"2023-02-28T13:53:32+00:00","dateModified":"2023-03-07T18:44:31+00:00","breadcrumb":{"@id":"https:\/\/anabucevic.com\/product\/life-is-beautifulwhen-you-know-how-to-live-it\/#breadcrumb"},"inLanguage":"en-GB","potentialAction":[{"@type":"ReadAction","target":["https:\/\/anabucevic.com\/product\/life-is-beautifulwhen-you-know-how-to-live-it\/"]}]},{"@type":"ImageObject","inLanguage":"en-GB","@id":"https:\/\/anabucevic.com\/product\/life-is-beautifulwhen-you-know-how-to-live-it\/#primaryimage","url":"https:\/\/anabucevic.com\/wp-content\/uploads\/2023\/02\/Screenshot-2023-02-28-at-14.53.58.png","contentUrl":"https:\/\/anabucevic.com\/wp-content\/uploads\/2023\/02\/Screenshot-2023-02-28-at-14.53.58.png","width":1498,"height":1500},{"@type":"BreadcrumbList","@id":"https:\/\/anabucevic.com\/product\/life-is-beautifulwhen-you-know-how-to-live-it\/#breadcrumb","itemListElement":[{"@type":"ListItem","position":1,"name":"Home","item":"https:\/\/anabucevic.com\/"},{"@type":"ListItem","position":2,"name":"Life Is Beautiful When You Know How To Live It (English Edition)"}]},{"@type":"WebSite","@id":"https:\/\/anabucevic.com\/#website","url":"https:\/\/anabucevic.com\/","name":"Ana Bu\u010devi\u0107","description":"Budite ono \u0161to \u017eelite postati...","publisher":{"@id":"https:\/\/anabucevic.com\/#organization"},"alternateName":"Ana Bu\u010devi\u0107 - Budite ono \u0161to \u017eelite postati","potentialAction":[{"@type":"SearchAction","target":{"@type":"EntryPoint","urlTemplate":"https:\/\/anabucevic.com\/?s={search_term_string}"},"query-input":{"@type":"PropertyValueSpecification","valueRequired":true,"valueName":"search_term_string"}}],"inLanguage":"en-GB"},{"@type":"Organization","@id":"https:\/\/anabucevic.com\/#organization","name":"Ana Bu\u010devi\u0107","alternateName":"Safari Duha","url":"https:\/\/anabucevic.com\/","logo":{"@type":"ImageObject","inLanguage":"en-GB","@id":"https:\/\/anabucevic.com\/#\/schema\/logo\/image\/","url":"https:\/\/anabucevic.com\/wp-content\/uploads\/2026\/01\/Logo-stranice-1.png","contentUrl":"https:\/\/anabucevic.com\/wp-content\/uploads\/2026\/01\/Logo-stranice-1.png","width":701,"height":200,"caption":"Ana Bu\u010devi\u0107"},"image":{"@id":"https:\/\/anabucevic.com\/#\/schema\/logo\/image\/"},"sameAs":["https:\/\/www.facebook.com\/safariduha\/","https:\/\/www.youtube.com\/user\/safariduha1","https:\/\/www.instagram.com\/safariduha\/?hl=hr"]}]}},"_links":{"self":[{"href":"https:\/\/anabucevic.com\/en\/wp-json\/wp\/v2\/product\/6350103","targetHints":{"allow":["GET"]}}],"collection":[{"href":"https:\/\/anabucevic.com\/en\/wp-json\/wp\/v2\/product"}],"about":[{"href":"https:\/\/anabucevic.com\/en\/wp-json\/wp\/v2\/types\/product"}],"wp:featuredmedia":[{"embeddable":true,"href":"https:\/\/anabucevic.com\/en\/wp-json\/wp\/v2\/media\/6350104"}],"wp:attachment":[{"href":"https:\/\/anabucevic.com\/en\/wp-json\/wp\/v2\/media?parent=6350103"}],"wp:term":[{"taxonomy":"product_brand","embeddable":true,"href":"https:\/\/anabucevic.com\/en\/wp-json\/wp\/v2\/product_brand?post=6350103"},{"taxonomy":"product_cat","embeddable":true,"href":"https:\/\/anabucevic.com\/en\/wp-json\/wp\/v2\/product_cat?post=6350103"},{"taxonomy":"product_tag","embeddable":true,"href":"https:\/\/anabucevic.com\/en\/wp-json\/wp\/v2\/product_tag?post=6350103"}],"curies":[{"name":"wp","href":"https:\/\/api.w.org\/{rel}","templated":true}]}}