{"id":6350815,"date":"2023-05-16T15:28:13","date_gmt":"2023-05-16T13:28:13","guid":{"rendered":"https:\/\/anabucevic.com\/?post_type=product&#038;p=6350815"},"modified":"2024-02-29T21:02:35","modified_gmt":"2024-02-29T19:02:35","slug":"das-leben-ist-schon-wenn-man-weis-wie-man-es-lebt-german-edition","status":"publish","type":"product","link":"https:\/\/anabucevic.com\/en\/product\/das-leben-ist-schon-wenn-man-weis-wie-man-es-lebt-german-edition\/","title":{"rendered":"Das Leben ist sch\u00f6n, wenn man wei\u00df, wie man es lebt (German edition)"},"content":{"rendered":"","protected":false},"excerpt":{"rendered":"<p><strong>2,700 rsd<\/strong><\/p>\n<p style=\"font-weight: 400;\">Es gibt drei Arten von B\u00fcchern:<br \/>\ndie B\u00fccher, die euch unterhalten,<br \/>\ndie B\u00fccher, die euch etwas beibringen und<br \/>\ndie B\u00fccher, die euch ver\u00e4ndern.<\/p>\n<p>Wenn ihr dieses Buch lest, werdet ihr die Antwort<br \/>\n\ufb01nden, zu welchem Genre dieses Buch geh\u00f6rt.<\/p>\n<p>&#8220;Das Leben ist sch\u00f6n, wenn man wei\u00df, wie man es<br \/>\nlebt&#8221; ist ein Buch, das Geschichten \u00fcber<br \/>\nmenschliche und Lebensgemeinschaften erz\u00e4hlt, die<br \/>\nsich, wie ihr heraus\ufb01nden werdet, wirklich<br \/>\nver\u00e4ndern k\u00f6nnen, wenn man das Leben<br \/>\nzu leben wei\u00df&#8230;<\/p>\n<p>In jeder der f\u00fcnf Geschichten k\u00f6nnt ihr einen Teil<br \/>\nvon euch und eurer Seele \ufb01nden und sp\u00fcren, wie<br \/>\nihre verstreuten Teile sich wieder zu einem Ganzen<br \/>\nverschmelzen.<\/p>","protected":false},"featured_media":6350816,"template":"","meta":[],"product_brand":[],"product_cat":[18],"product_tag":[],"class_list":{"0":"post-6350815","1":"product","2":"type-product","3":"status-publish","4":"has-post-thumbnail","6":"product_cat-knjige-i-ostalo","8":"first","9":"instock","10":"taxable","11":"shipping-taxable","12":"purchasable","13":"product-type-simple"},"yoast_head":"<!-- This site is optimized with the Yoast SEO plugin v27.2 - https:\/\/yoast.com\/product\/yoast-seo-wordpress\/ -->\n<title>Das Leben ist sch\u00f6n, wenn man wei\u00df, wie man es lebt (German edition) - Ana Bu\u010devi\u0107<\/title>\n<meta name=\"robots\" content=\"index, follow, max-snippet:-1, max-image-preview:large, max-video-preview:-1\" \/>\n<link rel=\"canonical\" href=\"https:\/\/anabucevic.com\/en\/product\/das-leben-ist-schon-wenn-man-weis-wie-man-es-lebt-german-edition\/\" \/>\n<meta property=\"og:locale\" content=\"en_GB\" \/>\n<meta property=\"og:type\" content=\"article\" \/>\n<meta property=\"og:title\" content=\"Das Leben ist sch\u00f6n, wenn man wei\u00df, wie man es lebt (German edition) - Ana Bu\u010devi\u0107\" \/>\n<meta property=\"og:description\" content=\"2,700 rsd Es gibt drei Arten von B\u00fcchern: die B\u00fccher, die euch unterhalten, die B\u00fccher, die euch etwas beibringen und die B\u00fccher, die euch ver\u00e4ndern. Wenn ihr dieses Buch lest, werdet ihr die Antwort \ufb01nden, zu welchem Genre dieses Buch geh\u00f6rt.  &quot;Das Leben ist sch\u00f6n, wenn man wei\u00df, wie man es lebt&quot; ist ein Buch, das Geschichten \u00fcber menschliche und Lebensgemeinschaften erz\u00e4hlt, die sich, wie ihr heraus\ufb01nden werdet, wirklich ver\u00e4ndern k\u00f6nnen, wenn man das Leben zu leben wei\u00df...  In jeder der f\u00fcnf Geschichten k\u00f6nnt ihr einen Teil von euch und eurer Seele \ufb01nden und sp\u00fcren, wie ihre verstreuten Teile sich wieder zu einem Ganzen verschmelzen.\" \/>\n<meta property=\"og:url\" content=\"https:\/\/anabucevic.com\/en\/product\/das-leben-ist-schon-wenn-man-weis-wie-man-es-lebt-german-edition\/\" \/>\n<meta property=\"og:site_name\" content=\"Ana Bu\u010devi\u0107\" \/>\n<meta property=\"article:publisher\" content=\"https:\/\/www.facebook.com\/safariduha\/\" \/>\n<meta property=\"article:modified_time\" content=\"2024-02-29T19:02:35+00:00\" \/>\n<meta property=\"og:image\" content=\"https:\/\/anabucevic.com\/wp-content\/uploads\/2023\/05\/Screenshot-2023-03-10-at-13.08.21-1024x1024.png\" \/>\n\t<meta property=\"og:image:width\" content=\"1024\" \/>\n\t<meta property=\"og:image:height\" content=\"1024\" \/>\n\t<meta property=\"og:image:type\" content=\"image\/png\" \/>\n<meta name=\"twitter:card\" content=\"summary_large_image\" \/>\n<script type=\"application\/ld+json\" class=\"yoast-schema-graph\">{\"@context\":\"https:\/\/schema.org\",\"@graph\":[{\"@type\":\"WebPage\",\"@id\":\"https:\/\/anabucevic.com\/product\/das-leben-ist-schon-wenn-man-weis-wie-man-es-lebt-german-edition\/\",\"url\":\"https:\/\/anabucevic.com\/product\/das-leben-ist-schon-wenn-man-weis-wie-man-es-lebt-german-edition\/\",\"name\":\"Das Leben ist sch\u00f6n, wenn man wei\u00df, wie man es lebt (German edition) - Ana Bu\u010devi\u0107\",\"isPartOf\":{\"@id\":\"https:\/\/anabucevic.com\/#website\"},\"primaryImageOfPage\":{\"@id\":\"https:\/\/anabucevic.com\/product\/das-leben-ist-schon-wenn-man-weis-wie-man-es-lebt-german-edition\/#primaryimage\"},\"image\":{\"@id\":\"https:\/\/anabucevic.com\/product\/das-leben-ist-schon-wenn-man-weis-wie-man-es-lebt-german-edition\/#primaryimage\"},\"thumbnailUrl\":\"https:\/\/anabucevic.com\/wp-content\/uploads\/2023\/05\/Screenshot-2023-03-10-at-13.08.21.png\",\"datePublished\":\"2023-05-16T13:28:13+00:00\",\"dateModified\":\"2024-02-29T19:02:35+00:00\",\"breadcrumb\":{\"@id\":\"https:\/\/anabucevic.com\/product\/das-leben-ist-schon-wenn-man-weis-wie-man-es-lebt-german-edition\/#breadcrumb\"},\"inLanguage\":\"en-GB\",\"potentialAction\":[{\"@type\":\"ReadAction\",\"target\":[\"https:\/\/anabucevic.com\/product\/das-leben-ist-schon-wenn-man-weis-wie-man-es-lebt-german-edition\/\"]}]},{\"@type\":\"ImageObject\",\"inLanguage\":\"en-GB\",\"@id\":\"https:\/\/anabucevic.com\/product\/das-leben-ist-schon-wenn-man-weis-wie-man-es-lebt-german-edition\/#primaryimage\",\"url\":\"https:\/\/anabucevic.com\/wp-content\/uploads\/2023\/05\/Screenshot-2023-03-10-at-13.08.21.png\",\"contentUrl\":\"https:\/\/anabucevic.com\/wp-content\/uploads\/2023\/05\/Screenshot-2023-03-10-at-13.08.21.png\",\"width\":2246,\"height\":2248},{\"@type\":\"BreadcrumbList\",\"@id\":\"https:\/\/anabucevic.com\/product\/das-leben-ist-schon-wenn-man-weis-wie-man-es-lebt-german-edition\/#breadcrumb\",\"itemListElement\":[{\"@type\":\"ListItem\",\"position\":1,\"name\":\"Home\",\"item\":\"https:\/\/anabucevic.com\/\"},{\"@type\":\"ListItem\",\"position\":2,\"name\":\"Das Leben ist sch\u00f6n, wenn man wei\u00df, wie man es lebt (German edition)\"}]},{\"@type\":\"WebSite\",\"@id\":\"https:\/\/anabucevic.com\/#website\",\"url\":\"https:\/\/anabucevic.com\/\",\"name\":\"Ana Bu\u010devi\u0107\",\"description\":\"Budite ono \u0161to \u017eelite postati...\",\"publisher\":{\"@id\":\"https:\/\/anabucevic.com\/#organization\"},\"alternateName\":\"Ana Bu\u010devi\u0107 - Budite ono \u0161to \u017eelite postati\",\"potentialAction\":[{\"@type\":\"SearchAction\",\"target\":{\"@type\":\"EntryPoint\",\"urlTemplate\":\"https:\/\/anabucevic.com\/?s={search_term_string}\"},\"query-input\":{\"@type\":\"PropertyValueSpecification\",\"valueRequired\":true,\"valueName\":\"search_term_string\"}}],\"inLanguage\":\"en-GB\"},{\"@type\":\"Organization\",\"@id\":\"https:\/\/anabucevic.com\/#organization\",\"name\":\"Ana Bu\u010devi\u0107\",\"alternateName\":\"Safari Duha\",\"url\":\"https:\/\/anabucevic.com\/\",\"logo\":{\"@type\":\"ImageObject\",\"inLanguage\":\"en-GB\",\"@id\":\"https:\/\/anabucevic.com\/#\/schema\/logo\/image\/\",\"url\":\"https:\/\/anabucevic.com\/wp-content\/uploads\/2026\/01\/Logo-stranice-1.png\",\"contentUrl\":\"https:\/\/anabucevic.com\/wp-content\/uploads\/2026\/01\/Logo-stranice-1.png\",\"width\":701,\"height\":200,\"caption\":\"Ana Bu\u010devi\u0107\"},\"image\":{\"@id\":\"https:\/\/anabucevic.com\/#\/schema\/logo\/image\/\"},\"sameAs\":[\"https:\/\/www.facebook.com\/safariduha\/\",\"https:\/\/www.youtube.com\/user\/safariduha1\",\"https:\/\/www.instagram.com\/safariduha\/?hl=hr\"]}]}<\/script>\n<!-- \/ Yoast SEO plugin. -->","yoast_head_json":{"title":"Das Leben ist sch\u00f6n, wenn man wei\u00df, wie man es lebt (German edition) - Ana Bu\u010devi\u0107","robots":{"index":"index","follow":"follow","max-snippet":"max-snippet:-1","max-image-preview":"max-image-preview:large","max-video-preview":"max-video-preview:-1"},"canonical":"https:\/\/anabucevic.com\/en\/product\/das-leben-ist-schon-wenn-man-weis-wie-man-es-lebt-german-edition\/","og_locale":"en_GB","og_type":"article","og_title":"Das Leben ist sch\u00f6n, wenn man wei\u00df, wie man es lebt (German edition) - Ana Bu\u010devi\u0107","og_description":"2,700 rsd Es gibt drei Arten von B\u00fcchern: die B\u00fccher, die euch unterhalten, die B\u00fccher, die euch etwas beibringen und die B\u00fccher, die euch ver\u00e4ndern. Wenn ihr dieses Buch lest, werdet ihr die Antwort \ufb01nden, zu welchem Genre dieses Buch geh\u00f6rt.  \"Das Leben ist sch\u00f6n, wenn man wei\u00df, wie man es lebt\" ist ein Buch, das Geschichten \u00fcber menschliche und Lebensgemeinschaften erz\u00e4hlt, die sich, wie ihr heraus\ufb01nden werdet, wirklich ver\u00e4ndern k\u00f6nnen, wenn man das Leben zu leben wei\u00df...  In jeder der f\u00fcnf Geschichten k\u00f6nnt ihr einen Teil von euch und eurer Seele \ufb01nden und sp\u00fcren, wie ihre verstreuten Teile sich wieder zu einem Ganzen verschmelzen.","og_url":"https:\/\/anabucevic.com\/en\/product\/das-leben-ist-schon-wenn-man-weis-wie-man-es-lebt-german-edition\/","og_site_name":"Ana Bu\u010devi\u0107","article_publisher":"https:\/\/www.facebook.com\/safariduha\/","article_modified_time":"2024-02-29T19:02:35+00:00","og_image":[{"width":1024,"height":1024,"url":"https:\/\/anabucevic.com\/wp-content\/uploads\/2023\/05\/Screenshot-2023-03-10-at-13.08.21-1024x1024.png","type":"image\/png"}],"twitter_card":"summary_large_image","schema":{"@context":"https:\/\/schema.org","@graph":[{"@type":"WebPage","@id":"https:\/\/anabucevic.com\/product\/das-leben-ist-schon-wenn-man-weis-wie-man-es-lebt-german-edition\/","url":"https:\/\/anabucevic.com\/product\/das-leben-ist-schon-wenn-man-weis-wie-man-es-lebt-german-edition\/","name":"Das Leben ist sch\u00f6n, wenn man wei\u00df, wie man es lebt (German edition) - Ana Bu\u010devi\u0107","isPartOf":{"@id":"https:\/\/anabucevic.com\/#website"},"primaryImageOfPage":{"@id":"https:\/\/anabucevic.com\/product\/das-leben-ist-schon-wenn-man-weis-wie-man-es-lebt-german-edition\/#primaryimage"},"image":{"@id":"https:\/\/anabucevic.com\/product\/das-leben-ist-schon-wenn-man-weis-wie-man-es-lebt-german-edition\/#primaryimage"},"thumbnailUrl":"https:\/\/anabucevic.com\/wp-content\/uploads\/2023\/05\/Screenshot-2023-03-10-at-13.08.21.png","datePublished":"2023-05-16T13:28:13+00:00","dateModified":"2024-02-29T19:02:35+00:00","breadcrumb":{"@id":"https:\/\/anabucevic.com\/product\/das-leben-ist-schon-wenn-man-weis-wie-man-es-lebt-german-edition\/#breadcrumb"},"inLanguage":"en-GB","potentialAction":[{"@type":"ReadAction","target":["https:\/\/anabucevic.com\/product\/das-leben-ist-schon-wenn-man-weis-wie-man-es-lebt-german-edition\/"]}]},{"@type":"ImageObject","inLanguage":"en-GB","@id":"https:\/\/anabucevic.com\/product\/das-leben-ist-schon-wenn-man-weis-wie-man-es-lebt-german-edition\/#primaryimage","url":"https:\/\/anabucevic.com\/wp-content\/uploads\/2023\/05\/Screenshot-2023-03-10-at-13.08.21.png","contentUrl":"https:\/\/anabucevic.com\/wp-content\/uploads\/2023\/05\/Screenshot-2023-03-10-at-13.08.21.png","width":2246,"height":2248},{"@type":"BreadcrumbList","@id":"https:\/\/anabucevic.com\/product\/das-leben-ist-schon-wenn-man-weis-wie-man-es-lebt-german-edition\/#breadcrumb","itemListElement":[{"@type":"ListItem","position":1,"name":"Home","item":"https:\/\/anabucevic.com\/"},{"@type":"ListItem","position":2,"name":"Das Leben ist sch\u00f6n, wenn man wei\u00df, wie man es lebt (German edition)"}]},{"@type":"WebSite","@id":"https:\/\/anabucevic.com\/#website","url":"https:\/\/anabucevic.com\/","name":"Ana Bu\u010devi\u0107","description":"Budite ono \u0161to \u017eelite postati...","publisher":{"@id":"https:\/\/anabucevic.com\/#organization"},"alternateName":"Ana Bu\u010devi\u0107 - Budite ono \u0161to \u017eelite postati","potentialAction":[{"@type":"SearchAction","target":{"@type":"EntryPoint","urlTemplate":"https:\/\/anabucevic.com\/?s={search_term_string}"},"query-input":{"@type":"PropertyValueSpecification","valueRequired":true,"valueName":"search_term_string"}}],"inLanguage":"en-GB"},{"@type":"Organization","@id":"https:\/\/anabucevic.com\/#organization","name":"Ana Bu\u010devi\u0107","alternateName":"Safari Duha","url":"https:\/\/anabucevic.com\/","logo":{"@type":"ImageObject","inLanguage":"en-GB","@id":"https:\/\/anabucevic.com\/#\/schema\/logo\/image\/","url":"https:\/\/anabucevic.com\/wp-content\/uploads\/2026\/01\/Logo-stranice-1.png","contentUrl":"https:\/\/anabucevic.com\/wp-content\/uploads\/2026\/01\/Logo-stranice-1.png","width":701,"height":200,"caption":"Ana Bu\u010devi\u0107"},"image":{"@id":"https:\/\/anabucevic.com\/#\/schema\/logo\/image\/"},"sameAs":["https:\/\/www.facebook.com\/safariduha\/","https:\/\/www.youtube.com\/user\/safariduha1","https:\/\/www.instagram.com\/safariduha\/?hl=hr"]}]}},"_links":{"self":[{"href":"https:\/\/anabucevic.com\/en\/wp-json\/wp\/v2\/product\/6350815","targetHints":{"allow":["GET"]}}],"collection":[{"href":"https:\/\/anabucevic.com\/en\/wp-json\/wp\/v2\/product"}],"about":[{"href":"https:\/\/anabucevic.com\/en\/wp-json\/wp\/v2\/types\/product"}],"wp:featuredmedia":[{"embeddable":true,"href":"https:\/\/anabucevic.com\/en\/wp-json\/wp\/v2\/media\/6350816"}],"wp:attachment":[{"href":"https:\/\/anabucevic.com\/en\/wp-json\/wp\/v2\/media?parent=6350815"}],"wp:term":[{"taxonomy":"product_brand","embeddable":true,"href":"https:\/\/anabucevic.com\/en\/wp-json\/wp\/v2\/product_brand?post=6350815"},{"taxonomy":"product_cat","embeddable":true,"href":"https:\/\/anabucevic.com\/en\/wp-json\/wp\/v2\/product_cat?post=6350815"},{"taxonomy":"product_tag","embeddable":true,"href":"https:\/\/anabucevic.com\/en\/wp-json\/wp\/v2\/product_tag?post=6350815"}],"curies":[{"name":"wp","href":"https:\/\/api.w.org\/{rel}","templated":true}]}}