{"id":6353564,"date":"2023-08-27T13:28:04","date_gmt":"2023-08-27T11:28:04","guid":{"rendered":"https:\/\/anabucevic.com\/?post_type=product&#038;p=6353564"},"modified":"2025-12-10T22:07:31","modified_gmt":"2025-12-10T20:07:31","slug":"mi-svi-smo-jedno-bit-svega-sto-postoji","status":"publish","type":"product","link":"https:\/\/anabucevic.com\/en\/product\/mi-svi-smo-jedno-bit-svega-sto-postoji\/","title":{"rendered":"ARMAND ALVAREZ I KOSTA TRIFUNOVI\u0106 &#8211; Mi svi smo jedno: BIT SVEGA \u0160TO POSTOJI"},"content":{"rendered":"","protected":false},"excerpt":{"rendered":"<h5><strong>1,760 rsd<\/strong><\/h5>\n<p>Tko sam ja? Koja je moja svrha u ovom \u017eivotu?<br \/>\nKako da znam slu\u017eim li svojoj svrsi?<\/p>\n<p>Nerijetko si postavljamo ovakva pitanja na intelektualnoj razini.<br \/>\nPonekad toliko da uzalud gubimo vrijeme!<\/p>\n<p>U Va\u0161im rukama dr\u017eite transformacijski ples pitanja i odgovora, primljen iz perspektive van okvira misli, mi\u0161ljenja, predrasuda i uvjerenja.<\/p>\n<p>Ovo je knjiga o VAMA, va\u0161oj unutra\u0161njosti i vanj\u0161tini.<\/p>\n<p>Knjiga se bavi obiljem u kojem imate priliku u\u017eivati, kada postanete svjesni vi\u0161e refleksija i kutova vas, vi\u0161e nego \u0161to va\u0161a perspektiva Sebe sadr\u017ei.<\/p>\n<p>Pitanja predstavljaju DUBOKO URANJANJE u proces svjesnog kreiranja realnosti pojedinca, sa snagom fokusa i ravnote\u017eom u prvom planu.<br \/>\nNa\u0161a najiskrenija \u017eelja za objavom ovog \u0161tiva je kreirati pogodno okru\u017eenje za vas, s ciljem ubrzavanja va\u0161e URO\u00d0ENE potrage za znanjem, tempom koji vam najvi\u0161e odgovara.<\/p>\n<p>Na\u0161a je \u017eelja da vam ove stranice poslu\u017ee kao motivacija za novu znati\u017eelju, pitanja, otkrivanje i utjelovljenje va\u0161eg PUNOG POTENCIJALA koji je u konstantnom razvoju.<\/p>\n<p>U\u017eivajte u putovanju!<\/p>","protected":false},"featured_media":6353565,"template":"","meta":[],"product_brand":[],"product_cat":[56],"product_tag":[],"class_list":{"0":"post-6353564","1":"product","2":"type-product","3":"status-publish","4":"has-post-thumbnail","6":"product_cat-ostale-knjige-u-nasem-izdavastvu","8":"first","9":"instock","10":"taxable","11":"shipping-taxable","12":"purchasable","13":"product-type-simple"},"yoast_head":"<!-- This site is optimized with the Yoast SEO plugin v27.2 - https:\/\/yoast.com\/product\/yoast-seo-wordpress\/ -->\n<title>ARMAND ALVAREZ I KOSTA TRIFUNOVI\u0106 - Mi svi smo jedno: BIT SVEGA \u0160TO POSTOJI - Ana Bu\u010devi\u0107<\/title>\n<meta name=\"robots\" content=\"index, follow, max-snippet:-1, max-image-preview:large, max-video-preview:-1\" \/>\n<link rel=\"canonical\" href=\"https:\/\/anabucevic.com\/en\/product\/mi-svi-smo-jedno-bit-svega-sto-postoji\/\" \/>\n<meta property=\"og:locale\" content=\"en_GB\" \/>\n<meta property=\"og:type\" content=\"article\" \/>\n<meta property=\"og:title\" content=\"ARMAND ALVAREZ I KOSTA TRIFUNOVI\u0106 - Mi svi smo jedno: BIT SVEGA \u0160TO POSTOJI - Ana Bu\u010devi\u0107\" \/>\n<meta property=\"og:description\" content=\"1,760 rsd Tko sam ja? Koja je moja svrha u ovom \u017eivotu? Kako da znam slu\u017eim li svojoj svrsi?  Nerijetko si postavljamo ovakva pitanja na intelektualnoj razini. Ponekad toliko da uzalud gubimo vrijeme!  U Va\u0161im rukama dr\u017eite transformacijski ples pitanja i odgovora, primljen iz perspektive van okvira misli, mi\u0161ljenja, predrasuda i uvjerenja.  Ovo je knjiga o VAMA, va\u0161oj unutra\u0161njosti i vanj\u0161tini.  Knjiga se bavi obiljem u kojem imate priliku u\u017eivati, kada postanete svjesni vi\u0161e refleksija i kutova vas, vi\u0161e nego \u0161to va\u0161a perspektiva Sebe sadr\u017ei.  Pitanja predstavljaju DUBOKO URANJANJE u proces svjesnog kreiranja realnosti pojedinca, sa snagom fokusa i ravnote\u017eom u prvom planu. Na\u0161a najiskrenija \u017eelja za objavom ovog \u0161tiva je kreirati pogodno okru\u017eenje za vas, s ciljem ubrzavanja va\u0161e URO\u00d0ENE potrage za znanjem, tempom koji vam najvi\u0161e odgovara.  Na\u0161a je \u017eelja da vam ove stranice poslu\u017ee kao motivacija za novu znati\u017eelju, pitanja, otkrivanje i utjelovljenje va\u0161eg PUNOG POTENCIJALA koji je u konstantnom razvoju.  U\u017eivajte u putovanju!\" \/>\n<meta property=\"og:url\" content=\"https:\/\/anabucevic.com\/en\/product\/mi-svi-smo-jedno-bit-svega-sto-postoji\/\" \/>\n<meta property=\"og:site_name\" content=\"Ana Bu\u010devi\u0107\" \/>\n<meta property=\"article:publisher\" content=\"https:\/\/www.facebook.com\/safariduha\/\" \/>\n<meta property=\"article:modified_time\" content=\"2025-12-10T20:07:31+00:00\" \/>\n<meta property=\"og:image\" content=\"https:\/\/anabucevic.com\/wp-content\/uploads\/2023\/08\/Screenshot-2023-08-27-at-12.26.26-1024x1024.png\" \/>\n\t<meta property=\"og:image:width\" content=\"1024\" \/>\n\t<meta property=\"og:image:height\" content=\"1024\" \/>\n\t<meta property=\"og:image:type\" content=\"image\/png\" \/>\n<meta name=\"twitter:card\" content=\"summary_large_image\" \/>\n<script type=\"application\/ld+json\" class=\"yoast-schema-graph\">{\"@context\":\"https:\/\/schema.org\",\"@graph\":[{\"@type\":\"WebPage\",\"@id\":\"https:\/\/anabucevic.com\/product\/mi-svi-smo-jedno-bit-svega-sto-postoji\/\",\"url\":\"https:\/\/anabucevic.com\/product\/mi-svi-smo-jedno-bit-svega-sto-postoji\/\",\"name\":\"ARMAND ALVAREZ I KOSTA TRIFUNOVI\u0106 - Mi svi smo jedno: BIT SVEGA \u0160TO POSTOJI - Ana Bu\u010devi\u0107\",\"isPartOf\":{\"@id\":\"https:\/\/anabucevic.com\/#website\"},\"primaryImageOfPage\":{\"@id\":\"https:\/\/anabucevic.com\/product\/mi-svi-smo-jedno-bit-svega-sto-postoji\/#primaryimage\"},\"image\":{\"@id\":\"https:\/\/anabucevic.com\/product\/mi-svi-smo-jedno-bit-svega-sto-postoji\/#primaryimage\"},\"thumbnailUrl\":\"https:\/\/anabucevic.com\/wp-content\/uploads\/2023\/08\/Screenshot-2023-08-27-at-12.26.26.png\",\"datePublished\":\"2023-08-27T11:28:04+00:00\",\"dateModified\":\"2025-12-10T20:07:31+00:00\",\"breadcrumb\":{\"@id\":\"https:\/\/anabucevic.com\/product\/mi-svi-smo-jedno-bit-svega-sto-postoji\/#breadcrumb\"},\"inLanguage\":\"en-GB\",\"potentialAction\":[{\"@type\":\"ReadAction\",\"target\":[\"https:\/\/anabucevic.com\/product\/mi-svi-smo-jedno-bit-svega-sto-postoji\/\"]}]},{\"@type\":\"ImageObject\",\"inLanguage\":\"en-GB\",\"@id\":\"https:\/\/anabucevic.com\/product\/mi-svi-smo-jedno-bit-svega-sto-postoji\/#primaryimage\",\"url\":\"https:\/\/anabucevic.com\/wp-content\/uploads\/2023\/08\/Screenshot-2023-08-27-at-12.26.26.png\",\"contentUrl\":\"https:\/\/anabucevic.com\/wp-content\/uploads\/2023\/08\/Screenshot-2023-08-27-at-12.26.26.png\",\"width\":2246,\"height\":2244},{\"@type\":\"BreadcrumbList\",\"@id\":\"https:\/\/anabucevic.com\/product\/mi-svi-smo-jedno-bit-svega-sto-postoji\/#breadcrumb\",\"itemListElement\":[{\"@type\":\"ListItem\",\"position\":1,\"name\":\"Home\",\"item\":\"https:\/\/anabucevic.com\/\"},{\"@type\":\"ListItem\",\"position\":2,\"name\":\"ARMAND ALVAREZ I KOSTA TRIFUNOVI\u0106 &#8211; Mi svi smo jedno: BIT SVEGA \u0160TO POSTOJI\"}]},{\"@type\":\"WebSite\",\"@id\":\"https:\/\/anabucevic.com\/#website\",\"url\":\"https:\/\/anabucevic.com\/\",\"name\":\"Ana Bu\u010devi\u0107\",\"description\":\"Budite ono \u0161to \u017eelite postati...\",\"publisher\":{\"@id\":\"https:\/\/anabucevic.com\/#organization\"},\"alternateName\":\"Ana Bu\u010devi\u0107 - Budite ono \u0161to \u017eelite postati\",\"potentialAction\":[{\"@type\":\"SearchAction\",\"target\":{\"@type\":\"EntryPoint\",\"urlTemplate\":\"https:\/\/anabucevic.com\/?s={search_term_string}\"},\"query-input\":{\"@type\":\"PropertyValueSpecification\",\"valueRequired\":true,\"valueName\":\"search_term_string\"}}],\"inLanguage\":\"en-GB\"},{\"@type\":\"Organization\",\"@id\":\"https:\/\/anabucevic.com\/#organization\",\"name\":\"Ana Bu\u010devi\u0107\",\"alternateName\":\"Safari Duha\",\"url\":\"https:\/\/anabucevic.com\/\",\"logo\":{\"@type\":\"ImageObject\",\"inLanguage\":\"en-GB\",\"@id\":\"https:\/\/anabucevic.com\/#\/schema\/logo\/image\/\",\"url\":\"https:\/\/anabucevic.com\/wp-content\/uploads\/2026\/01\/Logo-stranice-1.png\",\"contentUrl\":\"https:\/\/anabucevic.com\/wp-content\/uploads\/2026\/01\/Logo-stranice-1.png\",\"width\":701,\"height\":200,\"caption\":\"Ana Bu\u010devi\u0107\"},\"image\":{\"@id\":\"https:\/\/anabucevic.com\/#\/schema\/logo\/image\/\"},\"sameAs\":[\"https:\/\/www.facebook.com\/safariduha\/\",\"https:\/\/www.youtube.com\/user\/safariduha1\",\"https:\/\/www.instagram.com\/safariduha\/?hl=hr\"]}]}<\/script>\n<!-- \/ Yoast SEO plugin. -->","yoast_head_json":{"title":"ARMAND ALVAREZ I KOSTA TRIFUNOVI\u0106 - Mi svi smo jedno: BIT SVEGA \u0160TO POSTOJI - Ana Bu\u010devi\u0107","robots":{"index":"index","follow":"follow","max-snippet":"max-snippet:-1","max-image-preview":"max-image-preview:large","max-video-preview":"max-video-preview:-1"},"canonical":"https:\/\/anabucevic.com\/en\/product\/mi-svi-smo-jedno-bit-svega-sto-postoji\/","og_locale":"en_GB","og_type":"article","og_title":"ARMAND ALVAREZ I KOSTA TRIFUNOVI\u0106 - Mi svi smo jedno: BIT SVEGA \u0160TO POSTOJI - Ana Bu\u010devi\u0107","og_description":"1,760 rsd Tko sam ja? Koja je moja svrha u ovom \u017eivotu? Kako da znam slu\u017eim li svojoj svrsi?  Nerijetko si postavljamo ovakva pitanja na intelektualnoj razini. Ponekad toliko da uzalud gubimo vrijeme!  U Va\u0161im rukama dr\u017eite transformacijski ples pitanja i odgovora, primljen iz perspektive van okvira misli, mi\u0161ljenja, predrasuda i uvjerenja.  Ovo je knjiga o VAMA, va\u0161oj unutra\u0161njosti i vanj\u0161tini.  Knjiga se bavi obiljem u kojem imate priliku u\u017eivati, kada postanete svjesni vi\u0161e refleksija i kutova vas, vi\u0161e nego \u0161to va\u0161a perspektiva Sebe sadr\u017ei.  Pitanja predstavljaju DUBOKO URANJANJE u proces svjesnog kreiranja realnosti pojedinca, sa snagom fokusa i ravnote\u017eom u prvom planu. Na\u0161a najiskrenija \u017eelja za objavom ovog \u0161tiva je kreirati pogodno okru\u017eenje za vas, s ciljem ubrzavanja va\u0161e URO\u00d0ENE potrage za znanjem, tempom koji vam najvi\u0161e odgovara.  Na\u0161a je \u017eelja da vam ove stranice poslu\u017ee kao motivacija za novu znati\u017eelju, pitanja, otkrivanje i utjelovljenje va\u0161eg PUNOG POTENCIJALA koji je u konstantnom razvoju.  U\u017eivajte u putovanju!","og_url":"https:\/\/anabucevic.com\/en\/product\/mi-svi-smo-jedno-bit-svega-sto-postoji\/","og_site_name":"Ana Bu\u010devi\u0107","article_publisher":"https:\/\/www.facebook.com\/safariduha\/","article_modified_time":"2025-12-10T20:07:31+00:00","og_image":[{"width":1024,"height":1024,"url":"https:\/\/anabucevic.com\/wp-content\/uploads\/2023\/08\/Screenshot-2023-08-27-at-12.26.26-1024x1024.png","type":"image\/png"}],"twitter_card":"summary_large_image","schema":{"@context":"https:\/\/schema.org","@graph":[{"@type":"WebPage","@id":"https:\/\/anabucevic.com\/product\/mi-svi-smo-jedno-bit-svega-sto-postoji\/","url":"https:\/\/anabucevic.com\/product\/mi-svi-smo-jedno-bit-svega-sto-postoji\/","name":"ARMAND ALVAREZ I KOSTA TRIFUNOVI\u0106 - Mi svi smo jedno: BIT SVEGA \u0160TO POSTOJI - Ana Bu\u010devi\u0107","isPartOf":{"@id":"https:\/\/anabucevic.com\/#website"},"primaryImageOfPage":{"@id":"https:\/\/anabucevic.com\/product\/mi-svi-smo-jedno-bit-svega-sto-postoji\/#primaryimage"},"image":{"@id":"https:\/\/anabucevic.com\/product\/mi-svi-smo-jedno-bit-svega-sto-postoji\/#primaryimage"},"thumbnailUrl":"https:\/\/anabucevic.com\/wp-content\/uploads\/2023\/08\/Screenshot-2023-08-27-at-12.26.26.png","datePublished":"2023-08-27T11:28:04+00:00","dateModified":"2025-12-10T20:07:31+00:00","breadcrumb":{"@id":"https:\/\/anabucevic.com\/product\/mi-svi-smo-jedno-bit-svega-sto-postoji\/#breadcrumb"},"inLanguage":"en-GB","potentialAction":[{"@type":"ReadAction","target":["https:\/\/anabucevic.com\/product\/mi-svi-smo-jedno-bit-svega-sto-postoji\/"]}]},{"@type":"ImageObject","inLanguage":"en-GB","@id":"https:\/\/anabucevic.com\/product\/mi-svi-smo-jedno-bit-svega-sto-postoji\/#primaryimage","url":"https:\/\/anabucevic.com\/wp-content\/uploads\/2023\/08\/Screenshot-2023-08-27-at-12.26.26.png","contentUrl":"https:\/\/anabucevic.com\/wp-content\/uploads\/2023\/08\/Screenshot-2023-08-27-at-12.26.26.png","width":2246,"height":2244},{"@type":"BreadcrumbList","@id":"https:\/\/anabucevic.com\/product\/mi-svi-smo-jedno-bit-svega-sto-postoji\/#breadcrumb","itemListElement":[{"@type":"ListItem","position":1,"name":"Home","item":"https:\/\/anabucevic.com\/"},{"@type":"ListItem","position":2,"name":"ARMAND ALVAREZ I KOSTA TRIFUNOVI\u0106 &#8211; Mi svi smo jedno: BIT SVEGA \u0160TO POSTOJI"}]},{"@type":"WebSite","@id":"https:\/\/anabucevic.com\/#website","url":"https:\/\/anabucevic.com\/","name":"Ana Bu\u010devi\u0107","description":"Budite ono \u0161to \u017eelite postati...","publisher":{"@id":"https:\/\/anabucevic.com\/#organization"},"alternateName":"Ana Bu\u010devi\u0107 - Budite ono \u0161to \u017eelite postati","potentialAction":[{"@type":"SearchAction","target":{"@type":"EntryPoint","urlTemplate":"https:\/\/anabucevic.com\/?s={search_term_string}"},"query-input":{"@type":"PropertyValueSpecification","valueRequired":true,"valueName":"search_term_string"}}],"inLanguage":"en-GB"},{"@type":"Organization","@id":"https:\/\/anabucevic.com\/#organization","name":"Ana Bu\u010devi\u0107","alternateName":"Safari Duha","url":"https:\/\/anabucevic.com\/","logo":{"@type":"ImageObject","inLanguage":"en-GB","@id":"https:\/\/anabucevic.com\/#\/schema\/logo\/image\/","url":"https:\/\/anabucevic.com\/wp-content\/uploads\/2026\/01\/Logo-stranice-1.png","contentUrl":"https:\/\/anabucevic.com\/wp-content\/uploads\/2026\/01\/Logo-stranice-1.png","width":701,"height":200,"caption":"Ana Bu\u010devi\u0107"},"image":{"@id":"https:\/\/anabucevic.com\/#\/schema\/logo\/image\/"},"sameAs":["https:\/\/www.facebook.com\/safariduha\/","https:\/\/www.youtube.com\/user\/safariduha1","https:\/\/www.instagram.com\/safariduha\/?hl=hr"]}]}},"_links":{"self":[{"href":"https:\/\/anabucevic.com\/en\/wp-json\/wp\/v2\/product\/6353564","targetHints":{"allow":["GET"]}}],"collection":[{"href":"https:\/\/anabucevic.com\/en\/wp-json\/wp\/v2\/product"}],"about":[{"href":"https:\/\/anabucevic.com\/en\/wp-json\/wp\/v2\/types\/product"}],"wp:featuredmedia":[{"embeddable":true,"href":"https:\/\/anabucevic.com\/en\/wp-json\/wp\/v2\/media\/6353565"}],"wp:attachment":[{"href":"https:\/\/anabucevic.com\/en\/wp-json\/wp\/v2\/media?parent=6353564"}],"wp:term":[{"taxonomy":"product_brand","embeddable":true,"href":"https:\/\/anabucevic.com\/en\/wp-json\/wp\/v2\/product_brand?post=6353564"},{"taxonomy":"product_cat","embeddable":true,"href":"https:\/\/anabucevic.com\/en\/wp-json\/wp\/v2\/product_cat?post=6353564"},{"taxonomy":"product_tag","embeddable":true,"href":"https:\/\/anabucevic.com\/en\/wp-json\/wp\/v2\/product_tag?post=6353564"}],"curies":[{"name":"wp","href":"https:\/\/api.w.org\/{rel}","templated":true}]}}