{"id":6353566,"date":"2023-08-27T13:31:09","date_gmt":"2023-08-27T11:31:09","guid":{"rendered":"https:\/\/anabucevic.com\/?post_type=product&#038;p=6353566"},"modified":"2025-12-10T22:07:24","modified_gmt":"2025-12-10T20:07:24","slug":"the-essence-of-everything-that-exists","status":"publish","type":"product","link":"https:\/\/anabucevic.com\/en\/product\/the-essence-of-everything-that-exists\/","title":{"rendered":"ARMAND ALVAREZ I KOSTA TRIFUNOVI\u0106 &#8211; We all are one: THE ESSENCE OF EVERYTHING THAT EXISTS (English edition)"},"content":{"rendered":"","protected":false},"excerpt":{"rendered":"<h5><strong>1,760 rsd<\/strong><\/h5>\n<p>Who am I? What is my purpose in this life?<br \/>\nHow do I know whether I serve my purpose?<\/p>\n<p>We often ask ourselves questions like these, intellectually.<br \/>\nSometimes, so much that it has our wheels spinning!<br \/>\nYou are holding a transformational question-answer dance in your hands, received from a perspective beyond thoughts, opinions, judgments and beliefs.<\/p>\n<p>This is a book about YOU, inside and out.<\/p>\n<p>It is about abundance of experience you get to enjoy, as you become aware of many more reflections and angles of you, more than your perspective of the Self contains.<\/p>\n<p>The questions represent the DEEP DIVE into the process of conscious creating one\u2019s reality, with the power of focus and the balance in the foreground.<\/p>\n<p>Our purest desire in disclosing this material is to create a conducive environment for you to accelerate, your INNATE search for knowing, to the speed of your own liking.<\/p>\n<p>We wish to bring these pages into play as a springboard towards enhanced curiosity, wonder, discovery and<br \/>\nembodiment of your, ever growing, FULL POTENTIAL.<\/p>\n<p>Enjoy the ride!<\/p>","protected":false},"featured_media":6353567,"template":"","meta":[],"product_brand":[],"product_cat":[56],"product_tag":[],"class_list":{"0":"post-6353566","1":"product","2":"type-product","3":"status-publish","4":"has-post-thumbnail","6":"product_cat-ostale-knjige-u-nasem-izdavastvu","8":"first","9":"instock","10":"taxable","11":"shipping-taxable","12":"purchasable","13":"product-type-simple"},"yoast_head":"<!-- This site is optimized with the Yoast SEO plugin v27.2 - https:\/\/yoast.com\/product\/yoast-seo-wordpress\/ -->\n<title>ARMAND ALVAREZ I KOSTA TRIFUNOVI\u0106 - We all are one: THE ESSENCE OF EVERYTHING THAT EXISTS (English edition) - Ana Bu\u010devi\u0107<\/title>\n<meta name=\"robots\" content=\"index, follow, max-snippet:-1, max-image-preview:large, max-video-preview:-1\" \/>\n<link rel=\"canonical\" href=\"https:\/\/anabucevic.com\/en\/product\/the-essence-of-everything-that-exists\/\" \/>\n<meta property=\"og:locale\" content=\"en_GB\" \/>\n<meta property=\"og:type\" content=\"article\" \/>\n<meta property=\"og:title\" content=\"ARMAND ALVAREZ I KOSTA TRIFUNOVI\u0106 - We all are one: THE ESSENCE OF EVERYTHING THAT EXISTS (English edition) - Ana Bu\u010devi\u0107\" \/>\n<meta property=\"og:description\" content=\"1,760 rsd Who am I? What is my purpose in this life? How do I know whether I serve my purpose?  We often ask ourselves questions like these, intellectually. Sometimes, so much that it has our wheels spinning! You are holding a transformational question-answer dance in your hands, received from a perspective beyond thoughts, opinions, judgments and beliefs.  This is a book about YOU, inside and out.  It is about abundance of experience you get to enjoy, as you become aware of many more reflections and angles of you, more than your perspective of the Self contains.  The questions represent the DEEP DIVE into the process of conscious creating one\u2019s reality, with the power of focus and the balance in the foreground.  Our purest desire in disclosing this material is to create a conducive environment for you to accelerate, your INNATE search for knowing, to the speed of your own liking.  We wish to bring these pages into play as a springboard towards enhanced curiosity, wonder, discovery and embodiment of your, ever growing, FULL POTENTIAL.  Enjoy the ride!\" \/>\n<meta property=\"og:url\" content=\"https:\/\/anabucevic.com\/en\/product\/the-essence-of-everything-that-exists\/\" \/>\n<meta property=\"og:site_name\" content=\"Ana Bu\u010devi\u0107\" \/>\n<meta property=\"article:publisher\" content=\"https:\/\/www.facebook.com\/safariduha\/\" \/>\n<meta property=\"article:modified_time\" content=\"2025-12-10T20:07:24+00:00\" \/>\n<meta property=\"og:image\" content=\"https:\/\/anabucevic.com\/wp-content\/uploads\/2023\/08\/Screenshot-2023-08-27-at-12.29.53-1024x1024.png\" \/>\n\t<meta property=\"og:image:width\" content=\"1024\" \/>\n\t<meta property=\"og:image:height\" content=\"1024\" \/>\n\t<meta property=\"og:image:type\" content=\"image\/png\" \/>\n<meta name=\"twitter:card\" content=\"summary_large_image\" \/>\n<script type=\"application\/ld+json\" class=\"yoast-schema-graph\">{\"@context\":\"https:\/\/schema.org\",\"@graph\":[{\"@type\":\"WebPage\",\"@id\":\"https:\/\/anabucevic.com\/product\/the-essence-of-everything-that-exists\/\",\"url\":\"https:\/\/anabucevic.com\/product\/the-essence-of-everything-that-exists\/\",\"name\":\"ARMAND ALVAREZ I KOSTA TRIFUNOVI\u0106 - We all are one: THE ESSENCE OF EVERYTHING THAT EXISTS (English edition) - Ana Bu\u010devi\u0107\",\"isPartOf\":{\"@id\":\"https:\/\/anabucevic.com\/#website\"},\"primaryImageOfPage\":{\"@id\":\"https:\/\/anabucevic.com\/product\/the-essence-of-everything-that-exists\/#primaryimage\"},\"image\":{\"@id\":\"https:\/\/anabucevic.com\/product\/the-essence-of-everything-that-exists\/#primaryimage\"},\"thumbnailUrl\":\"https:\/\/anabucevic.com\/wp-content\/uploads\/2023\/08\/Screenshot-2023-08-27-at-12.29.53.png\",\"datePublished\":\"2023-08-27T11:31:09+00:00\",\"dateModified\":\"2025-12-10T20:07:24+00:00\",\"breadcrumb\":{\"@id\":\"https:\/\/anabucevic.com\/product\/the-essence-of-everything-that-exists\/#breadcrumb\"},\"inLanguage\":\"en-GB\",\"potentialAction\":[{\"@type\":\"ReadAction\",\"target\":[\"https:\/\/anabucevic.com\/product\/the-essence-of-everything-that-exists\/\"]}]},{\"@type\":\"ImageObject\",\"inLanguage\":\"en-GB\",\"@id\":\"https:\/\/anabucevic.com\/product\/the-essence-of-everything-that-exists\/#primaryimage\",\"url\":\"https:\/\/anabucevic.com\/wp-content\/uploads\/2023\/08\/Screenshot-2023-08-27-at-12.29.53.png\",\"contentUrl\":\"https:\/\/anabucevic.com\/wp-content\/uploads\/2023\/08\/Screenshot-2023-08-27-at-12.29.53.png\",\"width\":2242,\"height\":2242},{\"@type\":\"BreadcrumbList\",\"@id\":\"https:\/\/anabucevic.com\/product\/the-essence-of-everything-that-exists\/#breadcrumb\",\"itemListElement\":[{\"@type\":\"ListItem\",\"position\":1,\"name\":\"Home\",\"item\":\"https:\/\/anabucevic.com\/\"},{\"@type\":\"ListItem\",\"position\":2,\"name\":\"ARMAND ALVAREZ I KOSTA TRIFUNOVI\u0106 &#8211; We all are one: THE ESSENCE OF EVERYTHING THAT EXISTS (English edition)\"}]},{\"@type\":\"WebSite\",\"@id\":\"https:\/\/anabucevic.com\/#website\",\"url\":\"https:\/\/anabucevic.com\/\",\"name\":\"Ana Bu\u010devi\u0107\",\"description\":\"Budite ono \u0161to \u017eelite postati...\",\"publisher\":{\"@id\":\"https:\/\/anabucevic.com\/#organization\"},\"alternateName\":\"Ana Bu\u010devi\u0107 - Budite ono \u0161to \u017eelite postati\",\"potentialAction\":[{\"@type\":\"SearchAction\",\"target\":{\"@type\":\"EntryPoint\",\"urlTemplate\":\"https:\/\/anabucevic.com\/?s={search_term_string}\"},\"query-input\":{\"@type\":\"PropertyValueSpecification\",\"valueRequired\":true,\"valueName\":\"search_term_string\"}}],\"inLanguage\":\"en-GB\"},{\"@type\":\"Organization\",\"@id\":\"https:\/\/anabucevic.com\/#organization\",\"name\":\"Ana Bu\u010devi\u0107\",\"alternateName\":\"Safari Duha\",\"url\":\"https:\/\/anabucevic.com\/\",\"logo\":{\"@type\":\"ImageObject\",\"inLanguage\":\"en-GB\",\"@id\":\"https:\/\/anabucevic.com\/#\/schema\/logo\/image\/\",\"url\":\"https:\/\/anabucevic.com\/wp-content\/uploads\/2026\/01\/Logo-stranice-1.png\",\"contentUrl\":\"https:\/\/anabucevic.com\/wp-content\/uploads\/2026\/01\/Logo-stranice-1.png\",\"width\":701,\"height\":200,\"caption\":\"Ana Bu\u010devi\u0107\"},\"image\":{\"@id\":\"https:\/\/anabucevic.com\/#\/schema\/logo\/image\/\"},\"sameAs\":[\"https:\/\/www.facebook.com\/safariduha\/\",\"https:\/\/www.youtube.com\/user\/safariduha1\",\"https:\/\/www.instagram.com\/safariduha\/?hl=hr\"]}]}<\/script>\n<!-- \/ Yoast SEO plugin. -->","yoast_head_json":{"title":"ARMAND ALVAREZ I KOSTA TRIFUNOVI\u0106 - We all are one: THE ESSENCE OF EVERYTHING THAT EXISTS (English edition) - Ana Bu\u010devi\u0107","robots":{"index":"index","follow":"follow","max-snippet":"max-snippet:-1","max-image-preview":"max-image-preview:large","max-video-preview":"max-video-preview:-1"},"canonical":"https:\/\/anabucevic.com\/en\/product\/the-essence-of-everything-that-exists\/","og_locale":"en_GB","og_type":"article","og_title":"ARMAND ALVAREZ I KOSTA TRIFUNOVI\u0106 - We all are one: THE ESSENCE OF EVERYTHING THAT EXISTS (English edition) - Ana Bu\u010devi\u0107","og_description":"1,760 rsd Who am I? What is my purpose in this life? How do I know whether I serve my purpose?  We often ask ourselves questions like these, intellectually. Sometimes, so much that it has our wheels spinning! You are holding a transformational question-answer dance in your hands, received from a perspective beyond thoughts, opinions, judgments and beliefs.  This is a book about YOU, inside and out.  It is about abundance of experience you get to enjoy, as you become aware of many more reflections and angles of you, more than your perspective of the Self contains.  The questions represent the DEEP DIVE into the process of conscious creating one\u2019s reality, with the power of focus and the balance in the foreground.  Our purest desire in disclosing this material is to create a conducive environment for you to accelerate, your INNATE search for knowing, to the speed of your own liking.  We wish to bring these pages into play as a springboard towards enhanced curiosity, wonder, discovery and embodiment of your, ever growing, FULL POTENTIAL.  Enjoy the ride!","og_url":"https:\/\/anabucevic.com\/en\/product\/the-essence-of-everything-that-exists\/","og_site_name":"Ana Bu\u010devi\u0107","article_publisher":"https:\/\/www.facebook.com\/safariduha\/","article_modified_time":"2025-12-10T20:07:24+00:00","og_image":[{"width":1024,"height":1024,"url":"https:\/\/anabucevic.com\/wp-content\/uploads\/2023\/08\/Screenshot-2023-08-27-at-12.29.53-1024x1024.png","type":"image\/png"}],"twitter_card":"summary_large_image","schema":{"@context":"https:\/\/schema.org","@graph":[{"@type":"WebPage","@id":"https:\/\/anabucevic.com\/product\/the-essence-of-everything-that-exists\/","url":"https:\/\/anabucevic.com\/product\/the-essence-of-everything-that-exists\/","name":"ARMAND ALVAREZ I KOSTA TRIFUNOVI\u0106 - We all are one: THE ESSENCE OF EVERYTHING THAT EXISTS (English edition) - Ana Bu\u010devi\u0107","isPartOf":{"@id":"https:\/\/anabucevic.com\/#website"},"primaryImageOfPage":{"@id":"https:\/\/anabucevic.com\/product\/the-essence-of-everything-that-exists\/#primaryimage"},"image":{"@id":"https:\/\/anabucevic.com\/product\/the-essence-of-everything-that-exists\/#primaryimage"},"thumbnailUrl":"https:\/\/anabucevic.com\/wp-content\/uploads\/2023\/08\/Screenshot-2023-08-27-at-12.29.53.png","datePublished":"2023-08-27T11:31:09+00:00","dateModified":"2025-12-10T20:07:24+00:00","breadcrumb":{"@id":"https:\/\/anabucevic.com\/product\/the-essence-of-everything-that-exists\/#breadcrumb"},"inLanguage":"en-GB","potentialAction":[{"@type":"ReadAction","target":["https:\/\/anabucevic.com\/product\/the-essence-of-everything-that-exists\/"]}]},{"@type":"ImageObject","inLanguage":"en-GB","@id":"https:\/\/anabucevic.com\/product\/the-essence-of-everything-that-exists\/#primaryimage","url":"https:\/\/anabucevic.com\/wp-content\/uploads\/2023\/08\/Screenshot-2023-08-27-at-12.29.53.png","contentUrl":"https:\/\/anabucevic.com\/wp-content\/uploads\/2023\/08\/Screenshot-2023-08-27-at-12.29.53.png","width":2242,"height":2242},{"@type":"BreadcrumbList","@id":"https:\/\/anabucevic.com\/product\/the-essence-of-everything-that-exists\/#breadcrumb","itemListElement":[{"@type":"ListItem","position":1,"name":"Home","item":"https:\/\/anabucevic.com\/"},{"@type":"ListItem","position":2,"name":"ARMAND ALVAREZ I KOSTA TRIFUNOVI\u0106 &#8211; We all are one: THE ESSENCE OF EVERYTHING THAT EXISTS (English edition)"}]},{"@type":"WebSite","@id":"https:\/\/anabucevic.com\/#website","url":"https:\/\/anabucevic.com\/","name":"Ana Bu\u010devi\u0107","description":"Budite ono \u0161to \u017eelite postati...","publisher":{"@id":"https:\/\/anabucevic.com\/#organization"},"alternateName":"Ana Bu\u010devi\u0107 - Budite ono \u0161to \u017eelite postati","potentialAction":[{"@type":"SearchAction","target":{"@type":"EntryPoint","urlTemplate":"https:\/\/anabucevic.com\/?s={search_term_string}"},"query-input":{"@type":"PropertyValueSpecification","valueRequired":true,"valueName":"search_term_string"}}],"inLanguage":"en-GB"},{"@type":"Organization","@id":"https:\/\/anabucevic.com\/#organization","name":"Ana Bu\u010devi\u0107","alternateName":"Safari Duha","url":"https:\/\/anabucevic.com\/","logo":{"@type":"ImageObject","inLanguage":"en-GB","@id":"https:\/\/anabucevic.com\/#\/schema\/logo\/image\/","url":"https:\/\/anabucevic.com\/wp-content\/uploads\/2026\/01\/Logo-stranice-1.png","contentUrl":"https:\/\/anabucevic.com\/wp-content\/uploads\/2026\/01\/Logo-stranice-1.png","width":701,"height":200,"caption":"Ana Bu\u010devi\u0107"},"image":{"@id":"https:\/\/anabucevic.com\/#\/schema\/logo\/image\/"},"sameAs":["https:\/\/www.facebook.com\/safariduha\/","https:\/\/www.youtube.com\/user\/safariduha1","https:\/\/www.instagram.com\/safariduha\/?hl=hr"]}]}},"_links":{"self":[{"href":"https:\/\/anabucevic.com\/en\/wp-json\/wp\/v2\/product\/6353566","targetHints":{"allow":["GET"]}}],"collection":[{"href":"https:\/\/anabucevic.com\/en\/wp-json\/wp\/v2\/product"}],"about":[{"href":"https:\/\/anabucevic.com\/en\/wp-json\/wp\/v2\/types\/product"}],"wp:featuredmedia":[{"embeddable":true,"href":"https:\/\/anabucevic.com\/en\/wp-json\/wp\/v2\/media\/6353567"}],"wp:attachment":[{"href":"https:\/\/anabucevic.com\/en\/wp-json\/wp\/v2\/media?parent=6353566"}],"wp:term":[{"taxonomy":"product_brand","embeddable":true,"href":"https:\/\/anabucevic.com\/en\/wp-json\/wp\/v2\/product_brand?post=6353566"},{"taxonomy":"product_cat","embeddable":true,"href":"https:\/\/anabucevic.com\/en\/wp-json\/wp\/v2\/product_cat?post=6353566"},{"taxonomy":"product_tag","embeddable":true,"href":"https:\/\/anabucevic.com\/en\/wp-json\/wp\/v2\/product_tag?post=6353566"}],"curies":[{"name":"wp","href":"https:\/\/api.w.org\/{rel}","templated":true}]}}