{"id":6364639,"date":"2024-04-23T11:51:22","date_gmt":"2024-04-23T09:51:22","guid":{"rendered":"https:\/\/anabucevic.com\/?post_type=product&#038;p=6364639"},"modified":"2025-12-10T22:05:48","modified_gmt":"2025-12-10T20:05:48","slug":"svjesno-majcinstvo-nada-bucevic","status":"publish","type":"product","link":"https:\/\/anabucevic.com\/en\/product\/svjesno-majcinstvo-nada-bucevic\/","title":{"rendered":"NADA BU\u010cEVI\u0106 &#8211; Svjesno maj\u010dinstvo"},"content":{"rendered":"","protected":false},"excerpt":{"rendered":"<h5>1.650 RSD<\/h5>\n<p>Upravo trudno\u0107a mo\u017ee biti savr\u0161en trenutak osobnog samorazvoja. Trudno\u0107a nije tek fizi\u010dki proces. Pravilno do\u017eivljena, doista mo\u017ee postati iznimno duhovno iskustvo te zna\u010diti inicijaciju budnosti i svijesti. Ona je savr\u0161en trenutak da \u017eivot po\u010dnemo promatrati &#8220;iznutra&#8221; umjesto izvana, kako ga mnogi pogre\u0161no \u017eive. A ima li ljep\u0161eg poziva u unutarnji svijet od poziva koji vam \u0161alje va\u0161e dijete?<\/p>","protected":false},"featured_media":6364640,"template":"","meta":[],"product_brand":[],"product_cat":[56],"product_tag":[],"class_list":{"0":"post-6364639","1":"product","2":"type-product","3":"status-publish","4":"has-post-thumbnail","6":"product_cat-ostale-knjige-u-nasem-izdavastvu","8":"first","9":"instock","10":"taxable","11":"shipping-taxable","12":"purchasable","13":"product-type-simple"},"yoast_head":"<!-- This site is optimized with the Yoast SEO plugin v27.2 - https:\/\/yoast.com\/product\/yoast-seo-wordpress\/ -->\n<title>NADA BU\u010cEVI\u0106 - Svjesno maj\u010dinstvo - Ana Bu\u010devi\u0107<\/title>\n<meta name=\"robots\" content=\"index, follow, max-snippet:-1, max-image-preview:large, max-video-preview:-1\" \/>\n<link rel=\"canonical\" href=\"https:\/\/anabucevic.com\/en\/product\/svjesno-majcinstvo-nada-bucevic\/\" \/>\n<meta property=\"og:locale\" content=\"en_GB\" \/>\n<meta property=\"og:type\" content=\"article\" \/>\n<meta property=\"og:title\" content=\"NADA BU\u010cEVI\u0106 - Svjesno maj\u010dinstvo - Ana Bu\u010devi\u0107\" \/>\n<meta property=\"og:description\" content=\"1.650 RSD Upravo trudno\u0107a mo\u017ee biti savr\u0161en trenutak osobnog samorazvoja. Trudno\u0107a nije tek fizi\u010dki proces. Pravilno do\u017eivljena, doista mo\u017ee postati iznimno duhovno iskustvo te zna\u010diti inicijaciju budnosti i svijesti. Ona je savr\u0161en trenutak da \u017eivot po\u010dnemo promatrati &quot;iznutra&quot; umjesto izvana, kako ga mnogi pogre\u0161no \u017eive. A ima li ljep\u0161eg poziva u unutarnji svijet od poziva koji vam \u0161alje va\u0161e dijete?\" \/>\n<meta property=\"og:url\" content=\"https:\/\/anabucevic.com\/en\/product\/svjesno-majcinstvo-nada-bucevic\/\" \/>\n<meta property=\"og:site_name\" content=\"Ana Bu\u010devi\u0107\" \/>\n<meta property=\"article:publisher\" content=\"https:\/\/www.facebook.com\/safariduha\/\" \/>\n<meta property=\"article:modified_time\" content=\"2025-12-10T20:05:48+00:00\" \/>\n<meta property=\"og:image\" content=\"https:\/\/anabucevic.com\/wp-content\/uploads\/2024\/04\/Screenshot-2024-03-29-at-12.47.02.jpg\" \/>\n\t<meta property=\"og:image:width\" content=\"2246\" \/>\n\t<meta property=\"og:image:height\" content=\"2248\" \/>\n\t<meta property=\"og:image:type\" content=\"image\/jpeg\" \/>\n<meta name=\"twitter:card\" content=\"summary_large_image\" \/>\n<script type=\"application\/ld+json\" class=\"yoast-schema-graph\">{\"@context\":\"https:\/\/schema.org\",\"@graph\":[{\"@type\":\"WebPage\",\"@id\":\"https:\/\/anabucevic.com\/product\/svjesno-majcinstvo-nada-bucevic\/\",\"url\":\"https:\/\/anabucevic.com\/product\/svjesno-majcinstvo-nada-bucevic\/\",\"name\":\"NADA BU\u010cEVI\u0106 - Svjesno maj\u010dinstvo - Ana Bu\u010devi\u0107\",\"isPartOf\":{\"@id\":\"https:\/\/anabucevic.com\/#website\"},\"primaryImageOfPage\":{\"@id\":\"https:\/\/anabucevic.com\/product\/svjesno-majcinstvo-nada-bucevic\/#primaryimage\"},\"image\":{\"@id\":\"https:\/\/anabucevic.com\/product\/svjesno-majcinstvo-nada-bucevic\/#primaryimage\"},\"thumbnailUrl\":\"https:\/\/anabucevic.com\/wp-content\/uploads\/2024\/04\/Screenshot-2024-03-29-at-12.47.02.jpg\",\"datePublished\":\"2024-04-23T09:51:22+00:00\",\"dateModified\":\"2025-12-10T20:05:48+00:00\",\"breadcrumb\":{\"@id\":\"https:\/\/anabucevic.com\/product\/svjesno-majcinstvo-nada-bucevic\/#breadcrumb\"},\"inLanguage\":\"en-GB\",\"potentialAction\":[{\"@type\":\"ReadAction\",\"target\":[\"https:\/\/anabucevic.com\/product\/svjesno-majcinstvo-nada-bucevic\/\"]}]},{\"@type\":\"ImageObject\",\"inLanguage\":\"en-GB\",\"@id\":\"https:\/\/anabucevic.com\/product\/svjesno-majcinstvo-nada-bucevic\/#primaryimage\",\"url\":\"https:\/\/anabucevic.com\/wp-content\/uploads\/2024\/04\/Screenshot-2024-03-29-at-12.47.02.jpg\",\"contentUrl\":\"https:\/\/anabucevic.com\/wp-content\/uploads\/2024\/04\/Screenshot-2024-03-29-at-12.47.02.jpg\",\"width\":2246,\"height\":2248},{\"@type\":\"BreadcrumbList\",\"@id\":\"https:\/\/anabucevic.com\/product\/svjesno-majcinstvo-nada-bucevic\/#breadcrumb\",\"itemListElement\":[{\"@type\":\"ListItem\",\"position\":1,\"name\":\"Home\",\"item\":\"https:\/\/anabucevic.com\/\"},{\"@type\":\"ListItem\",\"position\":2,\"name\":\"NADA BU\u010cEVI\u0106 &#8211; Svjesno maj\u010dinstvo\"}]},{\"@type\":\"WebSite\",\"@id\":\"https:\/\/anabucevic.com\/#website\",\"url\":\"https:\/\/anabucevic.com\/\",\"name\":\"Ana Bu\u010devi\u0107\",\"description\":\"Budite ono \u0161to \u017eelite postati...\",\"publisher\":{\"@id\":\"https:\/\/anabucevic.com\/#organization\"},\"alternateName\":\"Ana Bu\u010devi\u0107 - Budite ono \u0161to \u017eelite postati\",\"potentialAction\":[{\"@type\":\"SearchAction\",\"target\":{\"@type\":\"EntryPoint\",\"urlTemplate\":\"https:\/\/anabucevic.com\/?s={search_term_string}\"},\"query-input\":{\"@type\":\"PropertyValueSpecification\",\"valueRequired\":true,\"valueName\":\"search_term_string\"}}],\"inLanguage\":\"en-GB\"},{\"@type\":\"Organization\",\"@id\":\"https:\/\/anabucevic.com\/#organization\",\"name\":\"Ana Bu\u010devi\u0107\",\"alternateName\":\"Safari Duha\",\"url\":\"https:\/\/anabucevic.com\/\",\"logo\":{\"@type\":\"ImageObject\",\"inLanguage\":\"en-GB\",\"@id\":\"https:\/\/anabucevic.com\/#\/schema\/logo\/image\/\",\"url\":\"https:\/\/anabucevic.com\/wp-content\/uploads\/2026\/01\/Logo-stranice-1.png\",\"contentUrl\":\"https:\/\/anabucevic.com\/wp-content\/uploads\/2026\/01\/Logo-stranice-1.png\",\"width\":701,\"height\":200,\"caption\":\"Ana Bu\u010devi\u0107\"},\"image\":{\"@id\":\"https:\/\/anabucevic.com\/#\/schema\/logo\/image\/\"},\"sameAs\":[\"https:\/\/www.facebook.com\/safariduha\/\",\"https:\/\/www.youtube.com\/user\/safariduha1\",\"https:\/\/www.instagram.com\/safariduha\/?hl=hr\"]}]}<\/script>\n<!-- \/ Yoast SEO plugin. -->","yoast_head_json":{"title":"NADA BU\u010cEVI\u0106 - Svjesno maj\u010dinstvo - Ana Bu\u010devi\u0107","robots":{"index":"index","follow":"follow","max-snippet":"max-snippet:-1","max-image-preview":"max-image-preview:large","max-video-preview":"max-video-preview:-1"},"canonical":"https:\/\/anabucevic.com\/en\/product\/svjesno-majcinstvo-nada-bucevic\/","og_locale":"en_GB","og_type":"article","og_title":"NADA BU\u010cEVI\u0106 - Svjesno maj\u010dinstvo - Ana Bu\u010devi\u0107","og_description":"1.650 RSD Upravo trudno\u0107a mo\u017ee biti savr\u0161en trenutak osobnog samorazvoja. Trudno\u0107a nije tek fizi\u010dki proces. Pravilno do\u017eivljena, doista mo\u017ee postati iznimno duhovno iskustvo te zna\u010diti inicijaciju budnosti i svijesti. Ona je savr\u0161en trenutak da \u017eivot po\u010dnemo promatrati \"iznutra\" umjesto izvana, kako ga mnogi pogre\u0161no \u017eive. A ima li ljep\u0161eg poziva u unutarnji svijet od poziva koji vam \u0161alje va\u0161e dijete?","og_url":"https:\/\/anabucevic.com\/en\/product\/svjesno-majcinstvo-nada-bucevic\/","og_site_name":"Ana Bu\u010devi\u0107","article_publisher":"https:\/\/www.facebook.com\/safariduha\/","article_modified_time":"2025-12-10T20:05:48+00:00","og_image":[{"width":2246,"height":2248,"url":"https:\/\/anabucevic.com\/wp-content\/uploads\/2024\/04\/Screenshot-2024-03-29-at-12.47.02.jpg","type":"image\/jpeg"}],"twitter_card":"summary_large_image","schema":{"@context":"https:\/\/schema.org","@graph":[{"@type":"WebPage","@id":"https:\/\/anabucevic.com\/product\/svjesno-majcinstvo-nada-bucevic\/","url":"https:\/\/anabucevic.com\/product\/svjesno-majcinstvo-nada-bucevic\/","name":"NADA BU\u010cEVI\u0106 - Svjesno maj\u010dinstvo - Ana Bu\u010devi\u0107","isPartOf":{"@id":"https:\/\/anabucevic.com\/#website"},"primaryImageOfPage":{"@id":"https:\/\/anabucevic.com\/product\/svjesno-majcinstvo-nada-bucevic\/#primaryimage"},"image":{"@id":"https:\/\/anabucevic.com\/product\/svjesno-majcinstvo-nada-bucevic\/#primaryimage"},"thumbnailUrl":"https:\/\/anabucevic.com\/wp-content\/uploads\/2024\/04\/Screenshot-2024-03-29-at-12.47.02.jpg","datePublished":"2024-04-23T09:51:22+00:00","dateModified":"2025-12-10T20:05:48+00:00","breadcrumb":{"@id":"https:\/\/anabucevic.com\/product\/svjesno-majcinstvo-nada-bucevic\/#breadcrumb"},"inLanguage":"en-GB","potentialAction":[{"@type":"ReadAction","target":["https:\/\/anabucevic.com\/product\/svjesno-majcinstvo-nada-bucevic\/"]}]},{"@type":"ImageObject","inLanguage":"en-GB","@id":"https:\/\/anabucevic.com\/product\/svjesno-majcinstvo-nada-bucevic\/#primaryimage","url":"https:\/\/anabucevic.com\/wp-content\/uploads\/2024\/04\/Screenshot-2024-03-29-at-12.47.02.jpg","contentUrl":"https:\/\/anabucevic.com\/wp-content\/uploads\/2024\/04\/Screenshot-2024-03-29-at-12.47.02.jpg","width":2246,"height":2248},{"@type":"BreadcrumbList","@id":"https:\/\/anabucevic.com\/product\/svjesno-majcinstvo-nada-bucevic\/#breadcrumb","itemListElement":[{"@type":"ListItem","position":1,"name":"Home","item":"https:\/\/anabucevic.com\/"},{"@type":"ListItem","position":2,"name":"NADA BU\u010cEVI\u0106 &#8211; Svjesno maj\u010dinstvo"}]},{"@type":"WebSite","@id":"https:\/\/anabucevic.com\/#website","url":"https:\/\/anabucevic.com\/","name":"Ana Bu\u010devi\u0107","description":"Budite ono \u0161to \u017eelite postati...","publisher":{"@id":"https:\/\/anabucevic.com\/#organization"},"alternateName":"Ana Bu\u010devi\u0107 - Budite ono \u0161to \u017eelite postati","potentialAction":[{"@type":"SearchAction","target":{"@type":"EntryPoint","urlTemplate":"https:\/\/anabucevic.com\/?s={search_term_string}"},"query-input":{"@type":"PropertyValueSpecification","valueRequired":true,"valueName":"search_term_string"}}],"inLanguage":"en-GB"},{"@type":"Organization","@id":"https:\/\/anabucevic.com\/#organization","name":"Ana Bu\u010devi\u0107","alternateName":"Safari Duha","url":"https:\/\/anabucevic.com\/","logo":{"@type":"ImageObject","inLanguage":"en-GB","@id":"https:\/\/anabucevic.com\/#\/schema\/logo\/image\/","url":"https:\/\/anabucevic.com\/wp-content\/uploads\/2026\/01\/Logo-stranice-1.png","contentUrl":"https:\/\/anabucevic.com\/wp-content\/uploads\/2026\/01\/Logo-stranice-1.png","width":701,"height":200,"caption":"Ana Bu\u010devi\u0107"},"image":{"@id":"https:\/\/anabucevic.com\/#\/schema\/logo\/image\/"},"sameAs":["https:\/\/www.facebook.com\/safariduha\/","https:\/\/www.youtube.com\/user\/safariduha1","https:\/\/www.instagram.com\/safariduha\/?hl=hr"]}]}},"_links":{"self":[{"href":"https:\/\/anabucevic.com\/en\/wp-json\/wp\/v2\/product\/6364639","targetHints":{"allow":["GET"]}}],"collection":[{"href":"https:\/\/anabucevic.com\/en\/wp-json\/wp\/v2\/product"}],"about":[{"href":"https:\/\/anabucevic.com\/en\/wp-json\/wp\/v2\/types\/product"}],"wp:featuredmedia":[{"embeddable":true,"href":"https:\/\/anabucevic.com\/en\/wp-json\/wp\/v2\/media\/6364640"}],"wp:attachment":[{"href":"https:\/\/anabucevic.com\/en\/wp-json\/wp\/v2\/media?parent=6364639"}],"wp:term":[{"taxonomy":"product_brand","embeddable":true,"href":"https:\/\/anabucevic.com\/en\/wp-json\/wp\/v2\/product_brand?post=6364639"},{"taxonomy":"product_cat","embeddable":true,"href":"https:\/\/anabucevic.com\/en\/wp-json\/wp\/v2\/product_cat?post=6364639"},{"taxonomy":"product_tag","embeddable":true,"href":"https:\/\/anabucevic.com\/en\/wp-json\/wp\/v2\/product_tag?post=6364639"}],"curies":[{"name":"wp","href":"https:\/\/api.w.org\/{rel}","templated":true}]}}