{"id":6372301,"date":"2024-11-10T18:54:59","date_gmt":"2024-11-10T16:54:59","guid":{"rendered":"https:\/\/anabucevic.com\/?post_type=product&#038;p=6372301"},"modified":"2024-11-11T11:32:38","modified_gmt":"2024-11-11T09:32:38","slug":"nada-bucevic-safari-duha-price-za-budenje-mudrosti","status":"publish","type":"product","link":"https:\/\/anabucevic.com\/en\/product\/nada-bucevic-safari-duha-price-za-budenje-mudrosti\/","title":{"rendered":"Nada Bu\u010devi\u0107 &#8211; SAFARI DUHA &#8211; Pri\u010de za bu\u0111enje mudrosti"},"content":{"rendered":"","protected":false},"excerpt":{"rendered":"<h6>2.235 RSD<\/h6>\n<p>Jeste li znali da meditativne pri\u010de imaju pozitivan u\u010dinak<br \/>\nna emocionalni, mentalni i intelektualni razvoj djece?<\/p>\n<p>Safari duha \u2013 pri\u010de za bu\u0111enje mudrosti pomo\u0107i \u0107e djeci:<br \/>\nja\u010dati zdrav emocionalni i intelektualni razvoj;<br \/>\nbolje se nositi sa stresnim situacijama;<br \/>\nrazvijati ma\u0161tu i kreativnost;<br \/>\nja\u010dati pam\u0107enje, koncentraciju i pa\u017enju;<br \/>\nprobuditi potencijale koje nose u sebi;<br \/>\npripremiti se za \u0161kolske dane;<br \/>\nrazvijati dobre odnose s obitelji i prijateljima;<br \/>\nkontrolirati negativne misli;<br \/>\nja\u010dati samopouzdanje i samopo\u0161tovanje;<br \/>\nnenasilno rje\u0161avati sukobe;<br \/>\nja\u010dati empatiju;<br \/>\nPRONA\u0106I UNUTARNJI MIR.<\/p>","protected":false},"featured_media":6372302,"template":"","meta":[],"product_brand":[],"product_cat":[56],"product_tag":[],"class_list":{"0":"post-6372301","1":"product","2":"type-product","3":"status-publish","4":"has-post-thumbnail","6":"product_cat-ostale-knjige-u-nasem-izdavastvu","8":"first","9":"instock","10":"taxable","11":"shipping-taxable","12":"purchasable","13":"product-type-simple"},"yoast_head":"<!-- This site is optimized with the Yoast SEO plugin v27.2 - https:\/\/yoast.com\/product\/yoast-seo-wordpress\/ -->\n<title>Nada Bu\u010devi\u0107 - SAFARI DUHA - Pri\u010de za bu\u0111enje mudrosti - Ana Bu\u010devi\u0107<\/title>\n<meta name=\"robots\" content=\"index, follow, max-snippet:-1, max-image-preview:large, max-video-preview:-1\" \/>\n<link rel=\"canonical\" href=\"https:\/\/anabucevic.com\/en\/product\/nada-bucevic-safari-duha-price-za-budenje-mudrosti\/\" \/>\n<meta property=\"og:locale\" content=\"en_GB\" \/>\n<meta property=\"og:type\" content=\"article\" \/>\n<meta property=\"og:title\" content=\"Nada Bu\u010devi\u0107 - SAFARI DUHA - Pri\u010de za bu\u0111enje mudrosti - Ana Bu\u010devi\u0107\" \/>\n<meta property=\"og:description\" content=\"2.235 RSD Jeste li znali da meditativne pri\u010de imaju pozitivan u\u010dinak na emocionalni, mentalni i intelektualni razvoj djece?  Safari duha \u2013 pri\u010de za bu\u0111enje mudrosti pomo\u0107i \u0107e djeci: ja\u010dati zdrav emocionalni i intelektualni razvoj; bolje se nositi sa stresnim situacijama; razvijati ma\u0161tu i kreativnost; ja\u010dati pam\u0107enje, koncentraciju i pa\u017enju; probuditi potencijale koje nose u sebi; pripremiti se za \u0161kolske dane; razvijati dobre odnose s obitelji i prijateljima; kontrolirati negativne misli; ja\u010dati samopouzdanje i samopo\u0161tovanje; nenasilno rje\u0161avati sukobe; ja\u010dati empatiju; PRONA\u0106I UNUTARNJI MIR.\" \/>\n<meta property=\"og:url\" content=\"https:\/\/anabucevic.com\/en\/product\/nada-bucevic-safari-duha-price-za-budenje-mudrosti\/\" \/>\n<meta property=\"og:site_name\" content=\"Ana Bu\u010devi\u0107\" \/>\n<meta property=\"article:publisher\" content=\"https:\/\/www.facebook.com\/safariduha\/\" \/>\n<meta property=\"article:modified_time\" content=\"2024-11-11T09:32:38+00:00\" \/>\n<meta property=\"og:image\" content=\"https:\/\/anabucevic.com\/wp-content\/uploads\/2024\/11\/Screenshot-2024-11-10-at-17.38.12-1024x1024.png\" \/>\n\t<meta property=\"og:image:width\" content=\"1024\" \/>\n\t<meta property=\"og:image:height\" content=\"1024\" \/>\n\t<meta property=\"og:image:type\" content=\"image\/png\" \/>\n<meta name=\"twitter:card\" content=\"summary_large_image\" \/>\n<script type=\"application\/ld+json\" class=\"yoast-schema-graph\">{\"@context\":\"https:\/\/schema.org\",\"@graph\":[{\"@type\":\"WebPage\",\"@id\":\"https:\/\/anabucevic.com\/product\/nada-bucevic-safari-duha-price-za-budenje-mudrosti\/\",\"url\":\"https:\/\/anabucevic.com\/product\/nada-bucevic-safari-duha-price-za-budenje-mudrosti\/\",\"name\":\"Nada Bu\u010devi\u0107 - SAFARI DUHA - Pri\u010de za bu\u0111enje mudrosti - Ana Bu\u010devi\u0107\",\"isPartOf\":{\"@id\":\"https:\/\/anabucevic.com\/#website\"},\"primaryImageOfPage\":{\"@id\":\"https:\/\/anabucevic.com\/product\/nada-bucevic-safari-duha-price-za-budenje-mudrosti\/#primaryimage\"},\"image\":{\"@id\":\"https:\/\/anabucevic.com\/product\/nada-bucevic-safari-duha-price-za-budenje-mudrosti\/#primaryimage\"},\"thumbnailUrl\":\"https:\/\/anabucevic.com\/wp-content\/uploads\/2024\/11\/Screenshot-2024-11-10-at-17.38.12.png\",\"datePublished\":\"2024-11-10T16:54:59+00:00\",\"dateModified\":\"2024-11-11T09:32:38+00:00\",\"breadcrumb\":{\"@id\":\"https:\/\/anabucevic.com\/product\/nada-bucevic-safari-duha-price-za-budenje-mudrosti\/#breadcrumb\"},\"inLanguage\":\"en-GB\",\"potentialAction\":[{\"@type\":\"ReadAction\",\"target\":[\"https:\/\/anabucevic.com\/product\/nada-bucevic-safari-duha-price-za-budenje-mudrosti\/\"]}]},{\"@type\":\"ImageObject\",\"inLanguage\":\"en-GB\",\"@id\":\"https:\/\/anabucevic.com\/product\/nada-bucevic-safari-duha-price-za-budenje-mudrosti\/#primaryimage\",\"url\":\"https:\/\/anabucevic.com\/wp-content\/uploads\/2024\/11\/Screenshot-2024-11-10-at-17.38.12.png\",\"contentUrl\":\"https:\/\/anabucevic.com\/wp-content\/uploads\/2024\/11\/Screenshot-2024-11-10-at-17.38.12.png\",\"width\":2244,\"height\":2246},{\"@type\":\"BreadcrumbList\",\"@id\":\"https:\/\/anabucevic.com\/product\/nada-bucevic-safari-duha-price-za-budenje-mudrosti\/#breadcrumb\",\"itemListElement\":[{\"@type\":\"ListItem\",\"position\":1,\"name\":\"Home\",\"item\":\"https:\/\/anabucevic.com\/\"},{\"@type\":\"ListItem\",\"position\":2,\"name\":\"Nada Bu\u010devi\u0107 &#8211; SAFARI DUHA &#8211; Pri\u010de za bu\u0111enje mudrosti\"}]},{\"@type\":\"WebSite\",\"@id\":\"https:\/\/anabucevic.com\/#website\",\"url\":\"https:\/\/anabucevic.com\/\",\"name\":\"Ana Bu\u010devi\u0107\",\"description\":\"Budite ono \u0161to \u017eelite postati...\",\"publisher\":{\"@id\":\"https:\/\/anabucevic.com\/#organization\"},\"alternateName\":\"Ana Bu\u010devi\u0107 - Budite ono \u0161to \u017eelite postati\",\"potentialAction\":[{\"@type\":\"SearchAction\",\"target\":{\"@type\":\"EntryPoint\",\"urlTemplate\":\"https:\/\/anabucevic.com\/?s={search_term_string}\"},\"query-input\":{\"@type\":\"PropertyValueSpecification\",\"valueRequired\":true,\"valueName\":\"search_term_string\"}}],\"inLanguage\":\"en-GB\"},{\"@type\":\"Organization\",\"@id\":\"https:\/\/anabucevic.com\/#organization\",\"name\":\"Ana Bu\u010devi\u0107\",\"alternateName\":\"Safari Duha\",\"url\":\"https:\/\/anabucevic.com\/\",\"logo\":{\"@type\":\"ImageObject\",\"inLanguage\":\"en-GB\",\"@id\":\"https:\/\/anabucevic.com\/#\/schema\/logo\/image\/\",\"url\":\"https:\/\/anabucevic.com\/wp-content\/uploads\/2026\/01\/Logo-stranice-1.png\",\"contentUrl\":\"https:\/\/anabucevic.com\/wp-content\/uploads\/2026\/01\/Logo-stranice-1.png\",\"width\":701,\"height\":200,\"caption\":\"Ana Bu\u010devi\u0107\"},\"image\":{\"@id\":\"https:\/\/anabucevic.com\/#\/schema\/logo\/image\/\"},\"sameAs\":[\"https:\/\/www.facebook.com\/safariduha\/\",\"https:\/\/www.youtube.com\/user\/safariduha1\",\"https:\/\/www.instagram.com\/safariduha\/?hl=hr\"]}]}<\/script>\n<!-- \/ Yoast SEO plugin. -->","yoast_head_json":{"title":"Nada Bu\u010devi\u0107 - SAFARI DUHA - Pri\u010de za bu\u0111enje mudrosti - Ana Bu\u010devi\u0107","robots":{"index":"index","follow":"follow","max-snippet":"max-snippet:-1","max-image-preview":"max-image-preview:large","max-video-preview":"max-video-preview:-1"},"canonical":"https:\/\/anabucevic.com\/en\/product\/nada-bucevic-safari-duha-price-za-budenje-mudrosti\/","og_locale":"en_GB","og_type":"article","og_title":"Nada Bu\u010devi\u0107 - SAFARI DUHA - Pri\u010de za bu\u0111enje mudrosti - Ana Bu\u010devi\u0107","og_description":"2.235 RSD Jeste li znali da meditativne pri\u010de imaju pozitivan u\u010dinak na emocionalni, mentalni i intelektualni razvoj djece?  Safari duha \u2013 pri\u010de za bu\u0111enje mudrosti pomo\u0107i \u0107e djeci: ja\u010dati zdrav emocionalni i intelektualni razvoj; bolje se nositi sa stresnim situacijama; razvijati ma\u0161tu i kreativnost; ja\u010dati pam\u0107enje, koncentraciju i pa\u017enju; probuditi potencijale koje nose u sebi; pripremiti se za \u0161kolske dane; razvijati dobre odnose s obitelji i prijateljima; kontrolirati negativne misli; ja\u010dati samopouzdanje i samopo\u0161tovanje; nenasilno rje\u0161avati sukobe; ja\u010dati empatiju; PRONA\u0106I UNUTARNJI MIR.","og_url":"https:\/\/anabucevic.com\/en\/product\/nada-bucevic-safari-duha-price-za-budenje-mudrosti\/","og_site_name":"Ana Bu\u010devi\u0107","article_publisher":"https:\/\/www.facebook.com\/safariduha\/","article_modified_time":"2024-11-11T09:32:38+00:00","og_image":[{"width":1024,"height":1024,"url":"https:\/\/anabucevic.com\/wp-content\/uploads\/2024\/11\/Screenshot-2024-11-10-at-17.38.12-1024x1024.png","type":"image\/png"}],"twitter_card":"summary_large_image","schema":{"@context":"https:\/\/schema.org","@graph":[{"@type":"WebPage","@id":"https:\/\/anabucevic.com\/product\/nada-bucevic-safari-duha-price-za-budenje-mudrosti\/","url":"https:\/\/anabucevic.com\/product\/nada-bucevic-safari-duha-price-za-budenje-mudrosti\/","name":"Nada Bu\u010devi\u0107 - SAFARI DUHA - Pri\u010de za bu\u0111enje mudrosti - Ana Bu\u010devi\u0107","isPartOf":{"@id":"https:\/\/anabucevic.com\/#website"},"primaryImageOfPage":{"@id":"https:\/\/anabucevic.com\/product\/nada-bucevic-safari-duha-price-za-budenje-mudrosti\/#primaryimage"},"image":{"@id":"https:\/\/anabucevic.com\/product\/nada-bucevic-safari-duha-price-za-budenje-mudrosti\/#primaryimage"},"thumbnailUrl":"https:\/\/anabucevic.com\/wp-content\/uploads\/2024\/11\/Screenshot-2024-11-10-at-17.38.12.png","datePublished":"2024-11-10T16:54:59+00:00","dateModified":"2024-11-11T09:32:38+00:00","breadcrumb":{"@id":"https:\/\/anabucevic.com\/product\/nada-bucevic-safari-duha-price-za-budenje-mudrosti\/#breadcrumb"},"inLanguage":"en-GB","potentialAction":[{"@type":"ReadAction","target":["https:\/\/anabucevic.com\/product\/nada-bucevic-safari-duha-price-za-budenje-mudrosti\/"]}]},{"@type":"ImageObject","inLanguage":"en-GB","@id":"https:\/\/anabucevic.com\/product\/nada-bucevic-safari-duha-price-za-budenje-mudrosti\/#primaryimage","url":"https:\/\/anabucevic.com\/wp-content\/uploads\/2024\/11\/Screenshot-2024-11-10-at-17.38.12.png","contentUrl":"https:\/\/anabucevic.com\/wp-content\/uploads\/2024\/11\/Screenshot-2024-11-10-at-17.38.12.png","width":2244,"height":2246},{"@type":"BreadcrumbList","@id":"https:\/\/anabucevic.com\/product\/nada-bucevic-safari-duha-price-za-budenje-mudrosti\/#breadcrumb","itemListElement":[{"@type":"ListItem","position":1,"name":"Home","item":"https:\/\/anabucevic.com\/"},{"@type":"ListItem","position":2,"name":"Nada Bu\u010devi\u0107 &#8211; SAFARI DUHA &#8211; Pri\u010de za bu\u0111enje mudrosti"}]},{"@type":"WebSite","@id":"https:\/\/anabucevic.com\/#website","url":"https:\/\/anabucevic.com\/","name":"Ana Bu\u010devi\u0107","description":"Budite ono \u0161to \u017eelite postati...","publisher":{"@id":"https:\/\/anabucevic.com\/#organization"},"alternateName":"Ana Bu\u010devi\u0107 - Budite ono \u0161to \u017eelite postati","potentialAction":[{"@type":"SearchAction","target":{"@type":"EntryPoint","urlTemplate":"https:\/\/anabucevic.com\/?s={search_term_string}"},"query-input":{"@type":"PropertyValueSpecification","valueRequired":true,"valueName":"search_term_string"}}],"inLanguage":"en-GB"},{"@type":"Organization","@id":"https:\/\/anabucevic.com\/#organization","name":"Ana Bu\u010devi\u0107","alternateName":"Safari Duha","url":"https:\/\/anabucevic.com\/","logo":{"@type":"ImageObject","inLanguage":"en-GB","@id":"https:\/\/anabucevic.com\/#\/schema\/logo\/image\/","url":"https:\/\/anabucevic.com\/wp-content\/uploads\/2026\/01\/Logo-stranice-1.png","contentUrl":"https:\/\/anabucevic.com\/wp-content\/uploads\/2026\/01\/Logo-stranice-1.png","width":701,"height":200,"caption":"Ana Bu\u010devi\u0107"},"image":{"@id":"https:\/\/anabucevic.com\/#\/schema\/logo\/image\/"},"sameAs":["https:\/\/www.facebook.com\/safariduha\/","https:\/\/www.youtube.com\/user\/safariduha1","https:\/\/www.instagram.com\/safariduha\/?hl=hr"]}]}},"_links":{"self":[{"href":"https:\/\/anabucevic.com\/en\/wp-json\/wp\/v2\/product\/6372301","targetHints":{"allow":["GET"]}}],"collection":[{"href":"https:\/\/anabucevic.com\/en\/wp-json\/wp\/v2\/product"}],"about":[{"href":"https:\/\/anabucevic.com\/en\/wp-json\/wp\/v2\/types\/product"}],"wp:featuredmedia":[{"embeddable":true,"href":"https:\/\/anabucevic.com\/en\/wp-json\/wp\/v2\/media\/6372302"}],"wp:attachment":[{"href":"https:\/\/anabucevic.com\/en\/wp-json\/wp\/v2\/media?parent=6372301"}],"wp:term":[{"taxonomy":"product_brand","embeddable":true,"href":"https:\/\/anabucevic.com\/en\/wp-json\/wp\/v2\/product_brand?post=6372301"},{"taxonomy":"product_cat","embeddable":true,"href":"https:\/\/anabucevic.com\/en\/wp-json\/wp\/v2\/product_cat?post=6372301"},{"taxonomy":"product_tag","embeddable":true,"href":"https:\/\/anabucevic.com\/en\/wp-json\/wp\/v2\/product_tag?post=6372301"}],"curies":[{"name":"wp","href":"https:\/\/api.w.org\/{rel}","templated":true}]}}