{"id":6373263,"date":"2024-11-30T14:26:34","date_gmt":"2024-11-30T12:26:34","guid":{"rendered":"https:\/\/anabucevic.com\/?post_type=product&#038;p=6373263"},"modified":"2025-12-10T22:05:38","modified_gmt":"2025-12-10T20:05:38","slug":"kroz-iluziju-do-radosti","status":"publish","type":"product","link":"https:\/\/anabucevic.com\/en\/product\/kroz-iluziju-do-radosti\/","title":{"rendered":"Through Illusion to Joy"},"content":{"rendered":"","protected":false},"excerpt":{"rendered":"<p><strong>2,700 rsd<\/strong><\/p>\n<p>At the break of dawn, in the quietest moments when her world is still, Ani hears a gentle voice calling her\u2014a voice of her Higher Self. In this magical encounter, their conversation begins, filled with wisdom, tender answers, and the treasure that had always resided within her.<\/p>\n<p>In the book THROUGH ILLUSION TO JOY \u2013 A Conversation with the Higher Self, we follow Ani as she asks the questions we all carry in our hearts, searching for truth and a deeper understanding of life.<\/p>\n<p>This experience is not only Ani's but also yours. As you read these pages, you will feel how every word and every answer Ani receives resonates within you. This is an invitation to pause, to listen, and perhaps, for the first time, to truly hear your own inner voice\u2014the voice of your Higher Self, which has always been with you, loving you, and, in its deep love and understanding, waiting for you to remember who you truly are.<\/p>\n<p>Through her experience, you too will gradually move through the layers of illusions, discovering the joy that has quietly resided within you all along, waiting to be uncovered and felt once more.<\/p>","protected":false},"featured_media":6373264,"template":"","meta":[],"product_brand":[],"product_cat":[18],"product_tag":[],"class_list":{"0":"post-6373263","1":"product","2":"type-product","3":"status-publish","4":"has-post-thumbnail","6":"product_cat-knjige-i-ostalo","8":"first","9":"instock","10":"taxable","11":"shipping-taxable","12":"purchasable","13":"product-type-simple"},"yoast_head":"<!-- This site is optimized with the Yoast SEO plugin v27.2 - https:\/\/yoast.com\/product\/yoast-seo-wordpress\/ -->\n<title>Kroz iluziju do radosti - Ana Bu\u010devi\u0107<\/title>\n<meta name=\"robots\" content=\"index, follow, max-snippet:-1, max-image-preview:large, max-video-preview:-1\" \/>\n<link rel=\"canonical\" href=\"https:\/\/anabucevic.com\/en\/product\/kroz-iluziju-do-radosti\/\" \/>\n<meta property=\"og:locale\" content=\"en_GB\" \/>\n<meta property=\"og:type\" content=\"article\" \/>\n<meta property=\"og:title\" content=\"Kroz iluziju do radosti - Ana Bu\u010devi\u0107\" \/>\n<meta property=\"og:description\" content=\"2,700 rsd  Na rubu zore, u najti\u0161im trenucima kada njezin svijet miruje, Ani za\u010duje nje\u017ean glas koji je doziva \u2013 glas njezina Vi\u0161eg Ja. U tom \u010darobnom susretu zapo\u010dinje njihov razgovor, ispunjen mudro\u0161\u0107u, nje\u017enim odgovorima i blagom koje je cijelo vrijeme prebivalo unutar nje same.  U knjizi KROZ ILUZIJU DO RADOSTI \u2013 Razgovor s Vi\u0161im Ja, pratimo Ani dok postavlja pitanja koja svi nosimo u srcu, tragaju\u0107i za istinom i dubljim razumijevanjem \u017eivota.  Ovo iskustvo nije samo Anino, ve\u0107 je i va\u0161e. Dok \u010ditate ove stranice, mo\u0107i \u0107ete osjetiti kako svaka rije\u010d i svaki odgovor koji Ani primi odzvanjaju i u vama. Ovo je poziv da zastanete, da oslu\u0161kujete i da, mo\u017eda po prvi put, zaista \u010dujete vlastiti unutarnji glas \u2013 glas va\u0161eg Vi\u0161eg Ja, koji vas neprestano prati, voli i u svojoj dubokoj ljubavi i razumijevanju \u010deka da se prisjetite tko ste uistinu.  Kroz njezino iskustvo, i vi \u0107ete polako prolaziti kroz slojeve iluzija, pronalaze\u0107i radost koja je cijelo vrijeme tiho prebivala unutar vas, \u010dekaju\u0107i da je otkrijete i ponovno osjetite.\" \/>\n<meta property=\"og:url\" content=\"https:\/\/anabucevic.com\/en\/product\/kroz-iluziju-do-radosti\/\" \/>\n<meta property=\"og:site_name\" content=\"Ana Bu\u010devi\u0107\" \/>\n<meta property=\"article:publisher\" content=\"https:\/\/www.facebook.com\/safariduha\/\" \/>\n<meta property=\"article:modified_time\" content=\"2025-12-10T20:05:38+00:00\" \/>\n<meta property=\"og:image\" content=\"https:\/\/anabucevic.com\/wp-content\/uploads\/2024\/11\/kroz-iluziju-do-radosti-web-1024x1024.png\" \/>\n\t<meta property=\"og:image:width\" content=\"1024\" \/>\n\t<meta property=\"og:image:height\" content=\"1024\" \/>\n\t<meta property=\"og:image:type\" content=\"image\/png\" \/>\n<meta name=\"twitter:card\" content=\"summary_large_image\" \/>\n<script type=\"application\/ld+json\" class=\"yoast-schema-graph\">{\"@context\":\"https:\/\/schema.org\",\"@graph\":[{\"@type\":\"WebPage\",\"@id\":\"https:\/\/anabucevic.com\/product\/kroz-iluziju-do-radosti\/\",\"url\":\"https:\/\/anabucevic.com\/product\/kroz-iluziju-do-radosti\/\",\"name\":\"Kroz iluziju do radosti - Ana Bu\u010devi\u0107\",\"isPartOf\":{\"@id\":\"https:\/\/anabucevic.com\/#website\"},\"primaryImageOfPage\":{\"@id\":\"https:\/\/anabucevic.com\/product\/kroz-iluziju-do-radosti\/#primaryimage\"},\"image\":{\"@id\":\"https:\/\/anabucevic.com\/product\/kroz-iluziju-do-radosti\/#primaryimage\"},\"thumbnailUrl\":\"https:\/\/anabucevic.com\/wp-content\/uploads\/2024\/11\/kroz-iluziju-do-radosti-web.png\",\"datePublished\":\"2024-11-30T12:26:34+00:00\",\"dateModified\":\"2025-12-10T20:05:38+00:00\",\"breadcrumb\":{\"@id\":\"https:\/\/anabucevic.com\/product\/kroz-iluziju-do-radosti\/#breadcrumb\"},\"inLanguage\":\"en-GB\",\"potentialAction\":[{\"@type\":\"ReadAction\",\"target\":[\"https:\/\/anabucevic.com\/product\/kroz-iluziju-do-radosti\/\"]}]},{\"@type\":\"ImageObject\",\"inLanguage\":\"en-GB\",\"@id\":\"https:\/\/anabucevic.com\/product\/kroz-iluziju-do-radosti\/#primaryimage\",\"url\":\"https:\/\/anabucevic.com\/wp-content\/uploads\/2024\/11\/kroz-iluziju-do-radosti-web.png\",\"contentUrl\":\"https:\/\/anabucevic.com\/wp-content\/uploads\/2024\/11\/kroz-iluziju-do-radosti-web.png\",\"width\":2232,\"height\":2232},{\"@type\":\"BreadcrumbList\",\"@id\":\"https:\/\/anabucevic.com\/product\/kroz-iluziju-do-radosti\/#breadcrumb\",\"itemListElement\":[{\"@type\":\"ListItem\",\"position\":1,\"name\":\"Home\",\"item\":\"https:\/\/anabucevic.com\/\"},{\"@type\":\"ListItem\",\"position\":2,\"name\":\"Kroz iluziju do radosti\"}]},{\"@type\":\"WebSite\",\"@id\":\"https:\/\/anabucevic.com\/#website\",\"url\":\"https:\/\/anabucevic.com\/\",\"name\":\"Ana Bu\u010devi\u0107\",\"description\":\"Budite ono \u0161to \u017eelite postati...\",\"publisher\":{\"@id\":\"https:\/\/anabucevic.com\/#organization\"},\"alternateName\":\"Ana Bu\u010devi\u0107 - Budite ono \u0161to \u017eelite postati\",\"potentialAction\":[{\"@type\":\"SearchAction\",\"target\":{\"@type\":\"EntryPoint\",\"urlTemplate\":\"https:\/\/anabucevic.com\/?s={search_term_string}\"},\"query-input\":{\"@type\":\"PropertyValueSpecification\",\"valueRequired\":true,\"valueName\":\"search_term_string\"}}],\"inLanguage\":\"en-GB\"},{\"@type\":\"Organization\",\"@id\":\"https:\/\/anabucevic.com\/#organization\",\"name\":\"Ana Bu\u010devi\u0107\",\"alternateName\":\"Safari Duha\",\"url\":\"https:\/\/anabucevic.com\/\",\"logo\":{\"@type\":\"ImageObject\",\"inLanguage\":\"en-GB\",\"@id\":\"https:\/\/anabucevic.com\/#\/schema\/logo\/image\/\",\"url\":\"https:\/\/anabucevic.com\/wp-content\/uploads\/2026\/01\/Logo-stranice-1.png\",\"contentUrl\":\"https:\/\/anabucevic.com\/wp-content\/uploads\/2026\/01\/Logo-stranice-1.png\",\"width\":701,\"height\":200,\"caption\":\"Ana Bu\u010devi\u0107\"},\"image\":{\"@id\":\"https:\/\/anabucevic.com\/#\/schema\/logo\/image\/\"},\"sameAs\":[\"https:\/\/www.facebook.com\/safariduha\/\",\"https:\/\/www.youtube.com\/user\/safariduha1\",\"https:\/\/www.instagram.com\/safariduha\/?hl=hr\"]}]}<\/script>\n<!-- \/ Yoast SEO plugin. -->","yoast_head_json":{"title":"Kroz iluziju do radosti - Ana Bu\u010devi\u0107","robots":{"index":"index","follow":"follow","max-snippet":"max-snippet:-1","max-image-preview":"max-image-preview:large","max-video-preview":"max-video-preview:-1"},"canonical":"https:\/\/anabucevic.com\/en\/product\/kroz-iluziju-do-radosti\/","og_locale":"en_GB","og_type":"article","og_title":"Kroz iluziju do radosti - Ana Bu\u010devi\u0107","og_description":"2,700 rsd  Na rubu zore, u najti\u0161im trenucima kada njezin svijet miruje, Ani za\u010duje nje\u017ean glas koji je doziva \u2013 glas njezina Vi\u0161eg Ja. U tom \u010darobnom susretu zapo\u010dinje njihov razgovor, ispunjen mudro\u0161\u0107u, nje\u017enim odgovorima i blagom koje je cijelo vrijeme prebivalo unutar nje same.  U knjizi KROZ ILUZIJU DO RADOSTI \u2013 Razgovor s Vi\u0161im Ja, pratimo Ani dok postavlja pitanja koja svi nosimo u srcu, tragaju\u0107i za istinom i dubljim razumijevanjem \u017eivota.  Ovo iskustvo nije samo Anino, ve\u0107 je i va\u0161e. Dok \u010ditate ove stranice, mo\u0107i \u0107ete osjetiti kako svaka rije\u010d i svaki odgovor koji Ani primi odzvanjaju i u vama. Ovo je poziv da zastanete, da oslu\u0161kujete i da, mo\u017eda po prvi put, zaista \u010dujete vlastiti unutarnji glas \u2013 glas va\u0161eg Vi\u0161eg Ja, koji vas neprestano prati, voli i u svojoj dubokoj ljubavi i razumijevanju \u010deka da se prisjetite tko ste uistinu.  Kroz njezino iskustvo, i vi \u0107ete polako prolaziti kroz slojeve iluzija, pronalaze\u0107i radost koja je cijelo vrijeme tiho prebivala unutar vas, \u010dekaju\u0107i da je otkrijete i ponovno osjetite.","og_url":"https:\/\/anabucevic.com\/en\/product\/kroz-iluziju-do-radosti\/","og_site_name":"Ana Bu\u010devi\u0107","article_publisher":"https:\/\/www.facebook.com\/safariduha\/","article_modified_time":"2025-12-10T20:05:38+00:00","og_image":[{"width":1024,"height":1024,"url":"https:\/\/anabucevic.com\/wp-content\/uploads\/2024\/11\/kroz-iluziju-do-radosti-web-1024x1024.png","type":"image\/png"}],"twitter_card":"summary_large_image","schema":{"@context":"https:\/\/schema.org","@graph":[{"@type":"WebPage","@id":"https:\/\/anabucevic.com\/product\/kroz-iluziju-do-radosti\/","url":"https:\/\/anabucevic.com\/product\/kroz-iluziju-do-radosti\/","name":"Kroz iluziju do radosti - Ana Bu\u010devi\u0107","isPartOf":{"@id":"https:\/\/anabucevic.com\/#website"},"primaryImageOfPage":{"@id":"https:\/\/anabucevic.com\/product\/kroz-iluziju-do-radosti\/#primaryimage"},"image":{"@id":"https:\/\/anabucevic.com\/product\/kroz-iluziju-do-radosti\/#primaryimage"},"thumbnailUrl":"https:\/\/anabucevic.com\/wp-content\/uploads\/2024\/11\/kroz-iluziju-do-radosti-web.png","datePublished":"2024-11-30T12:26:34+00:00","dateModified":"2025-12-10T20:05:38+00:00","breadcrumb":{"@id":"https:\/\/anabucevic.com\/product\/kroz-iluziju-do-radosti\/#breadcrumb"},"inLanguage":"en-GB","potentialAction":[{"@type":"ReadAction","target":["https:\/\/anabucevic.com\/product\/kroz-iluziju-do-radosti\/"]}]},{"@type":"ImageObject","inLanguage":"en-GB","@id":"https:\/\/anabucevic.com\/product\/kroz-iluziju-do-radosti\/#primaryimage","url":"https:\/\/anabucevic.com\/wp-content\/uploads\/2024\/11\/kroz-iluziju-do-radosti-web.png","contentUrl":"https:\/\/anabucevic.com\/wp-content\/uploads\/2024\/11\/kroz-iluziju-do-radosti-web.png","width":2232,"height":2232},{"@type":"BreadcrumbList","@id":"https:\/\/anabucevic.com\/product\/kroz-iluziju-do-radosti\/#breadcrumb","itemListElement":[{"@type":"ListItem","position":1,"name":"Home","item":"https:\/\/anabucevic.com\/"},{"@type":"ListItem","position":2,"name":"Kroz iluziju do radosti"}]},{"@type":"WebSite","@id":"https:\/\/anabucevic.com\/#website","url":"https:\/\/anabucevic.com\/","name":"Ana Bu\u010devi\u0107","description":"Budite ono \u0161to \u017eelite postati...","publisher":{"@id":"https:\/\/anabucevic.com\/#organization"},"alternateName":"Ana Bu\u010devi\u0107 - Budite ono \u0161to \u017eelite postati","potentialAction":[{"@type":"SearchAction","target":{"@type":"EntryPoint","urlTemplate":"https:\/\/anabucevic.com\/?s={search_term_string}"},"query-input":{"@type":"PropertyValueSpecification","valueRequired":true,"valueName":"search_term_string"}}],"inLanguage":"en-GB"},{"@type":"Organization","@id":"https:\/\/anabucevic.com\/#organization","name":"Ana Bu\u010devi\u0107","alternateName":"Safari Duha","url":"https:\/\/anabucevic.com\/","logo":{"@type":"ImageObject","inLanguage":"en-GB","@id":"https:\/\/anabucevic.com\/#\/schema\/logo\/image\/","url":"https:\/\/anabucevic.com\/wp-content\/uploads\/2026\/01\/Logo-stranice-1.png","contentUrl":"https:\/\/anabucevic.com\/wp-content\/uploads\/2026\/01\/Logo-stranice-1.png","width":701,"height":200,"caption":"Ana Bu\u010devi\u0107"},"image":{"@id":"https:\/\/anabucevic.com\/#\/schema\/logo\/image\/"},"sameAs":["https:\/\/www.facebook.com\/safariduha\/","https:\/\/www.youtube.com\/user\/safariduha1","https:\/\/www.instagram.com\/safariduha\/?hl=hr"]}]}},"_links":{"self":[{"href":"https:\/\/anabucevic.com\/en\/wp-json\/wp\/v2\/product\/6373263","targetHints":{"allow":["GET"]}}],"collection":[{"href":"https:\/\/anabucevic.com\/en\/wp-json\/wp\/v2\/product"}],"about":[{"href":"https:\/\/anabucevic.com\/en\/wp-json\/wp\/v2\/types\/product"}],"wp:featuredmedia":[{"embeddable":true,"href":"https:\/\/anabucevic.com\/en\/wp-json\/wp\/v2\/media\/6373264"}],"wp:attachment":[{"href":"https:\/\/anabucevic.com\/en\/wp-json\/wp\/v2\/media?parent=6373263"}],"wp:term":[{"taxonomy":"product_brand","embeddable":true,"href":"https:\/\/anabucevic.com\/en\/wp-json\/wp\/v2\/product_brand?post=6373263"},{"taxonomy":"product_cat","embeddable":true,"href":"https:\/\/anabucevic.com\/en\/wp-json\/wp\/v2\/product_cat?post=6373263"},{"taxonomy":"product_tag","embeddable":true,"href":"https:\/\/anabucevic.com\/en\/wp-json\/wp\/v2\/product_tag?post=6373263"}],"curies":[{"name":"wp","href":"https:\/\/api.w.org\/{rel}","templated":true}]}}