{"id":6394620,"date":"2026-04-15T08:10:19","date_gmt":"2026-04-15T06:10:19","guid":{"rendered":"https:\/\/anabucevic.com\/?post_type=product&#038;p=6394620"},"modified":"2026-04-19T23:00:23","modified_gmt":"2026-04-19T21:00:23","slug":"put-do-unutarnjeg-mira","status":"publish","type":"product","link":"https:\/\/anabucevic.com\/en\/product\/put-do-unutarnjeg-mira\/","title":{"rendered":"Online radionica: SVJESNI KREATOR &#8211; ti\u0161ina.emocija.manifestacija."},"content":{"rendered":"","protected":false},"excerpt":{"rendered":"<div dir=\"auto\">\n<div dir=\"auto\">\n<div dir=\"auto\">Zbog velikog interesa za ovu radionicu, za sve koji nisu bili u mogu\u0107nosti prisustvovati u\u017eivo, ali i za one koji su ve\u0107 sudjelovali i \u017eele produbiti svoje iskustvo i utvrditi znanje, kao i za sve koji \u017eele imati cijelu snimku radionice i koristiti metode i alate u vlastitom tempu, odlu\u010dila sam ovu radionicu odr\u017eati i u online formatu.<\/div>\n<div dir=\"auto\"><\/div>\n<div dir=\"auto\"><strong><br \/>\nTrajanje:<\/strong> 3 tjedna<\/div>\n<div dir=\"auto\"><strong>Termin:<\/strong> Ponedjeljkom u 18:30h<\/div>\n<div dir=\"auto\"><strong>Vrijeme:<\/strong> 90 minuta po susretu<\/div>\n<div dir=\"auto\"><\/div>\n<div dir=\"auto\"><em><br \/>\nZa ovu radionicu va\u017eno je da budete na mirnom mjestu gdje vas nitko ne\u0107e ometati, kako biste se mogli u potpunosti posvetiti prakti\u010dnom radu i vlastitom iskustvu.<\/em><\/div>\n<div dir=\"auto\">\n<div><\/div>\n<div><strong>\u00a0<\/strong><\/div>\n<\/div>\n<div dir=\"auto\"><strong>Termini online odr\u017eavanja:<\/strong><\/div>\n<div dir=\"auto\">Ponedjeljak 11.5.26.<\/div>\n<div dir=\"auto\">Ponedjeljak 18.5.26.<\/div>\n<div dir=\"auto\">Ponedjeljak 25.5.26.<\/div>\n<div dir=\"auto\">\n<div><\/div>\n<div><strong>\u00a0<\/strong><\/div>\n<\/div>\n<div dir=\"auto\">\n<div dir=\"auto\">Svaka prijavljena osoba, nakon zavr\u0161etka cijele radionice, dobiva audio snimke svakog termina, kako bi se sadr\u017eaju mogli vra\u0107ati u vlastitom tempu.<\/div>\n<div dir=\"auto\"><\/div>\n<div dir=\"auto\"><strong><br \/>\nPrijava:<\/strong><\/div>\n<div dir=\"auto\">Nakon uplate dobivate pristupni link koji \u0107ete koristiti za sva tri termina.<\/div>\n<div dir=\"auto\">Sudjelovanje je u\u017eivo, a snimke ostaju dostupne i nakon zavr\u0161etka radionice.<\/div>\n<div>Ukoliko niste u mogu\u0107nosti sudjelovati u navedenim terminima u\u017eivo, prijavom na webinar \u0107ete dobiti audio snimku nakon zavr\u0161etka cijele radionice.<\/div>\n<div><\/div>\n<div><strong><br \/>\nCijena online radionice:<\/strong> 120 \u20ac<\/div>\n<div>\n<div><\/div>\n<div><strong>\u00a0<\/strong><\/div>\n<\/div>\n<div>Svjesni kreator onaj je koji zna kako se kreira realnost. On prestaje ne\u0161to \u010dekati i tra\u017eiti izvana, ve\u0107 po\u010dinje stvarati iznutra. Ova radionica je za one koji su spremni prisjetiti se tko su zaista. Ne kroz napor. Ne kroz borbu. Ve\u0107 kroz ti\u0161inu, prisutnost i uskla\u0111enost sa sobom i svojom du\u0161om. Svjesni kreator ne \u017eivi svjesno da bi do\u0161ao do cilja, nego zato \u0161to je svijest jedini na\u010din da se \u017eivi \u017eivot u kojem je ekspanzija prirodni tijek. A po to je va\u0161a du\u0161a i do\u0161la.<\/div>\n<\/div>\n<\/div>\n<\/div>","protected":false},"featured_media":6394644,"template":"","meta":[],"product_brand":[],"product_cat":[54],"product_tag":[],"class_list":{"0":"post-6394620","1":"product","2":"type-product","3":"status-publish","4":"has-post-thumbnail","6":"product_cat-webinar","8":"first","9":"instock","10":"virtual","11":"taxable","12":"purchasable","13":"product-type-simple"},"yoast_head":"<!-- This site is optimized with the Yoast SEO plugin v27.2 - https:\/\/yoast.com\/product\/yoast-seo-wordpress\/ -->\n<title>Online radionica: SVJESNI KREATOR - ti\u0161ina.emocija.manifestacija. - Ana Bu\u010devi\u0107<\/title>\n<meta name=\"description\" content=\"Svjesni kreator onaj je koji zna kako se kreira realnost. On prestaje ne\u0161to \u010dekati i tra\u017eiti izvana, ve\u0107 po\u010dinje stvarati iznutra.\" \/>\n<meta name=\"robots\" content=\"index, follow, max-snippet:-1, max-image-preview:large, max-video-preview:-1\" \/>\n<link rel=\"canonical\" href=\"https:\/\/anabucevic.com\/en\/product\/put-do-unutarnjeg-mira\/\" \/>\n<meta property=\"og:locale\" content=\"en_GB\" \/>\n<meta property=\"og:type\" content=\"article\" \/>\n<meta property=\"og:title\" content=\"Online radionica: SVJESNI KREATOR - ti\u0161ina.emocija.manifestacija. - Ana Bu\u010devi\u0107\" \/>\n<meta property=\"og:description\" content=\"Svjesni kreator onaj je koji zna kako se kreira realnost. On prestaje ne\u0161to \u010dekati i tra\u017eiti izvana, ve\u0107 po\u010dinje stvarati iznutra.\" \/>\n<meta property=\"og:url\" content=\"https:\/\/anabucevic.com\/en\/product\/put-do-unutarnjeg-mira\/\" \/>\n<meta property=\"og:site_name\" content=\"Ana Bu\u010devi\u0107\" \/>\n<meta property=\"article:publisher\" content=\"https:\/\/www.facebook.com\/safariduha\/\" \/>\n<meta property=\"article:modified_time\" content=\"2026-04-19T21:00:23+00:00\" \/>\n<meta property=\"og:image\" content=\"https:\/\/anabucevic.com\/wp-content\/uploads\/2026\/04\/Online-radionica-Svjesni-kreator.jpg\" \/>\n\t<meta property=\"og:image:width\" content=\"1600\" \/>\n\t<meta property=\"og:image:height\" content=\"1600\" \/>\n\t<meta property=\"og:image:type\" content=\"image\/jpeg\" \/>\n<meta name=\"twitter:card\" content=\"summary_large_image\" \/>\n<meta name=\"twitter:label1\" content=\"Estimated reading time\" \/>\n\t<meta name=\"twitter:data1\" content=\"1 minute\" \/>\n<script type=\"application\/ld+json\" class=\"yoast-schema-graph\">{\"@context\":\"https:\/\/schema.org\",\"@graph\":[{\"@type\":\"WebPage\",\"@id\":\"https:\/\/anabucevic.com\/product\/put-do-unutarnjeg-mira\/\",\"url\":\"https:\/\/anabucevic.com\/product\/put-do-unutarnjeg-mira\/\",\"name\":\"Online radionica: SVJESNI KREATOR - ti\u0161ina.emocija.manifestacija. - Ana Bu\u010devi\u0107\",\"isPartOf\":{\"@id\":\"https:\/\/anabucevic.com\/#website\"},\"primaryImageOfPage\":{\"@id\":\"https:\/\/anabucevic.com\/product\/put-do-unutarnjeg-mira\/#primaryimage\"},\"image\":{\"@id\":\"https:\/\/anabucevic.com\/product\/put-do-unutarnjeg-mira\/#primaryimage\"},\"thumbnailUrl\":\"https:\/\/anabucevic.com\/wp-content\/uploads\/2026\/04\/Online-radionica-Svjesni-kreator.jpg\",\"datePublished\":\"2026-04-15T06:10:19+00:00\",\"dateModified\":\"2026-04-19T21:00:23+00:00\",\"description\":\"Svjesni kreator onaj je koji zna kako se kreira realnost. On prestaje ne\u0161to \u010dekati i tra\u017eiti izvana, ve\u0107 po\u010dinje stvarati iznutra.\",\"breadcrumb\":{\"@id\":\"https:\/\/anabucevic.com\/product\/put-do-unutarnjeg-mira\/#breadcrumb\"},\"inLanguage\":\"en-GB\",\"potentialAction\":[{\"@type\":\"ReadAction\",\"target\":[\"https:\/\/anabucevic.com\/product\/put-do-unutarnjeg-mira\/\"]}]},{\"@type\":\"ImageObject\",\"inLanguage\":\"en-GB\",\"@id\":\"https:\/\/anabucevic.com\/product\/put-do-unutarnjeg-mira\/#primaryimage\",\"url\":\"https:\/\/anabucevic.com\/wp-content\/uploads\/2026\/04\/Online-radionica-Svjesni-kreator.jpg\",\"contentUrl\":\"https:\/\/anabucevic.com\/wp-content\/uploads\/2026\/04\/Online-radionica-Svjesni-kreator.jpg\",\"width\":1600,\"height\":1600,\"caption\":\"Online radionica Svjesni kreator\"},{\"@type\":\"BreadcrumbList\",\"@id\":\"https:\/\/anabucevic.com\/product\/put-do-unutarnjeg-mira\/#breadcrumb\",\"itemListElement\":[{\"@type\":\"ListItem\",\"position\":1,\"name\":\"Home\",\"item\":\"https:\/\/anabucevic.com\/\"},{\"@type\":\"ListItem\",\"position\":2,\"name\":\"Online radionica: SVJESNI KREATOR &#8211; ti\u0161ina.emocija.manifestacija.\"}]},{\"@type\":\"WebSite\",\"@id\":\"https:\/\/anabucevic.com\/#website\",\"url\":\"https:\/\/anabucevic.com\/\",\"name\":\"Ana Bu\u010devi\u0107\",\"description\":\"Budite ono \u0161to \u017eelite postati...\",\"publisher\":{\"@id\":\"https:\/\/anabucevic.com\/#organization\"},\"alternateName\":\"Ana Bu\u010devi\u0107 - Budite ono \u0161to \u017eelite postati\",\"potentialAction\":[{\"@type\":\"SearchAction\",\"target\":{\"@type\":\"EntryPoint\",\"urlTemplate\":\"https:\/\/anabucevic.com\/?s={search_term_string}\"},\"query-input\":{\"@type\":\"PropertyValueSpecification\",\"valueRequired\":true,\"valueName\":\"search_term_string\"}}],\"inLanguage\":\"en-GB\"},{\"@type\":\"Organization\",\"@id\":\"https:\/\/anabucevic.com\/#organization\",\"name\":\"Ana Bu\u010devi\u0107\",\"alternateName\":\"Safari Duha\",\"url\":\"https:\/\/anabucevic.com\/\",\"logo\":{\"@type\":\"ImageObject\",\"inLanguage\":\"en-GB\",\"@id\":\"https:\/\/anabucevic.com\/#\/schema\/logo\/image\/\",\"url\":\"https:\/\/anabucevic.com\/wp-content\/uploads\/2026\/01\/Logo-stranice-1.png\",\"contentUrl\":\"https:\/\/anabucevic.com\/wp-content\/uploads\/2026\/01\/Logo-stranice-1.png\",\"width\":701,\"height\":200,\"caption\":\"Ana Bu\u010devi\u0107\"},\"image\":{\"@id\":\"https:\/\/anabucevic.com\/#\/schema\/logo\/image\/\"},\"sameAs\":[\"https:\/\/www.facebook.com\/safariduha\/\",\"https:\/\/www.youtube.com\/user\/safariduha1\",\"https:\/\/www.instagram.com\/safariduha\/?hl=hr\"]}]}<\/script>\n<!-- \/ Yoast SEO plugin. -->","yoast_head_json":{"title":"Online radionica: SVJESNI KREATOR - ti\u0161ina.emocija.manifestacija. - Ana Bu\u010devi\u0107","description":"Svjesni kreator onaj je koji zna kako se kreira realnost. On prestaje ne\u0161to \u010dekati i tra\u017eiti izvana, ve\u0107 po\u010dinje stvarati iznutra.","robots":{"index":"index","follow":"follow","max-snippet":"max-snippet:-1","max-image-preview":"max-image-preview:large","max-video-preview":"max-video-preview:-1"},"canonical":"https:\/\/anabucevic.com\/en\/product\/put-do-unutarnjeg-mira\/","og_locale":"en_GB","og_type":"article","og_title":"Online radionica: SVJESNI KREATOR - ti\u0161ina.emocija.manifestacija. - Ana Bu\u010devi\u0107","og_description":"Svjesni kreator onaj je koji zna kako se kreira realnost. On prestaje ne\u0161to \u010dekati i tra\u017eiti izvana, ve\u0107 po\u010dinje stvarati iznutra.","og_url":"https:\/\/anabucevic.com\/en\/product\/put-do-unutarnjeg-mira\/","og_site_name":"Ana Bu\u010devi\u0107","article_publisher":"https:\/\/www.facebook.com\/safariduha\/","article_modified_time":"2026-04-19T21:00:23+00:00","og_image":[{"width":1600,"height":1600,"url":"https:\/\/anabucevic.com\/wp-content\/uploads\/2026\/04\/Online-radionica-Svjesni-kreator.jpg","type":"image\/jpeg"}],"twitter_card":"summary_large_image","twitter_misc":{"Estimated reading time":"1 minute"},"schema":{"@context":"https:\/\/schema.org","@graph":[{"@type":"WebPage","@id":"https:\/\/anabucevic.com\/product\/put-do-unutarnjeg-mira\/","url":"https:\/\/anabucevic.com\/product\/put-do-unutarnjeg-mira\/","name":"Online radionica: SVJESNI KREATOR - ti\u0161ina.emocija.manifestacija. - Ana Bu\u010devi\u0107","isPartOf":{"@id":"https:\/\/anabucevic.com\/#website"},"primaryImageOfPage":{"@id":"https:\/\/anabucevic.com\/product\/put-do-unutarnjeg-mira\/#primaryimage"},"image":{"@id":"https:\/\/anabucevic.com\/product\/put-do-unutarnjeg-mira\/#primaryimage"},"thumbnailUrl":"https:\/\/anabucevic.com\/wp-content\/uploads\/2026\/04\/Online-radionica-Svjesni-kreator.jpg","datePublished":"2026-04-15T06:10:19+00:00","dateModified":"2026-04-19T21:00:23+00:00","description":"Svjesni kreator onaj je koji zna kako se kreira realnost. On prestaje ne\u0161to \u010dekati i tra\u017eiti izvana, ve\u0107 po\u010dinje stvarati iznutra.","breadcrumb":{"@id":"https:\/\/anabucevic.com\/product\/put-do-unutarnjeg-mira\/#breadcrumb"},"inLanguage":"en-GB","potentialAction":[{"@type":"ReadAction","target":["https:\/\/anabucevic.com\/product\/put-do-unutarnjeg-mira\/"]}]},{"@type":"ImageObject","inLanguage":"en-GB","@id":"https:\/\/anabucevic.com\/product\/put-do-unutarnjeg-mira\/#primaryimage","url":"https:\/\/anabucevic.com\/wp-content\/uploads\/2026\/04\/Online-radionica-Svjesni-kreator.jpg","contentUrl":"https:\/\/anabucevic.com\/wp-content\/uploads\/2026\/04\/Online-radionica-Svjesni-kreator.jpg","width":1600,"height":1600,"caption":"Online radionica Svjesni kreator"},{"@type":"BreadcrumbList","@id":"https:\/\/anabucevic.com\/product\/put-do-unutarnjeg-mira\/#breadcrumb","itemListElement":[{"@type":"ListItem","position":1,"name":"Home","item":"https:\/\/anabucevic.com\/"},{"@type":"ListItem","position":2,"name":"Online radionica: SVJESNI KREATOR &#8211; ti\u0161ina.emocija.manifestacija."}]},{"@type":"WebSite","@id":"https:\/\/anabucevic.com\/#website","url":"https:\/\/anabucevic.com\/","name":"Ana Bu\u010devi\u0107","description":"Budite ono \u0161to \u017eelite postati...","publisher":{"@id":"https:\/\/anabucevic.com\/#organization"},"alternateName":"Ana Bu\u010devi\u0107 - Budite ono \u0161to \u017eelite postati","potentialAction":[{"@type":"SearchAction","target":{"@type":"EntryPoint","urlTemplate":"https:\/\/anabucevic.com\/?s={search_term_string}"},"query-input":{"@type":"PropertyValueSpecification","valueRequired":true,"valueName":"search_term_string"}}],"inLanguage":"en-GB"},{"@type":"Organization","@id":"https:\/\/anabucevic.com\/#organization","name":"Ana Bu\u010devi\u0107","alternateName":"Safari Duha","url":"https:\/\/anabucevic.com\/","logo":{"@type":"ImageObject","inLanguage":"en-GB","@id":"https:\/\/anabucevic.com\/#\/schema\/logo\/image\/","url":"https:\/\/anabucevic.com\/wp-content\/uploads\/2026\/01\/Logo-stranice-1.png","contentUrl":"https:\/\/anabucevic.com\/wp-content\/uploads\/2026\/01\/Logo-stranice-1.png","width":701,"height":200,"caption":"Ana Bu\u010devi\u0107"},"image":{"@id":"https:\/\/anabucevic.com\/#\/schema\/logo\/image\/"},"sameAs":["https:\/\/www.facebook.com\/safariduha\/","https:\/\/www.youtube.com\/user\/safariduha1","https:\/\/www.instagram.com\/safariduha\/?hl=hr"]}]}},"_links":{"self":[{"href":"https:\/\/anabucevic.com\/en\/wp-json\/wp\/v2\/product\/6394620","targetHints":{"allow":["GET"]}}],"collection":[{"href":"https:\/\/anabucevic.com\/en\/wp-json\/wp\/v2\/product"}],"about":[{"href":"https:\/\/anabucevic.com\/en\/wp-json\/wp\/v2\/types\/product"}],"wp:featuredmedia":[{"embeddable":true,"href":"https:\/\/anabucevic.com\/en\/wp-json\/wp\/v2\/media\/6394644"}],"wp:attachment":[{"href":"https:\/\/anabucevic.com\/en\/wp-json\/wp\/v2\/media?parent=6394620"}],"wp:term":[{"taxonomy":"product_brand","embeddable":true,"href":"https:\/\/anabucevic.com\/en\/wp-json\/wp\/v2\/product_brand?post=6394620"},{"taxonomy":"product_cat","embeddable":true,"href":"https:\/\/anabucevic.com\/en\/wp-json\/wp\/v2\/product_cat?post=6394620"},{"taxonomy":"product_tag","embeddable":true,"href":"https:\/\/anabucevic.com\/en\/wp-json\/wp\/v2\/product_tag?post=6394620"}],"curies":[{"name":"wp","href":"https:\/\/api.w.org\/{rel}","templated":true}]}}