{"id":6395425,"date":"2026-05-11T12:38:31","date_gmt":"2026-05-11T10:38:31","guid":{"rendered":"https:\/\/anabucevic.com\/?post_type=product&#038;p=6395425"},"modified":"2026-05-11T23:23:45","modified_gmt":"2026-05-11T21:23:45","slug":"o-mudrosti-odgoja-split","status":"publish","type":"product","link":"https:\/\/anabucevic.com\/en\/product\/o-mudrosti-odgoja-split\/","title":{"rendered":"O MUDROSTI ODGOJA: Djeca ne trebaju savr\u0161ene roditelje, nego svjesne &#8211; 28.11.26. SPLIT"},"content":{"rendered":"<p>Adresa: Le Meridien Lav Hotel, Grljeva\u010dka 2a, Podstrana, Split<\/p>\n<p><iframe style=\"border: 0;\" src=\"https:\/\/www.google.com\/maps\/embed?pb=!1m18!1m12!1m3!1d4858.02662085418!2d16.535732677327925!3d43.49264946279837!2m3!1f0!2f0!3f0!3m2!1i1024!2i768!4f13.1!3m3!1m2!1s0x134aa001b38f43ed%3A0xef77c7671f242f6b!2sLe%20M%C3%A9ridien%20Lav!5e1!3m2!1shr!2shr!4v1778495935862!5m2!1shr!2shr\" width=\"600\" height=\"450\" allowfullscreen=\"allowfullscreen\"><\/iframe><\/p>","protected":false},"excerpt":{"rendered":"<p><strong>14.150,00 RSD<\/strong><\/p>\n<p>&nbsp;<\/p>\n<p>PRVI PUT ZAJEDNO NA POZORNICI<br \/>\nAna Bu\u010devi\u0107 i Nada Bu\u010devi\u0107, autorice programa Safari duha radionica za djecu te autorice bestselera\u00a0<i>Safari duha \u2013 knjiga o mudrosti odgoja<\/i>\u00a0i\u00a0<i>Safari duha \u2013 pri\u010de za bu\u0111enje mudrosti<\/i>, odr\u017eat \u0107e predavanje:<\/p>\n<p>O MUDROSTI ODGOJA<br \/>\n<i>Djeca ne trebaju savr\u0161ene roditelje, nego svjesne.<br \/>\n<\/i><\/p>\n<p><b>Ana Bu\u010devi\u0107<\/b><br \/>\nTeme:<br \/>\n\u2022 Mudar roditelj prvo radi na sebi<br \/>\n\u2022 Odgajate li iz straha ili ljubavi?<br \/>\n\u2022 Mo\u0107 zahvalnosti: zahvalan roditelj odgaja zahvalno dijete<br \/>\n\u2022 Roditelj mo\u017ee mijenjati realnost djeteta<br \/>\n\u2022 Metode kreiranja realnosti kao alat u odgoju<br \/>\n\u2022 Emocije kao kompas \u017eivota<\/p>\n<p><b>Nada Bu\u010devi\u0107<\/b><br \/>\nTeme:<br \/>\n\u2022 \u0160to najbolji roditelji razumiju o odgoju?<br \/>\n\u2022 Kako uspje\u0161no razvijati emocionalnu inteligenciju djeteta?<br \/>\n\u2022 Povjerenje u odgoju: kako ga izgraditi i zadr\u017eati?<br \/>\n\u2022 Roditeljska uloga u odgoju sretnog djeteta<br \/>\n\u2022 Za\u0161to djeca ne slu\u0161aju i kako popraviti pogre\u0161ke koje naru\u0161avaju povezanost?<br \/>\n\u2022 Roditeljstvo digitalnog doba: kako da ekran ne zamijeni stvarni \u017eivot?<\/p>\n<p><b>Ana i Nada Bu\u010devi\u0107<\/b><br \/>\nOdgovori na va\u0161a pitanja<\/p>\n<p><strong>Trajanje predavanja: <\/strong>10:00 \u2013 15:00 h<\/p>\n<p><strong>Cijena: <\/strong>120 \u20ac<\/p>\n<p>Na predavanjima \u0107ete po prvi put mo\u0107i kupiti novu knjigu Nade Bu\u010devi\u0107\u00a0<i>\u201cUmije\u0107e odgoja &#8211; Odgovori na naj\u010de\u0161\u0107a pitanja roditelja\u201d<\/i>\u00a0&#8211; knjigu nastalu iz vi\u0161e od 15 godina rada s djecom, roditeljima i radionica Safari duha za djecu.<br \/>\nKroz godine slu\u0161anja, razgovora i rada s obiteljima, postalo je jasno koja su to pitanja na koja roditelji najvi\u0161e tra\u017ee odgovore &#8211; pitanja koja poma\u017eu dublje razumjeti djecu, emocije, odgoj i odnos koji se gradi ljubavlju, prisutno\u0161\u0107u i razumijevanjem.<br \/>\nOvo \u0107e ujedno biti i prvo predstavljanje knjige publici, te prvi put da \u0107e se knjiga mo\u0107i kupiti upravo na ovim predavanjima.<\/p>\n<p><a href=\"https:\/\/anabucevic.com\/wp-content\/uploads\/2026\/05\/Umijece-odgoja_Nada-Bucevic.png\"><img fetchpriority=\"high\" decoding=\"async\" class=\"alignnone wp-image-6395409\" src=\"https:\/\/anabucevic.com\/wp-content\/uploads\/2026\/05\/Umijece-odgoja_Nada-Bucevic.png\" alt=\"Umije\u0107e odgoja - Nada Bu\u010devi\u0107\" width=\"207\" height=\"404\" srcset=\"https:\/\/anabucevic.com\/wp-content\/uploads\/2026\/05\/Umijece-odgoja_Nada-Bucevic.png 897w, https:\/\/anabucevic.com\/wp-content\/uploads\/2026\/05\/Umijece-odgoja_Nada-Bucevic-154x300.png 154w, https:\/\/anabucevic.com\/wp-content\/uploads\/2026\/05\/Umijece-odgoja_Nada-Bucevic-524x1024.png 524w, https:\/\/anabucevic.com\/wp-content\/uploads\/2026\/05\/Umijece-odgoja_Nada-Bucevic-768x1500.png 768w, https:\/\/anabucevic.com\/wp-content\/uploads\/2026\/05\/Umijece-odgoja_Nada-Bucevic-786x1536.png 786w, https:\/\/anabucevic.com\/wp-content\/uploads\/2026\/05\/Umijece-odgoja_Nada-Bucevic-6x12.png 6w, https:\/\/anabucevic.com\/wp-content\/uploads\/2026\/05\/Umijece-odgoja_Nada-Bucevic-300x586.png 300w, https:\/\/anabucevic.com\/wp-content\/uploads\/2026\/05\/Umijece-odgoja_Nada-Bucevic-600x1172.png 600w\" sizes=\"(max-width: 207px) 100vw, 207px\" \/><\/a><\/p>","protected":false},"featured_media":6395426,"template":"","meta":[],"product_brand":[],"product_cat":[49],"product_tag":[],"class_list":{"0":"post-6395425","1":"product","2":"type-product","3":"status-publish","4":"has-post-thumbnail","6":"product_cat-ulaznice","8":"first","9":"instock","10":"virtual","11":"taxable","12":"purchasable","13":"product-type-ticket-event"},"yoast_head":"<!-- This site is optimized with the Yoast SEO plugin v27.5 - https:\/\/yoast.com\/product\/yoast-seo-wordpress\/ -->\n<title>O MUDROSTI ODGOJA: Djeca ne trebaju savr\u0161ene roditelje, nego svjesne - 28.11.26. SPLIT - Ana Bu\u010devi\u0107<\/title>\n<meta name=\"description\" content=\"Prvi put zajedno na pozornici Ana Bu\u010devi\u0107 i Nada Bu\u010devi\u0107 odr\u017eat \u0107e predavanje &quot;O mudrosti odgoja: Djeca ne trebaju savr\u0161ene roditelje, nego svjesne.&quot;\" \/>\n<meta name=\"robots\" content=\"index, follow, max-snippet:-1, max-image-preview:large, max-video-preview:-1\" \/>\n<link rel=\"canonical\" href=\"https:\/\/anabucevic.com\/en\/product\/o-mudrosti-odgoja-split\/\" \/>\n<meta property=\"og:locale\" content=\"en_GB\" \/>\n<meta property=\"og:type\" content=\"article\" \/>\n<meta property=\"og:title\" content=\"O MUDROSTI ODGOJA: Djeca ne trebaju savr\u0161ene roditelje, nego svjesne - 28.11.26. SPLIT - Ana Bu\u010devi\u0107\" \/>\n<meta property=\"og:description\" content=\"Prvi put zajedno na pozornici Ana Bu\u010devi\u0107 i Nada Bu\u010devi\u0107 odr\u017eat \u0107e predavanje &quot;O mudrosti odgoja: Djeca ne trebaju savr\u0161ene roditelje, nego svjesne.&quot;\" \/>\n<meta property=\"og:url\" content=\"https:\/\/anabucevic.com\/en\/product\/o-mudrosti-odgoja-split\/\" \/>\n<meta property=\"og:site_name\" content=\"Ana Bu\u010devi\u0107\" \/>\n<meta property=\"article:publisher\" content=\"https:\/\/www.facebook.com\/safariduha\/\" \/>\n<meta property=\"article:modified_time\" content=\"2026-05-11T21:23:45+00:00\" \/>\n<meta property=\"og:image\" content=\"https:\/\/anabucevic.com\/wp-content\/uploads\/2026\/05\/Predavanje_O-MUDROSTI-ODGOJA-Split_cover.jpg\" \/>\n\t<meta property=\"og:image:width\" content=\"1600\" \/>\n\t<meta property=\"og:image:height\" content=\"1600\" \/>\n\t<meta property=\"og:image:type\" content=\"image\/jpeg\" \/>\n<meta name=\"twitter:card\" content=\"summary_large_image\" \/>\n<meta name=\"twitter:label1\" content=\"Estimated reading time\" \/>\n\t<meta name=\"twitter:data1\" content=\"1 minute\" \/>\n<script type=\"application\/ld+json\" class=\"yoast-schema-graph\">{\"@context\":\"https:\\\/\\\/schema.org\",\"@graph\":[{\"@type\":\"WebPage\",\"@id\":\"https:\\\/\\\/anabucevic.com\\\/product\\\/o-mudrosti-odgoja-split\\\/\",\"url\":\"https:\\\/\\\/anabucevic.com\\\/product\\\/o-mudrosti-odgoja-split\\\/\",\"name\":\"O MUDROSTI ODGOJA: Djeca ne trebaju savr\u0161ene roditelje, nego svjesne - 28.11.26. SPLIT - Ana Bu\u010devi\u0107\",\"isPartOf\":{\"@id\":\"https:\\\/\\\/anabucevic.com\\\/#website\"},\"primaryImageOfPage\":{\"@id\":\"https:\\\/\\\/anabucevic.com\\\/product\\\/o-mudrosti-odgoja-split\\\/#primaryimage\"},\"image\":{\"@id\":\"https:\\\/\\\/anabucevic.com\\\/product\\\/o-mudrosti-odgoja-split\\\/#primaryimage\"},\"thumbnailUrl\":\"https:\\\/\\\/anabucevic.com\\\/wp-content\\\/uploads\\\/2026\\\/05\\\/Predavanje_O-MUDROSTI-ODGOJA-Split_cover.jpg\",\"datePublished\":\"2026-05-11T10:38:31+00:00\",\"dateModified\":\"2026-05-11T21:23:45+00:00\",\"description\":\"Prvi put zajedno na pozornici Ana Bu\u010devi\u0107 i Nada Bu\u010devi\u0107 odr\u017eat \u0107e predavanje \\\"O mudrosti odgoja: Djeca ne trebaju savr\u0161ene roditelje, nego svjesne.\\\"\",\"breadcrumb\":{\"@id\":\"https:\\\/\\\/anabucevic.com\\\/product\\\/o-mudrosti-odgoja-split\\\/#breadcrumb\"},\"inLanguage\":\"en-GB\",\"potentialAction\":[{\"@type\":\"ReadAction\",\"target\":[\"https:\\\/\\\/anabucevic.com\\\/product\\\/o-mudrosti-odgoja-split\\\/\"]}]},{\"@type\":\"ImageObject\",\"inLanguage\":\"en-GB\",\"@id\":\"https:\\\/\\\/anabucevic.com\\\/product\\\/o-mudrosti-odgoja-split\\\/#primaryimage\",\"url\":\"https:\\\/\\\/anabucevic.com\\\/wp-content\\\/uploads\\\/2026\\\/05\\\/Predavanje_O-MUDROSTI-ODGOJA-Split_cover.jpg\",\"contentUrl\":\"https:\\\/\\\/anabucevic.com\\\/wp-content\\\/uploads\\\/2026\\\/05\\\/Predavanje_O-MUDROSTI-ODGOJA-Split_cover.jpg\",\"width\":1600,\"height\":1600,\"caption\":\"Predavanje - O mudrosti odgoja - Split\"},{\"@type\":\"BreadcrumbList\",\"@id\":\"https:\\\/\\\/anabucevic.com\\\/product\\\/o-mudrosti-odgoja-split\\\/#breadcrumb\",\"itemListElement\":[{\"@type\":\"ListItem\",\"position\":1,\"name\":\"Home\",\"item\":\"https:\\\/\\\/anabucevic.com\\\/\"},{\"@type\":\"ListItem\",\"position\":2,\"name\":\"O MUDROSTI ODGOJA: Djeca ne trebaju savr\u0161ene roditelje, nego svjesne &#8211; 28.11.26. SPLIT\"}]},{\"@type\":\"WebSite\",\"@id\":\"https:\\\/\\\/anabucevic.com\\\/#website\",\"url\":\"https:\\\/\\\/anabucevic.com\\\/\",\"name\":\"Ana Bu\u010devi\u0107\",\"description\":\"Budite ono \u0161to \u017eelite postati...\",\"publisher\":{\"@id\":\"https:\\\/\\\/anabucevic.com\\\/#organization\"},\"alternateName\":\"Ana Bu\u010devi\u0107 - Budite ono \u0161to \u017eelite postati\",\"potentialAction\":[{\"@type\":\"SearchAction\",\"target\":{\"@type\":\"EntryPoint\",\"urlTemplate\":\"https:\\\/\\\/anabucevic.com\\\/?s={search_term_string}\"},\"query-input\":{\"@type\":\"PropertyValueSpecification\",\"valueRequired\":true,\"valueName\":\"search_term_string\"}}],\"inLanguage\":\"en-GB\"},{\"@type\":\"Organization\",\"@id\":\"https:\\\/\\\/anabucevic.com\\\/#organization\",\"name\":\"Ana Bu\u010devi\u0107\",\"alternateName\":\"Safari Duha\",\"url\":\"https:\\\/\\\/anabucevic.com\\\/\",\"logo\":{\"@type\":\"ImageObject\",\"inLanguage\":\"en-GB\",\"@id\":\"https:\\\/\\\/anabucevic.com\\\/#\\\/schema\\\/logo\\\/image\\\/\",\"url\":\"https:\\\/\\\/anabucevic.com\\\/wp-content\\\/uploads\\\/2026\\\/01\\\/Logo-stranice-1.png\",\"contentUrl\":\"https:\\\/\\\/anabucevic.com\\\/wp-content\\\/uploads\\\/2026\\\/01\\\/Logo-stranice-1.png\",\"width\":701,\"height\":200,\"caption\":\"Ana Bu\u010devi\u0107\"},\"image\":{\"@id\":\"https:\\\/\\\/anabucevic.com\\\/#\\\/schema\\\/logo\\\/image\\\/\"},\"sameAs\":[\"https:\\\/\\\/www.facebook.com\\\/safariduha\\\/\",\"https:\\\/\\\/www.youtube.com\\\/user\\\/safariduha1\",\"https:\\\/\\\/www.instagram.com\\\/safariduha\\\/?hl=hr\"]}]}<\/script>\n<!-- \/ Yoast SEO plugin. -->","yoast_head_json":{"title":"O MUDROSTI ODGOJA: Djeca ne trebaju savr\u0161ene roditelje, nego svjesne - 28.11.26. SPLIT - Ana Bu\u010devi\u0107","description":"Prvi put zajedno na pozornici Ana Bu\u010devi\u0107 i Nada Bu\u010devi\u0107 odr\u017eat \u0107e predavanje \"O mudrosti odgoja: Djeca ne trebaju savr\u0161ene roditelje, nego svjesne.\"","robots":{"index":"index","follow":"follow","max-snippet":"max-snippet:-1","max-image-preview":"max-image-preview:large","max-video-preview":"max-video-preview:-1"},"canonical":"https:\/\/anabucevic.com\/en\/product\/o-mudrosti-odgoja-split\/","og_locale":"en_GB","og_type":"article","og_title":"O MUDROSTI ODGOJA: Djeca ne trebaju savr\u0161ene roditelje, nego svjesne - 28.11.26. SPLIT - Ana Bu\u010devi\u0107","og_description":"Prvi put zajedno na pozornici Ana Bu\u010devi\u0107 i Nada Bu\u010devi\u0107 odr\u017eat \u0107e predavanje \"O mudrosti odgoja: Djeca ne trebaju savr\u0161ene roditelje, nego svjesne.\"","og_url":"https:\/\/anabucevic.com\/en\/product\/o-mudrosti-odgoja-split\/","og_site_name":"Ana Bu\u010devi\u0107","article_publisher":"https:\/\/www.facebook.com\/safariduha\/","article_modified_time":"2026-05-11T21:23:45+00:00","og_image":[{"width":1600,"height":1600,"url":"https:\/\/anabucevic.com\/wp-content\/uploads\/2026\/05\/Predavanje_O-MUDROSTI-ODGOJA-Split_cover.jpg","type":"image\/jpeg"}],"twitter_card":"summary_large_image","twitter_misc":{"Estimated reading time":"1 minute"},"schema":{"@context":"https:\/\/schema.org","@graph":[{"@type":"WebPage","@id":"https:\/\/anabucevic.com\/product\/o-mudrosti-odgoja-split\/","url":"https:\/\/anabucevic.com\/product\/o-mudrosti-odgoja-split\/","name":"O MUDROSTI ODGOJA: Djeca ne trebaju savr\u0161ene roditelje, nego svjesne - 28.11.26. SPLIT - Ana Bu\u010devi\u0107","isPartOf":{"@id":"https:\/\/anabucevic.com\/#website"},"primaryImageOfPage":{"@id":"https:\/\/anabucevic.com\/product\/o-mudrosti-odgoja-split\/#primaryimage"},"image":{"@id":"https:\/\/anabucevic.com\/product\/o-mudrosti-odgoja-split\/#primaryimage"},"thumbnailUrl":"https:\/\/anabucevic.com\/wp-content\/uploads\/2026\/05\/Predavanje_O-MUDROSTI-ODGOJA-Split_cover.jpg","datePublished":"2026-05-11T10:38:31+00:00","dateModified":"2026-05-11T21:23:45+00:00","description":"Prvi put zajedno na pozornici Ana Bu\u010devi\u0107 i Nada Bu\u010devi\u0107 odr\u017eat \u0107e predavanje \"O mudrosti odgoja: Djeca ne trebaju savr\u0161ene roditelje, nego svjesne.\"","breadcrumb":{"@id":"https:\/\/anabucevic.com\/product\/o-mudrosti-odgoja-split\/#breadcrumb"},"inLanguage":"en-GB","potentialAction":[{"@type":"ReadAction","target":["https:\/\/anabucevic.com\/product\/o-mudrosti-odgoja-split\/"]}]},{"@type":"ImageObject","inLanguage":"en-GB","@id":"https:\/\/anabucevic.com\/product\/o-mudrosti-odgoja-split\/#primaryimage","url":"https:\/\/anabucevic.com\/wp-content\/uploads\/2026\/05\/Predavanje_O-MUDROSTI-ODGOJA-Split_cover.jpg","contentUrl":"https:\/\/anabucevic.com\/wp-content\/uploads\/2026\/05\/Predavanje_O-MUDROSTI-ODGOJA-Split_cover.jpg","width":1600,"height":1600,"caption":"Predavanje - O mudrosti odgoja - Split"},{"@type":"BreadcrumbList","@id":"https:\/\/anabucevic.com\/product\/o-mudrosti-odgoja-split\/#breadcrumb","itemListElement":[{"@type":"ListItem","position":1,"name":"Home","item":"https:\/\/anabucevic.com\/"},{"@type":"ListItem","position":2,"name":"O MUDROSTI ODGOJA: Djeca ne trebaju savr\u0161ene roditelje, nego svjesne &#8211; 28.11.26. SPLIT"}]},{"@type":"WebSite","@id":"https:\/\/anabucevic.com\/#website","url":"https:\/\/anabucevic.com\/","name":"Ana Bu\u010devi\u0107","description":"Budite ono \u0161to \u017eelite postati...","publisher":{"@id":"https:\/\/anabucevic.com\/#organization"},"alternateName":"Ana Bu\u010devi\u0107 - Budite ono \u0161to \u017eelite postati","potentialAction":[{"@type":"SearchAction","target":{"@type":"EntryPoint","urlTemplate":"https:\/\/anabucevic.com\/?s={search_term_string}"},"query-input":{"@type":"PropertyValueSpecification","valueRequired":true,"valueName":"search_term_string"}}],"inLanguage":"en-GB"},{"@type":"Organization","@id":"https:\/\/anabucevic.com\/#organization","name":"Ana Bu\u010devi\u0107","alternateName":"Safari Duha","url":"https:\/\/anabucevic.com\/","logo":{"@type":"ImageObject","inLanguage":"en-GB","@id":"https:\/\/anabucevic.com\/#\/schema\/logo\/image\/","url":"https:\/\/anabucevic.com\/wp-content\/uploads\/2026\/01\/Logo-stranice-1.png","contentUrl":"https:\/\/anabucevic.com\/wp-content\/uploads\/2026\/01\/Logo-stranice-1.png","width":701,"height":200,"caption":"Ana Bu\u010devi\u0107"},"image":{"@id":"https:\/\/anabucevic.com\/#\/schema\/logo\/image\/"},"sameAs":["https:\/\/www.facebook.com\/safariduha\/","https:\/\/www.youtube.com\/user\/safariduha1","https:\/\/www.instagram.com\/safariduha\/?hl=hr"]}]}},"_links":{"self":[{"href":"https:\/\/anabucevic.com\/en\/wp-json\/wp\/v2\/product\/6395425","targetHints":{"allow":["GET"]}}],"collection":[{"href":"https:\/\/anabucevic.com\/en\/wp-json\/wp\/v2\/product"}],"about":[{"href":"https:\/\/anabucevic.com\/en\/wp-json\/wp\/v2\/types\/product"}],"wp:featuredmedia":[{"embeddable":true,"href":"https:\/\/anabucevic.com\/en\/wp-json\/wp\/v2\/media\/6395426"}],"wp:attachment":[{"href":"https:\/\/anabucevic.com\/en\/wp-json\/wp\/v2\/media?parent=6395425"}],"wp:term":[{"taxonomy":"product_brand","embeddable":true,"href":"https:\/\/anabucevic.com\/en\/wp-json\/wp\/v2\/product_brand?post=6395425"},{"taxonomy":"product_cat","embeddable":true,"href":"https:\/\/anabucevic.com\/en\/wp-json\/wp\/v2\/product_cat?post=6395425"},{"taxonomy":"product_tag","embeddable":true,"href":"https:\/\/anabucevic.com\/en\/wp-json\/wp\/v2\/product_tag?post=6395425"}],"curies":[{"name":"wp","href":"https:\/\/api.w.org\/{rel}","templated":true}]}}